{"id":1669,"date":"2021-05-15T12:00:22","date_gmt":"2021-05-15T10:00:22","guid":{"rendered":"https:\/\/cuellarcot.com\/?page_id=1669"},"modified":"2021-11-15T01:11:35","modified_gmt":"2021-11-15T00:11:35","slug":"artroscopia-de-cadera","status":"publish","type":"page","link":"https:\/\/cuellarcot.com\/index.php\/artroscopia\/artroscopia-de-cadera\/","title":{"rendered":"Artroscopia de cadera"},"content":{"rendered":"<p><span style=\"font-size: large;\"><a href=\"https:\/\/cuellarcot.com\/wp-content\/uploads\/2021\/06\/presen-artroscopia-cadera1.gif\"><img decoding=\"async\" loading=\"lazy\" class=\"size-full wp-image-1770 aligncenter\" src=\"https:\/\/cuellarcot.com\/wp-content\/uploads\/2021\/06\/presen-artroscopia-cadera1.gif\" alt=\"\" width=\"769\" height=\"431\"><\/a><b><\/b><\/span><\/p>\n<p><span style=\"font-size: large;\"><b>CUESTIONES EN LA ARTROSCOPIA DE CADERA<\/b><\/span><\/p>\n<ul>\n<li><a href=\"#Artroscopia1\"><span style=\"color: #ff0000;\"><span style=\"font-size: large;\">\u00bfQu\u00e9 es la t\u00e9cnica de artroscopia?<\/span><\/span><\/a><\/li>\n<li><a href=\"#Artroscopia2\"><span style=\"color: #ff0000;\"><span style=\"font-size: large;\">\u00bfCu\u00e1les son los beneficios de la artroscopia?<\/span><\/span><\/a><\/li>\n<li><a href=\"#Artroscopia3\"><span style=\"color: #ff0000;\"><span style=\"font-size: large;\">\u00bfC\u00f3mo se realiza la artroscopia?<\/span><\/span><\/a><\/li>\n<li><a href=\"#Artroscopia4\"><span style=\"color: #ff0000;\"><span style=\"font-size: large;\">\u00bfQu\u00e9 se puede tratar por artroscopia en la cadera?<\/span><\/span><\/a><\/li>\n<li><a href=\"#Artroscopia5\"><span style=\"color: #ff0000;\"><span style=\"font-size: large;\">\u00bfC\u00f3mo se manifiesta el dolor en la cadera?<\/span><\/span><\/a><\/li>\n<li><a href=\"#Artroscopia6\"><span style=\"color: #ff0000;\"><span style=\"font-size: large;\">\u00bfQu\u00e9 es el Choque Femoroacetabular?<\/span><\/span><\/a><\/li>\n<li><a href=\"#Artroscopia7\"><span style=\"color: #ff0000;\"><span style=\"font-size: large;\">\u00bfCu\u00e1l es el objetivo para tener un buen resultado?<\/span><\/span><\/a><\/li>\n<li><a href=\"#Artroscopia8\"><span style=\"color: #ff0000;\"><span style=\"font-size: large;\">\u00bfQu\u00e9 es la Bursitis o trocanteritis?<\/span><\/span><\/a><\/li>\n<li><a href=\"#Artroscopia9\"><span style=\"color: #ff0000;\"><span style=\"font-size: large;\">\u00bfC\u00f3mo se manifiesta el dolor en la trocanteritis de cadera?<\/span><\/span><\/a><\/li>\n<li><a href=\"#Artroscopia10\"><span style=\"color: #ff0000;\"><span style=\"font-size: large;\">\u00bfQu\u00e9 se puede hacer por artroscopia en una Pr\u00f3tesis de cadera dolorosa?<\/span><\/span><\/a><\/li>\n<\/ul>\n<p>&nbsp;<\/p>\n<p align=\"JUSTIFY\"><a href=\"https:\/\/cuellarcot.com\/wp-content\/uploads\/2021\/06\/presen-artroscopia-cadera1-.gif\"><img decoding=\"async\" loading=\"lazy\" class=\" wp-image-1771 aligncenter\" src=\"https:\/\/cuellarcot.com\/wp-content\/uploads\/2021\/06\/presen-artroscopia-cadera1-.gif\" alt=\"\" width=\"419\" height=\"273\"><\/a><\/p>\n<p align=\"JUSTIFY\"><a id=\"Artroscopia1\"><\/a><a href=\"https:\/\/cuellarcot.com\/wp-content\/uploads\/2021\/05\/artroscopia1.gif\"><img decoding=\"async\" loading=\"lazy\" class=\"alignnone size-full wp-image-1689\" src=\"https:\/\/cuellarcot.com\/wp-content\/uploads\/2021\/05\/artroscopia1.gif\" alt=\"\" width=\"994\" height=\"670\"><\/a> <a id=\"Artroscopia2\"><\/a><a href=\"https:\/\/cuellarcot.com\/wp-content\/uploads\/2021\/05\/artroscopia2.gif\"><img decoding=\"async\" loading=\"lazy\" class=\"alignnone wp-image-1690\" src=\"https:\/\/cuellarcot.com\/wp-content\/uploads\/2021\/05\/artroscopia2.gif\" alt=\"\" width=\"991\" height=\"668\"><\/a> <a id=\"Artroscopia3\"><\/a><a href=\"https:\/\/cuellarcot.com\/wp-content\/uploads\/2021\/06\/ARTROSCOPIA-DE-CADERA3.gif\"><img decoding=\"async\" loading=\"lazy\" class=\"alignnone wp-image-1788\" src=\"https:\/\/cuellarcot.com\/wp-content\/uploads\/2021\/06\/ARTROSCOPIA-DE-CADERA3.gif\" alt=\"\" width=\"991\" height=\"669\"><\/a> <a id=\"Artroscopia4\"><\/a><a href=\"https:\/\/cuellarcot.com\/wp-content\/uploads\/2021\/05\/artroscopia4a.gif\"><img decoding=\"async\" loading=\"lazy\" class=\"alignnone size-full wp-image-1713\" src=\"https:\/\/cuellarcot.com\/wp-content\/uploads\/2021\/05\/artroscopia4a.gif\" alt=\"\" width=\"994\" height=\"670\"><\/a> <a id=\"Artroscopia5\"><\/a><a href=\"https:\/\/cuellarcot.com\/wp-content\/uploads\/2021\/05\/artroscopia5.gif\"><img decoding=\"async\" loading=\"lazy\" class=\"alignnone size-full wp-image-1693\" src=\"https:\/\/cuellarcot.com\/wp-content\/uploads\/2021\/05\/artroscopia5.gif\" alt=\"\" width=\"994\" height=\"670\"><\/a> <a id=\"Artroscopia6\"><\/a> <a href=\"https:\/\/cuellarcot.com\/wp-content\/uploads\/2021\/05\/artroscopia7a.gif\"><img decoding=\"async\" loading=\"lazy\" class=\"alignnone size-full wp-image-1714\" src=\"https:\/\/cuellarcot.com\/wp-content\/uploads\/2021\/05\/artroscopia7a.gif\" alt=\"\" width=\"994\" height=\"670\"><\/a> <a id=\"Artroscopia7\"><\/a><a href=\"https:\/\/cuellarcot.com\/wp-content\/uploads\/2021\/05\/artroscopia8.gif\"><img decoding=\"async\" loading=\"lazy\" class=\"alignnone size-full wp-image-1705\" src=\"https:\/\/cuellarcot.com\/wp-content\/uploads\/2021\/05\/artroscopia8.gif\" alt=\"\" width=\"994\" height=\"670\"><\/a> <a href=\"https:\/\/cuellarcot.com\/wp-content\/uploads\/2021\/05\/artroscopia9.gif\"><img decoding=\"async\" loading=\"lazy\" class=\"alignnone size-full wp-image-1706\" src=\"https:\/\/cuellarcot.com\/wp-content\/uploads\/2021\/05\/artroscopia9.gif\" alt=\"\" width=\"994\" height=\"670\"><\/a> <a href=\"https:\/\/cuellarcot.com\/wp-content\/uploads\/2021\/05\/artroscopia10.gif\"><img decoding=\"async\" loading=\"lazy\" class=\"alignnone size-full wp-image-1698\" src=\"https:\/\/cuellarcot.com\/wp-content\/uploads\/2021\/05\/artroscopia10.gif\" alt=\"\" width=\"994\" height=\"670\"><\/a> <a href=\"https:\/\/cuellarcot.com\/wp-content\/uploads\/2021\/05\/artroscopia11.gif\"><img decoding=\"async\" loading=\"lazy\" class=\"alignnone size-full wp-image-1699\" src=\"https:\/\/cuellarcot.com\/wp-content\/uploads\/2021\/05\/artroscopia11.gif\" alt=\"\" width=\"994\" height=\"670\"><\/a> <a id=\"Artroscopia8\"><\/a><a href=\"https:\/\/cuellarcot.com\/wp-content\/uploads\/2021\/05\/artroscopia12.gif\"><img decoding=\"async\" loading=\"lazy\" class=\"alignnone size-full wp-image-1700\" src=\"https:\/\/cuellarcot.com\/wp-content\/uploads\/2021\/05\/artroscopia12.gif\" alt=\"\" width=\"994\" height=\"670\"><\/a> <a id=\"Artroscopia9\"><\/a><a href=\"https:\/\/cuellarcot.com\/wp-content\/uploads\/2021\/05\/artroscopia13.gif\"><img decoding=\"async\" loading=\"lazy\" class=\"alignnone size-full wp-image-1701\" src=\"https:\/\/cuellarcot.com\/wp-content\/uploads\/2021\/05\/artroscopia13.gif\" alt=\"\" width=\"994\" height=\"670\"><\/a> <a id=\"Artroscopia10\"><\/a><a href=\"https:\/\/cuellarcot.com\/wp-content\/uploads\/2021\/05\/artroscopia14.gif\"><img decoding=\"async\" loading=\"lazy\" class=\"alignnone size-full wp-image-1702\" src=\"https:\/\/cuellarcot.com\/wp-content\/uploads\/2021\/05\/artroscopia14.gif\" alt=\"\" width=\"994\" height=\"670\"><\/a><\/p>\n<p align=\"JUSTIFY\">&nbsp;<\/p>\n<p align=\"JUSTIFY\">&nbsp;<\/p>\n","protected":false},"excerpt":{"rendered":"<p>CUESTIONES EN LA ARTROSCOPIA DE CADERA \u00bfQu\u00e9 es la t\u00e9cnica de artroscopia? \u00bfCu\u00e1les son los beneficios de la artroscopia? \u00bfC\u00f3mo se realiza la artroscopia? \u00bfQu\u00e9 se puede tratar por artroscopia en la cadera? \u00bfC\u00f3mo se manifiesta el dolor en la cadera? \u00bfQu\u00e9 es el Choque Femoroacetabular? \u00bfCu\u00e1l es el objetivo para tener un buen resultado? [&hellip;]<\/p>\n","protected":false},"author":1,"featured_media":1760,"parent":1716,"menu_order":0,"comment_status":"closed","ping_status":"closed","template":"","meta":{"_exactmetrics_skip_tracking":false,"_exactmetrics_sitenote_active":false,"_exactmetrics_sitenote_note":"","_exactmetrics_sitenote_category":0,"ngg_post_thumbnail":0},"categories":[],"tags":[8,71],"yoast_head":"<!-- This site is optimized with the Yoast SEO plugin v20.11 - https:\/\/yoast.com\/wordpress\/plugins\/seo\/ -->\n<title>Artroscopia de cadera -<\/title>\n<meta name=\"description\" content=\"CUESTIONES EN LA ARTROSCOPIA DE CADERA\" \/>\n<meta name=\"robots\" content=\"index, follow, max-snippet:-1, max-image-preview:large, max-video-preview:-1\" \/>\n<link rel=\"canonical\" href=\"https:\/\/cuellarcot.com\/index.php\/artroscopia\/artroscopia-de-cadera\/\" \/>\n<meta property=\"og:locale\" content=\"es_ES\" \/>\n<meta property=\"og:type\" content=\"article\" \/>\n<meta property=\"og:title\" content=\"Artroscopia de cadera -\" \/>\n<meta property=\"og:description\" content=\"CUESTIONES EN LA ARTROSCOPIA DE CADERA\" \/>\n<meta property=\"og:url\" content=\"https:\/\/cuellarcot.com\/index.php\/artroscopia\/artroscopia-de-cadera\/\" \/>\n<meta property=\"article:modified_time\" content=\"2021-11-15T00:11:35+00:00\" \/>\n<meta property=\"og:image\" content=\"https:\/\/cuellarcot.com\/wp-content\/uploads\/2021\/06\/cadera2.jpg\" \/>\n\t<meta property=\"og:image:width\" content=\"200\" \/>\n\t<meta property=\"og:image:height\" content=\"200\" \/>\n\t<meta property=\"og:image:type\" content=\"image\/jpeg\" \/>\n<meta name=\"twitter:card\" content=\"summary_large_image\" \/>\n<meta name=\"twitter:label1\" content=\"Tiempo de lectura\" \/>\n\t<meta name=\"twitter:data1\" content=\"4 minutos\" \/>\n<script type=\"application\/ld+json\" class=\"yoast-schema-graph\">{\"@context\":\"https:\/\/schema.org\",\"@graph\":[{\"@type\":\"WebPage\",\"@id\":\"https:\/\/cuellarcot.com\/index.php\/artroscopia\/artroscopia-de-cadera\/\",\"url\":\"https:\/\/cuellarcot.com\/index.php\/artroscopia\/artroscopia-de-cadera\/\",\"name\":\"Artroscopia de cadera -\",\"isPartOf\":{\"@id\":\"https:\/\/cuellarcot.com\/#website\"},\"datePublished\":\"2021-05-15T10:00:22+00:00\",\"dateModified\":\"2021-11-15T00:11:35+00:00\",\"description\":\"CUESTIONES EN LA ARTROSCOPIA DE CADERA\",\"breadcrumb\":{\"@id\":\"https:\/\/cuellarcot.com\/index.php\/artroscopia\/artroscopia-de-cadera\/#breadcrumb\"},\"inLanguage\":\"es\",\"potentialAction\":[{\"@type\":\"ReadAction\",\"target\":[\"https:\/\/cuellarcot.com\/index.php\/artroscopia\/artroscopia-de-cadera\/\"]}]},{\"@type\":\"BreadcrumbList\",\"@id\":\"https:\/\/cuellarcot.com\/index.php\/artroscopia\/artroscopia-de-cadera\/#breadcrumb\",\"itemListElement\":[{\"@type\":\"ListItem\",\"position\":1,\"name\":\"Portada\",\"item\":\"https:\/\/cuellarcot.com\/\"},{\"@type\":\"ListItem\",\"position\":2,\"name\":\"ARTROSCOPIA\",\"item\":\"https:\/\/cuellarcot.com\/index.php\/artroscopia\/\"},{\"@type\":\"ListItem\",\"position\":3,\"name\":\"Artroscopia de cadera\"}]},{\"@type\":\"WebSite\",\"@id\":\"https:\/\/cuellarcot.com\/#website\",\"url\":\"https:\/\/cuellarcot.com\/\",\"name\":\"\",\"description\":\"Traumatolog\u00eda, Cirug\u00eda ortop\u00e9dica y Artroscopia\",\"potentialAction\":[{\"@type\":\"SearchAction\",\"target\":{\"@type\":\"EntryPoint\",\"urlTemplate\":\"https:\/\/cuellarcot.com\/?s={search_term_string}\"},\"query-input\":\"required name=search_term_string\"}],\"inLanguage\":\"es\"}]}<\/script>\n<!-- \/ Yoast SEO plugin. -->","yoast_head_json":{"title":"Artroscopia de cadera -","description":"CUESTIONES EN LA ARTROSCOPIA DE CADERA","robots":{"index":"index","follow":"follow","max-snippet":"max-snippet:-1","max-image-preview":"max-image-preview:large","max-video-preview":"max-video-preview:-1"},"canonical":"https:\/\/cuellarcot.com\/index.php\/artroscopia\/artroscopia-de-cadera\/","og_locale":"es_ES","og_type":"article","og_title":"Artroscopia de cadera -","og_description":"CUESTIONES EN LA ARTROSCOPIA DE CADERA","og_url":"https:\/\/cuellarcot.com\/index.php\/artroscopia\/artroscopia-de-cadera\/","article_modified_time":"2021-11-15T00:11:35+00:00","og_image":[{"width":200,"height":200,"url":"https:\/\/cuellarcot.com\/wp-content\/uploads\/2021\/06\/cadera2.jpg","type":"image\/jpeg"}],"twitter_card":"summary_large_image","twitter_misc":{"Tiempo de lectura":"4 minutos"},"schema":{"@context":"https:\/\/schema.org","@graph":[{"@type":"WebPage","@id":"https:\/\/cuellarcot.com\/index.php\/artroscopia\/artroscopia-de-cadera\/","url":"https:\/\/cuellarcot.com\/index.php\/artroscopia\/artroscopia-de-cadera\/","name":"Artroscopia de cadera -","isPartOf":{"@id":"https:\/\/cuellarcot.com\/#website"},"datePublished":"2021-05-15T10:00:22+00:00","dateModified":"2021-11-15T00:11:35+00:00","description":"CUESTIONES EN LA ARTROSCOPIA DE CADERA","breadcrumb":{"@id":"https:\/\/cuellarcot.com\/index.php\/artroscopia\/artroscopia-de-cadera\/#breadcrumb"},"inLanguage":"es","potentialAction":[{"@type":"ReadAction","target":["https:\/\/cuellarcot.com\/index.php\/artroscopia\/artroscopia-de-cadera\/"]}]},{"@type":"BreadcrumbList","@id":"https:\/\/cuellarcot.com\/index.php\/artroscopia\/artroscopia-de-cadera\/#breadcrumb","itemListElement":[{"@type":"ListItem","position":1,"name":"Portada","item":"https:\/\/cuellarcot.com\/"},{"@type":"ListItem","position":2,"name":"ARTROSCOPIA","item":"https:\/\/cuellarcot.com\/index.php\/artroscopia\/"},{"@type":"ListItem","position":3,"name":"Artroscopia de cadera"}]},{"@type":"WebSite","@id":"https:\/\/cuellarcot.com\/#website","url":"https:\/\/cuellarcot.com\/","name":"","description":"Traumatolog\u00eda, Cirug\u00eda ortop\u00e9dica y Artroscopia","potentialAction":[{"@type":"SearchAction","target":{"@type":"EntryPoint","urlTemplate":"https:\/\/cuellarcot.com\/?s={search_term_string}"},"query-input":"required name=search_term_string"}],"inLanguage":"es"}]}},"_links":{"self":[{"href":"https:\/\/cuellarcot.com\/index.php\/wp-json\/wp\/v2\/pages\/1669"}],"collection":[{"href":"https:\/\/cuellarcot.com\/index.php\/wp-json\/wp\/v2\/pages"}],"about":[{"href":"https:\/\/cuellarcot.com\/index.php\/wp-json\/wp\/v2\/types\/page"}],"author":[{"embeddable":true,"href":"https:\/\/cuellarcot.com\/index.php\/wp-json\/wp\/v2\/users\/1"}],"replies":[{"embeddable":true,"href":"https:\/\/cuellarcot.com\/index.php\/wp-json\/wp\/v2\/comments?post=1669"}],"version-history":[{"count":9,"href":"https:\/\/cuellarcot.com\/index.php\/wp-json\/wp\/v2\/pages\/1669\/revisions"}],"predecessor-version":[{"id":1789,"href":"https:\/\/cuellarcot.com\/index.php\/wp-json\/wp\/v2\/pages\/1669\/revisions\/1789"}],"up":[{"embeddable":true,"href":"https:\/\/cuellarcot.com\/index.php\/wp-json\/wp\/v2\/pages\/1716"}],"wp:featuredmedia":[{"embeddable":true,"href":"https:\/\/cuellarcot.com\/index.php\/wp-json\/wp\/v2\/media\/1760"}],"wp:attachment":[{"href":"https:\/\/cuellarcot.com\/index.php\/wp-json\/wp\/v2\/media?parent=1669"}],"wp:term":[{"taxonomy":"category","embeddable":true,"href":"https:\/\/cuellarcot.com\/index.php\/wp-json\/wp\/v2\/categories?post=1669"},{"taxonomy":"post_tag","embeddable":true,"href":"https:\/\/cuellarcot.com\/index.php\/wp-json\/wp\/v2\/tags?post=1669"}],"curies":[{"name":"wp","href":"https:\/\/api.w.org\/{rel}","templated":true}]}}