{"id":1716,"date":"2021-05-15T12:11:28","date_gmt":"2021-05-15T10:11:28","guid":{"rendered":"https:\/\/cuellarcot.com\/?page_id=1716"},"modified":"2025-05-30T11:57:42","modified_gmt":"2025-05-30T09:57:42","slug":"artroscopia","status":"publish","type":"page","link":"https:\/\/cuellarcot.com\/index.php\/artroscopia\/","title":{"rendered":"ARTROSCOPIA"},"content":{"rendered":"\t\t<div data-elementor-type=\"wp-page\" data-elementor-id=\"1716\" class=\"elementor elementor-1716\">\n\t\t\t\t\t\t<div class=\"elementor-inner\">\n\t\t\t\t<div class=\"elementor-section-wrap\">\n\t\t\t\t\t\t\t\t\t<section class=\"elementor-section elementor-top-section elementor-element elementor-element-70ef032 elementor-section-boxed elementor-section-height-default elementor-section-height-default\" data-id=\"70ef032\" data-element_type=\"section\">\n\t\t\t\t\t\t<div class=\"elementor-container elementor-column-gap-default\">\n\t\t\t\t\t\t\t<div class=\"elementor-row\">\n\t\t\t\t\t<div class=\"elementor-column elementor-col-100 elementor-top-column elementor-element elementor-element-a9a5756\" data-id=\"a9a5756\" data-element_type=\"column\">\n\t\t\t<div class=\"elementor-column-wrap elementor-element-populated\">\n\t\t\t\t\t\t\t<div class=\"elementor-widget-wrap\">\n\t\t\t\t\t\t<div class=\"elementor-element elementor-element-05349af elementor-widget elementor-widget-image\" data-id=\"05349af\" data-element_type=\"widget\" data-widget_type=\"image.default\">\n\t\t\t\t<div class=\"elementor-widget-container\">\n\t\t\t\t\t\t\t\t<div class=\"elementor-image\">\n\t\t\t\t\t\t\t\t\t\t\t\t<img decoding=\"async\" width=\"1024\" height=\"631\" src=\"https:\/\/cuellarcot.com\/wp-content\/uploads\/2021\/05\/EQUIPO-ATROSCOPIA-e1621073264354-1024x631.gif\" class=\"attachment-large size-large wp-image-1717\" alt=\"\" loading=\"lazy\" srcset=\"https:\/\/cuellarcot.com\/wp-content\/uploads\/2021\/05\/EQUIPO-ATROSCOPIA-e1621073264354-1024x631.gif 1024w, https:\/\/cuellarcot.com\/wp-content\/uploads\/2021\/05\/EQUIPO-ATROSCOPIA-e1621073264354-300x185.gif 300w, https:\/\/cuellarcot.com\/wp-content\/uploads\/2021\/05\/EQUIPO-ATROSCOPIA-e1621073264354-768x474.gif 768w\" sizes=\"(max-width: 1024px) 100vw, 1024px\" \/>\t\t\t\t\t\t\t\t\t\t\t\t\t\t<\/div>\n\t\t\t\t\t\t<\/div>\n\t\t\t\t<\/div>\n\t\t\t\t\t\t<\/div>\n\t\t\t\t\t<\/div>\n\t\t<\/div>\n\t\t\t\t\t\t\t\t<\/div>\n\t\t\t\t\t<\/div>\n\t\t<\/section>\n\t\t\t\t<section class=\"elementor-section elementor-top-section elementor-element elementor-element-09c505a elementor-section-boxed elementor-section-height-default elementor-section-height-default\" data-id=\"09c505a\" data-element_type=\"section\">\n\t\t\t\t\t\t<div class=\"elementor-container elementor-column-gap-default\">\n\t\t\t\t\t\t\t<div class=\"elementor-row\">\n\t\t\t\t\t<div class=\"elementor-column elementor-col-100 elementor-top-column elementor-element elementor-element-e14a20a\" data-id=\"e14a20a\" data-element_type=\"column\">\n\t\t\t<div class=\"elementor-column-wrap elementor-element-populated\">\n\t\t\t\t\t\t\t<div class=\"elementor-widget-wrap\">\n\t\t\t\t\t\t<div class=\"elementor-element elementor-element-3f0c697 elementor-widget elementor-widget-text-editor\" data-id=\"3f0c697\" data-element_type=\"widget\" data-widget_type=\"text-editor.default\">\n\t\t\t\t<div class=\"elementor-widget-container\">\n\t\t\t\t\t\t\t\t<div class=\"elementor-text-editor elementor-clearfix\">\n\t\t\t\t<p>La artroscopia es una <strong>Intervenci\u00f3n Quir\u00fargica M\u00ednimamente Invasiva<\/strong> que permite tener una visi\u00f3n del interior de la articulaci\u00f3n mediante una c\u00e1mara<\/p><p>Mediante la artroscopia se puede diagnosticar y\/o reparar una lesi\u00f3n en una articulaci\u00f3n<\/p>\t\t\t\t\t<\/div>\n\t\t\t\t\t\t<\/div>\n\t\t\t\t<\/div>\n\t\t\t\t\t\t<\/div>\n\t\t\t\t\t<\/div>\n\t\t<\/div>\n\t\t\t\t\t\t\t\t<\/div>\n\t\t\t\t\t<\/div>\n\t\t<\/section>\n\t\t\t\t<section class=\"elementor-section elementor-top-section elementor-element elementor-element-a05fa18 elementor-section-boxed elementor-section-height-default elementor-section-height-default\" data-id=\"a05fa18\" data-element_type=\"section\">\n\t\t\t\t\t\t<div class=\"elementor-container elementor-column-gap-default\">\n\t\t\t\t\t\t\t<div class=\"elementor-row\">\n\t\t\t\t\t<div class=\"elementor-column elementor-col-20 elementor-top-column elementor-element elementor-element-30c0a5f\" data-id=\"30c0a5f\" data-element_type=\"column\">\n\t\t\t<div class=\"elementor-column-wrap elementor-element-populated\">\n\t\t\t\t\t\t\t<div class=\"elementor-widget-wrap\">\n\t\t\t\t\t\t<div class=\"elementor-element elementor-element-87f7568 elementor-widget elementor-widget-image\" data-id=\"87f7568\" data-element_type=\"widget\" data-widget_type=\"image.default\">\n\t\t\t\t<div class=\"elementor-widget-container\">\n\t\t\t\t\t\t\t\t<div class=\"elementor-image\">\n\t\t\t\t\t\t\t\t\t<figure class=\"wp-caption\">\n\t\t\t\t\t\t\t\t\t\t\t<a href=\"https:\/\/cuellarcot.com\/index.php\/artroscopia-de-cadera\/\">\n\t\t\t\t\t\t\t<img decoding=\"async\" width=\"200\" height=\"200\" src=\"https:\/\/cuellarcot.com\/wp-content\/uploads\/2021\/06\/cadera2.jpg\" class=\"attachment-large size-large wp-image-1760\" alt=\"\" loading=\"lazy\" srcset=\"https:\/\/cuellarcot.com\/wp-content\/uploads\/2021\/06\/cadera2.jpg 200w, https:\/\/cuellarcot.com\/wp-content\/uploads\/2021\/06\/cadera2-150x150.jpg 150w\" sizes=\"(max-width: 200px) 100vw, 200px\" \/>\t\t\t\t\t\t\t\t<\/a>\n\t\t\t\t\t\t\t\t\t\t\t<figcaption class=\"widget-image-caption wp-caption-text\">ARTROSCOPIA DE CADERA<\/figcaption>\n\t\t\t\t\t\t\t\t\t\t<\/figure>\n\t\t\t\t\t\t\t\t<\/div>\n\t\t\t\t\t\t<\/div>\n\t\t\t\t<\/div>\n\t\t\t\t\t\t<\/div>\n\t\t\t\t\t<\/div>\n\t\t<\/div>\n\t\t\t\t<div class=\"elementor-column elementor-col-20 elementor-top-column elementor-element elementor-element-51096c0\" data-id=\"51096c0\" data-element_type=\"column\">\n\t\t\t<div class=\"elementor-column-wrap elementor-element-populated\">\n\t\t\t\t\t\t\t<div class=\"elementor-widget-wrap\">\n\t\t\t\t\t\t<div class=\"elementor-element elementor-element-bf36556 elementor-widget elementor-widget-image\" data-id=\"bf36556\" data-element_type=\"widget\" data-widget_type=\"image.default\">\n\t\t\t\t<div class=\"elementor-widget-container\">\n\t\t\t\t\t\t\t\t<div class=\"elementor-image\">\n\t\t\t\t\t\t\t\t\t<figure class=\"wp-caption\">\n\t\t\t\t\t\t\t\t\t\t\t<a href=\"https:\/\/cuellarcot.com\/index.php\/artroscopia\/artroscopia-de-rodilla\/\">\n\t\t\t\t\t\t\t<img decoding=\"async\" width=\"200\" height=\"200\" src=\"https:\/\/cuellarcot.com\/wp-content\/uploads\/2021\/06\/rodilla2.gif\" class=\"attachment-large size-large wp-image-1763\" alt=\"\" loading=\"lazy\" \/>\t\t\t\t\t\t\t\t<\/a>\n\t\t\t\t\t\t\t\t\t\t\t<figcaption class=\"widget-image-caption wp-caption-text\">ARTROSCOPIA DE RODILLA<\/figcaption>\n\t\t\t\t\t\t\t\t\t\t<\/figure>\n\t\t\t\t\t\t\t\t<\/div>\n\t\t\t\t\t\t<\/div>\n\t\t\t\t<\/div>\n\t\t\t\t\t\t<\/div>\n\t\t\t\t\t<\/div>\n\t\t<\/div>\n\t\t\t\t<div class=\"elementor-column elementor-col-20 elementor-top-column elementor-element elementor-element-c887f5b\" data-id=\"c887f5b\" data-element_type=\"column\">\n\t\t\t<div class=\"elementor-column-wrap elementor-element-populated\">\n\t\t\t\t\t\t\t<div class=\"elementor-widget-wrap\">\n\t\t\t\t\t\t<div class=\"elementor-element elementor-element-7b85bd1 elementor-widget elementor-widget-image\" data-id=\"7b85bd1\" data-element_type=\"widget\" data-widget_type=\"image.default\">\n\t\t\t\t<div class=\"elementor-widget-container\">\n\t\t\t\t\t\t\t\t<div class=\"elementor-image\">\n\t\t\t\t\t\t\t\t\t<figure class=\"wp-caption\">\n\t\t\t\t\t\t\t\t\t\t\t<a href=\"https:\/\/cuellarcot.com\/index.php\/artroscopia\/artroscopia-de-hombro\/\">\n\t\t\t\t\t\t\t<img decoding=\"async\" width=\"200\" height=\"200\" src=\"https:\/\/cuellarcot.com\/wp-content\/uploads\/2021\/06\/hombro2.jpg\" class=\"attachment-large size-large wp-image-1761\" alt=\"\" loading=\"lazy\" srcset=\"https:\/\/cuellarcot.com\/wp-content\/uploads\/2021\/06\/hombro2.jpg 200w, https:\/\/cuellarcot.com\/wp-content\/uploads\/2021\/06\/hombro2-150x150.jpg 150w\" sizes=\"(max-width: 200px) 100vw, 200px\" \/>\t\t\t\t\t\t\t\t<\/a>\n\t\t\t\t\t\t\t\t\t\t\t<figcaption class=\"widget-image-caption wp-caption-text\">ARTROSCOPIA DE HOMBRO<\/figcaption>\n\t\t\t\t\t\t\t\t\t\t<\/figure>\n\t\t\t\t\t\t\t\t<\/div>\n\t\t\t\t\t\t<\/div>\n\t\t\t\t<\/div>\n\t\t\t\t\t\t<\/div>\n\t\t\t\t\t<\/div>\n\t\t<\/div>\n\t\t\t\t<div class=\"elementor-column elementor-col-20 elementor-top-column elementor-element elementor-element-7f6ae85\" data-id=\"7f6ae85\" data-element_type=\"column\">\n\t\t\t<div class=\"elementor-column-wrap\">\n\t\t\t\t\t\t\t<div class=\"elementor-widget-wrap\">\n\t\t\t\t\t\t\t\t<\/div>\n\t\t\t\t\t<\/div>\n\t\t<\/div>\n\t\t\t\t<div class=\"elementor-column elementor-col-20 elementor-top-column elementor-element elementor-element-d76b56e\" data-id=\"d76b56e\" data-element_type=\"column\">\n\t\t\t<div class=\"elementor-column-wrap\">\n\t\t\t\t\t\t\t<div class=\"elementor-widget-wrap\">\n\t\t\t\t\t\t\t\t<\/div>\n\t\t\t\t\t<\/div>\n\t\t<\/div>\n\t\t\t\t\t\t\t\t<\/div>\n\t\t\t\t\t<\/div>\n\t\t<\/section>\n\t\t\t\t\t\t\t\t\t<\/div>\n\t\t\t<\/div>\n\t\t\t\t\t<\/div>\n\t\t","protected":false},"excerpt":{"rendered":"<p>La artroscopia es una Intervenci\u00f3n Quir\u00fargica M\u00ednimamente Invasiva que permite tener una visi\u00f3n del interior de la articulaci\u00f3n mediante una c\u00e1mara Mediante la artroscopia se puede diagnosticar y\/o reparar una lesi\u00f3n en una articulaci\u00f3n ARTROSCOPIA DE CADERA ARTROSCOPIA DE RODILLA ARTROSCOPIA DE HOMBRO<\/p>\n","protected":false},"author":1,"featured_media":0,"parent":0,"menu_order":0,"comment_status":"closed","ping_status":"closed","template":"","meta":{"_exactmetrics_skip_tracking":false,"_exactmetrics_sitenote_active":false,"_exactmetrics_sitenote_note":"","_exactmetrics_sitenote_category":0,"ngg_post_thumbnail":0},"categories":[],"tags":[],"yoast_head":"<!-- This site is optimized with the Yoast SEO plugin v20.11 - https:\/\/yoast.com\/wordpress\/plugins\/seo\/ -->\n<title>ARTROSCOPIA -<\/title>\n<meta name=\"robots\" content=\"index, follow, max-snippet:-1, max-image-preview:large, max-video-preview:-1\" \/>\n<link rel=\"canonical\" href=\"https:\/\/cuellarcot.com\/index.php\/artroscopia\/\" \/>\n<meta property=\"og:locale\" content=\"es_ES\" \/>\n<meta property=\"og:type\" content=\"article\" \/>\n<meta property=\"og:title\" content=\"ARTROSCOPIA -\" \/>\n<meta property=\"og:description\" content=\"La artroscopia es una Intervenci\u00f3n Quir\u00fargica M\u00ednimamente Invasiva que permite tener una visi\u00f3n del interior de la articulaci\u00f3n mediante una c\u00e1mara Mediante la artroscopia se puede diagnosticar y\/o reparar una lesi\u00f3n en una articulaci\u00f3n ARTROSCOPIA DE CADERA ARTROSCOPIA DE RODILLA ARTROSCOPIA DE HOMBRO\" \/>\n<meta property=\"og:url\" content=\"https:\/\/cuellarcot.com\/index.php\/artroscopia\/\" \/>\n<meta property=\"article:modified_time\" content=\"2025-05-30T09:57:42+00:00\" \/>\n<meta property=\"og:image\" content=\"https:\/\/cuellarcot.com\/wp-content\/uploads\/2021\/05\/EQUIPO-ATROSCOPIA-e1621073264354-1024x631.gif\" \/>\n<meta name=\"twitter:card\" content=\"summary_large_image\" \/>\n<meta name=\"twitter:label1\" content=\"Tiempo de lectura\" \/>\n\t<meta name=\"twitter:data1\" content=\"1 minuto\" \/>\n<script type=\"application\/ld+json\" class=\"yoast-schema-graph\">{\"@context\":\"https:\/\/schema.org\",\"@graph\":[{\"@type\":\"WebPage\",\"@id\":\"https:\/\/cuellarcot.com\/index.php\/artroscopia\/\",\"url\":\"https:\/\/cuellarcot.com\/index.php\/artroscopia\/\",\"name\":\"ARTROSCOPIA -\",\"isPartOf\":{\"@id\":\"https:\/\/cuellarcot.com\/#website\"},\"datePublished\":\"2021-05-15T10:11:28+00:00\",\"dateModified\":\"2025-05-30T09:57:42+00:00\",\"breadcrumb\":{\"@id\":\"https:\/\/cuellarcot.com\/index.php\/artroscopia\/#breadcrumb\"},\"inLanguage\":\"es\",\"potentialAction\":[{\"@type\":\"ReadAction\",\"target\":[\"https:\/\/cuellarcot.com\/index.php\/artroscopia\/\"]}]},{\"@type\":\"BreadcrumbList\",\"@id\":\"https:\/\/cuellarcot.com\/index.php\/artroscopia\/#breadcrumb\",\"itemListElement\":[{\"@type\":\"ListItem\",\"position\":1,\"name\":\"Portada\",\"item\":\"https:\/\/cuellarcot.com\/\"},{\"@type\":\"ListItem\",\"position\":2,\"name\":\"ARTROSCOPIA\"}]},{\"@type\":\"WebSite\",\"@id\":\"https:\/\/cuellarcot.com\/#website\",\"url\":\"https:\/\/cuellarcot.com\/\",\"name\":\"\",\"description\":\"Traumatolog\u00eda, Cirug\u00eda ortop\u00e9dica y Artroscopia\",\"potentialAction\":[{\"@type\":\"SearchAction\",\"target\":{\"@type\":\"EntryPoint\",\"urlTemplate\":\"https:\/\/cuellarcot.com\/?s={search_term_string}\"},\"query-input\":\"required name=search_term_string\"}],\"inLanguage\":\"es\"}]}<\/script>\n<!-- \/ Yoast SEO plugin. -->","yoast_head_json":{"title":"ARTROSCOPIA -","robots":{"index":"index","follow":"follow","max-snippet":"max-snippet:-1","max-image-preview":"max-image-preview:large","max-video-preview":"max-video-preview:-1"},"canonical":"https:\/\/cuellarcot.com\/index.php\/artroscopia\/","og_locale":"es_ES","og_type":"article","og_title":"ARTROSCOPIA -","og_description":"La artroscopia es una Intervenci\u00f3n Quir\u00fargica M\u00ednimamente Invasiva que permite tener una visi\u00f3n del interior de la articulaci\u00f3n mediante una c\u00e1mara Mediante la artroscopia se puede diagnosticar y\/o reparar una lesi\u00f3n en una articulaci\u00f3n ARTROSCOPIA DE CADERA ARTROSCOPIA DE RODILLA ARTROSCOPIA DE HOMBRO","og_url":"https:\/\/cuellarcot.com\/index.php\/artroscopia\/","article_modified_time":"2025-05-30T09:57:42+00:00","og_image":[{"url":"https:\/\/cuellarcot.com\/wp-content\/uploads\/2021\/05\/EQUIPO-ATROSCOPIA-e1621073264354-1024x631.gif"}],"twitter_card":"summary_large_image","twitter_misc":{"Tiempo de lectura":"1 minuto"},"schema":{"@context":"https:\/\/schema.org","@graph":[{"@type":"WebPage","@id":"https:\/\/cuellarcot.com\/index.php\/artroscopia\/","url":"https:\/\/cuellarcot.com\/index.php\/artroscopia\/","name":"ARTROSCOPIA -","isPartOf":{"@id":"https:\/\/cuellarcot.com\/#website"},"datePublished":"2021-05-15T10:11:28+00:00","dateModified":"2025-05-30T09:57:42+00:00","breadcrumb":{"@id":"https:\/\/cuellarcot.com\/index.php\/artroscopia\/#breadcrumb"},"inLanguage":"es","potentialAction":[{"@type":"ReadAction","target":["https:\/\/cuellarcot.com\/index.php\/artroscopia\/"]}]},{"@type":"BreadcrumbList","@id":"https:\/\/cuellarcot.com\/index.php\/artroscopia\/#breadcrumb","itemListElement":[{"@type":"ListItem","position":1,"name":"Portada","item":"https:\/\/cuellarcot.com\/"},{"@type":"ListItem","position":2,"name":"ARTROSCOPIA"}]},{"@type":"WebSite","@id":"https:\/\/cuellarcot.com\/#website","url":"https:\/\/cuellarcot.com\/","name":"","description":"Traumatolog\u00eda, Cirug\u00eda ortop\u00e9dica y Artroscopia","potentialAction":[{"@type":"SearchAction","target":{"@type":"EntryPoint","urlTemplate":"https:\/\/cuellarcot.com\/?s={search_term_string}"},"query-input":"required name=search_term_string"}],"inLanguage":"es"}]}},"_links":{"self":[{"href":"https:\/\/cuellarcot.com\/index.php\/wp-json\/wp\/v2\/pages\/1716"}],"collection":[{"href":"https:\/\/cuellarcot.com\/index.php\/wp-json\/wp\/v2\/pages"}],"about":[{"href":"https:\/\/cuellarcot.com\/index.php\/wp-json\/wp\/v2\/types\/page"}],"author":[{"embeddable":true,"href":"https:\/\/cuellarcot.com\/index.php\/wp-json\/wp\/v2\/users\/1"}],"replies":[{"embeddable":true,"href":"https:\/\/cuellarcot.com\/index.php\/wp-json\/wp\/v2\/comments?post=1716"}],"version-history":[{"count":15,"href":"https:\/\/cuellarcot.com\/index.php\/wp-json\/wp\/v2\/pages\/1716\/revisions"}],"predecessor-version":[{"id":2263,"href":"https:\/\/cuellarcot.com\/index.php\/wp-json\/wp\/v2\/pages\/1716\/revisions\/2263"}],"wp:attachment":[{"href":"https:\/\/cuellarcot.com\/index.php\/wp-json\/wp\/v2\/media?parent=1716"}],"wp:term":[{"taxonomy":"category","embeddable":true,"href":"https:\/\/cuellarcot.com\/index.php\/wp-json\/wp\/v2\/categories?post=1716"},{"taxonomy":"post_tag","embeddable":true,"href":"https:\/\/cuellarcot.com\/index.php\/wp-json\/wp\/v2\/tags?post=1716"}],"curies":[{"name":"wp","href":"https:\/\/api.w.org\/{rel}","templated":true}]}}