{"id":1739,"date":"2021-06-04T00:26:46","date_gmt":"2021-06-03T22:26:46","guid":{"rendered":"https:\/\/cuellarcot.com\/?page_id=1739"},"modified":"2025-08-30T16:38:27","modified_gmt":"2025-08-30T14:38:27","slug":"que-patologias-tratamos","status":"publish","type":"page","link":"https:\/\/cuellarcot.com\/index.php\/que-patologias-tratamos\/","title":{"rendered":"\u00bfQU\u00c9 PATOLOG\u00cdAS TRATAMOS?"},"content":{"rendered":"\t\t<div data-elementor-type=\"wp-page\" data-elementor-id=\"1739\" class=\"elementor elementor-1739\">\n\t\t\t\t\t\t<div class=\"elementor-inner\">\n\t\t\t\t<div class=\"elementor-section-wrap\">\n\t\t\t\t\t\t\t\t\t<section class=\"elementor-section elementor-top-section elementor-element elementor-element-bdb702d elementor-section-boxed elementor-section-height-default elementor-section-height-default\" data-id=\"bdb702d\" data-element_type=\"section\">\n\t\t\t\t\t\t<div class=\"elementor-container elementor-column-gap-default\">\n\t\t\t\t\t\t\t<div class=\"elementor-row\">\n\t\t\t\t\t<div class=\"elementor-column elementor-col-100 elementor-top-column elementor-element elementor-element-3b08a32c\" data-id=\"3b08a32c\" data-element_type=\"column\">\n\t\t\t<div class=\"elementor-column-wrap elementor-element-populated\">\n\t\t\t\t\t\t\t<div class=\"elementor-widget-wrap\">\n\t\t\t\t\t\t<div class=\"elementor-element elementor-element-28b48f72 elementor-widget elementor-widget-text-editor\" data-id=\"28b48f72\" data-element_type=\"widget\" data-widget_type=\"text-editor.default\">\n\t\t\t\t<div class=\"elementor-widget-container\">\n\t\t\t\t\t\t\t\t<div class=\"elementor-text-editor elementor-clearfix\">\n\t\t\t\t<p align=\"JUSTIFY\"><span style=\"font-size: medium; color: #000000;\">Dentro del \u00e1mbito de la TRAUMATOLOG\u00cdA, contamos con el equipamiento y experiencia para tratar una variada gama de fracturas, excepto las m\u00e1s complejas de pelvis y de columna.<\/span><\/p><p align=\"JUSTIFY\"><span style=\"font-size: medium; color: #000000;\">Algunas fracturas dejan importantes secuelas (falta de consolidaci\u00f3n o pseudoartrosis, rigidez, osteomielitis, deformidades, acortamientos\u2026). El estudio individualizado de cada caso nos permite mejorar el resultado funcional en muchos de ellos. Pero, se requieren fijadores e injertos y, frecuentemente, m\u00e1s de una intervenci\u00f3n.<\/span><\/p><p align=\"JUSTIFY\"><span style=\"font-size: medium; color: #000000;\">Las LESIONES DEPORTIVAS son objeto tambi\u00e9n de nuestra atenci\u00f3n. La mayor parte de ellas (ligamentos, meniscos\u2026) se tratan por <a href=\"https:\/\/cuellarcot.com\/index.php\/artroscopia\/\">ARTROSCOPIA<\/a>.<\/span><\/p><p align=\"JUSTIFY\"><span style=\"color: #000000;\"><span style=\"font-size: medium;\">El campo de la ORTOPEDIA es muy amplio. Con la <\/span><span style=\"font-size: medium;\"><b>filosof\u00eda de realizar un trabajo en equipo<\/b><\/span><span style=\"font-size: medium;\"> que a\u00fana la s\u00f3lida y actualizada formaci\u00f3n de Adri\u00e1n y Asier Cu\u00e9llar con la experiencia de Ricardo Cu\u00e9llar, tratamos especialmente las lesiones y patolog\u00edas de las diferentes <\/span><span style=\"font-size: medium;\"><b>articulaciones<\/b><\/span><span style=\"font-size: medium;\">, tanto por cirug\u00eda convencional (PR\u00d3TESIS), como por <a href=\"https:\/\/cuellarcot.com\/index.php\/artroscopia\/\">ARTROSCOPIA<\/a>.<\/span><\/span><\/p><p align=\"JUSTIFY\"><span style=\"font-size: medium; color: #000000;\">Las lesiones y patolog\u00edas que tratamos con m\u00e1s frecuencia son la RODILLA, la CADERA y el HOMBRO. Tambi\u00e9n tratamos las lesiones del CODO, el TOBILLO, la MU\u00d1ECA y la MANO, pero el n\u00famero de casos es menor.<\/span><\/p><p align=\"JUSTIFY\"><span style=\"color: #000000;\"><span style=\"font-size: medium;\">Desarrollamos tambi\u00e9n diferentes TECNICAS REGENERATIVAS. En el \u00e1mbito de la mejor\u00eda de s\u00edntomas, utilizamos tanto el ORTHOKINE como los PGRP (\u201cfactores\u201d). Por <a href=\"https:\/\/cuellarcot.com\/index.php\/artroscopia\/\">ARTROSCOPIA<\/a>, se pueden implantar refuerzos biol\u00f3gicos que mejoren la cicatrizaci\u00f3n de los tendones, especialmente en el HOMBRO y en la CADERA. El CART\u00cdLAGO se puede regenerar cuando su lesi\u00f3n es localizada a una zona de la articulaci\u00f3n y para ello utilizamos las denominadas \u201cmembranas l\u00edquidas\u201d (como el BST-Cargel) que protegen las zonas da\u00f1adas tras haberlas \u201cavivado\u201d estimulando la producci\u00f3n celular. Esto \u00faltimo se puede hacer cuando la lesi\u00f3n afecta \u00fanicamente a la capa de cart\u00edlago; cuando es m\u00e1s profunda y afecta al hueso, utilizamos t\u00e9cnicas de injerto. Pero, cuando la lesi\u00f3n afecta ya a amplias zonas de la articulaci\u00f3n, la soluci\u00f3n sigue siendo la implantaci\u00f3n de una PROTESIS. <\/span><span style=\"font-size: medium;\"><b>Establecer la m\u00e1s correcta indicaci\u00f3n para cada patolog\u00eda en cada paciente<\/b><\/span><span style=\"font-size: medium;\"> constituye tambi\u00e9n uno de nuestros principales objetivos de trabajo.<\/span><\/span><\/p>\t\t\t\t\t<\/div>\n\t\t\t\t\t\t<\/div>\n\t\t\t\t<\/div>\n\t\t\t\t\t\t<\/div>\n\t\t\t\t\t<\/div>\n\t\t<\/div>\n\t\t\t\t\t\t\t\t<\/div>\n\t\t\t\t\t<\/div>\n\t\t<\/section>\n\t\t\t\t<section class=\"elementor-section elementor-top-section elementor-element elementor-element-8f5780c elementor-section-boxed elementor-section-height-default elementor-section-height-default\" data-id=\"8f5780c\" data-element_type=\"section\">\n\t\t\t\t\t\t<div class=\"elementor-container elementor-column-gap-default\">\n\t\t\t\t\t\t\t<div class=\"elementor-row\">\n\t\t\t\t\t<div class=\"elementor-column elementor-col-25 elementor-top-column elementor-element elementor-element-24e4e89\" data-id=\"24e4e89\" data-element_type=\"column\">\n\t\t\t<div class=\"elementor-column-wrap elementor-element-populated\">\n\t\t\t\t\t\t\t<div class=\"elementor-widget-wrap\">\n\t\t\t\t\t\t<div class=\"elementor-element elementor-element-bfbbed0 elementor-widget elementor-widget-image\" data-id=\"bfbbed0\" data-element_type=\"widget\" data-widget_type=\"image.default\">\n\t\t\t\t<div class=\"elementor-widget-container\">\n\t\t\t\t\t\t\t\t<div class=\"elementor-image\">\n\t\t\t\t\t\t\t\t\t<figure class=\"wp-caption\">\n\t\t\t\t\t\t\t\t\t\t\t<a href=\"https:\/\/cuellarcot.com\/index.php\/traumatologia-fracturas-y-lesiones-deportivas\/\">\n\t\t\t\t\t\t\t<img decoding=\"async\" width=\"1024\" height=\"695\" src=\"https:\/\/cuellarcot.com\/wp-content\/uploads\/2018\/05\/exa7jqrl-1024x695.bmp\" class=\"attachment-large size-large wp-image-768\" alt=\"\" loading=\"lazy\" srcset=\"https:\/\/cuellarcot.com\/wp-content\/uploads\/2018\/05\/exa7jqrl-1024x695.bmp 1024w, https:\/\/cuellarcot.com\/wp-content\/uploads\/2018\/05\/exa7jqrl-300x204.bmp 300w, https:\/\/cuellarcot.com\/wp-content\/uploads\/2018\/05\/exa7jqrl-768x521.bmp 768w, https:\/\/cuellarcot.com\/wp-content\/uploads\/2018\/05\/exa7jqrl.bmp 1200w\" sizes=\"(max-width: 1024px) 100vw, 1024px\" \/>\t\t\t\t\t\t\t\t<\/a>\n\t\t\t\t\t\t\t\t\t\t\t<figcaption class=\"widget-image-caption wp-caption-text\">TRAUMATOLOG\u00cdA - FRACTURAS Y LESIONES DEPORTIVAS <\/figcaption>\n\t\t\t\t\t\t\t\t\t\t<\/figure>\n\t\t\t\t\t\t\t\t<\/div>\n\t\t\t\t\t\t<\/div>\n\t\t\t\t<\/div>\n\t\t\t\t\t\t<\/div>\n\t\t\t\t\t<\/div>\n\t\t<\/div>\n\t\t\t\t<div class=\"elementor-column elementor-col-25 elementor-top-column elementor-element elementor-element-f6f877d\" data-id=\"f6f877d\" data-element_type=\"column\">\n\t\t\t<div class=\"elementor-column-wrap elementor-element-populated\">\n\t\t\t\t\t\t\t<div class=\"elementor-widget-wrap\">\n\t\t\t\t\t\t<div class=\"elementor-element elementor-element-d89d931 elementor-widget elementor-widget-image\" data-id=\"d89d931\" data-element_type=\"widget\" data-widget_type=\"image.default\">\n\t\t\t\t<div class=\"elementor-widget-container\">\n\t\t\t\t\t\t\t\t<div class=\"elementor-image\">\n\t\t\t\t\t\t\t\t\t<figure class=\"wp-caption\">\n\t\t\t\t\t\t\t\t\t\t\t<a href=\"https:\/\/cuellarcot.com\/index.php\/patologia-articular\/\">\n\t\t\t\t\t\t\t<img decoding=\"async\" width=\"1024\" height=\"631\" src=\"https:\/\/cuellarcot.com\/wp-content\/uploads\/2021\/05\/EQUIPO-ATROSCOPIA-e1621073264354-1024x631.gif\" class=\"attachment-large size-large wp-image-1717\" alt=\"\" loading=\"lazy\" srcset=\"https:\/\/cuellarcot.com\/wp-content\/uploads\/2021\/05\/EQUIPO-ATROSCOPIA-e1621073264354-1024x631.gif 1024w, https:\/\/cuellarcot.com\/wp-content\/uploads\/2021\/05\/EQUIPO-ATROSCOPIA-e1621073264354-300x185.gif 300w, https:\/\/cuellarcot.com\/wp-content\/uploads\/2021\/05\/EQUIPO-ATROSCOPIA-e1621073264354-768x474.gif 768w\" sizes=\"(max-width: 1024px) 100vw, 1024px\" \/>\t\t\t\t\t\t\t\t<\/a>\n\t\t\t\t\t\t\t\t\t\t\t<figcaption class=\"widget-image-caption wp-caption-text\">ORTOPEDIA - PATOLOG\u00cdA ARTICULAR, PR\u00d3TESIS PARA PACIENTES<\/figcaption>\n\t\t\t\t\t\t\t\t\t\t<\/figure>\n\t\t\t\t\t\t\t\t<\/div>\n\t\t\t\t\t\t<\/div>\n\t\t\t\t<\/div>\n\t\t\t\t\t\t<\/div>\n\t\t\t\t\t<\/div>\n\t\t<\/div>\n\t\t\t\t<div class=\"elementor-column elementor-col-25 elementor-top-column elementor-element elementor-element-7a45366\" data-id=\"7a45366\" data-element_type=\"column\">\n\t\t\t<div class=\"elementor-column-wrap elementor-element-populated\">\n\t\t\t\t\t\t\t<div class=\"elementor-widget-wrap\">\n\t\t\t\t\t\t<div class=\"elementor-element elementor-element-bb7c021 elementor-widget elementor-widget-image\" data-id=\"bb7c021\" data-element_type=\"widget\" data-widget_type=\"image.default\">\n\t\t\t\t<div class=\"elementor-widget-container\">\n\t\t\t\t\t\t\t\t<div class=\"elementor-image\">\n\t\t\t\t\t\t\t\t\t<figure class=\"wp-caption\">\n\t\t\t\t\t\t\t\t\t\t\t<a href=\"https:\/\/cuellarcot.com\/index.php\/artroscopia\/\">\n\t\t\t\t\t\t\t<img decoding=\"async\" width=\"1024\" height=\"768\" src=\"https:\/\/cuellarcot.com\/wp-content\/uploads\/2017\/08\/con-RIC-en-Q-2-1024x768.jpg\" class=\"attachment-large size-large wp-image-85\" alt=\"\" loading=\"lazy\" srcset=\"https:\/\/cuellarcot.com\/wp-content\/uploads\/2017\/08\/con-RIC-en-Q-2.jpg 1024w, https:\/\/cuellarcot.com\/wp-content\/uploads\/2017\/08\/con-RIC-en-Q-2-300x225.jpg 300w, https:\/\/cuellarcot.com\/wp-content\/uploads\/2017\/08\/con-RIC-en-Q-2-768x576.jpg 768w, https:\/\/cuellarcot.com\/wp-content\/uploads\/2017\/08\/con-RIC-en-Q-2-350x263.jpg 350w\" sizes=\"(max-width: 1024px) 100vw, 1024px\" \/>\t\t\t\t\t\t\t\t<\/a>\n\t\t\t\t\t\t\t\t\t\t\t<figcaption class=\"widget-image-caption wp-caption-text\">ARTROSCOPIA<\/figcaption>\n\t\t\t\t\t\t\t\t\t\t<\/figure>\n\t\t\t\t\t\t\t\t<\/div>\n\t\t\t\t\t\t<\/div>\n\t\t\t\t<\/div>\n\t\t\t\t\t\t<\/div>\n\t\t\t\t\t<\/div>\n\t\t<\/div>\n\t\t\t\t<div class=\"elementor-column elementor-col-25 elementor-top-column elementor-element elementor-element-946bcc0\" data-id=\"946bcc0\" data-element_type=\"column\">\n\t\t\t<div class=\"elementor-column-wrap elementor-element-populated\">\n\t\t\t\t\t\t\t<div class=\"elementor-widget-wrap\">\n\t\t\t\t\t\t<div class=\"elementor-element elementor-element-47b2e4f elementor-widget elementor-widget-image\" data-id=\"47b2e4f\" data-element_type=\"widget\" data-widget_type=\"image.default\">\n\t\t\t\t<div class=\"elementor-widget-container\">\n\t\t\t\t\t\t\t\t<div class=\"elementor-image\">\n\t\t\t\t\t\t\t\t\t<figure class=\"wp-caption\">\n\t\t\t\t\t\t\t\t\t\t\t<a href=\"https:\/\/cuellarcot.com\/index.php\/terapias-regenerativas\/\">\n\t\t\t\t\t\t\t<img decoding=\"async\" width=\"387\" height=\"385\" src=\"https:\/\/cuellarcot.com\/wp-content\/uploads\/2021\/05\/cadera1.gif\" class=\"attachment-large size-large wp-image-1671\" alt=\"\" loading=\"lazy\" \/>\t\t\t\t\t\t\t\t<\/a>\n\t\t\t\t\t\t\t\t\t\t\t<figcaption class=\"widget-image-caption wp-caption-text\">TERAPIAS REGENERATIVAS<\/figcaption>\n\t\t\t\t\t\t\t\t\t\t<\/figure>\n\t\t\t\t\t\t\t\t<\/div>\n\t\t\t\t\t\t<\/div>\n\t\t\t\t<\/div>\n\t\t\t\t\t\t<\/div>\n\t\t\t\t\t<\/div>\n\t\t<\/div>\n\t\t\t\t\t\t\t\t<\/div>\n\t\t\t\t\t<\/div>\n\t\t<\/section>\n\t\t\t\t\t\t\t\t\t<\/div>\n\t\t\t<\/div>\n\t\t\t\t\t<\/div>\n\t\t","protected":false},"excerpt":{"rendered":"<p>Dentro del \u00e1mbito de la TRAUMATOLOG\u00cdA, contamos con el equipamiento y experiencia para tratar una variada gama de fracturas, excepto las m\u00e1s complejas de pelvis y de columna. Algunas fracturas dejan importantes secuelas (falta de consolidaci\u00f3n o pseudoartrosis, rigidez, osteomielitis, deformidades, acortamientos\u2026). El estudio individualizado de cada caso nos permite mejorar el resultado funcional en [&hellip;]<\/p>\n","protected":false},"author":1,"featured_media":0,"parent":0,"menu_order":0,"comment_status":"closed","ping_status":"closed","template":"","meta":{"_exactmetrics_skip_tracking":false,"_exactmetrics_sitenote_active":false,"_exactmetrics_sitenote_note":"","_exactmetrics_sitenote_category":0,"ngg_post_thumbnail":0},"categories":[],"tags":[],"yoast_head":"<!-- This site is optimized with the Yoast SEO plugin v20.11 - https:\/\/yoast.com\/wordpress\/plugins\/seo\/ -->\n<title>\u00bfQU\u00c9 PATOLOG\u00cdAS TRATAMOS? -<\/title>\n<meta name=\"robots\" content=\"index, follow, max-snippet:-1, max-image-preview:large, max-video-preview:-1\" \/>\n<link rel=\"canonical\" href=\"https:\/\/cuellarcot.com\/index.php\/que-patologias-tratamos\/\" \/>\n<meta property=\"og:locale\" content=\"es_ES\" \/>\n<meta property=\"og:type\" content=\"article\" \/>\n<meta property=\"og:title\" content=\"\u00bfQU\u00c9 PATOLOG\u00cdAS TRATAMOS? -\" \/>\n<meta property=\"og:description\" content=\"Dentro del \u00e1mbito de la TRAUMATOLOG\u00cdA, contamos con el equipamiento y experiencia para tratar una variada gama de fracturas, excepto las m\u00e1s complejas de pelvis y de columna. Algunas fracturas dejan importantes secuelas (falta de consolidaci\u00f3n o pseudoartrosis, rigidez, osteomielitis, deformidades, acortamientos\u2026). El estudio individualizado de cada caso nos permite mejorar el resultado funcional en [&hellip;]\" \/>\n<meta property=\"og:url\" content=\"https:\/\/cuellarcot.com\/index.php\/que-patologias-tratamos\/\" \/>\n<meta property=\"article:modified_time\" content=\"2025-08-30T14:38:27+00:00\" \/>\n<meta property=\"og:image\" content=\"https:\/\/cuellarcot.com\/wp-content\/uploads\/2018\/05\/exa7jqrl-1024x695.bmp\" \/>\n<meta name=\"twitter:card\" content=\"summary_large_image\" \/>\n<meta name=\"twitter:label1\" content=\"Tiempo de lectura\" \/>\n\t<meta name=\"twitter:data1\" content=\"3 minutos\" \/>\n<script type=\"application\/ld+json\" class=\"yoast-schema-graph\">{\"@context\":\"https:\/\/schema.org\",\"@graph\":[{\"@type\":\"WebPage\",\"@id\":\"https:\/\/cuellarcot.com\/index.php\/que-patologias-tratamos\/\",\"url\":\"https:\/\/cuellarcot.com\/index.php\/que-patologias-tratamos\/\",\"name\":\"\u00bfQU\u00c9 PATOLOG\u00cdAS TRATAMOS? -\",\"isPartOf\":{\"@id\":\"https:\/\/cuellarcot.com\/#website\"},\"datePublished\":\"2021-06-03T22:26:46+00:00\",\"dateModified\":\"2025-08-30T14:38:27+00:00\",\"breadcrumb\":{\"@id\":\"https:\/\/cuellarcot.com\/index.php\/que-patologias-tratamos\/#breadcrumb\"},\"inLanguage\":\"es\",\"potentialAction\":[{\"@type\":\"ReadAction\",\"target\":[\"https:\/\/cuellarcot.com\/index.php\/que-patologias-tratamos\/\"]}]},{\"@type\":\"BreadcrumbList\",\"@id\":\"https:\/\/cuellarcot.com\/index.php\/que-patologias-tratamos\/#breadcrumb\",\"itemListElement\":[{\"@type\":\"ListItem\",\"position\":1,\"name\":\"Portada\",\"item\":\"https:\/\/cuellarcot.com\/\"},{\"@type\":\"ListItem\",\"position\":2,\"name\":\"\u00bfQU\u00c9 PATOLOG\u00cdAS TRATAMOS?\"}]},{\"@type\":\"WebSite\",\"@id\":\"https:\/\/cuellarcot.com\/#website\",\"url\":\"https:\/\/cuellarcot.com\/\",\"name\":\"\",\"description\":\"Traumatolog\u00eda, Cirug\u00eda ortop\u00e9dica y Artroscopia\",\"potentialAction\":[{\"@type\":\"SearchAction\",\"target\":{\"@type\":\"EntryPoint\",\"urlTemplate\":\"https:\/\/cuellarcot.com\/?s={search_term_string}\"},\"query-input\":\"required name=search_term_string\"}],\"inLanguage\":\"es\"}]}<\/script>\n<!-- \/ Yoast SEO plugin. -->","yoast_head_json":{"title":"\u00bfQU\u00c9 PATOLOG\u00cdAS TRATAMOS? -","robots":{"index":"index","follow":"follow","max-snippet":"max-snippet:-1","max-image-preview":"max-image-preview:large","max-video-preview":"max-video-preview:-1"},"canonical":"https:\/\/cuellarcot.com\/index.php\/que-patologias-tratamos\/","og_locale":"es_ES","og_type":"article","og_title":"\u00bfQU\u00c9 PATOLOG\u00cdAS TRATAMOS? -","og_description":"Dentro del \u00e1mbito de la TRAUMATOLOG\u00cdA, contamos con el equipamiento y experiencia para tratar una variada gama de fracturas, excepto las m\u00e1s complejas de pelvis y de columna. Algunas fracturas dejan importantes secuelas (falta de consolidaci\u00f3n o pseudoartrosis, rigidez, osteomielitis, deformidades, acortamientos\u2026). El estudio individualizado de cada caso nos permite mejorar el resultado funcional en [&hellip;]","og_url":"https:\/\/cuellarcot.com\/index.php\/que-patologias-tratamos\/","article_modified_time":"2025-08-30T14:38:27+00:00","og_image":[{"url":"https:\/\/cuellarcot.com\/wp-content\/uploads\/2018\/05\/exa7jqrl-1024x695.bmp"}],"twitter_card":"summary_large_image","twitter_misc":{"Tiempo de lectura":"3 minutos"},"schema":{"@context":"https:\/\/schema.org","@graph":[{"@type":"WebPage","@id":"https:\/\/cuellarcot.com\/index.php\/que-patologias-tratamos\/","url":"https:\/\/cuellarcot.com\/index.php\/que-patologias-tratamos\/","name":"\u00bfQU\u00c9 PATOLOG\u00cdAS TRATAMOS? -","isPartOf":{"@id":"https:\/\/cuellarcot.com\/#website"},"datePublished":"2021-06-03T22:26:46+00:00","dateModified":"2025-08-30T14:38:27+00:00","breadcrumb":{"@id":"https:\/\/cuellarcot.com\/index.php\/que-patologias-tratamos\/#breadcrumb"},"inLanguage":"es","potentialAction":[{"@type":"ReadAction","target":["https:\/\/cuellarcot.com\/index.php\/que-patologias-tratamos\/"]}]},{"@type":"BreadcrumbList","@id":"https:\/\/cuellarcot.com\/index.php\/que-patologias-tratamos\/#breadcrumb","itemListElement":[{"@type":"ListItem","position":1,"name":"Portada","item":"https:\/\/cuellarcot.com\/"},{"@type":"ListItem","position":2,"name":"\u00bfQU\u00c9 PATOLOG\u00cdAS TRATAMOS?"}]},{"@type":"WebSite","@id":"https:\/\/cuellarcot.com\/#website","url":"https:\/\/cuellarcot.com\/","name":"","description":"Traumatolog\u00eda, Cirug\u00eda ortop\u00e9dica y Artroscopia","potentialAction":[{"@type":"SearchAction","target":{"@type":"EntryPoint","urlTemplate":"https:\/\/cuellarcot.com\/?s={search_term_string}"},"query-input":"required name=search_term_string"}],"inLanguage":"es"}]}},"_links":{"self":[{"href":"https:\/\/cuellarcot.com\/index.php\/wp-json\/wp\/v2\/pages\/1739"}],"collection":[{"href":"https:\/\/cuellarcot.com\/index.php\/wp-json\/wp\/v2\/pages"}],"about":[{"href":"https:\/\/cuellarcot.com\/index.php\/wp-json\/wp\/v2\/types\/page"}],"author":[{"embeddable":true,"href":"https:\/\/cuellarcot.com\/index.php\/wp-json\/wp\/v2\/users\/1"}],"replies":[{"embeddable":true,"href":"https:\/\/cuellarcot.com\/index.php\/wp-json\/wp\/v2\/comments?post=1739"}],"version-history":[{"count":15,"href":"https:\/\/cuellarcot.com\/index.php\/wp-json\/wp\/v2\/pages\/1739\/revisions"}],"predecessor-version":[{"id":2321,"href":"https:\/\/cuellarcot.com\/index.php\/wp-json\/wp\/v2\/pages\/1739\/revisions\/2321"}],"wp:attachment":[{"href":"https:\/\/cuellarcot.com\/index.php\/wp-json\/wp\/v2\/media?parent=1739"}],"wp:term":[{"taxonomy":"category","embeddable":true,"href":"https:\/\/cuellarcot.com\/index.php\/wp-json\/wp\/v2\/categories?post=1739"},{"taxonomy":"post_tag","embeddable":true,"href":"https:\/\/cuellarcot.com\/index.php\/wp-json\/wp\/v2\/tags?post=1739"}],"curies":[{"name":"wp","href":"https:\/\/api.w.org\/{rel}","templated":true}]}}