{"id":1776,"date":"2021-06-25T12:48:15","date_gmt":"2021-06-25T10:48:15","guid":{"rendered":"https:\/\/cuellarcot.com\/?page_id=1776"},"modified":"2021-11-15T01:12:33","modified_gmt":"2021-11-15T00:12:33","slug":"artroscopia-de-hombro","status":"publish","type":"page","link":"https:\/\/cuellarcot.com\/index.php\/artroscopia\/artroscopia-de-hombro\/","title":{"rendered":"Artroscopia de hombro"},"content":{"rendered":"<p>&nbsp;<\/p>\n<p><a href=\"https:\/\/cuellarcot.com\/wp-content\/uploads\/2021\/06\/presen-artroscopia-hombro1.gif\"><img decoding=\"async\" loading=\"lazy\" class=\"size-full wp-image-1772 aligncenter\" src=\"https:\/\/cuellarcot.com\/wp-content\/uploads\/2021\/06\/presen-artroscopia-hombro1.gif\" alt=\"\" width=\"823\" height=\"439\"><\/a><\/p>\n<p><span style=\"font-size: large;\"><b>CUESTIONES EN LA ARTROSCOPIA DE HOMBRO<\/b><\/span><\/p>\n<p align=\"JUSTIFY\"><a href=\"#hombro1\"><span style=\"color: #ff0000;\"><span style=\"font-size: large;\">\u00bfQu\u00e9 es la t\u00e9cnica de artroscopia?<\/span><\/span><\/a><\/p>\n<p align=\"JUSTIFY\"><a href=\"#hombro2\"><span style=\"color: #ff0000;\"><span style=\"font-size: large;\">\u00bfCu\u00e1les son los beneficios de la artroscopia?<\/span><\/span><\/a><\/p>\n<p align=\"JUSTIFY\"><a href=\"#hombro3\"><span style=\"color: #ff0000;\"><span style=\"font-size: large;\">\u00bfC\u00f3mo realizamos la artroscopia de hombro?<\/span><\/span><\/a><\/p>\n<p align=\"JUSTIFY\"><a href=\"#hombro4\"><span style=\"color: #ff0000;\"><span style=\"font-size: large;\">\u00bfQu\u00e9 tratamos por artroscopia en el hombro?<\/span><\/span><\/a><\/p>\n<p align=\"JUSTIFY\"><a href=\"#hombro5\"><span style=\"color: #ff0000;\"><span style=\"font-size: large;\">\u00bfQu\u00e9 es la luxaci\u00f3n repetida y c\u00f3mo la tratamos?<\/span><\/span><\/a><\/p>\n<p align=\"JUSTIFY\"><a href=\"#hombro6\"><span style=\"color: #ff0000;\"><span style=\"font-size: large;\">\u00bfC\u00f3mo se manifiesta el dolor en el hombro?<\/span><\/span><\/a><\/p>\n<p align=\"JUSTIFY\"><a href=\"#hombro7\"><span style=\"color: #ff0000;\"><span style=\"font-size: large;\">\u00bfQu\u00e9 es la rotura del supraespinoso y c\u00f3mo la tratamos?<\/span><\/span><\/a><\/p>\n<p align=\"JUSTIFY\"><a href=\"#hombro8\"><span style=\"color: #ff0000;\"><span style=\"font-size: large;\">\u00bfQu\u00e9 podemos hacer por artroscopia en una Pr\u00f3tesis de hombro?<\/span><\/span><\/a><\/p>\n<p align=\"JUSTIFY\"><a href=\"https:\/\/cuellarcot.com\/wp-content\/uploads\/2021\/06\/presen-artroscopia-hombro1-.gif\"><img decoding=\"async\" loading=\"lazy\" class=\" wp-image-1773 aligncenter\" src=\"https:\/\/cuellarcot.com\/wp-content\/uploads\/2021\/06\/presen-artroscopia-hombro1-.gif\" alt=\"\" width=\"361\" height=\"262\"><\/a><\/p>\n<p>&nbsp;<\/p>\n<p><a id=\"hombro1\"><\/a><a href=\"https:\/\/cuellarcot.com\/wp-content\/uploads\/2021\/06\/ARTROSCOPIA-DE-HOMBRO1.gif\"><img decoding=\"async\" loading=\"lazy\" class=\"size-full wp-image-1790 aligncenter\" src=\"https:\/\/cuellarcot.com\/wp-content\/uploads\/2021\/06\/ARTROSCOPIA-DE-HOMBRO1.gif\" alt=\"\" width=\"720\" height=\"475\"><\/a> <a id=\"hombro2\"><\/a><a href=\"https:\/\/cuellarcot.com\/wp-content\/uploads\/2021\/06\/ARTROSCOPIA-DE-HOMBRO2.gif\"><img decoding=\"async\" loading=\"lazy\" class=\"size-full wp-image-1791 aligncenter\" src=\"https:\/\/cuellarcot.com\/wp-content\/uploads\/2021\/06\/ARTROSCOPIA-DE-HOMBRO2.gif\" alt=\"\" width=\"720\" height=\"475\"><\/a> <a id=\"hombro3\"><\/a><a href=\"https:\/\/cuellarcot.com\/wp-content\/uploads\/2021\/06\/ARTROSCOPIA-DE-HOMBRO3.gif\"><img decoding=\"async\" loading=\"lazy\" class=\"size-full wp-image-1792 aligncenter\" src=\"https:\/\/cuellarcot.com\/wp-content\/uploads\/2021\/06\/ARTROSCOPIA-DE-HOMBRO3.gif\" alt=\"\" width=\"720\" height=\"475\"><\/a> <a id=\"hombro4\"><\/a><a href=\"https:\/\/cuellarcot.com\/wp-content\/uploads\/2021\/06\/ARTROSCOPIA-DE-HOMBRO4.gif\"><img decoding=\"async\" loading=\"lazy\" class=\"size-full wp-image-1793 aligncenter\" src=\"https:\/\/cuellarcot.com\/wp-content\/uploads\/2021\/06\/ARTROSCOPIA-DE-HOMBRO4.gif\" alt=\"\" width=\"720\" height=\"475\"><\/a> <a id=\"hombro5\"><\/a><a href=\"https:\/\/cuellarcot.com\/wp-content\/uploads\/2021\/06\/ARTROSCOPIA-DE-HOMBRO5.gif\"><img decoding=\"async\" loading=\"lazy\" class=\"size-full wp-image-1794 aligncenter\" src=\"https:\/\/cuellarcot.com\/wp-content\/uploads\/2021\/06\/ARTROSCOPIA-DE-HOMBRO5.gif\" alt=\"\" width=\"720\" height=\"475\"><\/a> <a id=\"hombro6\"><\/a><a href=\"https:\/\/cuellarcot.com\/wp-content\/uploads\/2021\/06\/ARTROSCOPIA-DE-HOMBRO6.gif\"><img decoding=\"async\" loading=\"lazy\" class=\"size-full wp-image-1795 aligncenter\" src=\"https:\/\/cuellarcot.com\/wp-content\/uploads\/2021\/06\/ARTROSCOPIA-DE-HOMBRO6.gif\" alt=\"\" width=\"720\" height=\"475\"><\/a> <a id=\"hombro7\"><\/a><a href=\"https:\/\/cuellarcot.com\/wp-content\/uploads\/2021\/06\/ARTROSCOPIA-DE-HOMBRO7.gif\"><img decoding=\"async\" loading=\"lazy\" class=\"size-full wp-image-1796 aligncenter\" src=\"https:\/\/cuellarcot.com\/wp-content\/uploads\/2021\/06\/ARTROSCOPIA-DE-HOMBRO7.gif\" alt=\"\" width=\"720\" height=\"475\"><\/a> <a id=\"hombro8\"><\/a><a href=\"https:\/\/cuellarcot.com\/wp-content\/uploads\/2021\/06\/ARTROSCOPIA-DE-HOMBRO8.gif\"><img decoding=\"async\" loading=\"lazy\" class=\"size-full wp-image-1797 aligncenter\" src=\"https:\/\/cuellarcot.com\/wp-content\/uploads\/2021\/06\/ARTROSCOPIA-DE-HOMBRO8.gif\" alt=\"\" width=\"720\" height=\"475\"><\/a><\/p>\n","protected":false},"excerpt":{"rendered":"<p>&nbsp; CUESTIONES EN LA ARTROSCOPIA DE HOMBRO \u00bfQu\u00e9 es la t\u00e9cnica de artroscopia? \u00bfCu\u00e1les son los beneficios de la artroscopia? \u00bfC\u00f3mo realizamos la artroscopia de hombro? \u00bfQu\u00e9 tratamos por artroscopia en el hombro? \u00bfQu\u00e9 es la luxaci\u00f3n repetida y c\u00f3mo la tratamos? \u00bfC\u00f3mo se manifiesta el dolor en el hombro? \u00bfQu\u00e9 es la rotura del [&hellip;]<\/p>\n","protected":false},"author":1,"featured_media":1761,"parent":1716,"menu_order":0,"comment_status":"closed","ping_status":"closed","template":"","meta":{"_exactmetrics_skip_tracking":false,"_exactmetrics_sitenote_active":false,"_exactmetrics_sitenote_note":"","_exactmetrics_sitenote_category":0,"ngg_post_thumbnail":0},"categories":[],"tags":[72,13],"yoast_head":"<!-- This site is optimized with the Yoast SEO plugin v20.11 - https:\/\/yoast.com\/wordpress\/plugins\/seo\/ -->\n<title>Artroscopia de hombro -<\/title>\n<meta name=\"description\" content=\"CUESTIONES EN LA ARTROSCOPIA DE HOMBRO\u00bfQu\u00e9 es la t\u00e9cnica de artroscopia?\u00bfCu\u00e1les son los beneficios de la artroscopia?\" \/>\n<meta name=\"robots\" content=\"index, follow, max-snippet:-1, max-image-preview:large, max-video-preview:-1\" \/>\n<link rel=\"canonical\" href=\"https:\/\/cuellarcot.com\/index.php\/artroscopia\/artroscopia-de-hombro\/\" \/>\n<meta property=\"og:locale\" content=\"es_ES\" \/>\n<meta property=\"og:type\" content=\"article\" \/>\n<meta property=\"og:title\" content=\"Artroscopia de hombro -\" \/>\n<meta property=\"og:description\" content=\"CUESTIONES EN LA ARTROSCOPIA DE HOMBRO\u00bfQu\u00e9 es la t\u00e9cnica de artroscopia?\u00bfCu\u00e1les son los beneficios de la artroscopia?\" \/>\n<meta property=\"og:url\" content=\"https:\/\/cuellarcot.com\/index.php\/artroscopia\/artroscopia-de-hombro\/\" \/>\n<meta property=\"article:modified_time\" content=\"2021-11-15T00:12:33+00:00\" \/>\n<meta property=\"og:image\" content=\"https:\/\/cuellarcot.com\/wp-content\/uploads\/2021\/06\/hombro2.jpg\" \/>\n\t<meta property=\"og:image:width\" content=\"200\" \/>\n\t<meta property=\"og:image:height\" content=\"200\" \/>\n\t<meta property=\"og:image:type\" content=\"image\/jpeg\" \/>\n<meta name=\"twitter:card\" content=\"summary_large_image\" \/>\n<meta name=\"twitter:label1\" content=\"Tiempo de lectura\" \/>\n\t<meta name=\"twitter:data1\" content=\"3 minutos\" \/>\n<script type=\"application\/ld+json\" class=\"yoast-schema-graph\">{\"@context\":\"https:\/\/schema.org\",\"@graph\":[{\"@type\":\"WebPage\",\"@id\":\"https:\/\/cuellarcot.com\/index.php\/artroscopia\/artroscopia-de-hombro\/\",\"url\":\"https:\/\/cuellarcot.com\/index.php\/artroscopia\/artroscopia-de-hombro\/\",\"name\":\"Artroscopia de hombro -\",\"isPartOf\":{\"@id\":\"https:\/\/cuellarcot.com\/#website\"},\"datePublished\":\"2021-06-25T10:48:15+00:00\",\"dateModified\":\"2021-11-15T00:12:33+00:00\",\"description\":\"CUESTIONES EN LA ARTROSCOPIA DE HOMBRO\u00bfQu\u00e9 es la t\u00e9cnica de artroscopia?\u00bfCu\u00e1les son los beneficios de la artroscopia?\",\"breadcrumb\":{\"@id\":\"https:\/\/cuellarcot.com\/index.php\/artroscopia\/artroscopia-de-hombro\/#breadcrumb\"},\"inLanguage\":\"es\",\"potentialAction\":[{\"@type\":\"ReadAction\",\"target\":[\"https:\/\/cuellarcot.com\/index.php\/artroscopia\/artroscopia-de-hombro\/\"]}]},{\"@type\":\"BreadcrumbList\",\"@id\":\"https:\/\/cuellarcot.com\/index.php\/artroscopia\/artroscopia-de-hombro\/#breadcrumb\",\"itemListElement\":[{\"@type\":\"ListItem\",\"position\":1,\"name\":\"Portada\",\"item\":\"https:\/\/cuellarcot.com\/\"},{\"@type\":\"ListItem\",\"position\":2,\"name\":\"ARTROSCOPIA\",\"item\":\"https:\/\/cuellarcot.com\/index.php\/artroscopia\/\"},{\"@type\":\"ListItem\",\"position\":3,\"name\":\"Artroscopia de hombro\"}]},{\"@type\":\"WebSite\",\"@id\":\"https:\/\/cuellarcot.com\/#website\",\"url\":\"https:\/\/cuellarcot.com\/\",\"name\":\"\",\"description\":\"Traumatolog\u00eda, Cirug\u00eda ortop\u00e9dica y Artroscopia\",\"potentialAction\":[{\"@type\":\"SearchAction\",\"target\":{\"@type\":\"EntryPoint\",\"urlTemplate\":\"https:\/\/cuellarcot.com\/?s={search_term_string}\"},\"query-input\":\"required name=search_term_string\"}],\"inLanguage\":\"es\"}]}<\/script>\n<!-- \/ Yoast SEO plugin. -->","yoast_head_json":{"title":"Artroscopia de hombro -","description":"CUESTIONES EN LA ARTROSCOPIA DE HOMBRO\u00bfQu\u00e9 es la t\u00e9cnica de artroscopia?\u00bfCu\u00e1les son los beneficios de la artroscopia?","robots":{"index":"index","follow":"follow","max-snippet":"max-snippet:-1","max-image-preview":"max-image-preview:large","max-video-preview":"max-video-preview:-1"},"canonical":"https:\/\/cuellarcot.com\/index.php\/artroscopia\/artroscopia-de-hombro\/","og_locale":"es_ES","og_type":"article","og_title":"Artroscopia de hombro -","og_description":"CUESTIONES EN LA ARTROSCOPIA DE HOMBRO\u00bfQu\u00e9 es la t\u00e9cnica de artroscopia?\u00bfCu\u00e1les son los beneficios de la artroscopia?","og_url":"https:\/\/cuellarcot.com\/index.php\/artroscopia\/artroscopia-de-hombro\/","article_modified_time":"2021-11-15T00:12:33+00:00","og_image":[{"width":200,"height":200,"url":"https:\/\/cuellarcot.com\/wp-content\/uploads\/2021\/06\/hombro2.jpg","type":"image\/jpeg"}],"twitter_card":"summary_large_image","twitter_misc":{"Tiempo de lectura":"3 minutos"},"schema":{"@context":"https:\/\/schema.org","@graph":[{"@type":"WebPage","@id":"https:\/\/cuellarcot.com\/index.php\/artroscopia\/artroscopia-de-hombro\/","url":"https:\/\/cuellarcot.com\/index.php\/artroscopia\/artroscopia-de-hombro\/","name":"Artroscopia de hombro -","isPartOf":{"@id":"https:\/\/cuellarcot.com\/#website"},"datePublished":"2021-06-25T10:48:15+00:00","dateModified":"2021-11-15T00:12:33+00:00","description":"CUESTIONES EN LA ARTROSCOPIA DE HOMBRO\u00bfQu\u00e9 es la t\u00e9cnica de artroscopia?\u00bfCu\u00e1les son los beneficios de la artroscopia?","breadcrumb":{"@id":"https:\/\/cuellarcot.com\/index.php\/artroscopia\/artroscopia-de-hombro\/#breadcrumb"},"inLanguage":"es","potentialAction":[{"@type":"ReadAction","target":["https:\/\/cuellarcot.com\/index.php\/artroscopia\/artroscopia-de-hombro\/"]}]},{"@type":"BreadcrumbList","@id":"https:\/\/cuellarcot.com\/index.php\/artroscopia\/artroscopia-de-hombro\/#breadcrumb","itemListElement":[{"@type":"ListItem","position":1,"name":"Portada","item":"https:\/\/cuellarcot.com\/"},{"@type":"ListItem","position":2,"name":"ARTROSCOPIA","item":"https:\/\/cuellarcot.com\/index.php\/artroscopia\/"},{"@type":"ListItem","position":3,"name":"Artroscopia de hombro"}]},{"@type":"WebSite","@id":"https:\/\/cuellarcot.com\/#website","url":"https:\/\/cuellarcot.com\/","name":"","description":"Traumatolog\u00eda, Cirug\u00eda ortop\u00e9dica y Artroscopia","potentialAction":[{"@type":"SearchAction","target":{"@type":"EntryPoint","urlTemplate":"https:\/\/cuellarcot.com\/?s={search_term_string}"},"query-input":"required name=search_term_string"}],"inLanguage":"es"}]}},"_links":{"self":[{"href":"https:\/\/cuellarcot.com\/index.php\/wp-json\/wp\/v2\/pages\/1776"}],"collection":[{"href":"https:\/\/cuellarcot.com\/index.php\/wp-json\/wp\/v2\/pages"}],"about":[{"href":"https:\/\/cuellarcot.com\/index.php\/wp-json\/wp\/v2\/types\/page"}],"author":[{"embeddable":true,"href":"https:\/\/cuellarcot.com\/index.php\/wp-json\/wp\/v2\/users\/1"}],"replies":[{"embeddable":true,"href":"https:\/\/cuellarcot.com\/index.php\/wp-json\/wp\/v2\/comments?post=1776"}],"version-history":[{"count":3,"href":"https:\/\/cuellarcot.com\/index.php\/wp-json\/wp\/v2\/pages\/1776\/revisions"}],"predecessor-version":[{"id":1798,"href":"https:\/\/cuellarcot.com\/index.php\/wp-json\/wp\/v2\/pages\/1776\/revisions\/1798"}],"up":[{"embeddable":true,"href":"https:\/\/cuellarcot.com\/index.php\/wp-json\/wp\/v2\/pages\/1716"}],"wp:featuredmedia":[{"embeddable":true,"href":"https:\/\/cuellarcot.com\/index.php\/wp-json\/wp\/v2\/media\/1761"}],"wp:attachment":[{"href":"https:\/\/cuellarcot.com\/index.php\/wp-json\/wp\/v2\/media?parent=1776"}],"wp:term":[{"taxonomy":"category","embeddable":true,"href":"https:\/\/cuellarcot.com\/index.php\/wp-json\/wp\/v2\/categories?post=1776"},{"taxonomy":"post_tag","embeddable":true,"href":"https:\/\/cuellarcot.com\/index.php\/wp-json\/wp\/v2\/tags?post=1776"}],"curies":[{"name":"wp","href":"https:\/\/api.w.org\/{rel}","templated":true}]}}