{"id":1781,"date":"2021-06-25T12:52:18","date_gmt":"2021-06-25T10:52:18","guid":{"rendered":"https:\/\/cuellarcot.com\/?page_id=1781"},"modified":"2021-11-15T01:12:06","modified_gmt":"2021-11-15T00:12:06","slug":"artroscopia-de-rodilla","status":"publish","type":"page","link":"https:\/\/cuellarcot.com\/index.php\/artroscopia\/artroscopia-de-rodilla\/","title":{"rendered":"Artroscopia de rodilla"},"content":{"rendered":"<p><a href=\"https:\/\/cuellarcot.com\/wp-content\/uploads\/2021\/06\/presen-artroscopia-rodilla1.gif\"><img decoding=\"async\" loading=\"lazy\" class=\"size-full wp-image-1774 aligncenter\" src=\"https:\/\/cuellarcot.com\/wp-content\/uploads\/2021\/06\/presen-artroscopia-rodilla1.gif\" alt=\"\" width=\"769\" height=\"431\"><\/a><\/p>\n<p><span style=\"font-size: large;\"><b>CUESTIONES EN LA ARTROSCOPIA DE RODILLA<\/b><\/span><\/p>\n<p align=\"JUSTIFY\"><a href=\"#RODILLA1\"><span style=\"color: #ff0000;\"><span style=\"font-size: large;\">\u00bfQu\u00e9 es la t\u00e9cnica de artroscopia?<\/span><\/span><\/a><\/p>\n<p align=\"JUSTIFY\"><a href=\"#RODILLA2\"><span style=\"color: #ff0000;\"><span style=\"font-size: large;\">\u00bfCu\u00e1les son los beneficios de la artroscopia?<\/span><\/span><\/a><\/p>\n<p align=\"JUSTIFY\"><a href=\"#RODILLA3\"><span style=\"color: #ff0000;\"><span style=\"font-size: large;\">\u00bfC\u00f3mo se realiza la artroscopia de rodilla?<\/span><\/span><\/a><\/p>\n<p align=\"JUSTIFY\"><a href=\"#RODILLA4\"><span style=\"color: #ff0000;\"><span style=\"font-size: large;\">\u00bfQu\u00e9 tratamos por artroscopia en la rodilla?<\/span><\/span><\/a><\/p>\n<p align=\"JUSTIFY\"><a href=\"#RODILLA5\"><span style=\"color: #ff0000;\"><span style=\"font-size: large;\">\u00bfC\u00f3mo se manifiestan las lesiones en la rodilla?<\/span><\/span><\/a><\/p>\n<p align=\"JUSTIFY\"><a href=\"#RODILLA6\"><span style=\"color: #ff0000;\"><span style=\"font-size: large;\">\u00bfQu\u00e9 es la rotura del ligamento cruzado anterior y c\u00f3mo la tratamos?<\/span><\/span><\/a><\/p>\n<p align=\"JUSTIFY\"><a href=\"#RODILLA7\"><span style=\"color: #ff0000;\"><span style=\"font-size: large;\">\u00bfC\u00f3mo tratamos las lesiones del menisco?<\/span><\/span><\/a><\/p>\n<p align=\"JUSTIFY\"><a href=\"#RODILLA8\"><span style=\"color: #ff0000;\"><span style=\"font-size: large;\">\u00bfC\u00f3mo tratamos las lesiones del cart\u00edlago?<\/span><\/span><\/a><\/p>\n<p align=\"JUSTIFY\"><a href=\"#RODILLA9\"><span style=\"color: #ff0000;\"><span style=\"font-size: large;\">\u00bfQu\u00e9 podemos hacer por artroscopia en una Pr\u00f3tesis de rodilla?<\/span><\/span><\/a><\/p>\n<p align=\"JUSTIFY\"><a href=\"https:\/\/cuellarcot.com\/wp-content\/uploads\/2021\/06\/pres-artroscopia-rodilla1-.gif\"><img decoding=\"async\" loading=\"lazy\" class=\"wp-image-1769 aligncenter\" src=\"https:\/\/cuellarcot.com\/wp-content\/uploads\/2021\/06\/pres-artroscopia-rodilla1-.gif\" alt=\"\" width=\"380\" height=\"276\"><\/a><a id=\"RODILLA1\"><\/a><a href=\"https:\/\/cuellarcot.com\/wp-content\/uploads\/2021\/06\/ARTROSCOPIA-DE-RODILLA1.gif\"><img decoding=\"async\" loading=\"lazy\" class=\"size-full wp-image-1800 aligncenter\" src=\"https:\/\/cuellarcot.com\/wp-content\/uploads\/2021\/06\/ARTROSCOPIA-DE-RODILLA1.gif\" alt=\"\" width=\"720\" height=\"475\"><\/a> <a id=\"RODILLA2\"><\/a><a href=\"https:\/\/cuellarcot.com\/wp-content\/uploads\/2021\/06\/ARTROSCOPIA-DE-RODILLA2.gif\"><img decoding=\"async\" loading=\"lazy\" class=\"size-full wp-image-1801 aligncenter\" src=\"https:\/\/cuellarcot.com\/wp-content\/uploads\/2021\/06\/ARTROSCOPIA-DE-RODILLA2.gif\" alt=\"\" width=\"720\" height=\"475\"><\/a> <a id=\"RODILLA3\"><\/a><a href=\"https:\/\/cuellarcot.com\/wp-content\/uploads\/2021\/06\/ARTROSCOPIA-DE-RODILLA3.gif\"><img decoding=\"async\" loading=\"lazy\" class=\"size-full wp-image-1802 aligncenter\" src=\"https:\/\/cuellarcot.com\/wp-content\/uploads\/2021\/06\/ARTROSCOPIA-DE-RODILLA3.gif\" alt=\"\" width=\"720\" height=\"475\"><\/a> <a id=\"RODILLA4\"><\/a><a href=\"https:\/\/cuellarcot.com\/wp-content\/uploads\/2021\/06\/ARTROSCOPIA-DE-RODILLA4.gif\"><img decoding=\"async\" loading=\"lazy\" class=\"size-full wp-image-1803 aligncenter\" src=\"https:\/\/cuellarcot.com\/wp-content\/uploads\/2021\/06\/ARTROSCOPIA-DE-RODILLA4.gif\" alt=\"\" width=\"720\" height=\"475\"><\/a> <a id=\"RODILLA5\"><\/a><a href=\"https:\/\/cuellarcot.com\/wp-content\/uploads\/2021\/06\/ARTROSCOPIA-DE-RODILLA5.gif\"><img decoding=\"async\" loading=\"lazy\" class=\"size-full wp-image-1804 aligncenter\" src=\"https:\/\/cuellarcot.com\/wp-content\/uploads\/2021\/06\/ARTROSCOPIA-DE-RODILLA5.gif\" alt=\"\" width=\"720\" height=\"475\"><\/a> <a id=\"RODILLA6\"><\/a><a href=\"https:\/\/cuellarcot.com\/wp-content\/uploads\/2021\/06\/ARTROSCOPIA-DE-RODILLA6.gif\"><img decoding=\"async\" loading=\"lazy\" class=\"size-full wp-image-1805 aligncenter\" src=\"https:\/\/cuellarcot.com\/wp-content\/uploads\/2021\/06\/ARTROSCOPIA-DE-RODILLA6.gif\" alt=\"\" width=\"720\" height=\"475\"><\/a> <a id=\"RODILLA7\"><\/a><a href=\"https:\/\/cuellarcot.com\/wp-content\/uploads\/2021\/06\/ARTROSCOPIA-DE-RODILLA7.gif\"><img decoding=\"async\" loading=\"lazy\" class=\"size-full wp-image-1806 aligncenter\" src=\"https:\/\/cuellarcot.com\/wp-content\/uploads\/2021\/06\/ARTROSCOPIA-DE-RODILLA7.gif\" alt=\"\" width=\"720\" height=\"475\"><\/a> <a id=\"RODILLA8\"><\/a><a href=\"https:\/\/cuellarcot.com\/wp-content\/uploads\/2021\/06\/ARTROSCOPIA-DE-RODILLA8.gif\"><img decoding=\"async\" loading=\"lazy\" class=\"size-full wp-image-1807 aligncenter\" src=\"https:\/\/cuellarcot.com\/wp-content\/uploads\/2021\/06\/ARTROSCOPIA-DE-RODILLA8.gif\" alt=\"\" width=\"720\" height=\"475\"><\/a> <a id=\"RODILLA9\"><\/a><a href=\"https:\/\/cuellarcot.com\/wp-content\/uploads\/2021\/06\/ARTROSCOPIA-DE-RODILLA9.gif\"><img decoding=\"async\" loading=\"lazy\" class=\"size-full wp-image-1808 aligncenter\" src=\"https:\/\/cuellarcot.com\/wp-content\/uploads\/2021\/06\/ARTROSCOPIA-DE-RODILLA9.gif\" alt=\"\" width=\"720\" height=\"475\"><\/a><\/p>\n","protected":false},"excerpt":{"rendered":"<p>CUESTIONES EN LA ARTROSCOPIA DE RODILLA \u00bfQu\u00e9 es la t\u00e9cnica de artroscopia? \u00bfCu\u00e1les son los beneficios de la artroscopia? \u00bfC\u00f3mo se realiza la artroscopia de rodilla? \u00bfQu\u00e9 tratamos por artroscopia en la rodilla? \u00bfC\u00f3mo se manifiestan las lesiones en la rodilla? \u00bfQu\u00e9 es la rotura del ligamento cruzado anterior y c\u00f3mo la tratamos? \u00bfC\u00f3mo tratamos [&hellip;]<\/p>\n","protected":false},"author":1,"featured_media":1763,"parent":1716,"menu_order":0,"comment_status":"closed","ping_status":"closed","template":"","meta":{"_exactmetrics_skip_tracking":false,"_exactmetrics_sitenote_active":false,"_exactmetrics_sitenote_note":"","_exactmetrics_sitenote_category":0,"ngg_post_thumbnail":0},"categories":[],"tags":[73,11],"yoast_head":"<!-- This site is optimized with the Yoast SEO plugin v20.11 - https:\/\/yoast.com\/wordpress\/plugins\/seo\/ -->\n<title>Artroscopia de rodilla -<\/title>\n<meta name=\"description\" content=\"CUESTIONES EN LA ARTROSCOPIA DE RODILLA\u00bfQu\u00e9 es la t\u00e9cnica de artroscopia?\u00bfCu\u00e1les son los beneficios de la artroscopia?\" \/>\n<meta name=\"robots\" content=\"index, follow, max-snippet:-1, max-image-preview:large, max-video-preview:-1\" \/>\n<link rel=\"canonical\" href=\"https:\/\/cuellarcot.com\/index.php\/artroscopia\/artroscopia-de-rodilla\/\" \/>\n<meta property=\"og:locale\" content=\"es_ES\" \/>\n<meta property=\"og:type\" content=\"article\" \/>\n<meta property=\"og:title\" content=\"Artroscopia de rodilla -\" \/>\n<meta property=\"og:description\" content=\"CUESTIONES EN LA ARTROSCOPIA DE RODILLA\u00bfQu\u00e9 es la t\u00e9cnica de artroscopia?\u00bfCu\u00e1les son los beneficios de la artroscopia?\" \/>\n<meta property=\"og:url\" content=\"https:\/\/cuellarcot.com\/index.php\/artroscopia\/artroscopia-de-rodilla\/\" \/>\n<meta property=\"article:modified_time\" content=\"2021-11-15T00:12:06+00:00\" \/>\n<meta property=\"og:image\" content=\"https:\/\/cuellarcot.com\/wp-content\/uploads\/2021\/06\/rodilla2.gif\" \/>\n\t<meta property=\"og:image:width\" content=\"200\" \/>\n\t<meta property=\"og:image:height\" content=\"200\" \/>\n\t<meta property=\"og:image:type\" content=\"image\/gif\" \/>\n<meta name=\"twitter:card\" content=\"summary_large_image\" \/>\n<meta name=\"twitter:label1\" content=\"Tiempo de lectura\" \/>\n\t<meta name=\"twitter:data1\" content=\"3 minutos\" \/>\n<script type=\"application\/ld+json\" class=\"yoast-schema-graph\">{\"@context\":\"https:\/\/schema.org\",\"@graph\":[{\"@type\":\"WebPage\",\"@id\":\"https:\/\/cuellarcot.com\/index.php\/artroscopia\/artroscopia-de-rodilla\/\",\"url\":\"https:\/\/cuellarcot.com\/index.php\/artroscopia\/artroscopia-de-rodilla\/\",\"name\":\"Artroscopia de rodilla -\",\"isPartOf\":{\"@id\":\"https:\/\/cuellarcot.com\/#website\"},\"datePublished\":\"2021-06-25T10:52:18+00:00\",\"dateModified\":\"2021-11-15T00:12:06+00:00\",\"description\":\"CUESTIONES EN LA ARTROSCOPIA DE RODILLA\u00bfQu\u00e9 es la t\u00e9cnica de artroscopia?\u00bfCu\u00e1les son los beneficios de la artroscopia?\",\"breadcrumb\":{\"@id\":\"https:\/\/cuellarcot.com\/index.php\/artroscopia\/artroscopia-de-rodilla\/#breadcrumb\"},\"inLanguage\":\"es\",\"potentialAction\":[{\"@type\":\"ReadAction\",\"target\":[\"https:\/\/cuellarcot.com\/index.php\/artroscopia\/artroscopia-de-rodilla\/\"]}]},{\"@type\":\"BreadcrumbList\",\"@id\":\"https:\/\/cuellarcot.com\/index.php\/artroscopia\/artroscopia-de-rodilla\/#breadcrumb\",\"itemListElement\":[{\"@type\":\"ListItem\",\"position\":1,\"name\":\"Portada\",\"item\":\"https:\/\/cuellarcot.com\/\"},{\"@type\":\"ListItem\",\"position\":2,\"name\":\"ARTROSCOPIA\",\"item\":\"https:\/\/cuellarcot.com\/index.php\/artroscopia\/\"},{\"@type\":\"ListItem\",\"position\":3,\"name\":\"Artroscopia de rodilla\"}]},{\"@type\":\"WebSite\",\"@id\":\"https:\/\/cuellarcot.com\/#website\",\"url\":\"https:\/\/cuellarcot.com\/\",\"name\":\"\",\"description\":\"Traumatolog\u00eda, Cirug\u00eda ortop\u00e9dica y Artroscopia\",\"potentialAction\":[{\"@type\":\"SearchAction\",\"target\":{\"@type\":\"EntryPoint\",\"urlTemplate\":\"https:\/\/cuellarcot.com\/?s={search_term_string}\"},\"query-input\":\"required name=search_term_string\"}],\"inLanguage\":\"es\"}]}<\/script>\n<!-- \/ Yoast SEO plugin. -->","yoast_head_json":{"title":"Artroscopia de rodilla -","description":"CUESTIONES EN LA ARTROSCOPIA DE RODILLA\u00bfQu\u00e9 es la t\u00e9cnica de artroscopia?\u00bfCu\u00e1les son los beneficios de la artroscopia?","robots":{"index":"index","follow":"follow","max-snippet":"max-snippet:-1","max-image-preview":"max-image-preview:large","max-video-preview":"max-video-preview:-1"},"canonical":"https:\/\/cuellarcot.com\/index.php\/artroscopia\/artroscopia-de-rodilla\/","og_locale":"es_ES","og_type":"article","og_title":"Artroscopia de rodilla -","og_description":"CUESTIONES EN LA ARTROSCOPIA DE RODILLA\u00bfQu\u00e9 es la t\u00e9cnica de artroscopia?\u00bfCu\u00e1les son los beneficios de la artroscopia?","og_url":"https:\/\/cuellarcot.com\/index.php\/artroscopia\/artroscopia-de-rodilla\/","article_modified_time":"2021-11-15T00:12:06+00:00","og_image":[{"width":200,"height":200,"url":"https:\/\/cuellarcot.com\/wp-content\/uploads\/2021\/06\/rodilla2.gif","type":"image\/gif"}],"twitter_card":"summary_large_image","twitter_misc":{"Tiempo de lectura":"3 minutos"},"schema":{"@context":"https:\/\/schema.org","@graph":[{"@type":"WebPage","@id":"https:\/\/cuellarcot.com\/index.php\/artroscopia\/artroscopia-de-rodilla\/","url":"https:\/\/cuellarcot.com\/index.php\/artroscopia\/artroscopia-de-rodilla\/","name":"Artroscopia de rodilla -","isPartOf":{"@id":"https:\/\/cuellarcot.com\/#website"},"datePublished":"2021-06-25T10:52:18+00:00","dateModified":"2021-11-15T00:12:06+00:00","description":"CUESTIONES EN LA ARTROSCOPIA DE RODILLA\u00bfQu\u00e9 es la t\u00e9cnica de artroscopia?\u00bfCu\u00e1les son los beneficios de la artroscopia?","breadcrumb":{"@id":"https:\/\/cuellarcot.com\/index.php\/artroscopia\/artroscopia-de-rodilla\/#breadcrumb"},"inLanguage":"es","potentialAction":[{"@type":"ReadAction","target":["https:\/\/cuellarcot.com\/index.php\/artroscopia\/artroscopia-de-rodilla\/"]}]},{"@type":"BreadcrumbList","@id":"https:\/\/cuellarcot.com\/index.php\/artroscopia\/artroscopia-de-rodilla\/#breadcrumb","itemListElement":[{"@type":"ListItem","position":1,"name":"Portada","item":"https:\/\/cuellarcot.com\/"},{"@type":"ListItem","position":2,"name":"ARTROSCOPIA","item":"https:\/\/cuellarcot.com\/index.php\/artroscopia\/"},{"@type":"ListItem","position":3,"name":"Artroscopia de rodilla"}]},{"@type":"WebSite","@id":"https:\/\/cuellarcot.com\/#website","url":"https:\/\/cuellarcot.com\/","name":"","description":"Traumatolog\u00eda, Cirug\u00eda ortop\u00e9dica y Artroscopia","potentialAction":[{"@type":"SearchAction","target":{"@type":"EntryPoint","urlTemplate":"https:\/\/cuellarcot.com\/?s={search_term_string}"},"query-input":"required name=search_term_string"}],"inLanguage":"es"}]}},"_links":{"self":[{"href":"https:\/\/cuellarcot.com\/index.php\/wp-json\/wp\/v2\/pages\/1781"}],"collection":[{"href":"https:\/\/cuellarcot.com\/index.php\/wp-json\/wp\/v2\/pages"}],"about":[{"href":"https:\/\/cuellarcot.com\/index.php\/wp-json\/wp\/v2\/types\/page"}],"author":[{"embeddable":true,"href":"https:\/\/cuellarcot.com\/index.php\/wp-json\/wp\/v2\/users\/1"}],"replies":[{"embeddable":true,"href":"https:\/\/cuellarcot.com\/index.php\/wp-json\/wp\/v2\/comments?post=1781"}],"version-history":[{"count":3,"href":"https:\/\/cuellarcot.com\/index.php\/wp-json\/wp\/v2\/pages\/1781\/revisions"}],"predecessor-version":[{"id":1809,"href":"https:\/\/cuellarcot.com\/index.php\/wp-json\/wp\/v2\/pages\/1781\/revisions\/1809"}],"up":[{"embeddable":true,"href":"https:\/\/cuellarcot.com\/index.php\/wp-json\/wp\/v2\/pages\/1716"}],"wp:featuredmedia":[{"embeddable":true,"href":"https:\/\/cuellarcot.com\/index.php\/wp-json\/wp\/v2\/media\/1763"}],"wp:attachment":[{"href":"https:\/\/cuellarcot.com\/index.php\/wp-json\/wp\/v2\/media?parent=1781"}],"wp:term":[{"taxonomy":"category","embeddable":true,"href":"https:\/\/cuellarcot.com\/index.php\/wp-json\/wp\/v2\/categories?post=1781"},{"taxonomy":"post_tag","embeddable":true,"href":"https:\/\/cuellarcot.com\/index.php\/wp-json\/wp\/v2\/tags?post=1781"}],"curies":[{"name":"wp","href":"https:\/\/api.w.org\/{rel}","templated":true}]}}