{"id":1826,"date":"2021-07-28T06:54:22","date_gmt":"2021-07-28T04:54:22","guid":{"rendered":"https:\/\/cuellarcot.com\/?page_id=1826"},"modified":"2025-08-30T16:16:07","modified_gmt":"2025-08-30T14:16:07","slug":"patologia-articular","status":"publish","type":"page","link":"https:\/\/cuellarcot.com\/index.php\/que-patologias-tratamos\/patologia-articular\/","title":{"rendered":"PATOLOG\u00cdA ARTICULAR"},"content":{"rendered":"\t\t<div data-elementor-type=\"wp-page\" data-elementor-id=\"1826\" class=\"elementor elementor-1826\">\n\t\t\t\t\t\t<div class=\"elementor-inner\">\n\t\t\t\t<div class=\"elementor-section-wrap\">\n\t\t\t\t\t\t\t\t\t<section class=\"elementor-section elementor-top-section elementor-element elementor-element-0bc63de elementor-section-boxed elementor-section-height-default elementor-section-height-default\" data-id=\"0bc63de\" data-element_type=\"section\">\n\t\t\t\t\t\t<div class=\"elementor-container elementor-column-gap-default\">\n\t\t\t\t\t\t\t<div class=\"elementor-row\">\n\t\t\t\t\t<div class=\"elementor-column elementor-col-100 elementor-top-column elementor-element elementor-element-5640cf4\" data-id=\"5640cf4\" data-element_type=\"column\">\n\t\t\t<div class=\"elementor-column-wrap elementor-element-populated\">\n\t\t\t\t\t\t\t<div class=\"elementor-widget-wrap\">\n\t\t\t\t\t\t<div class=\"elementor-element elementor-element-3d5dc1b elementor-widget elementor-widget-image\" data-id=\"3d5dc1b\" data-element_type=\"widget\" data-widget_type=\"image.default\">\n\t\t\t\t<div class=\"elementor-widget-container\">\n\t\t\t\t\t\t\t\t<div class=\"elementor-image\">\n\t\t\t\t\t\t\t\t\t\t\t\t<img decoding=\"async\" width=\"632\" height=\"320\" src=\"https:\/\/cuellarcot.com\/wp-content\/uploads\/2021\/06\/ortopedia.png\" class=\"attachment-large size-large wp-image-1758\" alt=\"\" loading=\"lazy\" srcset=\"https:\/\/cuellarcot.com\/wp-content\/uploads\/2021\/06\/ortopedia.png 632w, https:\/\/cuellarcot.com\/wp-content\/uploads\/2021\/06\/ortopedia-300x152.png 300w\" sizes=\"(max-width: 632px) 100vw, 632px\" \/>\t\t\t\t\t\t\t\t\t\t\t\t\t\t<\/div>\n\t\t\t\t\t\t<\/div>\n\t\t\t\t<\/div>\n\t\t\t\t\t\t<\/div>\n\t\t\t\t\t<\/div>\n\t\t<\/div>\n\t\t\t\t\t\t\t\t<\/div>\n\t\t\t\t\t<\/div>\n\t\t<\/section>\n\t\t\t\t<section class=\"elementor-section elementor-top-section elementor-element elementor-element-7b7a267 elementor-section-boxed elementor-section-height-default elementor-section-height-default\" data-id=\"7b7a267\" data-element_type=\"section\">\n\t\t\t\t\t\t<div class=\"elementor-container elementor-column-gap-default\">\n\t\t\t\t\t\t\t<div class=\"elementor-row\">\n\t\t\t\t\t<div class=\"elementor-column elementor-col-33 elementor-top-column elementor-element elementor-element-4f11b6b\" data-id=\"4f11b6b\" data-element_type=\"column\">\n\t\t\t<div class=\"elementor-column-wrap elementor-element-populated\">\n\t\t\t\t\t\t\t<div class=\"elementor-widget-wrap\">\n\t\t\t\t\t\t<div class=\"elementor-element elementor-element-9da7424 elementor-widget elementor-widget-image\" data-id=\"9da7424\" data-element_type=\"widget\" data-widget_type=\"image.default\">\n\t\t\t\t<div class=\"elementor-widget-container\">\n\t\t\t\t\t\t\t\t<div class=\"elementor-image\">\n\t\t\t\t\t\t\t\t\t<figure class=\"wp-caption\">\n\t\t\t\t\t\t\t\t\t\t\t<a href=\"https:\/\/cuellarcot.com\/index.php\/que-patologias-tratamos\/patologia-articular\/patologia-de-rodilla\/\">\n\t\t\t\t\t\t\t<img decoding=\"async\" width=\"200\" height=\"200\" src=\"https:\/\/cuellarcot.com\/wp-content\/uploads\/2021\/06\/rodilla2.gif\" class=\"attachment-large size-large wp-image-1763\" alt=\"\" loading=\"lazy\" \/>\t\t\t\t\t\t\t\t<\/a>\n\t\t\t\t\t\t\t\t\t\t\t<figcaption class=\"widget-image-caption wp-caption-text\">Patolog\u00eda de rodilla<\/figcaption>\n\t\t\t\t\t\t\t\t\t\t<\/figure>\n\t\t\t\t\t\t\t\t<\/div>\n\t\t\t\t\t\t<\/div>\n\t\t\t\t<\/div>\n\t\t\t\t\t\t<\/div>\n\t\t\t\t\t<\/div>\n\t\t<\/div>\n\t\t\t\t<div class=\"elementor-column elementor-col-33 elementor-top-column elementor-element elementor-element-16ecdc0\" data-id=\"16ecdc0\" data-element_type=\"column\">\n\t\t\t<div class=\"elementor-column-wrap elementor-element-populated\">\n\t\t\t\t\t\t\t<div class=\"elementor-widget-wrap\">\n\t\t\t\t\t\t<div class=\"elementor-element elementor-element-bf26fd0 elementor-widget elementor-widget-image\" data-id=\"bf26fd0\" data-element_type=\"widget\" data-widget_type=\"image.default\">\n\t\t\t\t<div class=\"elementor-widget-container\">\n\t\t\t\t\t\t\t\t<div class=\"elementor-image\">\n\t\t\t\t\t\t\t\t\t<figure class=\"wp-caption\">\n\t\t\t\t\t\t\t\t\t\t\t<a href=\"https:\/\/cuellarcot.com\/wp-content\/uploads\/2025\/08\/3-presenta-patologia-CADERA.pdf\">\n\t\t\t\t\t\t\t<img decoding=\"async\" width=\"200\" height=\"200\" src=\"https:\/\/cuellarcot.com\/wp-content\/uploads\/2021\/06\/cadera2.jpg\" class=\"attachment-large size-large wp-image-1760\" alt=\"\" loading=\"lazy\" srcset=\"https:\/\/cuellarcot.com\/wp-content\/uploads\/2021\/06\/cadera2.jpg 200w, https:\/\/cuellarcot.com\/wp-content\/uploads\/2021\/06\/cadera2-150x150.jpg 150w\" sizes=\"(max-width: 200px) 100vw, 200px\" \/>\t\t\t\t\t\t\t\t<\/a>\n\t\t\t\t\t\t\t\t\t\t\t<figcaption class=\"widget-image-caption wp-caption-text\">Patolog\u00eda de cadera<\/figcaption>\n\t\t\t\t\t\t\t\t\t\t<\/figure>\n\t\t\t\t\t\t\t\t<\/div>\n\t\t\t\t\t\t<\/div>\n\t\t\t\t<\/div>\n\t\t\t\t\t\t<\/div>\n\t\t\t\t\t<\/div>\n\t\t<\/div>\n\t\t\t\t<div class=\"elementor-column elementor-col-33 elementor-top-column elementor-element elementor-element-aa9f55f\" data-id=\"aa9f55f\" data-element_type=\"column\">\n\t\t\t<div class=\"elementor-column-wrap elementor-element-populated\">\n\t\t\t\t\t\t\t<div class=\"elementor-widget-wrap\">\n\t\t\t\t\t\t<div class=\"elementor-element elementor-element-018a654 elementor-widget elementor-widget-image\" data-id=\"018a654\" data-element_type=\"widget\" data-widget_type=\"image.default\">\n\t\t\t\t<div class=\"elementor-widget-container\">\n\t\t\t\t\t\t\t\t<div class=\"elementor-image\">\n\t\t\t\t\t\t\t\t\t<figure class=\"wp-caption\">\n\t\t\t\t\t\t\t\t\t\t\t<a href=\"https:\/\/cuellarcot.com\/index.php\/que-patologias-tratamos\/patologia-articular\/lesiones-y-patologias-del-hombro\/\">\n\t\t\t\t\t\t\t<img decoding=\"async\" width=\"200\" height=\"200\" src=\"https:\/\/cuellarcot.com\/wp-content\/uploads\/2021\/06\/hombro2.jpg\" class=\"attachment-large size-large wp-image-1761\" alt=\"\" loading=\"lazy\" srcset=\"https:\/\/cuellarcot.com\/wp-content\/uploads\/2021\/06\/hombro2.jpg 200w, https:\/\/cuellarcot.com\/wp-content\/uploads\/2021\/06\/hombro2-150x150.jpg 150w\" sizes=\"(max-width: 200px) 100vw, 200px\" \/>\t\t\t\t\t\t\t\t<\/a>\n\t\t\t\t\t\t\t\t\t\t\t<figcaption class=\"widget-image-caption wp-caption-text\">Patolog\u00eda de hombro<\/figcaption>\n\t\t\t\t\t\t\t\t\t\t<\/figure>\n\t\t\t\t\t\t\t\t<\/div>\n\t\t\t\t\t\t<\/div>\n\t\t\t\t<\/div>\n\t\t\t\t\t\t<\/div>\n\t\t\t\t\t<\/div>\n\t\t<\/div>\n\t\t\t\t\t\t\t\t<\/div>\n\t\t\t\t\t<\/div>\n\t\t<\/section>\n\t\t\t\t\t\t\t\t\t<\/div>\n\t\t\t<\/div>\n\t\t\t\t\t<\/div>\n\t\t","protected":false},"excerpt":{"rendered":"<p>Patolog\u00eda de rodilla Patolog\u00eda de cadera Patolog\u00eda de hombro<\/p>\n","protected":false},"author":1,"featured_media":0,"parent":1739,"menu_order":0,"comment_status":"closed","ping_status":"closed","template":"","meta":{"_exactmetrics_skip_tracking":false,"_exactmetrics_sitenote_active":false,"_exactmetrics_sitenote_note":"","_exactmetrics_sitenote_category":0,"ngg_post_thumbnail":0},"categories":[],"tags":[],"yoast_head":"<!-- This site is optimized with the Yoast SEO plugin v20.11 - https:\/\/yoast.com\/wordpress\/plugins\/seo\/ -->\n<title>PATOLOG\u00cdA ARTICULAR -<\/title>\n<meta name=\"robots\" content=\"index, follow, max-snippet:-1, max-image-preview:large, max-video-preview:-1\" \/>\n<link rel=\"canonical\" href=\"https:\/\/cuellarcot.com\/index.php\/que-patologias-tratamos\/patologia-articular\/\" \/>\n<meta property=\"og:locale\" content=\"es_ES\" \/>\n<meta property=\"og:type\" content=\"article\" \/>\n<meta property=\"og:title\" content=\"PATOLOG\u00cdA ARTICULAR -\" \/>\n<meta property=\"og:description\" content=\"Patolog\u00eda de rodilla Patolog\u00eda de cadera Patolog\u00eda de hombro\" \/>\n<meta property=\"og:url\" content=\"https:\/\/cuellarcot.com\/index.php\/que-patologias-tratamos\/patologia-articular\/\" \/>\n<meta property=\"article:modified_time\" content=\"2025-08-30T14:16:07+00:00\" \/>\n<meta property=\"og:image\" content=\"https:\/\/cuellarcot.com\/wp-content\/uploads\/2021\/06\/ortopedia.png\" \/>\n<meta name=\"twitter:card\" content=\"summary_large_image\" \/>\n<meta name=\"twitter:label1\" content=\"Tiempo de lectura\" \/>\n\t<meta name=\"twitter:data1\" content=\"1 minuto\" \/>\n<script type=\"application\/ld+json\" class=\"yoast-schema-graph\">{\"@context\":\"https:\/\/schema.org\",\"@graph\":[{\"@type\":\"WebPage\",\"@id\":\"https:\/\/cuellarcot.com\/index.php\/que-patologias-tratamos\/patologia-articular\/\",\"url\":\"https:\/\/cuellarcot.com\/index.php\/que-patologias-tratamos\/patologia-articular\/\",\"name\":\"PATOLOG\u00cdA ARTICULAR -\",\"isPartOf\":{\"@id\":\"https:\/\/cuellarcot.com\/#website\"},\"datePublished\":\"2021-07-28T04:54:22+00:00\",\"dateModified\":\"2025-08-30T14:16:07+00:00\",\"breadcrumb\":{\"@id\":\"https:\/\/cuellarcot.com\/index.php\/que-patologias-tratamos\/patologia-articular\/#breadcrumb\"},\"inLanguage\":\"es\",\"potentialAction\":[{\"@type\":\"ReadAction\",\"target\":[\"https:\/\/cuellarcot.com\/index.php\/que-patologias-tratamos\/patologia-articular\/\"]}]},{\"@type\":\"BreadcrumbList\",\"@id\":\"https:\/\/cuellarcot.com\/index.php\/que-patologias-tratamos\/patologia-articular\/#breadcrumb\",\"itemListElement\":[{\"@type\":\"ListItem\",\"position\":1,\"name\":\"Portada\",\"item\":\"https:\/\/cuellarcot.com\/\"},{\"@type\":\"ListItem\",\"position\":2,\"name\":\"\u00bfQU\u00c9 PATOLOG\u00cdAS TRATAMOS?\",\"item\":\"https:\/\/cuellarcot.com\/index.php\/que-patologias-tratamos\/\"},{\"@type\":\"ListItem\",\"position\":3,\"name\":\"PATOLOG\u00cdA ARTICULAR\"}]},{\"@type\":\"WebSite\",\"@id\":\"https:\/\/cuellarcot.com\/#website\",\"url\":\"https:\/\/cuellarcot.com\/\",\"name\":\"\",\"description\":\"Traumatolog\u00eda, Cirug\u00eda ortop\u00e9dica y Artroscopia\",\"potentialAction\":[{\"@type\":\"SearchAction\",\"target\":{\"@type\":\"EntryPoint\",\"urlTemplate\":\"https:\/\/cuellarcot.com\/?s={search_term_string}\"},\"query-input\":\"required name=search_term_string\"}],\"inLanguage\":\"es\"}]}<\/script>\n<!-- \/ Yoast SEO plugin. -->","yoast_head_json":{"title":"PATOLOG\u00cdA ARTICULAR -","robots":{"index":"index","follow":"follow","max-snippet":"max-snippet:-1","max-image-preview":"max-image-preview:large","max-video-preview":"max-video-preview:-1"},"canonical":"https:\/\/cuellarcot.com\/index.php\/que-patologias-tratamos\/patologia-articular\/","og_locale":"es_ES","og_type":"article","og_title":"PATOLOG\u00cdA ARTICULAR -","og_description":"Patolog\u00eda de rodilla Patolog\u00eda de cadera Patolog\u00eda de hombro","og_url":"https:\/\/cuellarcot.com\/index.php\/que-patologias-tratamos\/patologia-articular\/","article_modified_time":"2025-08-30T14:16:07+00:00","og_image":[{"url":"https:\/\/cuellarcot.com\/wp-content\/uploads\/2021\/06\/ortopedia.png"}],"twitter_card":"summary_large_image","twitter_misc":{"Tiempo de lectura":"1 minuto"},"schema":{"@context":"https:\/\/schema.org","@graph":[{"@type":"WebPage","@id":"https:\/\/cuellarcot.com\/index.php\/que-patologias-tratamos\/patologia-articular\/","url":"https:\/\/cuellarcot.com\/index.php\/que-patologias-tratamos\/patologia-articular\/","name":"PATOLOG\u00cdA ARTICULAR -","isPartOf":{"@id":"https:\/\/cuellarcot.com\/#website"},"datePublished":"2021-07-28T04:54:22+00:00","dateModified":"2025-08-30T14:16:07+00:00","breadcrumb":{"@id":"https:\/\/cuellarcot.com\/index.php\/que-patologias-tratamos\/patologia-articular\/#breadcrumb"},"inLanguage":"es","potentialAction":[{"@type":"ReadAction","target":["https:\/\/cuellarcot.com\/index.php\/que-patologias-tratamos\/patologia-articular\/"]}]},{"@type":"BreadcrumbList","@id":"https:\/\/cuellarcot.com\/index.php\/que-patologias-tratamos\/patologia-articular\/#breadcrumb","itemListElement":[{"@type":"ListItem","position":1,"name":"Portada","item":"https:\/\/cuellarcot.com\/"},{"@type":"ListItem","position":2,"name":"\u00bfQU\u00c9 PATOLOG\u00cdAS TRATAMOS?","item":"https:\/\/cuellarcot.com\/index.php\/que-patologias-tratamos\/"},{"@type":"ListItem","position":3,"name":"PATOLOG\u00cdA ARTICULAR"}]},{"@type":"WebSite","@id":"https:\/\/cuellarcot.com\/#website","url":"https:\/\/cuellarcot.com\/","name":"","description":"Traumatolog\u00eda, Cirug\u00eda ortop\u00e9dica y Artroscopia","potentialAction":[{"@type":"SearchAction","target":{"@type":"EntryPoint","urlTemplate":"https:\/\/cuellarcot.com\/?s={search_term_string}"},"query-input":"required name=search_term_string"}],"inLanguage":"es"}]}},"_links":{"self":[{"href":"https:\/\/cuellarcot.com\/index.php\/wp-json\/wp\/v2\/pages\/1826"}],"collection":[{"href":"https:\/\/cuellarcot.com\/index.php\/wp-json\/wp\/v2\/pages"}],"about":[{"href":"https:\/\/cuellarcot.com\/index.php\/wp-json\/wp\/v2\/types\/page"}],"author":[{"embeddable":true,"href":"https:\/\/cuellarcot.com\/index.php\/wp-json\/wp\/v2\/users\/1"}],"replies":[{"embeddable":true,"href":"https:\/\/cuellarcot.com\/index.php\/wp-json\/wp\/v2\/comments?post=1826"}],"version-history":[{"count":15,"href":"https:\/\/cuellarcot.com\/index.php\/wp-json\/wp\/v2\/pages\/1826\/revisions"}],"predecessor-version":[{"id":2310,"href":"https:\/\/cuellarcot.com\/index.php\/wp-json\/wp\/v2\/pages\/1826\/revisions\/2310"}],"up":[{"embeddable":true,"href":"https:\/\/cuellarcot.com\/index.php\/wp-json\/wp\/v2\/pages\/1739"}],"wp:attachment":[{"href":"https:\/\/cuellarcot.com\/index.php\/wp-json\/wp\/v2\/media?parent=1826"}],"wp:term":[{"taxonomy":"category","embeddable":true,"href":"https:\/\/cuellarcot.com\/index.php\/wp-json\/wp\/v2\/categories?post=1826"},{"taxonomy":"post_tag","embeddable":true,"href":"https:\/\/cuellarcot.com\/index.php\/wp-json\/wp\/v2\/tags?post=1826"}],"curies":[{"name":"wp","href":"https:\/\/api.w.org\/{rel}","templated":true}]}}