{"id":183,"date":"2017-11-19T14:38:58","date_gmt":"2017-11-19T13:38:58","guid":{"rendered":"http:\/\/cuellarcot.com\/?page_id=183"},"modified":"2018-10-12T23:21:37","modified_gmt":"2018-10-12T21:21:37","slug":"articulos-y-publicaciones","status":"publish","type":"page","link":"https:\/\/cuellarcot.com\/index.php\/articulos-y-publicaciones\/","title":{"rendered":"Art\u00edculos y publicaciones"},"content":{"rendered":"<p>&nbsp;<\/p>\n<p><img decoding=\"async\" loading=\"lazy\" class=\"wp-image-192 aligncenter\" src=\"http:\/\/cuellarcot.com\/wp-content\/uploads\/2017\/11\/portadas-revistas-2-300x99.png\" alt=\"\" width=\"630\" height=\"208\" srcset=\"https:\/\/cuellarcot.com\/wp-content\/uploads\/2017\/11\/portadas-revistas-2-300x99.png 300w, https:\/\/cuellarcot.com\/wp-content\/uploads\/2017\/11\/portadas-revistas-2-768x254.png 768w, https:\/\/cuellarcot.com\/wp-content\/uploads\/2017\/11\/portadas-revistas-2.png 944w\" sizes=\"(max-width: 630px) 100vw, 630px\" \/><\/p>\n<p>Aqu\u00ed pod\u00e9is acceder a los art\u00edculos y publicaciones realizadas por nuestro equipo en medios profesionales, enlaces a los contenidos y autores colaboradores de los mismos, y entrevistas concedidas a peri\u00f3dicos y revistas.<\/p>\n<p>Elige la rama que buscas y navega para leer las publicaciones completas<\/p>\n<p>&nbsp;<\/p>\n<figure id=\"attachment_186\" aria-describedby=\"caption-attachment-186\" style=\"width: 204px\" class=\"wp-caption alignleft\"><a href=\"http:\/\/cuellarcot.com\/index.php\/articulos-hombro\/\"><img decoding=\"async\" loading=\"lazy\" class=\"wp-image-186\" src=\"http:\/\/cuellarcot.com\/wp-content\/uploads\/2017\/11\/Tendinitis-biceps-hombro-300x206.jpg\" alt=\"\" width=\"204\" height=\"140\" srcset=\"https:\/\/cuellarcot.com\/wp-content\/uploads\/2017\/11\/Tendinitis-biceps-hombro-300x206.jpg 300w, https:\/\/cuellarcot.com\/wp-content\/uploads\/2017\/11\/Tendinitis-biceps-hombro.jpg 700w\" sizes=\"(max-width: 204px) 100vw, 204px\" \/><\/a><figcaption id=\"caption-attachment-186\" class=\"wp-caption-text\">Hombro<\/figcaption><\/figure>\n<figure id=\"attachment_187\" aria-describedby=\"caption-attachment-187\" style=\"width: 205px\" class=\"wp-caption alignleft\"><a href=\"http:\/\/cuellarcot.com\/index.php\/articulos-rodilla\/\"><img decoding=\"async\" loading=\"lazy\" class=\"wp-image-187\" src=\"http:\/\/cuellarcot.com\/wp-content\/uploads\/2017\/11\/trauma_rodilla.jpg\" alt=\"\" width=\"205\" height=\"140\" \/><\/a><figcaption id=\"caption-attachment-187\" class=\"wp-caption-text\">Rodilla<\/figcaption><\/figure>\n<figure id=\"attachment_184\" aria-describedby=\"caption-attachment-184\" style=\"width: 227px\" class=\"wp-caption alignleft\"><a href=\"http:\/\/cuellarcot.com\/index.php\/articulos-y-publicaciones\/articulos-cadera\/\"><img decoding=\"async\" loading=\"lazy\" class=\"wp-image-184\" src=\"http:\/\/cuellarcot.com\/wp-content\/uploads\/2017\/11\/cadera-trauma-300x184.jpg\" alt=\"\" width=\"227\" height=\"140\" srcset=\"https:\/\/cuellarcot.com\/wp-content\/uploads\/2017\/11\/cadera-trauma-300x184.jpg 300w, https:\/\/cuellarcot.com\/wp-content\/uploads\/2017\/11\/cadera-trauma-768x472.jpg 768w, https:\/\/cuellarcot.com\/wp-content\/uploads\/2017\/11\/cadera-trauma.jpg 940w\" sizes=\"(max-width: 227px) 100vw, 227px\" \/><\/a><figcaption id=\"caption-attachment-184\" class=\"wp-caption-text\">Cadera<\/figcaption><\/figure>\n<p>&nbsp;<\/p>\n<p>&nbsp;<\/p>\n<p>&nbsp;<\/p>\n<p>&nbsp;<\/p>\n<p>&nbsp;<\/p>\n<p>&nbsp;<\/p>\n<p>&nbsp;<\/p>\n<p>&nbsp;<\/p>\n<p style=\"text-align: center;\">\n<!-- Buttons X - Start -->\n<style type=\"text\/css\" scoped>\/*1060-start*\/\n#btnsx-1060{margin-top:5px;margin-bottom:5px;margin-left:50px;margin-right:50px;padding-top:10px;padding-bottom:10px;padding-left:10px;padding-right:10px;}\n#btnsx-1060 .btnsx-text-primary{text-transform:inherit;font-size:14px;line-height:14px;font-style:normal;color:#ffffff;padding-top:0px;padding-bottom:0px;padding-left:0px;padding-right:0px;}\n#btnsx-1060:hover .btnsx-text-primary{color:#2e53ba;}\n#btnsx-1060{background-color:#1a589e!important;}\n#btnsx-1060:hover{background-color:#e8e8e8!important;}\n#btnsx-1060{border-top-width:0px;border-bottom-width:0px;border-left-width:0px;border-right-width:0px;border-style:none;border-top-left-radius:30px;border-top-right-radius:30px;border-bottom-left-radius:30px;border-bottom-right-radius:30px;}\n#btnsx-1060:hover{border-top-width:0px;border-bottom-width:0px;border-left-width:0px;border-right-width:0px;border-style:none;border-top-left-radius:30px;border-top-right-radius:30px;border-bottom-left-radius:30px;border-bottom-right-radius:30px;}\n#btnsx-1060{-webkit-box-shadow:none;box-shadow:none;}\n#btnsx-1060:hover{-webkit-box-shadow:none;box-shadow:none;}\n\/*1060-end*\/\n<\/style>\n<a href=\"http:\/\/cuellarcot.com\/index.php\/articulos-y-publicaciones\/otros-articulos\/\" id=\"btnsx-1060\" target=\"_blank\" class=\"btnsx-btn\" >\n\t<span class=\"btnsx-text-primary \">Otros Art\u00edculos<\/span><\/a>\n\n<!-- Buttons X - End -->\n<\/p>\n<p>&nbsp;<\/p>\n<p>&nbsp;<\/p>\n","protected":false},"excerpt":{"rendered":"<p>&nbsp; Aqu\u00ed pod\u00e9is acceder a los art\u00edculos y publicaciones realizadas por nuestro equipo en medios profesionales, enlaces a los contenidos y autores colaboradores de los mismos, y entrevistas concedidas a peri\u00f3dicos y revistas. Elige la rama que buscas y navega para leer las publicaciones completas &nbsp; &nbsp; &nbsp; &nbsp; &nbsp; &nbsp; &nbsp; &nbsp; &nbsp; &nbsp; [&hellip;]<\/p>\n","protected":false},"author":1,"featured_media":192,"parent":0,"menu_order":0,"comment_status":"closed","ping_status":"closed","template":"","meta":{"_exactmetrics_skip_tracking":false,"_exactmetrics_sitenote_active":false,"_exactmetrics_sitenote_note":"","_exactmetrics_sitenote_category":0,"ngg_post_thumbnail":0},"categories":[18],"tags":[16,17],"yoast_head":"<!-- This site is optimized with the Yoast SEO plugin v20.11 - https:\/\/yoast.com\/wordpress\/plugins\/seo\/ -->\n<title>Cuellar - Consulta de traumatolog\u00eda, cirug\u00eda ortop\u00e9dica y artroscopia<\/title>\n<meta name=\"description\" content=\"Aqu\u00ed pod\u00e9is acceder a los art\u00edculos y publicaciones realizadas por nuestro equipo en medios profesionales y entrevistas concedidas a peri\u00f3dicos y revistas.\" \/>\n<meta name=\"robots\" content=\"index, follow, max-snippet:-1, max-image-preview:large, max-video-preview:-1\" \/>\n<link rel=\"canonical\" href=\"https:\/\/cuellarcot.com\/index.php\/articulos-y-publicaciones\/\" \/>\n<meta property=\"og:locale\" content=\"es_ES\" \/>\n<meta property=\"og:type\" content=\"article\" \/>\n<meta property=\"og:title\" content=\"Cuellar - Consulta de traumatolog\u00eda, cirug\u00eda ortop\u00e9dica y artroscopia\" \/>\n<meta property=\"og:description\" content=\"Aqu\u00ed pod\u00e9is acceder a los art\u00edculos y publicaciones realizadas por nuestro equipo en medios profesionales y entrevistas concedidas a peri\u00f3dicos y revistas.\" \/>\n<meta property=\"og:url\" content=\"https:\/\/cuellarcot.com\/index.php\/articulos-y-publicaciones\/\" \/>\n<meta property=\"article:modified_time\" content=\"2018-10-12T21:21:37+00:00\" \/>\n<meta property=\"og:image\" content=\"https:\/\/cuellarcot.com\/wp-content\/uploads\/2017\/11\/portadas-revistas-2.png\" \/>\n\t<meta property=\"og:image:width\" content=\"944\" \/>\n\t<meta property=\"og:image:height\" content=\"312\" \/>\n\t<meta property=\"og:image:type\" content=\"image\/png\" \/>\n<meta name=\"twitter:card\" content=\"summary_large_image\" \/>\n<script type=\"application\/ld+json\" class=\"yoast-schema-graph\">{\"@context\":\"https:\/\/schema.org\",\"@graph\":[{\"@type\":\"WebPage\",\"@id\":\"https:\/\/cuellarcot.com\/index.php\/articulos-y-publicaciones\/\",\"url\":\"https:\/\/cuellarcot.com\/index.php\/articulos-y-publicaciones\/\",\"name\":\"Cuellar - Consulta de traumatolog\u00eda, cirug\u00eda ortop\u00e9dica y artroscopia\",\"isPartOf\":{\"@id\":\"https:\/\/cuellarcot.com\/#website\"},\"datePublished\":\"2017-11-19T13:38:58+00:00\",\"dateModified\":\"2018-10-12T21:21:37+00:00\",\"description\":\"Aqu\u00ed pod\u00e9is acceder a los art\u00edculos y publicaciones realizadas por nuestro equipo en medios profesionales y entrevistas concedidas a peri\u00f3dicos y revistas.\",\"breadcrumb\":{\"@id\":\"https:\/\/cuellarcot.com\/index.php\/articulos-y-publicaciones\/#breadcrumb\"},\"inLanguage\":\"es\",\"potentialAction\":[{\"@type\":\"ReadAction\",\"target\":[\"https:\/\/cuellarcot.com\/index.php\/articulos-y-publicaciones\/\"]}]},{\"@type\":\"BreadcrumbList\",\"@id\":\"https:\/\/cuellarcot.com\/index.php\/articulos-y-publicaciones\/#breadcrumb\",\"itemListElement\":[{\"@type\":\"ListItem\",\"position\":1,\"name\":\"Portada\",\"item\":\"https:\/\/cuellarcot.com\/\"},{\"@type\":\"ListItem\",\"position\":2,\"name\":\"Art\u00edculos y publicaciones\"}]},{\"@type\":\"WebSite\",\"@id\":\"https:\/\/cuellarcot.com\/#website\",\"url\":\"https:\/\/cuellarcot.com\/\",\"name\":\"\",\"description\":\"Traumatolog\u00eda, Cirug\u00eda ortop\u00e9dica y Artroscopia\",\"potentialAction\":[{\"@type\":\"SearchAction\",\"target\":{\"@type\":\"EntryPoint\",\"urlTemplate\":\"https:\/\/cuellarcot.com\/?s={search_term_string}\"},\"query-input\":\"required name=search_term_string\"}],\"inLanguage\":\"es\"}]}<\/script>\n<!-- \/ Yoast SEO plugin. -->","yoast_head_json":{"title":"Cuellar - Consulta de traumatolog\u00eda, cirug\u00eda ortop\u00e9dica y artroscopia","description":"Aqu\u00ed pod\u00e9is acceder a los art\u00edculos y publicaciones realizadas por nuestro equipo en medios profesionales y entrevistas concedidas a peri\u00f3dicos y revistas.","robots":{"index":"index","follow":"follow","max-snippet":"max-snippet:-1","max-image-preview":"max-image-preview:large","max-video-preview":"max-video-preview:-1"},"canonical":"https:\/\/cuellarcot.com\/index.php\/articulos-y-publicaciones\/","og_locale":"es_ES","og_type":"article","og_title":"Cuellar - Consulta de traumatolog\u00eda, cirug\u00eda ortop\u00e9dica y artroscopia","og_description":"Aqu\u00ed pod\u00e9is acceder a los art\u00edculos y publicaciones realizadas por nuestro equipo en medios profesionales y entrevistas concedidas a peri\u00f3dicos y revistas.","og_url":"https:\/\/cuellarcot.com\/index.php\/articulos-y-publicaciones\/","article_modified_time":"2018-10-12T21:21:37+00:00","og_image":[{"width":944,"height":312,"url":"https:\/\/cuellarcot.com\/wp-content\/uploads\/2017\/11\/portadas-revistas-2.png","type":"image\/png"}],"twitter_card":"summary_large_image","schema":{"@context":"https:\/\/schema.org","@graph":[{"@type":"WebPage","@id":"https:\/\/cuellarcot.com\/index.php\/articulos-y-publicaciones\/","url":"https:\/\/cuellarcot.com\/index.php\/articulos-y-publicaciones\/","name":"Cuellar - Consulta de traumatolog\u00eda, cirug\u00eda ortop\u00e9dica y artroscopia","isPartOf":{"@id":"https:\/\/cuellarcot.com\/#website"},"datePublished":"2017-11-19T13:38:58+00:00","dateModified":"2018-10-12T21:21:37+00:00","description":"Aqu\u00ed pod\u00e9is acceder a los art\u00edculos y publicaciones realizadas por nuestro equipo en medios profesionales y entrevistas concedidas a peri\u00f3dicos y revistas.","breadcrumb":{"@id":"https:\/\/cuellarcot.com\/index.php\/articulos-y-publicaciones\/#breadcrumb"},"inLanguage":"es","potentialAction":[{"@type":"ReadAction","target":["https:\/\/cuellarcot.com\/index.php\/articulos-y-publicaciones\/"]}]},{"@type":"BreadcrumbList","@id":"https:\/\/cuellarcot.com\/index.php\/articulos-y-publicaciones\/#breadcrumb","itemListElement":[{"@type":"ListItem","position":1,"name":"Portada","item":"https:\/\/cuellarcot.com\/"},{"@type":"ListItem","position":2,"name":"Art\u00edculos y publicaciones"}]},{"@type":"WebSite","@id":"https:\/\/cuellarcot.com\/#website","url":"https:\/\/cuellarcot.com\/","name":"","description":"Traumatolog\u00eda, Cirug\u00eda ortop\u00e9dica y Artroscopia","potentialAction":[{"@type":"SearchAction","target":{"@type":"EntryPoint","urlTemplate":"https:\/\/cuellarcot.com\/?s={search_term_string}"},"query-input":"required name=search_term_string"}],"inLanguage":"es"}]}},"_links":{"self":[{"href":"https:\/\/cuellarcot.com\/index.php\/wp-json\/wp\/v2\/pages\/183"}],"collection":[{"href":"https:\/\/cuellarcot.com\/index.php\/wp-json\/wp\/v2\/pages"}],"about":[{"href":"https:\/\/cuellarcot.com\/index.php\/wp-json\/wp\/v2\/types\/page"}],"author":[{"embeddable":true,"href":"https:\/\/cuellarcot.com\/index.php\/wp-json\/wp\/v2\/users\/1"}],"replies":[{"embeddable":true,"href":"https:\/\/cuellarcot.com\/index.php\/wp-json\/wp\/v2\/comments?post=183"}],"version-history":[{"count":26,"href":"https:\/\/cuellarcot.com\/index.php\/wp-json\/wp\/v2\/pages\/183\/revisions"}],"predecessor-version":[{"id":1062,"href":"https:\/\/cuellarcot.com\/index.php\/wp-json\/wp\/v2\/pages\/183\/revisions\/1062"}],"wp:featuredmedia":[{"embeddable":true,"href":"https:\/\/cuellarcot.com\/index.php\/wp-json\/wp\/v2\/media\/192"}],"wp:attachment":[{"href":"https:\/\/cuellarcot.com\/index.php\/wp-json\/wp\/v2\/media?parent=183"}],"wp:term":[{"taxonomy":"category","embeddable":true,"href":"https:\/\/cuellarcot.com\/index.php\/wp-json\/wp\/v2\/categories?post=183"},{"taxonomy":"post_tag","embeddable":true,"href":"https:\/\/cuellarcot.com\/index.php\/wp-json\/wp\/v2\/tags?post=183"}],"curies":[{"name":"wp","href":"https:\/\/api.w.org\/{rel}","templated":true}]}}