{"id":1903,"date":"2021-11-15T00:10:35","date_gmt":"2021-11-14T23:10:35","guid":{"rendered":"https:\/\/cuellarcot.com\/?page_id=1903"},"modified":"2021-11-15T01:27:07","modified_gmt":"2021-11-15T00:27:07","slug":"alta-rapida-en-protesis-de-cadera-ptc","status":"publish","type":"page","link":"https:\/\/cuellarcot.com\/index.php\/guias-para-pacientes-operados\/alta-rapida-en-protesis-de-cadera-ptc\/","title":{"rendered":"Alta r\u00e1pida en pr\u00f3tesis de cadera (PTC)"},"content":{"rendered":"<p><span style=\"color: #000000;\">El \u201cfast-track\u201d, o <strong>alta r\u00e1pida<\/strong> se ha popularizado para las pr\u00f3tesis de rodilla, pero tambi\u00e9n es posible llevarlo a cabo en las <strong>PROTESIS PRIMARIAS DE CADERA<\/strong>. Para ello, es necesario cumplir con los siguientes par\u00e1metros, que desarrolla habitualmente nuestro equipo:<\/span><\/p>\n<ul>\n<li><span style=\"color: #000000;\"><strong>Tiempo reducido de intervenci\u00f3n<\/strong> (inferior a 45 minutos) y abordajes limitados, lo que es posible por la formaci\u00f3n y el entrenamiento de los miembros del equipo. Contribuye a reducir los riesgos de sangrado e infecci\u00f3n.<\/span><\/li>\n<li><span style=\"color: #000000;\"><strong>Control del dolor<\/strong> postoperatorio merced a los protocolos del S\u00ba de Anestesia e infiltraci\u00f3n de los tejidos intervenidos con composiciones de soluciones anest\u00e9sicas y analg\u00e9sicas.<\/span><\/li>\n<li><span style=\"color: #000000;\"><strong>Control del sangrado<\/strong> intra y postoperatorio, gracias al empleo de productos farmac\u00e9uticos (acido tranex\u00e1mico) y al cierre minucioso por planos del abordaje quir\u00fargico. Ello permite suprimir el uso de drenajes y situaciones de anemia postoperatoria evitando realizar transfusiones.<\/span><\/li>\n<li><span style=\"color: #000000;\"><strong>Control de la estabilidad del implante<\/strong>. Que se consigue mediante la comprobaci\u00f3n intraoperatoria y la eventual correcci\u00f3n de la orientaci\u00f3n de los componentes. Permite sentar al paciente el mismo d\u00eda de la intervenci\u00f3n y reanudar el andar con ayuda de bastones dentro de las primeras 24 horas.<\/span><\/li>\n<\/ul>\n<p>&nbsp;<\/p>\n<p><span style=\"color: #000000;\"><a style=\"color: #000000;\" href=\"https:\/\/cuellarcot.com\/wp-content\/uploads\/2021\/01\/alta-rapida.gif\"><img decoding=\"async\" loading=\"lazy\" class=\" wp-image-1587 alignleft\" src=\"https:\/\/cuellarcot.com\/wp-content\/uploads\/2021\/01\/alta-rapida.gif\" alt=\"\" width=\"183\" height=\"183\"><\/a>El desarrollo de protocolos que cumplan con estos factores nos permite promover el alta hospitalaria en plazos de 24 a 96 horas, dependiendo en gran medida de la agilidad previa de cada paciente.<\/span><br \/>\n<span style=\"color: #000000;\">Este menor tiempo de ingreso hospitalario junto con la compra centralizada de los implantes por parte del Grupo Quir\u00f3nsalud nos permite proponer presupuestos con costes sorprendentemente asequibles.<\/span><\/p>\n<p>&nbsp;<\/p>\n<p>&nbsp;<\/p>\n<p>&nbsp;<\/p>\n<p style=\"text-align: center;\"><span style=\"font-size: 20px; color: #0000ff;\"><strong><a style=\"color: #0000ff;\" href=\"https:\/\/cuellarcot.com\/index.php\/guias-para-pacientes-operados\/\">+ info en gu\u00edas para pacientes operados<\/a><\/strong><\/span><\/p>\n","protected":false},"excerpt":{"rendered":"<p>El \u201cfast-track\u201d, o alta r\u00e1pida se ha popularizado para las pr\u00f3tesis de rodilla, pero tambi\u00e9n es posible llevarlo a cabo en las PROTESIS PRIMARIAS DE CADERA. Para ello, es necesario cumplir con los siguientes par\u00e1metros, que desarrolla habitualmente nuestro equipo: Tiempo reducido de intervenci\u00f3n (inferior a 45 minutos) y abordajes limitados, lo que es posible [&hellip;]<\/p>\n","protected":false},"author":1,"featured_media":1587,"parent":1872,"menu_order":0,"comment_status":"closed","ping_status":"closed","template":"","meta":{"_exactmetrics_skip_tracking":false,"_exactmetrics_sitenote_active":false,"_exactmetrics_sitenote_note":"","_exactmetrics_sitenote_category":0,"ngg_post_thumbnail":0},"categories":[],"tags":[],"yoast_head":"<!-- This site is optimized with the Yoast SEO plugin v20.11 - https:\/\/yoast.com\/wordpress\/plugins\/seo\/ -->\n<title>Alta r\u00e1pida en pr\u00f3tesis de cadera (PTC) -<\/title>\n<meta name=\"robots\" content=\"index, follow, max-snippet:-1, max-image-preview:large, max-video-preview:-1\" \/>\n<link rel=\"canonical\" href=\"https:\/\/cuellarcot.com\/index.php\/guias-para-pacientes-operados\/alta-rapida-en-protesis-de-cadera-ptc\/\" \/>\n<meta property=\"og:locale\" content=\"es_ES\" \/>\n<meta property=\"og:type\" content=\"article\" \/>\n<meta property=\"og:title\" content=\"Alta r\u00e1pida en pr\u00f3tesis de cadera (PTC) -\" \/>\n<meta property=\"og:description\" content=\"El \u201cfast-track\u201d, o alta r\u00e1pida se ha popularizado para las pr\u00f3tesis de rodilla, pero tambi\u00e9n es posible llevarlo a cabo en las PROTESIS PRIMARIAS DE CADERA. Para ello, es necesario cumplir con los siguientes par\u00e1metros, que desarrolla habitualmente nuestro equipo: Tiempo reducido de intervenci\u00f3n (inferior a 45 minutos) y abordajes limitados, lo que es posible [&hellip;]\" \/>\n<meta property=\"og:url\" content=\"https:\/\/cuellarcot.com\/index.php\/guias-para-pacientes-operados\/alta-rapida-en-protesis-de-cadera-ptc\/\" \/>\n<meta property=\"article:modified_time\" content=\"2021-11-15T00:27:07+00:00\" \/>\n<meta property=\"og:image\" content=\"https:\/\/cuellarcot.com\/wp-content\/uploads\/2021\/01\/alta-rapida.gif\" \/>\n\t<meta property=\"og:image:width\" content=\"352\" \/>\n\t<meta property=\"og:image:height\" content=\"352\" \/>\n\t<meta property=\"og:image:type\" content=\"image\/gif\" \/>\n<meta name=\"twitter:card\" content=\"summary_large_image\" \/>\n<meta name=\"twitter:label1\" content=\"Tiempo de lectura\" \/>\n\t<meta name=\"twitter:data1\" content=\"1 minuto\" \/>\n<script type=\"application\/ld+json\" class=\"yoast-schema-graph\">{\"@context\":\"https:\/\/schema.org\",\"@graph\":[{\"@type\":\"WebPage\",\"@id\":\"https:\/\/cuellarcot.com\/index.php\/guias-para-pacientes-operados\/alta-rapida-en-protesis-de-cadera-ptc\/\",\"url\":\"https:\/\/cuellarcot.com\/index.php\/guias-para-pacientes-operados\/alta-rapida-en-protesis-de-cadera-ptc\/\",\"name\":\"Alta r\u00e1pida en pr\u00f3tesis de cadera (PTC) -\",\"isPartOf\":{\"@id\":\"https:\/\/cuellarcot.com\/#website\"},\"datePublished\":\"2021-11-14T23:10:35+00:00\",\"dateModified\":\"2021-11-15T00:27:07+00:00\",\"breadcrumb\":{\"@id\":\"https:\/\/cuellarcot.com\/index.php\/guias-para-pacientes-operados\/alta-rapida-en-protesis-de-cadera-ptc\/#breadcrumb\"},\"inLanguage\":\"es\",\"potentialAction\":[{\"@type\":\"ReadAction\",\"target\":[\"https:\/\/cuellarcot.com\/index.php\/guias-para-pacientes-operados\/alta-rapida-en-protesis-de-cadera-ptc\/\"]}]},{\"@type\":\"BreadcrumbList\",\"@id\":\"https:\/\/cuellarcot.com\/index.php\/guias-para-pacientes-operados\/alta-rapida-en-protesis-de-cadera-ptc\/#breadcrumb\",\"itemListElement\":[{\"@type\":\"ListItem\",\"position\":1,\"name\":\"Portada\",\"item\":\"https:\/\/cuellarcot.com\/\"},{\"@type\":\"ListItem\",\"position\":2,\"name\":\"Gu\u00edas para pacientes operados\",\"item\":\"https:\/\/cuellarcot.com\/index.php\/guias-para-pacientes-operados\/\"},{\"@type\":\"ListItem\",\"position\":3,\"name\":\"Alta r\u00e1pida en pr\u00f3tesis de cadera (PTC)\"}]},{\"@type\":\"WebSite\",\"@id\":\"https:\/\/cuellarcot.com\/#website\",\"url\":\"https:\/\/cuellarcot.com\/\",\"name\":\"\",\"description\":\"Traumatolog\u00eda, Cirug\u00eda ortop\u00e9dica y Artroscopia\",\"potentialAction\":[{\"@type\":\"SearchAction\",\"target\":{\"@type\":\"EntryPoint\",\"urlTemplate\":\"https:\/\/cuellarcot.com\/?s={search_term_string}\"},\"query-input\":\"required name=search_term_string\"}],\"inLanguage\":\"es\"}]}<\/script>\n<!-- \/ Yoast SEO plugin. -->","yoast_head_json":{"title":"Alta r\u00e1pida en pr\u00f3tesis de cadera (PTC) -","robots":{"index":"index","follow":"follow","max-snippet":"max-snippet:-1","max-image-preview":"max-image-preview:large","max-video-preview":"max-video-preview:-1"},"canonical":"https:\/\/cuellarcot.com\/index.php\/guias-para-pacientes-operados\/alta-rapida-en-protesis-de-cadera-ptc\/","og_locale":"es_ES","og_type":"article","og_title":"Alta r\u00e1pida en pr\u00f3tesis de cadera (PTC) -","og_description":"El \u201cfast-track\u201d, o alta r\u00e1pida se ha popularizado para las pr\u00f3tesis de rodilla, pero tambi\u00e9n es posible llevarlo a cabo en las PROTESIS PRIMARIAS DE CADERA. Para ello, es necesario cumplir con los siguientes par\u00e1metros, que desarrolla habitualmente nuestro equipo: Tiempo reducido de intervenci\u00f3n (inferior a 45 minutos) y abordajes limitados, lo que es posible [&hellip;]","og_url":"https:\/\/cuellarcot.com\/index.php\/guias-para-pacientes-operados\/alta-rapida-en-protesis-de-cadera-ptc\/","article_modified_time":"2021-11-15T00:27:07+00:00","og_image":[{"width":352,"height":352,"url":"https:\/\/cuellarcot.com\/wp-content\/uploads\/2021\/01\/alta-rapida.gif","type":"image\/gif"}],"twitter_card":"summary_large_image","twitter_misc":{"Tiempo de lectura":"1 minuto"},"schema":{"@context":"https:\/\/schema.org","@graph":[{"@type":"WebPage","@id":"https:\/\/cuellarcot.com\/index.php\/guias-para-pacientes-operados\/alta-rapida-en-protesis-de-cadera-ptc\/","url":"https:\/\/cuellarcot.com\/index.php\/guias-para-pacientes-operados\/alta-rapida-en-protesis-de-cadera-ptc\/","name":"Alta r\u00e1pida en pr\u00f3tesis de cadera (PTC) -","isPartOf":{"@id":"https:\/\/cuellarcot.com\/#website"},"datePublished":"2021-11-14T23:10:35+00:00","dateModified":"2021-11-15T00:27:07+00:00","breadcrumb":{"@id":"https:\/\/cuellarcot.com\/index.php\/guias-para-pacientes-operados\/alta-rapida-en-protesis-de-cadera-ptc\/#breadcrumb"},"inLanguage":"es","potentialAction":[{"@type":"ReadAction","target":["https:\/\/cuellarcot.com\/index.php\/guias-para-pacientes-operados\/alta-rapida-en-protesis-de-cadera-ptc\/"]}]},{"@type":"BreadcrumbList","@id":"https:\/\/cuellarcot.com\/index.php\/guias-para-pacientes-operados\/alta-rapida-en-protesis-de-cadera-ptc\/#breadcrumb","itemListElement":[{"@type":"ListItem","position":1,"name":"Portada","item":"https:\/\/cuellarcot.com\/"},{"@type":"ListItem","position":2,"name":"Gu\u00edas para pacientes operados","item":"https:\/\/cuellarcot.com\/index.php\/guias-para-pacientes-operados\/"},{"@type":"ListItem","position":3,"name":"Alta r\u00e1pida en pr\u00f3tesis de cadera (PTC)"}]},{"@type":"WebSite","@id":"https:\/\/cuellarcot.com\/#website","url":"https:\/\/cuellarcot.com\/","name":"","description":"Traumatolog\u00eda, Cirug\u00eda ortop\u00e9dica y Artroscopia","potentialAction":[{"@type":"SearchAction","target":{"@type":"EntryPoint","urlTemplate":"https:\/\/cuellarcot.com\/?s={search_term_string}"},"query-input":"required name=search_term_string"}],"inLanguage":"es"}]}},"_links":{"self":[{"href":"https:\/\/cuellarcot.com\/index.php\/wp-json\/wp\/v2\/pages\/1903"}],"collection":[{"href":"https:\/\/cuellarcot.com\/index.php\/wp-json\/wp\/v2\/pages"}],"about":[{"href":"https:\/\/cuellarcot.com\/index.php\/wp-json\/wp\/v2\/types\/page"}],"author":[{"embeddable":true,"href":"https:\/\/cuellarcot.com\/index.php\/wp-json\/wp\/v2\/users\/1"}],"replies":[{"embeddable":true,"href":"https:\/\/cuellarcot.com\/index.php\/wp-json\/wp\/v2\/comments?post=1903"}],"version-history":[{"count":4,"href":"https:\/\/cuellarcot.com\/index.php\/wp-json\/wp\/v2\/pages\/1903\/revisions"}],"predecessor-version":[{"id":1966,"href":"https:\/\/cuellarcot.com\/index.php\/wp-json\/wp\/v2\/pages\/1903\/revisions\/1966"}],"up":[{"embeddable":true,"href":"https:\/\/cuellarcot.com\/index.php\/wp-json\/wp\/v2\/pages\/1872"}],"wp:featuredmedia":[{"embeddable":true,"href":"https:\/\/cuellarcot.com\/index.php\/wp-json\/wp\/v2\/media\/1587"}],"wp:attachment":[{"href":"https:\/\/cuellarcot.com\/index.php\/wp-json\/wp\/v2\/media?parent=1903"}],"wp:term":[{"taxonomy":"category","embeddable":true,"href":"https:\/\/cuellarcot.com\/index.php\/wp-json\/wp\/v2\/categories?post=1903"},{"taxonomy":"post_tag","embeddable":true,"href":"https:\/\/cuellarcot.com\/index.php\/wp-json\/wp\/v2\/tags?post=1903"}],"curies":[{"name":"wp","href":"https:\/\/api.w.org\/{rel}","templated":true}]}}