{"id":1910,"date":"2021-11-15T00:19:09","date_gmt":"2021-11-14T23:19:09","guid":{"rendered":"https:\/\/cuellarcot.com\/?page_id=1910"},"modified":"2021-11-15T01:26:20","modified_gmt":"2021-11-15T00:26:20","slug":"alta-rapida-en-protesis-de-rodilla-ptr","status":"publish","type":"page","link":"https:\/\/cuellarcot.com\/index.php\/guias-para-pacientes-operados\/alta-rapida-en-protesis-de-rodilla-ptr\/","title":{"rendered":"Alta r\u00e1pida en pr\u00f3tesis de rodilla (PTR)"},"content":{"rendered":"<p><span style=\"color: #000000;\">El \u201cfast-track\u201d, o alta r\u00e1pida se ha popularizado desde hace tiempo para las <strong>PROTESIS PRIMARIAS DE RODILLA<\/strong>. Para ello, es necesario cumplir con los siguientes par\u00e1metros, que desarrolla habitualmente nuestro equipo:<\/span><\/p>\n<ul>\n<li><span style=\"color: #000000;\"><strong>Tiempo reducido de intervenci\u00f3n<\/strong> (inferior a 60 minutos) y abordajes limitados, lo que es posible por la formaci\u00f3n y el entrenamiento de los miembros del equipo. Contribuye a reducir los riesgos de sangrado e infecci\u00f3n. El uso eventual de gu\u00edas personalizadas contribuye tambi\u00e9n a reducir el tiempo de intervenci\u00f3n.<\/span><\/li>\n<li><span style=\"color: #000000;\"><strong>Control del dolor<\/strong> postoperatorio merced a los protocolos del S\u00ba de Anestesia e infiltraci\u00f3n de los tejidos intervenidos con composiciones de soluciones anest\u00e9sicas y analg\u00e9sicas.<\/span><\/li>\n<li><span style=\"color: #000000;\"><strong>Control del sangrado<\/strong> intra y postoperatorio, gracias al empleo de productos farmac\u00e9uticos (acido tranex\u00e1mico) y al cierre minucioso por planos del abordaje quir\u00fargico. Ello permite evitar situaciones de anemia postoperatoria y la necesidad de realizar transfusiones de sangre.<\/span><\/li>\n<li><span style=\"color: #000000;\"><strong>Control de la movilidad del implante<\/strong>. Que se consigue mediante la comprobaci\u00f3n intraoperatoria del espacio en flexi\u00f3n y extensi\u00f3n y la eventual correcci\u00f3n de estos. El uso eventual de gu\u00edas personalizadas contribuye tambi\u00e9n a la correcta colocaci\u00f3n del implante prot\u00e9sico.<\/span><\/li>\n<\/ul>\n<p><span style=\"color: #000000;\"><a style=\"color: #000000;\" href=\"https:\/\/cuellarcot.com\/wp-content\/uploads\/2021\/01\/alta-rapida-rodilla.gif\"><img decoding=\"async\" loading=\"lazy\" class=\" wp-image-1592 alignleft\" src=\"https:\/\/cuellarcot.com\/wp-content\/uploads\/2021\/01\/alta-rapida-rodilla.gif\" alt=\"\" width=\"155\" height=\"155\"><\/a>El desarrollo de protocolos que cumplan con estos factores nos permite sentar al paciente el mismo d\u00eda de la intervenci\u00f3n y reanudar el andar con ayuda de bastones dentro de las primeras 24 horas, as\u00ed como la movilidad completa de la rodilla.<\/span><br \/>\n<span style=\"color: #000000;\">El alta hospitalaria se produce en plazos de 48 a 96 horas, dependiendo en gran medida de la agilidad previa de cada paciente.<\/span><br \/>\n<span style=\"color: #000000;\">Este menor tiempo de ingreso hospitalario junto con la compra centralizada de los implantes por parte del Grupo Quir\u00f3nsalud nos permite proponer presupuestos con costes sorprendentemente asequibles.<\/span><\/p>\n<p>&nbsp;<\/p>\n<p style=\"text-align: center;\"><strong><span style=\"color: #0000ff; font-size: 20px;\"><a style=\"color: #0000ff;\" href=\"https:\/\/cuellarcot.com\/index.php\/guias-para-pacientes-operados\/\">+ info en gu\u00edas para pacientes operados<\/a><\/span><\/strong><\/p>\n","protected":false},"excerpt":{"rendered":"<p>El \u201cfast-track\u201d, o alta r\u00e1pida se ha popularizado desde hace tiempo para las PROTESIS PRIMARIAS DE RODILLA. Para ello, es necesario cumplir con los siguientes par\u00e1metros, que desarrolla habitualmente nuestro equipo: Tiempo reducido de intervenci\u00f3n (inferior a 60 minutos) y abordajes limitados, lo que es posible por la formaci\u00f3n y el entrenamiento de los miembros [&hellip;]<\/p>\n","protected":false},"author":1,"featured_media":0,"parent":1872,"menu_order":0,"comment_status":"closed","ping_status":"closed","template":"","meta":{"_exactmetrics_skip_tracking":false,"_exactmetrics_sitenote_active":false,"_exactmetrics_sitenote_note":"","_exactmetrics_sitenote_category":0,"ngg_post_thumbnail":0},"categories":[],"tags":[],"yoast_head":"<!-- This site is optimized with the Yoast SEO plugin v20.11 - https:\/\/yoast.com\/wordpress\/plugins\/seo\/ -->\n<title>Alta r\u00e1pida en pr\u00f3tesis de rodilla (PTR) -<\/title>\n<meta name=\"robots\" content=\"index, follow, max-snippet:-1, max-image-preview:large, max-video-preview:-1\" \/>\n<link rel=\"canonical\" href=\"https:\/\/cuellarcot.com\/index.php\/guias-para-pacientes-operados\/alta-rapida-en-protesis-de-rodilla-ptr\/\" \/>\n<meta property=\"og:locale\" content=\"es_ES\" \/>\n<meta property=\"og:type\" content=\"article\" \/>\n<meta property=\"og:title\" content=\"Alta r\u00e1pida en pr\u00f3tesis de rodilla (PTR) -\" \/>\n<meta property=\"og:description\" content=\"El \u201cfast-track\u201d, o alta r\u00e1pida se ha popularizado desde hace tiempo para las PROTESIS PRIMARIAS DE RODILLA. Para ello, es necesario cumplir con los siguientes par\u00e1metros, que desarrolla habitualmente nuestro equipo: Tiempo reducido de intervenci\u00f3n (inferior a 60 minutos) y abordajes limitados, lo que es posible por la formaci\u00f3n y el entrenamiento de los miembros [&hellip;]\" \/>\n<meta property=\"og:url\" content=\"https:\/\/cuellarcot.com\/index.php\/guias-para-pacientes-operados\/alta-rapida-en-protesis-de-rodilla-ptr\/\" \/>\n<meta property=\"article:modified_time\" content=\"2021-11-15T00:26:20+00:00\" \/>\n<meta property=\"og:image\" content=\"https:\/\/cuellarcot.com\/wp-content\/uploads\/2021\/01\/alta-rapida-rodilla.gif\" \/>\n<meta name=\"twitter:card\" content=\"summary_large_image\" \/>\n<meta name=\"twitter:label1\" content=\"Tiempo de lectura\" \/>\n\t<meta name=\"twitter:data1\" content=\"2 minutos\" \/>\n<script type=\"application\/ld+json\" class=\"yoast-schema-graph\">{\"@context\":\"https:\/\/schema.org\",\"@graph\":[{\"@type\":\"WebPage\",\"@id\":\"https:\/\/cuellarcot.com\/index.php\/guias-para-pacientes-operados\/alta-rapida-en-protesis-de-rodilla-ptr\/\",\"url\":\"https:\/\/cuellarcot.com\/index.php\/guias-para-pacientes-operados\/alta-rapida-en-protesis-de-rodilla-ptr\/\",\"name\":\"Alta r\u00e1pida en pr\u00f3tesis de rodilla (PTR) -\",\"isPartOf\":{\"@id\":\"https:\/\/cuellarcot.com\/#website\"},\"datePublished\":\"2021-11-14T23:19:09+00:00\",\"dateModified\":\"2021-11-15T00:26:20+00:00\",\"breadcrumb\":{\"@id\":\"https:\/\/cuellarcot.com\/index.php\/guias-para-pacientes-operados\/alta-rapida-en-protesis-de-rodilla-ptr\/#breadcrumb\"},\"inLanguage\":\"es\",\"potentialAction\":[{\"@type\":\"ReadAction\",\"target\":[\"https:\/\/cuellarcot.com\/index.php\/guias-para-pacientes-operados\/alta-rapida-en-protesis-de-rodilla-ptr\/\"]}]},{\"@type\":\"BreadcrumbList\",\"@id\":\"https:\/\/cuellarcot.com\/index.php\/guias-para-pacientes-operados\/alta-rapida-en-protesis-de-rodilla-ptr\/#breadcrumb\",\"itemListElement\":[{\"@type\":\"ListItem\",\"position\":1,\"name\":\"Portada\",\"item\":\"https:\/\/cuellarcot.com\/\"},{\"@type\":\"ListItem\",\"position\":2,\"name\":\"Gu\u00edas para pacientes operados\",\"item\":\"https:\/\/cuellarcot.com\/index.php\/guias-para-pacientes-operados\/\"},{\"@type\":\"ListItem\",\"position\":3,\"name\":\"Alta r\u00e1pida en pr\u00f3tesis de rodilla (PTR)\"}]},{\"@type\":\"WebSite\",\"@id\":\"https:\/\/cuellarcot.com\/#website\",\"url\":\"https:\/\/cuellarcot.com\/\",\"name\":\"\",\"description\":\"Traumatolog\u00eda, Cirug\u00eda ortop\u00e9dica y Artroscopia\",\"potentialAction\":[{\"@type\":\"SearchAction\",\"target\":{\"@type\":\"EntryPoint\",\"urlTemplate\":\"https:\/\/cuellarcot.com\/?s={search_term_string}\"},\"query-input\":\"required name=search_term_string\"}],\"inLanguage\":\"es\"}]}<\/script>\n<!-- \/ Yoast SEO plugin. -->","yoast_head_json":{"title":"Alta r\u00e1pida en pr\u00f3tesis de rodilla (PTR) -","robots":{"index":"index","follow":"follow","max-snippet":"max-snippet:-1","max-image-preview":"max-image-preview:large","max-video-preview":"max-video-preview:-1"},"canonical":"https:\/\/cuellarcot.com\/index.php\/guias-para-pacientes-operados\/alta-rapida-en-protesis-de-rodilla-ptr\/","og_locale":"es_ES","og_type":"article","og_title":"Alta r\u00e1pida en pr\u00f3tesis de rodilla (PTR) -","og_description":"El \u201cfast-track\u201d, o alta r\u00e1pida se ha popularizado desde hace tiempo para las PROTESIS PRIMARIAS DE RODILLA. Para ello, es necesario cumplir con los siguientes par\u00e1metros, que desarrolla habitualmente nuestro equipo: Tiempo reducido de intervenci\u00f3n (inferior a 60 minutos) y abordajes limitados, lo que es posible por la formaci\u00f3n y el entrenamiento de los miembros [&hellip;]","og_url":"https:\/\/cuellarcot.com\/index.php\/guias-para-pacientes-operados\/alta-rapida-en-protesis-de-rodilla-ptr\/","article_modified_time":"2021-11-15T00:26:20+00:00","og_image":[{"url":"https:\/\/cuellarcot.com\/wp-content\/uploads\/2021\/01\/alta-rapida-rodilla.gif"}],"twitter_card":"summary_large_image","twitter_misc":{"Tiempo de lectura":"2 minutos"},"schema":{"@context":"https:\/\/schema.org","@graph":[{"@type":"WebPage","@id":"https:\/\/cuellarcot.com\/index.php\/guias-para-pacientes-operados\/alta-rapida-en-protesis-de-rodilla-ptr\/","url":"https:\/\/cuellarcot.com\/index.php\/guias-para-pacientes-operados\/alta-rapida-en-protesis-de-rodilla-ptr\/","name":"Alta r\u00e1pida en pr\u00f3tesis de rodilla (PTR) -","isPartOf":{"@id":"https:\/\/cuellarcot.com\/#website"},"datePublished":"2021-11-14T23:19:09+00:00","dateModified":"2021-11-15T00:26:20+00:00","breadcrumb":{"@id":"https:\/\/cuellarcot.com\/index.php\/guias-para-pacientes-operados\/alta-rapida-en-protesis-de-rodilla-ptr\/#breadcrumb"},"inLanguage":"es","potentialAction":[{"@type":"ReadAction","target":["https:\/\/cuellarcot.com\/index.php\/guias-para-pacientes-operados\/alta-rapida-en-protesis-de-rodilla-ptr\/"]}]},{"@type":"BreadcrumbList","@id":"https:\/\/cuellarcot.com\/index.php\/guias-para-pacientes-operados\/alta-rapida-en-protesis-de-rodilla-ptr\/#breadcrumb","itemListElement":[{"@type":"ListItem","position":1,"name":"Portada","item":"https:\/\/cuellarcot.com\/"},{"@type":"ListItem","position":2,"name":"Gu\u00edas para pacientes operados","item":"https:\/\/cuellarcot.com\/index.php\/guias-para-pacientes-operados\/"},{"@type":"ListItem","position":3,"name":"Alta r\u00e1pida en pr\u00f3tesis de rodilla (PTR)"}]},{"@type":"WebSite","@id":"https:\/\/cuellarcot.com\/#website","url":"https:\/\/cuellarcot.com\/","name":"","description":"Traumatolog\u00eda, Cirug\u00eda ortop\u00e9dica y Artroscopia","potentialAction":[{"@type":"SearchAction","target":{"@type":"EntryPoint","urlTemplate":"https:\/\/cuellarcot.com\/?s={search_term_string}"},"query-input":"required name=search_term_string"}],"inLanguage":"es"}]}},"_links":{"self":[{"href":"https:\/\/cuellarcot.com\/index.php\/wp-json\/wp\/v2\/pages\/1910"}],"collection":[{"href":"https:\/\/cuellarcot.com\/index.php\/wp-json\/wp\/v2\/pages"}],"about":[{"href":"https:\/\/cuellarcot.com\/index.php\/wp-json\/wp\/v2\/types\/page"}],"author":[{"embeddable":true,"href":"https:\/\/cuellarcot.com\/index.php\/wp-json\/wp\/v2\/users\/1"}],"replies":[{"embeddable":true,"href":"https:\/\/cuellarcot.com\/index.php\/wp-json\/wp\/v2\/comments?post=1910"}],"version-history":[{"count":3,"href":"https:\/\/cuellarcot.com\/index.php\/wp-json\/wp\/v2\/pages\/1910\/revisions"}],"predecessor-version":[{"id":1965,"href":"https:\/\/cuellarcot.com\/index.php\/wp-json\/wp\/v2\/pages\/1910\/revisions\/1965"}],"up":[{"embeddable":true,"href":"https:\/\/cuellarcot.com\/index.php\/wp-json\/wp\/v2\/pages\/1872"}],"wp:attachment":[{"href":"https:\/\/cuellarcot.com\/index.php\/wp-json\/wp\/v2\/media?parent=1910"}],"wp:term":[{"taxonomy":"category","embeddable":true,"href":"https:\/\/cuellarcot.com\/index.php\/wp-json\/wp\/v2\/categories?post=1910"},{"taxonomy":"post_tag","embeddable":true,"href":"https:\/\/cuellarcot.com\/index.php\/wp-json\/wp\/v2\/tags?post=1910"}],"curies":[{"name":"wp","href":"https:\/\/api.w.org\/{rel}","templated":true}]}}