{"id":1942,"date":"2021-11-15T00:44:59","date_gmt":"2021-11-14T23:44:59","guid":{"rendered":"https:\/\/cuellarcot.com\/?page_id=1942"},"modified":"2022-02-27T22:59:19","modified_gmt":"2022-02-27T21:59:19","slug":"traumatologia-fracturas-y-lesiones-deportivas","status":"publish","type":"page","link":"https:\/\/cuellarcot.com\/index.php\/que-patologias-tratamos\/traumatologia-fracturas-y-lesiones-deportivas\/","title":{"rendered":"TRAUMATOLOG\u00cdA &#8211; FRACTURAS Y LESIONES DEPORTIVAS"},"content":{"rendered":"\t\t<div data-elementor-type=\"wp-page\" data-elementor-id=\"1942\" class=\"elementor elementor-1942\">\n\t\t\t\t\t\t<div class=\"elementor-inner\">\n\t\t\t\t<div class=\"elementor-section-wrap\">\n\t\t\t\t\t\t\t\t\t<section class=\"elementor-section elementor-top-section elementor-element elementor-element-0ebcbab elementor-section-boxed elementor-section-height-default elementor-section-height-default\" data-id=\"0ebcbab\" data-element_type=\"section\">\n\t\t\t\t\t\t<div class=\"elementor-container elementor-column-gap-default\">\n\t\t\t\t\t\t\t<div class=\"elementor-row\">\n\t\t\t\t\t<div class=\"elementor-column elementor-col-100 elementor-top-column elementor-element elementor-element-afb569b\" data-id=\"afb569b\" data-element_type=\"column\">\n\t\t\t<div class=\"elementor-column-wrap elementor-element-populated\">\n\t\t\t\t\t\t\t<div class=\"elementor-widget-wrap\">\n\t\t\t\t\t\t<div class=\"elementor-element elementor-element-1bf7611 elementor-widget elementor-widget-text-editor\" data-id=\"1bf7611\" data-element_type=\"widget\" data-widget_type=\"text-editor.default\">\n\t\t\t\t<div class=\"elementor-widget-container\">\n\t\t\t\t\t\t\t\t<div class=\"elementor-text-editor elementor-clearfix\">\n\t\t\t\t<p><span style=\"color: #0000ff; font-size: 20px;\"><strong>Equipo M\u00e9dico<\/strong><\/span><\/p><p><span style=\"color: #000000;\">La empresa CUELLARCOT.SLP es la titular y responsable de la prestaci\u00f3n de la Especialidad de C.O. y Traumatolog\u00eda en Policlinica Gipuzkoa a los federados merced al contrato de prestaci\u00f3n de servicios actualmente vigente.<\/span><\/p><p><span style=\"color: #000000;\">Este equipo cubre las urgencias de Traumatolog\u00eda durante 290 d\u00edas al a\u00f1o en Policlinica. Las lesiones atendidas provienen de diferentes \u00e1reas, sobre todo del \u00e1mbito deportivo, pero tambi\u00e9n del laboral, circulatorio y casual.<\/span><\/p><p><span style=\"color: #000000;\">Integran el equipo:<\/span><\/p><ul><li><span style=\"color: #000000;\">Ricardo Cu\u00e9llar Guti\u00e9rrez, colegiado en CO-Traumatolog\u00eda 202003102<\/span><\/li><li><span style=\"color: #000000;\">Adri\u00e1n Cu\u00e9llar Ayestar\u00e1n, colegiado en CO-Traumatolog\u00eda 204811834<\/span><\/li><li><span style=\"color: #000000;\">Asier Cu\u00e9llar Ayestar\u00e1n, colegiado en CO-Traumatolog\u00eda 202008397<\/span><\/li><\/ul>\t\t\t\t\t<\/div>\n\t\t\t\t\t\t<\/div>\n\t\t\t\t<\/div>\n\t\t\t\t\t\t<\/div>\n\t\t\t\t\t<\/div>\n\t\t<\/div>\n\t\t\t\t\t\t\t\t<\/div>\n\t\t\t\t\t<\/div>\n\t\t<\/section>\n\t\t\t\t<section class=\"elementor-section elementor-top-section elementor-element elementor-element-f200292 elementor-section-boxed elementor-section-height-default elementor-section-height-default\" data-id=\"f200292\" data-element_type=\"section\">\n\t\t\t\t\t\t<div class=\"elementor-container elementor-column-gap-default\">\n\t\t\t\t\t\t\t<div class=\"elementor-row\">\n\t\t\t\t\t<div class=\"elementor-column elementor-col-33 elementor-top-column elementor-element elementor-element-607ecec\" data-id=\"607ecec\" data-element_type=\"column\">\n\t\t\t<div class=\"elementor-column-wrap elementor-element-populated\">\n\t\t\t\t\t\t\t<div class=\"elementor-widget-wrap\">\n\t\t\t\t\t\t<div class=\"elementor-element elementor-element-b21db7c elementor-widget elementor-widget-image\" data-id=\"b21db7c\" data-element_type=\"widget\" data-widget_type=\"image.default\">\n\t\t\t\t<div class=\"elementor-widget-container\">\n\t\t\t\t\t\t\t\t<div class=\"elementor-image\">\n\t\t\t\t\t\t\t\t\t<figure class=\"wp-caption\">\n\t\t\t\t\t\t\t\t\t\t\t<a href=\"https:\/\/cuellarcot.com\/index.php\/sobre-nosotros\/dr-ricardo-cuellar-gutierrez\/\">\n\t\t\t\t\t\t\t<img decoding=\"async\" width=\"600\" height=\"683\" src=\"https:\/\/cuellarcot.com\/wp-content\/uploads\/2022\/02\/Dr.-Ricardo-Cuellar_03-mini.jpg\" class=\"attachment-large size-large wp-image-2054\" alt=\"\" loading=\"lazy\" srcset=\"https:\/\/cuellarcot.com\/wp-content\/uploads\/2022\/02\/Dr.-Ricardo-Cuellar_03-mini.jpg 600w, https:\/\/cuellarcot.com\/wp-content\/uploads\/2022\/02\/Dr.-Ricardo-Cuellar_03-mini-264x300.jpg 264w\" sizes=\"(max-width: 600px) 100vw, 600px\" \/>\t\t\t\t\t\t\t\t<\/a>\n\t\t\t\t\t\t\t\t\t\t\t<figcaption class=\"widget-image-caption wp-caption-text\">Dr. Ricardo Cu\u00e9llar<\/figcaption>\n\t\t\t\t\t\t\t\t\t\t<\/figure>\n\t\t\t\t\t\t\t\t<\/div>\n\t\t\t\t\t\t<\/div>\n\t\t\t\t<\/div>\n\t\t\t\t\t\t<\/div>\n\t\t\t\t\t<\/div>\n\t\t<\/div>\n\t\t\t\t<div class=\"elementor-column elementor-col-33 elementor-top-column elementor-element elementor-element-1c4cff3\" data-id=\"1c4cff3\" data-element_type=\"column\">\n\t\t\t<div class=\"elementor-column-wrap elementor-element-populated\">\n\t\t\t\t\t\t\t<div class=\"elementor-widget-wrap\">\n\t\t\t\t\t\t<div class=\"elementor-element elementor-element-6e27e61 elementor-widget elementor-widget-image\" data-id=\"6e27e61\" data-element_type=\"widget\" data-widget_type=\"image.default\">\n\t\t\t\t<div class=\"elementor-widget-container\">\n\t\t\t\t\t\t\t\t<div class=\"elementor-image\">\n\t\t\t\t\t\t\t\t\t<figure class=\"wp-caption\">\n\t\t\t\t\t\t\t\t\t\t\t<a href=\"https:\/\/cuellarcot.com\/index.php\/sobre-nosotros\/dr-adrian-cuellar-ayestaran\/\">\n\t\t\t\t\t\t\t<img decoding=\"async\" width=\"600\" height=\"683\" src=\"https:\/\/cuellarcot.com\/wp-content\/uploads\/2021\/01\/adrian1.jpg\" class=\"attachment-large size-large wp-image-1560\" alt=\"\" loading=\"lazy\" srcset=\"https:\/\/cuellarcot.com\/wp-content\/uploads\/2021\/01\/adrian1.jpg 600w, https:\/\/cuellarcot.com\/wp-content\/uploads\/2021\/01\/adrian1-264x300.jpg 264w\" sizes=\"(max-width: 600px) 100vw, 600px\" \/>\t\t\t\t\t\t\t\t<\/a>\n\t\t\t\t\t\t\t\t\t\t\t<figcaption class=\"widget-image-caption wp-caption-text\">Dr. Adri\u00e1n Cu\u00e9llar<\/figcaption>\n\t\t\t\t\t\t\t\t\t\t<\/figure>\n\t\t\t\t\t\t\t\t<\/div>\n\t\t\t\t\t\t<\/div>\n\t\t\t\t<\/div>\n\t\t\t\t\t\t<\/div>\n\t\t\t\t\t<\/div>\n\t\t<\/div>\n\t\t\t\t<div class=\"elementor-column elementor-col-33 elementor-top-column elementor-element elementor-element-224385f\" data-id=\"224385f\" data-element_type=\"column\">\n\t\t\t<div class=\"elementor-column-wrap elementor-element-populated\">\n\t\t\t\t\t\t\t<div class=\"elementor-widget-wrap\">\n\t\t\t\t\t\t<div class=\"elementor-element elementor-element-8c5e7fd elementor-widget elementor-widget-image\" data-id=\"8c5e7fd\" data-element_type=\"widget\" data-widget_type=\"image.default\">\n\t\t\t\t<div class=\"elementor-widget-container\">\n\t\t\t\t\t\t\t\t<div class=\"elementor-image\">\n\t\t\t\t\t\t\t\t\t<figure class=\"wp-caption\">\n\t\t\t\t\t\t\t\t\t\t\t<a href=\"https:\/\/cuellarcot.com\/index.php\/sobre-nosotros\/dr-asier-cuellar-ayestaran\/\">\n\t\t\t\t\t\t\t<img decoding=\"async\" width=\"600\" height=\"683\" src=\"https:\/\/cuellarcot.com\/wp-content\/uploads\/2021\/01\/asier1.jpg\" class=\"attachment-large size-large wp-image-1561\" alt=\"\" loading=\"lazy\" srcset=\"https:\/\/cuellarcot.com\/wp-content\/uploads\/2021\/01\/asier1.jpg 600w, https:\/\/cuellarcot.com\/wp-content\/uploads\/2021\/01\/asier1-264x300.jpg 264w\" sizes=\"(max-width: 600px) 100vw, 600px\" \/>\t\t\t\t\t\t\t\t<\/a>\n\t\t\t\t\t\t\t\t\t\t\t<figcaption class=\"widget-image-caption wp-caption-text\">Dr. Asier Cu\u00e9llar<\/figcaption>\n\t\t\t\t\t\t\t\t\t\t<\/figure>\n\t\t\t\t\t\t\t\t<\/div>\n\t\t\t\t\t\t<\/div>\n\t\t\t\t<\/div>\n\t\t\t\t\t\t<\/div>\n\t\t\t\t\t<\/div>\n\t\t<\/div>\n\t\t\t\t\t\t\t\t<\/div>\n\t\t\t\t\t<\/div>\n\t\t<\/section>\n\t\t\t\t<section class=\"elementor-section elementor-top-section elementor-element elementor-element-015a816 elementor-section-boxed elementor-section-height-default elementor-section-height-default\" data-id=\"015a816\" data-element_type=\"section\">\n\t\t\t\t\t\t<div class=\"elementor-container elementor-column-gap-default\">\n\t\t\t\t\t\t\t<div class=\"elementor-row\">\n\t\t\t\t\t<div class=\"elementor-column elementor-col-100 elementor-top-column elementor-element elementor-element-02bad69\" data-id=\"02bad69\" data-element_type=\"column\">\n\t\t\t<div class=\"elementor-column-wrap elementor-element-populated\">\n\t\t\t\t\t\t\t<div class=\"elementor-widget-wrap\">\n\t\t\t\t\t\t<div class=\"elementor-element elementor-element-4e9f3e7 elementor-widget elementor-widget-text-editor\" data-id=\"4e9f3e7\" data-element_type=\"widget\" data-widget_type=\"text-editor.default\">\n\t\t\t\t<div class=\"elementor-widget-container\">\n\t\t\t\t\t\t\t\t<div class=\"elementor-text-editor elementor-clearfix\">\n\t\t\t\t<p><span style=\"color: #000000;\">Caracter\u00edsticas de los miembros del equipo:<\/span><\/p><p><br \/><span style=\"color: #000000;\">Ricardo Cu\u00e9llar desarrolla las funciones de Jefe del Equipo y los tres son especialistas formados con la titulaci\u00f3n oficial MIR.<\/span><\/p><p><span style=\"color: #000000;\">Los tres miembros del equipo desarrollan su funci\u00f3n asistencial a tiempo completo y con exclusividad en Policlinica Gipuzkoa.<\/span><\/p><p><span style=\"color: #000000;\">Los tres miembros del equipo tienen amplia experiencia en el tratamiento de lesiones articulares y fracturas deportivas y laborales. <\/span><\/p><p><span style=\"color: #000000;\">Atienden en equipo las tres principales \u00e1reas de competencia (Urgencias, Consultas y Quir\u00f3fano).<\/span><\/p><p><br \/><span style=\"color: #0000ff; font-size: 20px;\"><strong>Servicios que se prestan<\/strong><\/span><\/p><p><br \/><span style=\"color: #000000;\">Los Servicios de atenci\u00f3n m\u00e9dica que se prestan a l@s traumatizad@s en Policlinica Gipuzkoa comprenden:<\/span><\/p><ul><li><span style=\"color: #000000;\">Atenci\u00f3n de lesiones a trav\u00e9s del Servicio de Urgencias<\/span><\/li><li><span style=\"color: #000000;\">Atenci\u00f3n quir\u00fargica urgente<\/span><\/li><li><span style=\"color: #000000;\">Atenci\u00f3n a los lesionados en Consultas Externas<\/span><\/li><li><span style=\"color: #000000;\">Atenci\u00f3n quir\u00fargica programada<\/span><\/li><li><span style=\"color: #000000;\">Seguimiento en Consultas Externas<\/span><\/li><\/ul><p><span style=\"color: #000000;\"><em>Caracter\u00edsticas del Servicio de Urgencias:<\/em><\/span><\/p><p><span style=\"color: #000000;\">El servicio se presta por parte de los M\u00e9dicos generales de Urgencias de Policlinica Gipuzkoa.<\/span><\/p><p><br \/><span style=\"color: #000000;\">El Servicio de Traumatolog\u00eda est\u00e1 localizado de forma permanente para la resoluci\u00f3n de dudas o la atenci\u00f3n presencial, s\u00ed \u00e9sta es requerida. As\u00ed mismo dispone de escritorio externo que le permite la visi\u00f3n y valoraci\u00f3n de las pruebas complementarias en el momento de realizarse. Ello permite la toma de decisiones terap\u00e9uticas de forma inmediata.<\/span><\/p><p><br \/><span style=\"color: #000000;\"><em>Caracter\u00edsticas de la atenci\u00f3n quir\u00fargica urgente:<\/em><\/span><\/p><p><br \/><span style=\"color: #000000;\">Esta se realiza en aquellos casos en que as\u00ed se decide tras la toma de decisi\u00f3n por parte de los Especialistas de Traumatolog\u00eda del equipo tras ser requeridos por los M\u00e9dicos de Urgencia y tras valorar las pruebas realizadas.<\/span><\/p><p><span style=\"color: #000000;\">Policl\u00ednica pone a disposici\u00f3n del Equipo los espacios (quir\u00f3fanos) y medios t\u00e9cnicos para el tratamiento espec\u00edfico y puntual desempe\u00f1o de esta funci\u00f3n, incluidos los d\u00edas festivos.<\/span><\/p><p><br \/><span style=\"color: #000000;\"><em>Atenci\u00f3n a los lesionados en Consultas Externas:<\/em><\/span><\/p><p><br \/><span style=\"color: #000000;\">La solicitud de atenci\u00f3n en consulta se haya centralizada por parte de POLICLINICA en el tel\u00e9fono 943502049. Cursada esta petici\u00f3n, tras la cumplimentaci\u00f3n del preceptivo parte de lesi\u00f3n o de accidente, los lesionados y lesionadas son atendidos por el Equipo de Traumatolog\u00eda de Policlinica en el \u00e1rea de consultas del 3er piso.<\/span><\/p><p><br \/><span style=\"color: #000000;\">La atenci\u00f3n la prestan los tres Especialistas que componen el equipo de forma indistinta y se consigna para ello disponibilidad horaria durante los 5 d\u00edas lectivos de la semana. Ello permite la atenci\u00f3n, tanto en primera consulta como en sucesivas, en un plazo inferior a 7 d\u00edas desde que se inicia el tr\u00e1mite de solicitud de consulta.<\/span><\/p><p><br \/><span style=\"color: #000000;\">De esta forma se atendieron un total de 14.400 consultas durante el pasado ejercicio (septiembre 2020 a septiembre 2021).<\/span><\/p><p><br \/><span style=\"color: #000000;\"><em>Atenci\u00f3n quir\u00fargica programada:<\/em><\/span><\/p><p><br \/><span style=\"color: #000000;\">Para la atenci\u00f3n quir\u00fargica programada el Equipo de Traumatolog\u00eda dispone de la posibilidad de utilizaci\u00f3n de hasta 6 quir\u00f3fanos para la realizaci\u00f3n de toda la cirug\u00eda considerada como programada. Dicha actividad quir\u00fargica se concentra en el jueves y Policlinica dota, adem\u00e1s de los medios t\u00e9cnicos necesarios, con dos DUE-instrumentistas y un Especialista en Anestesia a cada uno de los quir\u00f3fanos.<\/span><\/p><p><br \/><span style=\"color: #000000;\">Ello permite la realizaci\u00f3n de entre 18 a 25 intervenciones en un d\u00eda a lo que, sumadas las intervenciones urgentes realizadas en otros d\u00edas de la semana, la media mensual actual es de 80 a 100 intervenciones. Gracias a ello, salvo circunstancias de conveniencia, la programaci\u00f3n de las cirug\u00edas es posible en un plazo inferior a 14 d\u00edas desde que se inicia el tr\u00e1mite de programaci\u00f3n en consulta y se evita generar ning\u00fan tipo de lista de espera.<\/span><\/p><p><br \/><span style=\"color: #000000;\">De esta forma se realizaron durante el pasado ejercicio un total de 1020 cirug\u00edas.<\/span><\/p><p><br \/><span style=\"color: #000000;\"><em>Seguimiento en Consultas Externas:<\/em><\/span><\/p><p><br \/><span style=\"color: #000000;\">El seguimiento en consultas externas de los pacientes intervenidos sigue el mismo circuito ya referido de consultas, aunque en estos casos la cita suele estar establecida desde el alta hospitalaria. As\u00ed se evita, igualmente, cualquier tipo de demora en la atenci\u00f3n.<\/span><\/p>\t\t\t\t\t<\/div>\n\t\t\t\t\t\t<\/div>\n\t\t\t\t<\/div>\n\t\t\t\t\t\t<\/div>\n\t\t\t\t\t<\/div>\n\t\t<\/div>\n\t\t\t\t\t\t\t\t<\/div>\n\t\t\t\t\t<\/div>\n\t\t<\/section>\n\t\t\t\t\t\t\t\t\t<\/div>\n\t\t\t<\/div>\n\t\t\t\t\t<\/div>\n\t\t","protected":false},"excerpt":{"rendered":"<p>Equipo M\u00e9dico La empresa CUELLARCOT.SLP es la titular y responsable de la prestaci\u00f3n de la Especialidad de C.O. y Traumatolog\u00eda en Policlinica Gipuzkoa a los federados merced al contrato de prestaci\u00f3n de servicios actualmente vigente. Este equipo cubre las urgencias de Traumatolog\u00eda durante 290 d\u00edas al a\u00f1o en Policlinica. Las lesiones atendidas provienen de diferentes [&hellip;]<\/p>\n","protected":false},"author":1,"featured_media":0,"parent":1739,"menu_order":0,"comment_status":"closed","ping_status":"closed","template":"","meta":{"_exactmetrics_skip_tracking":false,"_exactmetrics_sitenote_active":false,"_exactmetrics_sitenote_note":"","_exactmetrics_sitenote_category":0,"ngg_post_thumbnail":0},"categories":[],"tags":[],"yoast_head":"<!-- This site is optimized with the Yoast SEO plugin v20.11 - https:\/\/yoast.com\/wordpress\/plugins\/seo\/ -->\n<title>TRAUMATOLOG\u00cdA - FRACTURAS Y LESIONES DEPORTIVAS -<\/title>\n<meta name=\"robots\" content=\"index, follow, max-snippet:-1, max-image-preview:large, max-video-preview:-1\" \/>\n<link rel=\"canonical\" href=\"https:\/\/cuellarcot.com\/index.php\/que-patologias-tratamos\/traumatologia-fracturas-y-lesiones-deportivas\/\" \/>\n<meta property=\"og:locale\" content=\"es_ES\" \/>\n<meta property=\"og:type\" content=\"article\" \/>\n<meta property=\"og:title\" content=\"TRAUMATOLOG\u00cdA - FRACTURAS Y LESIONES DEPORTIVAS -\" \/>\n<meta property=\"og:description\" content=\"Equipo M\u00e9dico La empresa CUELLARCOT.SLP es la titular y responsable de la prestaci\u00f3n de la Especialidad de C.O. y Traumatolog\u00eda en Policlinica Gipuzkoa a los federados merced al contrato de prestaci\u00f3n de servicios actualmente vigente. Este equipo cubre las urgencias de Traumatolog\u00eda durante 290 d\u00edas al a\u00f1o en Policlinica. Las lesiones atendidas provienen de diferentes [&hellip;]\" \/>\n<meta property=\"og:url\" content=\"https:\/\/cuellarcot.com\/index.php\/que-patologias-tratamos\/traumatologia-fracturas-y-lesiones-deportivas\/\" \/>\n<meta property=\"article:modified_time\" content=\"2022-02-27T21:59:19+00:00\" \/>\n<meta property=\"og:image\" content=\"https:\/\/cuellarcot.com\/wp-content\/uploads\/2022\/02\/Dr.-Ricardo-Cuellar_03-mini.jpg\" \/>\n<meta name=\"twitter:card\" content=\"summary_large_image\" \/>\n<meta name=\"twitter:label1\" content=\"Tiempo de lectura\" \/>\n\t<meta name=\"twitter:data1\" content=\"4 minutos\" \/>\n<script type=\"application\/ld+json\" class=\"yoast-schema-graph\">{\"@context\":\"https:\/\/schema.org\",\"@graph\":[{\"@type\":\"WebPage\",\"@id\":\"https:\/\/cuellarcot.com\/index.php\/que-patologias-tratamos\/traumatologia-fracturas-y-lesiones-deportivas\/\",\"url\":\"https:\/\/cuellarcot.com\/index.php\/que-patologias-tratamos\/traumatologia-fracturas-y-lesiones-deportivas\/\",\"name\":\"TRAUMATOLOG\u00cdA - FRACTURAS Y LESIONES DEPORTIVAS -\",\"isPartOf\":{\"@id\":\"https:\/\/cuellarcot.com\/#website\"},\"datePublished\":\"2021-11-14T23:44:59+00:00\",\"dateModified\":\"2022-02-27T21:59:19+00:00\",\"breadcrumb\":{\"@id\":\"https:\/\/cuellarcot.com\/index.php\/que-patologias-tratamos\/traumatologia-fracturas-y-lesiones-deportivas\/#breadcrumb\"},\"inLanguage\":\"es\",\"potentialAction\":[{\"@type\":\"ReadAction\",\"target\":[\"https:\/\/cuellarcot.com\/index.php\/que-patologias-tratamos\/traumatologia-fracturas-y-lesiones-deportivas\/\"]}]},{\"@type\":\"BreadcrumbList\",\"@id\":\"https:\/\/cuellarcot.com\/index.php\/que-patologias-tratamos\/traumatologia-fracturas-y-lesiones-deportivas\/#breadcrumb\",\"itemListElement\":[{\"@type\":\"ListItem\",\"position\":1,\"name\":\"Portada\",\"item\":\"https:\/\/cuellarcot.com\/\"},{\"@type\":\"ListItem\",\"position\":2,\"name\":\"\u00bfQU\u00c9 PATOLOG\u00cdAS TRATAMOS?\",\"item\":\"https:\/\/cuellarcot.com\/index.php\/que-patologias-tratamos\/\"},{\"@type\":\"ListItem\",\"position\":3,\"name\":\"TRAUMATOLOG\u00cdA &#8211; FRACTURAS Y LESIONES DEPORTIVAS\"}]},{\"@type\":\"WebSite\",\"@id\":\"https:\/\/cuellarcot.com\/#website\",\"url\":\"https:\/\/cuellarcot.com\/\",\"name\":\"\",\"description\":\"Traumatolog\u00eda, Cirug\u00eda ortop\u00e9dica y Artroscopia\",\"potentialAction\":[{\"@type\":\"SearchAction\",\"target\":{\"@type\":\"EntryPoint\",\"urlTemplate\":\"https:\/\/cuellarcot.com\/?s={search_term_string}\"},\"query-input\":\"required name=search_term_string\"}],\"inLanguage\":\"es\"}]}<\/script>\n<!-- \/ Yoast SEO plugin. -->","yoast_head_json":{"title":"TRAUMATOLOG\u00cdA - FRACTURAS Y LESIONES DEPORTIVAS -","robots":{"index":"index","follow":"follow","max-snippet":"max-snippet:-1","max-image-preview":"max-image-preview:large","max-video-preview":"max-video-preview:-1"},"canonical":"https:\/\/cuellarcot.com\/index.php\/que-patologias-tratamos\/traumatologia-fracturas-y-lesiones-deportivas\/","og_locale":"es_ES","og_type":"article","og_title":"TRAUMATOLOG\u00cdA - FRACTURAS Y LESIONES DEPORTIVAS -","og_description":"Equipo M\u00e9dico La empresa CUELLARCOT.SLP es la titular y responsable de la prestaci\u00f3n de la Especialidad de C.O. y Traumatolog\u00eda en Policlinica Gipuzkoa a los federados merced al contrato de prestaci\u00f3n de servicios actualmente vigente. Este equipo cubre las urgencias de Traumatolog\u00eda durante 290 d\u00edas al a\u00f1o en Policlinica. Las lesiones atendidas provienen de diferentes [&hellip;]","og_url":"https:\/\/cuellarcot.com\/index.php\/que-patologias-tratamos\/traumatologia-fracturas-y-lesiones-deportivas\/","article_modified_time":"2022-02-27T21:59:19+00:00","og_image":[{"url":"https:\/\/cuellarcot.com\/wp-content\/uploads\/2022\/02\/Dr.-Ricardo-Cuellar_03-mini.jpg"}],"twitter_card":"summary_large_image","twitter_misc":{"Tiempo de lectura":"4 minutos"},"schema":{"@context":"https:\/\/schema.org","@graph":[{"@type":"WebPage","@id":"https:\/\/cuellarcot.com\/index.php\/que-patologias-tratamos\/traumatologia-fracturas-y-lesiones-deportivas\/","url":"https:\/\/cuellarcot.com\/index.php\/que-patologias-tratamos\/traumatologia-fracturas-y-lesiones-deportivas\/","name":"TRAUMATOLOG\u00cdA - FRACTURAS Y LESIONES DEPORTIVAS -","isPartOf":{"@id":"https:\/\/cuellarcot.com\/#website"},"datePublished":"2021-11-14T23:44:59+00:00","dateModified":"2022-02-27T21:59:19+00:00","breadcrumb":{"@id":"https:\/\/cuellarcot.com\/index.php\/que-patologias-tratamos\/traumatologia-fracturas-y-lesiones-deportivas\/#breadcrumb"},"inLanguage":"es","potentialAction":[{"@type":"ReadAction","target":["https:\/\/cuellarcot.com\/index.php\/que-patologias-tratamos\/traumatologia-fracturas-y-lesiones-deportivas\/"]}]},{"@type":"BreadcrumbList","@id":"https:\/\/cuellarcot.com\/index.php\/que-patologias-tratamos\/traumatologia-fracturas-y-lesiones-deportivas\/#breadcrumb","itemListElement":[{"@type":"ListItem","position":1,"name":"Portada","item":"https:\/\/cuellarcot.com\/"},{"@type":"ListItem","position":2,"name":"\u00bfQU\u00c9 PATOLOG\u00cdAS TRATAMOS?","item":"https:\/\/cuellarcot.com\/index.php\/que-patologias-tratamos\/"},{"@type":"ListItem","position":3,"name":"TRAUMATOLOG\u00cdA &#8211; FRACTURAS Y LESIONES DEPORTIVAS"}]},{"@type":"WebSite","@id":"https:\/\/cuellarcot.com\/#website","url":"https:\/\/cuellarcot.com\/","name":"","description":"Traumatolog\u00eda, Cirug\u00eda ortop\u00e9dica y Artroscopia","potentialAction":[{"@type":"SearchAction","target":{"@type":"EntryPoint","urlTemplate":"https:\/\/cuellarcot.com\/?s={search_term_string}"},"query-input":"required name=search_term_string"}],"inLanguage":"es"}]}},"_links":{"self":[{"href":"https:\/\/cuellarcot.com\/index.php\/wp-json\/wp\/v2\/pages\/1942"}],"collection":[{"href":"https:\/\/cuellarcot.com\/index.php\/wp-json\/wp\/v2\/pages"}],"about":[{"href":"https:\/\/cuellarcot.com\/index.php\/wp-json\/wp\/v2\/types\/page"}],"author":[{"embeddable":true,"href":"https:\/\/cuellarcot.com\/index.php\/wp-json\/wp\/v2\/users\/1"}],"replies":[{"embeddable":true,"href":"https:\/\/cuellarcot.com\/index.php\/wp-json\/wp\/v2\/comments?post=1942"}],"version-history":[{"count":16,"href":"https:\/\/cuellarcot.com\/index.php\/wp-json\/wp\/v2\/pages\/1942\/revisions"}],"predecessor-version":[{"id":2082,"href":"https:\/\/cuellarcot.com\/index.php\/wp-json\/wp\/v2\/pages\/1942\/revisions\/2082"}],"up":[{"embeddable":true,"href":"https:\/\/cuellarcot.com\/index.php\/wp-json\/wp\/v2\/pages\/1739"}],"wp:attachment":[{"href":"https:\/\/cuellarcot.com\/index.php\/wp-json\/wp\/v2\/media?parent=1942"}],"wp:term":[{"taxonomy":"category","embeddable":true,"href":"https:\/\/cuellarcot.com\/index.php\/wp-json\/wp\/v2\/categories?post=1942"},{"taxonomy":"post_tag","embeddable":true,"href":"https:\/\/cuellarcot.com\/index.php\/wp-json\/wp\/v2\/tags?post=1942"}],"curies":[{"name":"wp","href":"https:\/\/api.w.org\/{rel}","templated":true}]}}