{"id":2311,"date":"2025-08-30T16:36:56","date_gmt":"2025-08-30T14:36:56","guid":{"rendered":"https:\/\/cuellarcot.com\/?page_id=2311"},"modified":"2025-08-30T16:36:56","modified_gmt":"2025-08-30T14:36:56","slug":"terapias-regenerativas","status":"publish","type":"page","link":"https:\/\/cuellarcot.com\/index.php\/terapias-regenerativas\/","title":{"rendered":"TERAPIAS REGENERATIVAS"},"content":{"rendered":"<table style=\"border-collapse: collapse; width: 100%;\">\n<tbody>\n<tr>\n<td style=\"width: 33.333333%; text-align: center;\"><strong>GENERALIDADES<\/strong><a href=\"https:\/\/cuellarcot.com\/wp-content\/uploads\/2025\/08\/ORTOBIOLOGICOS-GENERALIDADES.pdf\"><img decoding=\"async\" loading=\"lazy\" class=\"aligncenter\" src=\"https:\/\/cuellarcot.com\/wp-content\/uploads\/2025\/08\/ACTIVIDAD-POR-CONTACTO.png\" alt=\"\" width=\"1506\" height=\"506\"><\/a><\/td>\n<td style=\"width: 33.333333%; text-align: center;\"><strong>ORTHOKINE<\/strong><\/p>\n<p><a href=\"https:\/\/cuellarcot.com\/wp-content\/uploads\/2025\/08\/ORTOBIOLOGICOS-ORTHOKINE.pdf\"><img decoding=\"async\" loading=\"lazy\" class=\"aligncenter\" src=\"https:\/\/cuellarcot.com\/wp-content\/uploads\/2025\/08\/ORTHOKINE.png\" alt=\"\" width=\"1392\" height=\"384\"><\/a><\/td>\n<td style=\"width: 33.333333%; text-align: center;\"><strong>PRP FACTORES<\/strong><\/p>\n<p><a href=\"https:\/\/cuellarcot.com\/wp-content\/uploads\/2025\/08\/ORTOBIOLOGICOS-PRP-FACTORES.pdf\"><img decoding=\"async\" loading=\"lazy\" class=\"aligncenter\" src=\"https:\/\/cuellarcot.com\/wp-content\/uploads\/2025\/08\/PRP-FACTORES.png\" alt=\"\" width=\"138\" height=\"90\"><\/a><\/td>\n<\/tr>\n<\/tbody>\n<\/table>\n","protected":false},"excerpt":{"rendered":"<p>GENERALIDADES ORTHOKINE PRP FACTORES<\/p>\n","protected":false},"author":1,"featured_media":0,"parent":0,"menu_order":0,"comment_status":"closed","ping_status":"closed","template":"","meta":{"_exactmetrics_skip_tracking":false,"_exactmetrics_sitenote_active":false,"_exactmetrics_sitenote_note":"","_exactmetrics_sitenote_category":0,"ngg_post_thumbnail":0},"categories":[],"tags":[],"yoast_head":"<!-- This site is optimized with the Yoast SEO plugin v20.11 - https:\/\/yoast.com\/wordpress\/plugins\/seo\/ -->\n<title>TERAPIAS REGENERATIVAS -<\/title>\n<meta name=\"robots\" content=\"index, follow, max-snippet:-1, max-image-preview:large, max-video-preview:-1\" \/>\n<link rel=\"canonical\" href=\"https:\/\/cuellarcot.com\/index.php\/terapias-regenerativas\/\" \/>\n<meta property=\"og:locale\" content=\"es_ES\" \/>\n<meta property=\"og:type\" content=\"article\" \/>\n<meta property=\"og:title\" content=\"TERAPIAS REGENERATIVAS -\" \/>\n<meta property=\"og:description\" content=\"GENERALIDADES ORTHOKINE PRP FACTORES\" \/>\n<meta property=\"og:url\" content=\"https:\/\/cuellarcot.com\/index.php\/terapias-regenerativas\/\" \/>\n<meta property=\"og:image\" content=\"https:\/\/cuellarcot.com\/wp-content\/uploads\/2025\/08\/ACTIVIDAD-POR-CONTACTO.png\" \/>\n<meta name=\"twitter:card\" content=\"summary_large_image\" \/>\n<meta name=\"twitter:label1\" content=\"Tiempo de lectura\" \/>\n\t<meta name=\"twitter:data1\" content=\"1 minuto\" \/>\n<script type=\"application\/ld+json\" class=\"yoast-schema-graph\">{\"@context\":\"https:\/\/schema.org\",\"@graph\":[{\"@type\":\"WebPage\",\"@id\":\"https:\/\/cuellarcot.com\/index.php\/terapias-regenerativas\/\",\"url\":\"https:\/\/cuellarcot.com\/index.php\/terapias-regenerativas\/\",\"name\":\"TERAPIAS REGENERATIVAS -\",\"isPartOf\":{\"@id\":\"https:\/\/cuellarcot.com\/#website\"},\"datePublished\":\"2025-08-30T14:36:56+00:00\",\"dateModified\":\"2025-08-30T14:36:56+00:00\",\"breadcrumb\":{\"@id\":\"https:\/\/cuellarcot.com\/index.php\/terapias-regenerativas\/#breadcrumb\"},\"inLanguage\":\"es\",\"potentialAction\":[{\"@type\":\"ReadAction\",\"target\":[\"https:\/\/cuellarcot.com\/index.php\/terapias-regenerativas\/\"]}]},{\"@type\":\"BreadcrumbList\",\"@id\":\"https:\/\/cuellarcot.com\/index.php\/terapias-regenerativas\/#breadcrumb\",\"itemListElement\":[{\"@type\":\"ListItem\",\"position\":1,\"name\":\"Portada\",\"item\":\"https:\/\/cuellarcot.com\/\"},{\"@type\":\"ListItem\",\"position\":2,\"name\":\"TERAPIAS REGENERATIVAS\"}]},{\"@type\":\"WebSite\",\"@id\":\"https:\/\/cuellarcot.com\/#website\",\"url\":\"https:\/\/cuellarcot.com\/\",\"name\":\"\",\"description\":\"Traumatolog\u00eda, Cirug\u00eda ortop\u00e9dica y Artroscopia\",\"potentialAction\":[{\"@type\":\"SearchAction\",\"target\":{\"@type\":\"EntryPoint\",\"urlTemplate\":\"https:\/\/cuellarcot.com\/?s={search_term_string}\"},\"query-input\":\"required name=search_term_string\"}],\"inLanguage\":\"es\"}]}<\/script>\n<!-- \/ Yoast SEO plugin. -->","yoast_head_json":{"title":"TERAPIAS REGENERATIVAS -","robots":{"index":"index","follow":"follow","max-snippet":"max-snippet:-1","max-image-preview":"max-image-preview:large","max-video-preview":"max-video-preview:-1"},"canonical":"https:\/\/cuellarcot.com\/index.php\/terapias-regenerativas\/","og_locale":"es_ES","og_type":"article","og_title":"TERAPIAS REGENERATIVAS -","og_description":"GENERALIDADES ORTHOKINE PRP FACTORES","og_url":"https:\/\/cuellarcot.com\/index.php\/terapias-regenerativas\/","og_image":[{"url":"https:\/\/cuellarcot.com\/wp-content\/uploads\/2025\/08\/ACTIVIDAD-POR-CONTACTO.png"}],"twitter_card":"summary_large_image","twitter_misc":{"Tiempo de lectura":"1 minuto"},"schema":{"@context":"https:\/\/schema.org","@graph":[{"@type":"WebPage","@id":"https:\/\/cuellarcot.com\/index.php\/terapias-regenerativas\/","url":"https:\/\/cuellarcot.com\/index.php\/terapias-regenerativas\/","name":"TERAPIAS REGENERATIVAS -","isPartOf":{"@id":"https:\/\/cuellarcot.com\/#website"},"datePublished":"2025-08-30T14:36:56+00:00","dateModified":"2025-08-30T14:36:56+00:00","breadcrumb":{"@id":"https:\/\/cuellarcot.com\/index.php\/terapias-regenerativas\/#breadcrumb"},"inLanguage":"es","potentialAction":[{"@type":"ReadAction","target":["https:\/\/cuellarcot.com\/index.php\/terapias-regenerativas\/"]}]},{"@type":"BreadcrumbList","@id":"https:\/\/cuellarcot.com\/index.php\/terapias-regenerativas\/#breadcrumb","itemListElement":[{"@type":"ListItem","position":1,"name":"Portada","item":"https:\/\/cuellarcot.com\/"},{"@type":"ListItem","position":2,"name":"TERAPIAS REGENERATIVAS"}]},{"@type":"WebSite","@id":"https:\/\/cuellarcot.com\/#website","url":"https:\/\/cuellarcot.com\/","name":"","description":"Traumatolog\u00eda, Cirug\u00eda ortop\u00e9dica y Artroscopia","potentialAction":[{"@type":"SearchAction","target":{"@type":"EntryPoint","urlTemplate":"https:\/\/cuellarcot.com\/?s={search_term_string}"},"query-input":"required name=search_term_string"}],"inLanguage":"es"}]}},"_links":{"self":[{"href":"https:\/\/cuellarcot.com\/index.php\/wp-json\/wp\/v2\/pages\/2311"}],"collection":[{"href":"https:\/\/cuellarcot.com\/index.php\/wp-json\/wp\/v2\/pages"}],"about":[{"href":"https:\/\/cuellarcot.com\/index.php\/wp-json\/wp\/v2\/types\/page"}],"author":[{"embeddable":true,"href":"https:\/\/cuellarcot.com\/index.php\/wp-json\/wp\/v2\/users\/1"}],"replies":[{"embeddable":true,"href":"https:\/\/cuellarcot.com\/index.php\/wp-json\/wp\/v2\/comments?post=2311"}],"version-history":[{"count":1,"href":"https:\/\/cuellarcot.com\/index.php\/wp-json\/wp\/v2\/pages\/2311\/revisions"}],"predecessor-version":[{"id":2318,"href":"https:\/\/cuellarcot.com\/index.php\/wp-json\/wp\/v2\/pages\/2311\/revisions\/2318"}],"wp:attachment":[{"href":"https:\/\/cuellarcot.com\/index.php\/wp-json\/wp\/v2\/media?parent=2311"}],"wp:term":[{"taxonomy":"category","embeddable":true,"href":"https:\/\/cuellarcot.com\/index.php\/wp-json\/wp\/v2\/categories?post=2311"},{"taxonomy":"post_tag","embeddable":true,"href":"https:\/\/cuellarcot.com\/index.php\/wp-json\/wp\/v2\/tags?post=2311"}],"curies":[{"name":"wp","href":"https:\/\/api.w.org\/{rel}","templated":true}]}}