{"id":265,"date":"2017-11-22T02:46:03","date_gmt":"2017-11-22T01:46:03","guid":{"rendered":"http:\/\/cuellarcot.com\/?page_id=265"},"modified":"2018-11-01T19:16:34","modified_gmt":"2018-11-01T18:16:34","slug":"cursos-rodilla","status":"publish","type":"page","link":"https:\/\/cuellarcot.com\/index.php\/sobre-nosotros\/dr-ricardo-cuellar-gutierrez\/cursos-realizados\/cursos-rodilla\/","title":{"rendered":"Cursos rodilla"},"content":{"rendered":"<ul>\n<li><span style=\"color: #000000;\"><strong>Curso Internacional de Cirug\u00eda de la Rodilla.<\/strong> Barcelona; marzo de 1991.<\/span><\/li>\n<li><span style=\"color: #000000;\"><strong>Worshop on the reconstruction of the knee ligaments. <\/strong>Laboratorio de Biomec\u00e1nica de la Universidad de Leeds (Inglaterra), mayo de 1992.<\/span><\/li>\n<li><span style=\"color: #000000;\"><strong>\u201cCurso on-line de pr\u00f3tesis totales de rodilla\u201d. <\/strong>Departamento M\u00e9dico de Sofmed; febrero de 2006. 4,1 cr\u00e9ditos C.F.C..<\/span><\/li>\n<li><span style=\"color: #000000;\"><strong>I Curso B\u00e1sico de Artroscopia -rodilla y hombro- (profesor). <\/strong>Hospital de Basurto \u2013 Unidad Docente de la Facultad de Medicina; Bilbao, 6 de junio de 2008.<\/span><\/li>\n<li><span style=\"color: #000000;\"><strong><a href=\"http:\/\/cuellarcot.com\/wp-content\/uploads\/2018\/10\/amu7kwdl.bmp\" target=\"_blank\" rel=\"noopener\"><span style=\"color: #0000ff;\">Curso de Formaci\u00f3n de la Asociaci\u00f3n Espa\u00f1ola de Artroscopia en Anatom\u00eda Artrosc\u00f3pica de Rodilla.<\/span><\/a> <\/strong>Departamento de Anatom\u00eda y Medicina Legal; Facultad de Medicina; Universidad de M\u00e1laga; 21 de mayo de 2009. (Director y profesor). Acreditado 1,7 cr\u00e9ditos. C.F.C. (9,50 horas lectivas).<\/span><\/li>\n<li><span style=\"color: #000000;\"><strong>Curso de Formaci\u00f3n de la Asociaci\u00f3n Espa\u00f1ola de Artroscopia en Anatom\u00eda Artrosc\u00f3pica de Rodilla y Hombro. <\/strong>Centro Tecnol\u00f3gico de formaci\u00f3n Fundaci\u00f3n del complejo hospitalario Universitario de La Coru\u00f1a. 10-11 de septiembre de 2009. (profesor). Acreditado 1,7 cr\u00e9ditos C.F.C. (9,50 horas lectivas).<\/span><\/li>\n<li><span style=\"color: #000000;\"><strong>14th Congreso ESSKA (European Society of Sports Traumatology, Knee Surgery and Arthroscopy). <\/strong>Oslo 9-12 de junio de 2010. Acreditado 18,0 cr\u00e9ditos europeos E.C.M.E.C. (18 horas lectivas).<\/span><\/li>\n<li><span style=\"color: #000000;\"><strong>Curso de Formaci\u00f3n de la Asociaci\u00f3n Espa\u00f1ola de Artroscopia en Anatom\u00eda Artrosc\u00f3pica de Rodilla. <\/strong>Sala de Disecci\u00f3n; Facultad de Medicina; Universidad Bellvitge de Hospitalet de Llobregat, Barcelona; 28 de octubre de 2010. Profesor. Acreditado 5,7 cr\u00e9ditos. C.F.C..<\/span><\/li>\n<li><span style=\"color: #000000;\"><strong>Jornadas Internacionales de Cirug\u00eda artrosc\u00f3pica. El menisco. <\/strong>M\u00e1laga; 15 y 16 de junio de 2011. Asistencia. Acreditado 2,1 cr\u00e9ditos. C.F.C. (13,5 horas lectivas).<\/span><\/li>\n<li><span style=\"color: #000000;\"><strong>Jornada de Actualizaci\u00f3n en reconstrucci\u00f3n de Ligamento Cruzado Anterior.<\/strong> Hospital Ram\u00f3n y Cajal. Madrid, 23 de septiembre de 2011. Profesor. (6 horas lectivas).<\/span><\/li>\n<li><span style=\"color: #000000;\"><strong>Curso \u201cPerfeccionamiento en Artroscopia de rodilla y hombro. Cadaver Lab.\u201d. Profesor. (14 horas lectivas).<\/strong> Surgical Skills Centre, York (U.K.) 17-18, octubre, 2011.<\/span><\/li>\n<li><span style=\"color: #000000;\"><strong><a href=\"http:\/\/cuellarcot.com\/wp-content\/uploads\/2018\/10\/pphkg098.bmp\" target=\"_blank\" rel=\"noopener\"><span style=\"color: #0000ff;\">Curso de Cirug\u00eda Artrosc\u00f3pica Avanzada de Rodilla (Director y profesor).<\/span><\/a> <\/strong>Hospital Donostia &#8211; Osakidetza; 23 y 24 de febrero, 2012. Acreditado 2,3 cr\u00e9ditos (n\u00ba registro 051\/12 C.F.C..<\/span><\/li>\n<li><span style=\"color: #000000;\"><span style=\"color: #0000ff;\"><a style=\"color: #0000ff;\" href=\"http:\/\/cuellarcot.com\/wp-content\/uploads\/2018\/10\/wdl4k45f.bmp\" target=\"_blank\" rel=\"noopener\"><strong>I Laboratorio de Cirug\u00eda Artrosc\u00f3pica en cad\u00e1ver: T\u00e9cnicas de Rodilla (Director y profesor).<\/strong><\/a> <\/span>Dpto de cirug\u00eda y Radiolog\u00eda y Medicina F\u00edsica de la Universidad del Pa\u00eds Vasco; 25 de febrero, 2012. Acreditado 1 cr\u00e9dito (n\u00ba registro 698\/11) C.F.C..<\/span><\/li>\n<li><span style=\"color: #000000;\"><strong>1er Congreso Conjunto de la Asociaci\u00f3n Espa\u00f1ola de Artroscopia y Sociedad Espa\u00f1ola de Rodilla (Presidente organizador). <\/strong>San Sebasti\u00e1n; 24,25,26 y 27 de abril de 2013. Asistencia. Acreditado 3 cr\u00e9ditos. C.F.C. (n\u00ba confirmation:273\/13).<\/span><\/li>\n<li><span style=\"color: #000000;\"><strong>Curso avanzado de perfeccionamiento en artroscopia de rodilla y hombro.<\/strong> Facultad de Medicina. Universidad de Barcelona (Campus Casanova). Profesor\/ponente. Barcelona 28 y 29 de mayo de 2013. (14 horas lectivas).<\/span><\/li>\n<li><span style=\"color: #000000;\"><strong>Jornada Quir\u00fargica: \u00abPr\u00f3tesis de rodilla Apex. Navegador Praxim\u00bb. (Organizador, profesor).<\/strong> Hospital Universitario Donostia, 23 de enero de 2014 (7 horas lectivas).<\/span><\/li>\n<li><span style=\"color: #000000;\"><a href=\"http:\/\/cuellarcot.com\/wp-content\/uploads\/2018\/10\/xl47mtf4.bmp\" target=\"_blank\" rel=\"noopener\"><strong><span style=\"color: #0000ff;\">III Laboratorio de Cirug\u00eda Artrosc\u00f3pica en cad\u00e1ver: T\u00e9cnicas de Artroscopia de Rodilla (Director y profesor).<\/span><\/strong><\/a> Dpto de cirug\u00eda y Radiolog\u00eda y Medicina F\u00edsica de la Universidad del Pa\u00eds Vasco; 27 y 28 de febrero, 2014. Acreditado 1,9 cr\u00e9ditos (n\u00ba registro 779\/13) C.F.C..<\/span><\/li>\n<li><span style=\"color: #000000;\"><strong>16th ESSKA Congress (European Society of Sports Traumatology, Knee Surgery and Arthroscopy. <\/strong>\u00c1msterdam, Holanda; 14-17 de mayo de 2014. Acreditado 21,0 cr\u00e9ditos europeos E.C.M.E.C. (18 horas lectivas).<\/span><\/li>\n<li><span style=\"color: #000000;\"><strong>3er Congreso Conjunto de la Asociaci\u00f3n Espa\u00f1ola de Artroscopia y Sociedad Espa\u00f1ola de Rodilla.<\/strong> Madrid; 22,23,24 de abril de 2015. Asistencia. Acreditado cr\u00e9ditos. C.F.C. (n\u00ba expediente: ).<\/span><\/li>\n<li><span style=\"color: #000000;\"><strong>Gij\u00f3n Knee Sports Meeting.<\/strong> 15-16, octubre 2015. Gij\u00f3n. Asturias. Acreditado 1,8 cr\u00e9ditos. C.F.C. (n\u00ba expediente: 537\/15).<\/span><\/li>\n<li><span style=\"color: #000000;\"><strong>17th ESSKA Congress (European Society of Sports Traumatology, Knee Surgery and Arthroscopy).<\/strong> Barcelona; 2 (monitor de cad\u00e1ver lab), 4-7 de mayo de 2016. Acreditado 3 E.C.M.E.C..<\/span><\/li>\n<li><span style=\"color: #000000;\"><span style=\"color: #0000ff;\"><a style=\"color: #0000ff;\" href=\"http:\/\/cuellarcot.com\/wp-content\/uploads\/2018\/10\/5gnpho66.bmp\" target=\"_blank\" rel=\"noopener\"><strong>V Laboratorio de Cirug\u00eda en cad\u00e1ver: T\u00e9cnicas de Artroscopia de Rodilla<\/strong>.<\/a><\/span> Facultad de Medicina y Odontolog\u00eda de la Universidad del Pa\u00eds Vasco, 11 y 12 de Febrero de 2016.<\/span><\/li>\n<li><span style=\"font-family: Helvetica, Sylfaen, sans-serif;\"><span style=\"font-family: Arial, sans-serif;\"><strong><span style=\"color: #000000;\">Curso Extremidad Inferior del Plan Nacional de formaci\u00f3n en artroscopia (director y monitor).<\/span><\/strong> <span style=\"color: #000000;\">Universidad Complutense de Madrid; 21 y 22 de septiembre de 2016 (equivalente a 18 horas lectivas).<\/span><\/span><\/span><\/li>\n<li><span style=\"font-family: Helvetica, Sylfaen, sans-serif;\"><span style=\"font-family: Arial, sans-serif; color: #000000;\"><strong>4\u00ba Congreso Conjunto de la Asociaci\u00f3n Espa\u00f1ola de Artroscopia y Sociedad Espa\u00f1ola de Rodilla.<\/strong> Bilbao, 9-11 de noviembre de 2016. Asistencia y ponencia. Acreditado 1,7 cr\u00e9ditos (n\u00ba expediente A7-AFOC-00285.5\/2017) C.F.C..<\/span><\/span><\/li>\n<li><span style=\"font-family: Helvetica, Sylfaen, sans-serif; color: #000000;\"><span style=\"font-family: Arial, sans-serif;\"><strong><span style=\"color: #000000;\">5\u00ba Congreso Conjunto de la Asociaci\u00f3n Espa\u00f1ola de Artroscopia y Sociedad Espa\u00f1ola de Rodilla.<\/span><\/strong> Alicante, 17-19 de mayo de 2017. Asistencia y ponencia.<\/span><span style=\"font-family: Arial, sans-serif;\"> Acreditado 3,2 cr\u00e9ditos (n\u00ba expediente A7-AFOC-01407.7\/2017) C.F.C..<\/span><\/span><\/li>\n<li><span style=\"font-family: Helvetica, Sylfaen, sans-serif; color: #000000;\"><span style=\"font-family: Arial, sans-serif;\"><span lang=\"en-US\"><strong>Gij\u00f3n Knee Sports Meeting<\/strong>. 1<\/span><\/span><span style=\"font-family: Arial, sans-serif;\"><span lang=\"en-US\">9-20, octubre 2017. <\/span><\/span><span style=\"font-family: Arial, sans-serif;\">Gij\u00f3n. Asturias.<\/span><span style=\"font-family: Arial, sans-serif;\"> Acreditado 2,1 cr\u00e9ditos. C.F.C.<\/span><span style=\"font-family: Arial, sans-serif;\"> (n\u00ba expediente: 427\/17).<\/span><\/span><\/li>\n<li><span style=\"font-family: Helvetica, Sylfaen, sans-serif; color: #000000;\"><strong><span style=\"font-family: Arial, sans-serif;\"><span lang=\"en-GB\">7th<\/span><\/span><\/strong><span style=\"font-family: Arial, sans-serif;\"><span lang=\"en-GB\"><strong> Advanced Course on Knee Surgery.<\/strong> <\/span><\/span><span style=\"font-family: Arial, sans-serif;\">Conference Centre, Val D\u2019Is\u00e8re, Francia. <\/span><span style=\"font-family: Arial, sans-serif;\"><span lang=\"es-ES\">14<\/span><\/span><span style=\"font-family: Arial, sans-serif;\"> &#8211; <\/span><span style=\"font-family: Arial, sans-serif;\"><span lang=\"es-ES\">18<\/span><\/span><span style=\"font-family: Arial, sans-serif;\"> de enero de 2017. (30 horas lectivas).<\/span><\/span><\/li>\n<li><span style=\"color: #000000;\"><span style=\"color: #000000;\"><a href=\"http:\/\/cuellarcot.com\/wp-content\/uploads\/2018\/10\/xaf0wapq.bmp\" target=\"_blank\" rel=\"noopener\"><strong><span style=\"color: #0000ff;\"><span style=\"text-decoration: underline;\">VII Laboratorio de Cirug\u00eda en T\u00e9cnicas de Artroscopia:<\/span><\/span><span style=\"text-decoration: underline;\"> <span style=\"color: #0000ff; text-decoration: underline;\">Rodilla (Director y profesor)<\/span>.<\/span><\/strong><\/a>Facultad de Medicina y Enfermer\u00eda de la Universidad del Pa\u00eds Vasco, 22 y 23 de Febrero de 2018. <\/span><\/span><span style=\"font-family: Helvetica, Sylfaen, sans-serif; color: #000000;\"><span style=\"font-family: Arial, sans-serif;\">Acreditado <\/span><span style=\"font-family: Arial, sans-serif;\"><span lang=\"es-ES\">2<\/span><\/span><span style=\"font-family: Arial, sans-serif;\"> cr\u00e9ditos (n\u00ba registro <\/span><span style=\"font-family: Arial, sans-serif;\"><span lang=\"es-ES\">907<\/span><\/span><span style=\"font-family: Arial, sans-serif;\">\/17) C.F.C..<\/span><\/span><\/li>\n<li><span style=\"color: #000000;\"><span style=\"font-family: Helvetica, Sylfaen, sans-serif;\"><span style=\"text-decoration: underline;\"><strong><span style=\"color: #0000ff; text-decoration: underline;\"><span style=\"font-family: Arial, sans-serif;\"><span lang=\"es-ES\">I<\/span><\/span><span style=\"font-family: Arial, sans-serif;\">I Laboratorio de Cirug\u00eda <\/span><span style=\"font-family: Arial, sans-serif;\"><span lang=\"es-ES\">en<\/span><\/span><span style=\"font-family: Arial, sans-serif;\"> T\u00e9cnicas de Artrop<\/span><span style=\"font-family: Arial, sans-serif;\"><span lang=\"es-ES\">last<\/span><\/span><span style=\"font-family: Arial, sans-serif;\">ia<\/span><span style=\"font-family: Arial, sans-serif;\"><span lang=\"es-ES\">:<\/span><\/span> <span style=\"font-family: Arial, sans-serif;\"><span lang=\"es-ES\">Rodilla<\/span><\/span><\/span><\/strong><\/span><span style=\"font-family: Arial, sans-serif;\"><span style=\"text-decoration: underline;\"><strong><span style=\"color: #0000ff; text-decoration: underline;\"> (Director y profesor).<\/span><\/strong><\/span> 2<\/span><span style=\"font-family: Arial, sans-serif;\"><span lang=\"es-ES\">4<\/span><\/span><span style=\"font-family: Arial, sans-serif;\"> de febrero, 201<\/span><span style=\"font-family: Arial, sans-serif;\"><span lang=\"es-ES\">8<\/span><\/span><span style=\"font-family: Arial, sans-serif;\">. Acreditado <\/span><span style=\"font-family: Arial, sans-serif;\"><span lang=\"es-ES\">0,9<\/span><\/span><span style=\"font-family: Arial, sans-serif;\"> cr\u00e9ditos (n\u00ba registro <\/span><span style=\"font-family: Arial, sans-serif;\"><span lang=\"es-ES\">908<\/span><\/span><span style=\"font-family: Arial, sans-serif;\">\/17) C.F.C..<\/span><\/span><span style=\"font-family: Helvetica, Sylfaen, sans-serif;\"><span style=\"font-family: Arial, sans-serif;\">Dpto de Cirug\u00eda y Radiolog\u00eda y Medicina F\u00edsica de la Universidad del Pa\u00eds Vasco<\/span><span style=\"font-family: Arial, sans-serif;\"><span lang=\"es-ES\">.<\/span><\/span><\/span><\/span><\/li>\n<li><span style=\"font-family: Helvetica, Sylfaen, sans-serif; color: #000000;\"><strong><span lang=\"en-US\">18<\/span><sup><span lang=\"en-US\">th<\/span><\/sup><span lang=\"en-US\"> ESSKA Congress <\/span><span style=\"font-family: Arial, sans-serif;\"><span lang=\"en-GB\">(European Society of Sports Traumatology, Knee Surgery and Arthroscopy)<\/span><\/span><span lang=\"en-US\">. <\/span><\/strong><span lang=\"es-ES\">Glasgow<\/span>; <span lang=\"es-ES\">9<\/span>&#8211;<span lang=\"es-ES\">12<\/span> de mayo de 201<span lang=\"es-ES\">8<\/span>.<span style=\"font-family: Arial, sans-serif;\"> Acreditado <\/span><span style=\"font-family: Arial, sans-serif;\"><span lang=\"es-ES\">11<\/span><\/span><span style=\"font-family: Arial, sans-serif;\"> E.C.M.E.C.<\/span><span style=\"font-family: Arial, sans-serif;\">.<\/span><\/span><\/li>\n<\/ul>\n<p>&nbsp;<\/p>\n","protected":false},"excerpt":{"rendered":"<p>Curso Internacional de Cirug\u00eda de la Rodilla. Barcelona; marzo de 1991. Worshop on the reconstruction of the knee ligaments. Laboratorio de Biomec\u00e1nica de la Universidad de Leeds (Inglaterra), mayo de 1992. \u201cCurso on-line de pr\u00f3tesis totales de rodilla\u201d. Departamento M\u00e9dico de Sofmed; febrero de 2006. 4,1 cr\u00e9ditos C.F.C.. I Curso B\u00e1sico de Artroscopia -rodilla y [&hellip;]<\/p>\n","protected":false},"author":1,"featured_media":0,"parent":242,"menu_order":0,"comment_status":"closed","ping_status":"closed","template":"","meta":{"_exactmetrics_skip_tracking":false,"_exactmetrics_sitenote_active":false,"_exactmetrics_sitenote_note":"","_exactmetrics_sitenote_category":0,"ngg_post_thumbnail":0},"categories":[19],"tags":[8,10,12,11],"yoast_head":"<!-- This site is optimized with the Yoast SEO plugin v20.11 - https:\/\/yoast.com\/wordpress\/plugins\/seo\/ -->\n<title>Cursos rodilla -<\/title>\n<meta name=\"robots\" content=\"index, follow, max-snippet:-1, max-image-preview:large, max-video-preview:-1\" \/>\n<link rel=\"canonical\" href=\"https:\/\/cuellarcot.com\/index.php\/sobre-nosotros\/dr-ricardo-cuellar-gutierrez\/cursos-realizados\/cursos-rodilla\/\" \/>\n<meta property=\"og:locale\" content=\"es_ES\" \/>\n<meta property=\"og:type\" content=\"article\" \/>\n<meta property=\"og:title\" content=\"Cursos rodilla -\" \/>\n<meta property=\"og:description\" content=\"Curso Internacional de Cirug\u00eda de la Rodilla. Barcelona; marzo de 1991. Worshop on the reconstruction of the knee ligaments. Laboratorio de Biomec\u00e1nica de la Universidad de Leeds (Inglaterra), mayo de 1992. \u201cCurso on-line de pr\u00f3tesis totales de rodilla\u201d. Departamento M\u00e9dico de Sofmed; febrero de 2006. 4,1 cr\u00e9ditos C.F.C.. I Curso B\u00e1sico de Artroscopia -rodilla y [&hellip;]\" \/>\n<meta property=\"og:url\" content=\"https:\/\/cuellarcot.com\/index.php\/sobre-nosotros\/dr-ricardo-cuellar-gutierrez\/cursos-realizados\/cursos-rodilla\/\" \/>\n<meta property=\"article:modified_time\" content=\"2018-11-01T18:16:34+00:00\" \/>\n<meta name=\"twitter:card\" content=\"summary_large_image\" \/>\n<meta name=\"twitter:label1\" content=\"Tiempo de lectura\" \/>\n\t<meta name=\"twitter:data1\" content=\"4 minutos\" \/>\n<script type=\"application\/ld+json\" class=\"yoast-schema-graph\">{\"@context\":\"https:\/\/schema.org\",\"@graph\":[{\"@type\":\"WebPage\",\"@id\":\"https:\/\/cuellarcot.com\/index.php\/sobre-nosotros\/dr-ricardo-cuellar-gutierrez\/cursos-realizados\/cursos-rodilla\/\",\"url\":\"https:\/\/cuellarcot.com\/index.php\/sobre-nosotros\/dr-ricardo-cuellar-gutierrez\/cursos-realizados\/cursos-rodilla\/\",\"name\":\"Cursos rodilla -\",\"isPartOf\":{\"@id\":\"https:\/\/cuellarcot.com\/#website\"},\"datePublished\":\"2017-11-22T01:46:03+00:00\",\"dateModified\":\"2018-11-01T18:16:34+00:00\",\"breadcrumb\":{\"@id\":\"https:\/\/cuellarcot.com\/index.php\/sobre-nosotros\/dr-ricardo-cuellar-gutierrez\/cursos-realizados\/cursos-rodilla\/#breadcrumb\"},\"inLanguage\":\"es\",\"potentialAction\":[{\"@type\":\"ReadAction\",\"target\":[\"https:\/\/cuellarcot.com\/index.php\/sobre-nosotros\/dr-ricardo-cuellar-gutierrez\/cursos-realizados\/cursos-rodilla\/\"]}]},{\"@type\":\"BreadcrumbList\",\"@id\":\"https:\/\/cuellarcot.com\/index.php\/sobre-nosotros\/dr-ricardo-cuellar-gutierrez\/cursos-realizados\/cursos-rodilla\/#breadcrumb\",\"itemListElement\":[{\"@type\":\"ListItem\",\"position\":1,\"name\":\"Portada\",\"item\":\"https:\/\/cuellarcot.com\/\"},{\"@type\":\"ListItem\",\"position\":2,\"name\":\"Sobre nosotros\",\"item\":\"https:\/\/cuellarcot.com\/index.php\/sobre-nosotros\/\"},{\"@type\":\"ListItem\",\"position\":3,\"name\":\"Dr. Ricardo Cu\u00e9llar Gutierrez\",\"item\":\"https:\/\/cuellarcot.com\/index.php\/sobre-nosotros\/dr-ricardo-cuellar-gutierrez\/\"},{\"@type\":\"ListItem\",\"position\":4,\"name\":\"Cursos Realizados Dr. Ricardo Cu\u00e9llar\",\"item\":\"https:\/\/cuellarcot.com\/index.php\/sobre-nosotros\/dr-ricardo-cuellar-gutierrez\/cursos-realizados\/\"},{\"@type\":\"ListItem\",\"position\":5,\"name\":\"Cursos rodilla\"}]},{\"@type\":\"WebSite\",\"@id\":\"https:\/\/cuellarcot.com\/#website\",\"url\":\"https:\/\/cuellarcot.com\/\",\"name\":\"\",\"description\":\"Traumatolog\u00eda, Cirug\u00eda ortop\u00e9dica y Artroscopia\",\"potentialAction\":[{\"@type\":\"SearchAction\",\"target\":{\"@type\":\"EntryPoint\",\"urlTemplate\":\"https:\/\/cuellarcot.com\/?s={search_term_string}\"},\"query-input\":\"required name=search_term_string\"}],\"inLanguage\":\"es\"}]}<\/script>\n<!-- \/ Yoast SEO plugin. -->","yoast_head_json":{"title":"Cursos rodilla -","robots":{"index":"index","follow":"follow","max-snippet":"max-snippet:-1","max-image-preview":"max-image-preview:large","max-video-preview":"max-video-preview:-1"},"canonical":"https:\/\/cuellarcot.com\/index.php\/sobre-nosotros\/dr-ricardo-cuellar-gutierrez\/cursos-realizados\/cursos-rodilla\/","og_locale":"es_ES","og_type":"article","og_title":"Cursos rodilla -","og_description":"Curso Internacional de Cirug\u00eda de la Rodilla. Barcelona; marzo de 1991. Worshop on the reconstruction of the knee ligaments. Laboratorio de Biomec\u00e1nica de la Universidad de Leeds (Inglaterra), mayo de 1992. \u201cCurso on-line de pr\u00f3tesis totales de rodilla\u201d. Departamento M\u00e9dico de Sofmed; febrero de 2006. 4,1 cr\u00e9ditos C.F.C.. I Curso B\u00e1sico de Artroscopia -rodilla y [&hellip;]","og_url":"https:\/\/cuellarcot.com\/index.php\/sobre-nosotros\/dr-ricardo-cuellar-gutierrez\/cursos-realizados\/cursos-rodilla\/","article_modified_time":"2018-11-01T18:16:34+00:00","twitter_card":"summary_large_image","twitter_misc":{"Tiempo de lectura":"4 minutos"},"schema":{"@context":"https:\/\/schema.org","@graph":[{"@type":"WebPage","@id":"https:\/\/cuellarcot.com\/index.php\/sobre-nosotros\/dr-ricardo-cuellar-gutierrez\/cursos-realizados\/cursos-rodilla\/","url":"https:\/\/cuellarcot.com\/index.php\/sobre-nosotros\/dr-ricardo-cuellar-gutierrez\/cursos-realizados\/cursos-rodilla\/","name":"Cursos rodilla -","isPartOf":{"@id":"https:\/\/cuellarcot.com\/#website"},"datePublished":"2017-11-22T01:46:03+00:00","dateModified":"2018-11-01T18:16:34+00:00","breadcrumb":{"@id":"https:\/\/cuellarcot.com\/index.php\/sobre-nosotros\/dr-ricardo-cuellar-gutierrez\/cursos-realizados\/cursos-rodilla\/#breadcrumb"},"inLanguage":"es","potentialAction":[{"@type":"ReadAction","target":["https:\/\/cuellarcot.com\/index.php\/sobre-nosotros\/dr-ricardo-cuellar-gutierrez\/cursos-realizados\/cursos-rodilla\/"]}]},{"@type":"BreadcrumbList","@id":"https:\/\/cuellarcot.com\/index.php\/sobre-nosotros\/dr-ricardo-cuellar-gutierrez\/cursos-realizados\/cursos-rodilla\/#breadcrumb","itemListElement":[{"@type":"ListItem","position":1,"name":"Portada","item":"https:\/\/cuellarcot.com\/"},{"@type":"ListItem","position":2,"name":"Sobre nosotros","item":"https:\/\/cuellarcot.com\/index.php\/sobre-nosotros\/"},{"@type":"ListItem","position":3,"name":"Dr. Ricardo Cu\u00e9llar Gutierrez","item":"https:\/\/cuellarcot.com\/index.php\/sobre-nosotros\/dr-ricardo-cuellar-gutierrez\/"},{"@type":"ListItem","position":4,"name":"Cursos Realizados Dr. Ricardo Cu\u00e9llar","item":"https:\/\/cuellarcot.com\/index.php\/sobre-nosotros\/dr-ricardo-cuellar-gutierrez\/cursos-realizados\/"},{"@type":"ListItem","position":5,"name":"Cursos rodilla"}]},{"@type":"WebSite","@id":"https:\/\/cuellarcot.com\/#website","url":"https:\/\/cuellarcot.com\/","name":"","description":"Traumatolog\u00eda, Cirug\u00eda ortop\u00e9dica y Artroscopia","potentialAction":[{"@type":"SearchAction","target":{"@type":"EntryPoint","urlTemplate":"https:\/\/cuellarcot.com\/?s={search_term_string}"},"query-input":"required name=search_term_string"}],"inLanguage":"es"}]}},"_links":{"self":[{"href":"https:\/\/cuellarcot.com\/index.php\/wp-json\/wp\/v2\/pages\/265"}],"collection":[{"href":"https:\/\/cuellarcot.com\/index.php\/wp-json\/wp\/v2\/pages"}],"about":[{"href":"https:\/\/cuellarcot.com\/index.php\/wp-json\/wp\/v2\/types\/page"}],"author":[{"embeddable":true,"href":"https:\/\/cuellarcot.com\/index.php\/wp-json\/wp\/v2\/users\/1"}],"replies":[{"embeddable":true,"href":"https:\/\/cuellarcot.com\/index.php\/wp-json\/wp\/v2\/comments?post=265"}],"version-history":[{"count":7,"href":"https:\/\/cuellarcot.com\/index.php\/wp-json\/wp\/v2\/pages\/265\/revisions"}],"predecessor-version":[{"id":1209,"href":"https:\/\/cuellarcot.com\/index.php\/wp-json\/wp\/v2\/pages\/265\/revisions\/1209"}],"up":[{"embeddable":true,"href":"https:\/\/cuellarcot.com\/index.php\/wp-json\/wp\/v2\/pages\/242"}],"wp:attachment":[{"href":"https:\/\/cuellarcot.com\/index.php\/wp-json\/wp\/v2\/media?parent=265"}],"wp:term":[{"taxonomy":"category","embeddable":true,"href":"https:\/\/cuellarcot.com\/index.php\/wp-json\/wp\/v2\/categories?post=265"},{"taxonomy":"post_tag","embeddable":true,"href":"https:\/\/cuellarcot.com\/index.php\/wp-json\/wp\/v2\/tags?post=265"}],"curies":[{"name":"wp","href":"https:\/\/api.w.org\/{rel}","templated":true}]}}