{"id":273,"date":"2017-11-22T03:17:29","date_gmt":"2017-11-22T02:17:29","guid":{"rendered":"http:\/\/cuellarcot.com\/?page_id=273"},"modified":"2018-11-01T19:17:44","modified_gmt":"2018-11-01T18:17:44","slug":"cursos-cadera","status":"publish","type":"page","link":"https:\/\/cuellarcot.com\/index.php\/sobre-nosotros\/dr-ricardo-cuellar-gutierrez\/cursos-realizados\/cursos-cadera\/","title":{"rendered":"Cursos cadera"},"content":{"rendered":"<p><span style=\"color: #000000;\">Cursos de traumatolog\u00eda, cirug\u00eda y artroscopia en cadera, impartidos y realizados por los miembros de cuellar.com, en el transcurso de su trayectoria profesional<\/span><\/p>\n<p>&nbsp;<\/p>\n<ul>\n<li><span style=\"color: #000000;\"><strong>Surgical skills cadaveric training: Cadaveric training on advanced and restorative techniques of hip arthroscopy; Labral lesions repair &amp; associated instability, Arthroscopic management of impingement, Arthroscopic treatment of a snapping hip. <\/strong>Arthrex Learning Center; Naples-Florida; 2-3 de octubre de 2007.<\/span><\/li>\n<li><span style=\"color: #000000;\"><strong>Curso \u201cAdvances in Hip Arthroscopy\u201d (16 horas).<\/strong> Par\u00eds 19 y 20 de mayo de 2008.<strong><br \/>\n<\/strong><\/span><\/li>\n<li><span style=\"color: #000000;\"><strong>Simposio de Cirug\u00eda Artrosc\u00f3pica de Cadera.<\/strong> Hospital la Malva-Rosa. Valencia; 13 de junio de 2008.<\/span><\/li>\n<li><span style=\"color: #000000;\"><strong>Curso de Formaci\u00f3n de la Asociaci\u00f3n Espa\u00f1ola de Artroscopia en Anatom\u00eda Artrosc\u00f3pica de Cadera.<\/strong><\/span><\/li>\n<li><span style=\"color: #000000;\"><strong>2\u00ba Curso de Artroscopia de Cadera. <\/strong>Cl\u00ednica Sagrada Familia, Barcelona. 4-5 de febrero de 2010.<\/span><\/li>\n<li><span style=\"color: #000000;\"><strong>Jornada de Artroscopia de Cadera. <\/strong>Oviedo 19 de marzo de 2010. (8 horas lectivas).<strong><br \/>\n<\/strong><\/span><\/li>\n<li><span style=\"color: #000000;\"><strong>Jornada de Cirug\u00eda de Cadera en el adulto joven (5\u00aa edici\u00f3n).<\/strong> Hospital Infanta Leonor. Madrid 25 y 26 de marzo de 2010. Acreditado 1,3 cr\u00e9ditos C.F.C. (10 horas lectivas).<\/span><\/li>\n<li><span style=\"color: #000000;\"><strong><span style=\"color: #0000ff;\"><a style=\"color: #0000ff;\" href=\"http:\/\/cuellarcot.com\/wp-content\/uploads\/2018\/10\/ltusnt85.bmp\" target=\"_blank\" rel=\"noopener\">Curso de Cirug\u00eda Artrosc\u00f3pica Avanzada de Cadera (Director y profesor)<\/a>.<\/span> <\/strong>Hospital Donostia &#8211; Osakidetza; 25 y 26 de noviembre, 2010. Acreditado 3,7 cr\u00e9ditos. C.F.C..<strong><br \/>\n<\/strong><\/span><\/li>\n<li><span style=\"color: #000000;\"><strong>Curso de Formaci\u00f3n de la Asociaci\u00f3n Espa\u00f1ola de Artroscopia en Anatom\u00eda Artrosc\u00f3pica de Cadera. <\/strong><\/span><\/li>\n<li><span style=\"color: #000000;\"><strong>Curso de Formaci\u00f3n de la Asociaci\u00f3n Espa\u00f1ola de Artroscopia en Anatom\u00eda Artrosc\u00f3pica de Cadera. <\/strong><\/span><\/li>\n<li><span style=\"color: #000000;\"><strong>Laboratorio de Anatom\u00eda; <\/strong>Facultad de Medicina; Universidad de Valencia; 9 de septiembre de 2011. Profesor. Acreditado 3,8 cr\u00e9ditos. C.F.C. (18,5 horas lectivas).<\/span><\/li>\n<li><span style=\"color: #000000;\"><strong>I Foro de Cirug\u00eda Ortop\u00e9dica y Traumatolog\u00eda avanzada: CADERA.<\/strong> Laboratorio de habilidades quir\u00fargicas, Facultad de Medicina. Universidad CEU San Pablo, Boadilla-Madrid. 10-11 de noviembre de 2011. Profesor. (7 horas lectivas).<\/span><\/li>\n<li><span style=\"color: #000000;\"><strong>III Master Class en Cirug\u00eda Artrosc\u00f3pica de cadera.<\/strong> Cl\u00ednica USP San Jos\u00e9, Madrid, 18 de noviembre de 2011 (7 horas lectivas).<\/span><\/li>\n<li><span style=\"color: #000000;\"><strong>Jornada de Cirug\u00eda de Cadera en el adulto joven (7\u00aa edici\u00f3n).<\/strong> Hospital Infanta Leonor. Madrid 22 y 23 de marzo de 2012. Acreditado 2 cr\u00e9ditos C.F.C. (14 horas lectivas).<\/span><\/li>\n<li><span style=\"color: #000000;\"><strong>II Foro de Cirug\u00eda Ortop\u00e9dica y Traumatolog\u00eda avanzada: CADERA.<\/strong> Laboratorio de habilidades quir\u00fargicas, Facultad de Medicina. Universidad CEU San Pablo, Boadilla-Madrid. 26-27 de abril de 2012. Profesor. (7 horas lectivas).<\/span><\/li>\n<li><span style=\"color: #000000;\"><strong>Curso de Cirug\u00eda Avanzada en cad\u00e1ver: CADERA.<\/strong> Laboratorio de habilidades quir\u00fargicas, Facultad de Medicina. Universidad CEU San Pablo, Boadilla-Madrid. 11,12 de junio de 2012. Profesor-Monitor (11 horas lectivas).<\/span><\/li>\n<li><span style=\"color: #000000;\"><strong>Curso Barcelona HIP Artrhoscopy.<\/strong> Aula Instituto Margalet y Hospital Tres Torres, Barcelona, 20-21 de septiembre de 2012. Profesor-Monitor (16 horas lectivas).<\/span><\/li>\n<li><span style=\"color: #000000;\"><strong>Curso de Formaci\u00f3n de la Asociaci\u00f3n Espa\u00f1ola de Artroscopia en Ecograf\u00eda y Cirug\u00eda Artrosc\u00f3pica de Cadera y Hombro.<\/strong> Facultad de Medicina; Universidad Francisco de Vitoria, Madrid; 31 de mayo de 2013 (8 horas lectivas).<\/span><\/li>\n<li><span style=\"color: #000000;\"><strong>Instructional Course: Innovative Concepts for the treatment of cartilage defects in the hip. Cadaver Lab.. (8,15 horas lectivas).<\/strong> Academy for Medical Training and Simulation, H. C. de Lucerna (Suiza), 23, noviembre, 2013.<\/span><\/li>\n<li><span style=\"color: #000000;\"><strong>Master Class en Cirug\u00eda Artrosc\u00f3pica de cadera.<\/strong> Hospital Nisa Aravaca, Madrid, 24 de octubre de 2014 (7 horas lectivas).<\/span><\/li>\n<li><span style=\"color: #000000;\"><span style=\"color: #0000ff;\"><a style=\"color: #0000ff;\" href=\"http:\/\/cuellarcot.com\/wp-content\/uploads\/2018\/10\/1j8wcrwl.bmp\" target=\"_blank\" rel=\"noopener\"><strong>III Curso B\u00e1sico y IV Curso Avanzado de Cirug\u00eda Artrosc\u00f3pica de Cadera (Director y profesor).<\/strong><\/a> <\/span>Hospital Donostia &#8211; Osakidetza; 27 y 28 de noviembre, 2014. Acreditado 2,4 cr\u00e9ditos. C.F.C. (equivalente a 15 horas lectivas).<\/span><\/li>\n<li><span style=\"color: #000000;\"><strong>Jornadas Internacionales de Cirug\u00eda de Cadera en el adulto joven (8\u00aa edici\u00f3n).<\/strong> Hospital Infanta Leonor. Madrid 12 y 13 de marzo de 2015. (14 horas lectivas).<\/span><\/li>\n<li><span style=\"color: #000000;\"><strong>Curso ava<span style=\"color: #000000;\">nzado de artroscopia de cadera (monitor y ponente).<\/span><\/strong> Universidad Complutense de Madrid; 12-13 de mayo de 2016 (equivalente a 9 horas lectivas).<\/span><\/li>\n<li><span style=\"font-family: Helvetica, Sylfaen, sans-serif; color: #000000;\"><span style=\"font-family: Arial, sans-serif;\"><strong>Jornadas Internacionales de Cirug\u00eda de Cadera en el adulto joven (9\u00aa edici\u00f3n). <\/strong>Hospital Infanta Leonor. Madrid 2 y 3 de marzo de 2017. (14 horas lectivas).<\/span><\/span>\n<p lang=\"es-ES\" align=\"JUSTIFY\"><span style=\"font-family: Helvetica, Sylfaen, sans-serif;\"><span style=\"font-family: Arial, sans-serif;\">&nbsp;<\/span><\/span><\/p>\n<p lang=\"es-ES\" align=\"JUSTIFY\"><span style=\"font-family: Helvetica, Sylfaen, sans-serif;\"><span style=\"font-family: Arial, sans-serif;\">&nbsp;<\/span><\/span><\/p>\n<\/li>\n<\/ul>\n","protected":false},"excerpt":{"rendered":"<p>Cursos de traumatolog\u00eda, cirug\u00eda y artroscopia en cadera, impartidos y realizados por los miembros de cuellar.com, en el transcurso de su trayectoria profesional &nbsp; Surgical skills cadaveric training: Cadaveric training on advanced and restorative techniques of hip arthroscopy; Labral lesions repair &amp; associated instability, Arthroscopic management of impingement, Arthroscopic treatment of a snapping hip. Arthrex [&hellip;]<\/p>\n","protected":false},"author":1,"featured_media":0,"parent":242,"menu_order":0,"comment_status":"closed","ping_status":"closed","template":"","meta":{"_exactmetrics_skip_tracking":false,"_exactmetrics_sitenote_active":false,"_exactmetrics_sitenote_note":"","_exactmetrics_sitenote_category":0,"ngg_post_thumbnail":0},"categories":[19],"tags":[8,7,9,10,15],"yoast_head":"<!-- This site is optimized with the Yoast SEO plugin v20.11 - https:\/\/yoast.com\/wordpress\/plugins\/seo\/ -->\n<title>Cuellar - Consulta de traumatolog\u00eda, cirug\u00eda ortop\u00e9dica y artroscopia<\/title>\n<meta name=\"description\" content=\"Cursos de traumatolog\u00eda, cirug\u00eda y artroscopia en cadera, impartidos y realizados por los miembros de cuellar.com, durante su trayectoria profesional\" \/>\n<meta name=\"robots\" content=\"index, follow, max-snippet:-1, max-image-preview:large, max-video-preview:-1\" \/>\n<link rel=\"canonical\" href=\"https:\/\/cuellarcot.com\/index.php\/sobre-nosotros\/dr-ricardo-cuellar-gutierrez\/cursos-realizados\/cursos-cadera\/\" \/>\n<meta property=\"og:locale\" content=\"es_ES\" \/>\n<meta property=\"og:type\" content=\"article\" \/>\n<meta property=\"og:title\" content=\"Cuellar - Consulta de traumatolog\u00eda, cirug\u00eda ortop\u00e9dica y artroscopia\" \/>\n<meta property=\"og:description\" content=\"Cursos de traumatolog\u00eda, cirug\u00eda y artroscopia en cadera, impartidos y realizados por los miembros de cuellar.com, durante su trayectoria profesional\" \/>\n<meta property=\"og:url\" content=\"https:\/\/cuellarcot.com\/index.php\/sobre-nosotros\/dr-ricardo-cuellar-gutierrez\/cursos-realizados\/cursos-cadera\/\" \/>\n<meta property=\"article:modified_time\" content=\"2018-11-01T18:17:44+00:00\" \/>\n<meta name=\"twitter:card\" content=\"summary_large_image\" \/>\n<meta name=\"twitter:label1\" content=\"Tiempo de lectura\" \/>\n\t<meta name=\"twitter:data1\" content=\"3 minutos\" \/>\n<script type=\"application\/ld+json\" class=\"yoast-schema-graph\">{\"@context\":\"https:\/\/schema.org\",\"@graph\":[{\"@type\":\"WebPage\",\"@id\":\"https:\/\/cuellarcot.com\/index.php\/sobre-nosotros\/dr-ricardo-cuellar-gutierrez\/cursos-realizados\/cursos-cadera\/\",\"url\":\"https:\/\/cuellarcot.com\/index.php\/sobre-nosotros\/dr-ricardo-cuellar-gutierrez\/cursos-realizados\/cursos-cadera\/\",\"name\":\"Cuellar - Consulta de traumatolog\u00eda, cirug\u00eda ortop\u00e9dica y artroscopia\",\"isPartOf\":{\"@id\":\"https:\/\/cuellarcot.com\/#website\"},\"datePublished\":\"2017-11-22T02:17:29+00:00\",\"dateModified\":\"2018-11-01T18:17:44+00:00\",\"description\":\"Cursos de traumatolog\u00eda, cirug\u00eda y artroscopia en cadera, impartidos y realizados por los miembros de cuellar.com, durante su trayectoria profesional\",\"breadcrumb\":{\"@id\":\"https:\/\/cuellarcot.com\/index.php\/sobre-nosotros\/dr-ricardo-cuellar-gutierrez\/cursos-realizados\/cursos-cadera\/#breadcrumb\"},\"inLanguage\":\"es\",\"potentialAction\":[{\"@type\":\"ReadAction\",\"target\":[\"https:\/\/cuellarcot.com\/index.php\/sobre-nosotros\/dr-ricardo-cuellar-gutierrez\/cursos-realizados\/cursos-cadera\/\"]}]},{\"@type\":\"BreadcrumbList\",\"@id\":\"https:\/\/cuellarcot.com\/index.php\/sobre-nosotros\/dr-ricardo-cuellar-gutierrez\/cursos-realizados\/cursos-cadera\/#breadcrumb\",\"itemListElement\":[{\"@type\":\"ListItem\",\"position\":1,\"name\":\"Portada\",\"item\":\"https:\/\/cuellarcot.com\/\"},{\"@type\":\"ListItem\",\"position\":2,\"name\":\"Sobre nosotros\",\"item\":\"https:\/\/cuellarcot.com\/index.php\/sobre-nosotros\/\"},{\"@type\":\"ListItem\",\"position\":3,\"name\":\"Dr. Ricardo Cu\u00e9llar Gutierrez\",\"item\":\"https:\/\/cuellarcot.com\/index.php\/sobre-nosotros\/dr-ricardo-cuellar-gutierrez\/\"},{\"@type\":\"ListItem\",\"position\":4,\"name\":\"Cursos Realizados Dr. Ricardo Cu\u00e9llar\",\"item\":\"https:\/\/cuellarcot.com\/index.php\/sobre-nosotros\/dr-ricardo-cuellar-gutierrez\/cursos-realizados\/\"},{\"@type\":\"ListItem\",\"position\":5,\"name\":\"Cursos cadera\"}]},{\"@type\":\"WebSite\",\"@id\":\"https:\/\/cuellarcot.com\/#website\",\"url\":\"https:\/\/cuellarcot.com\/\",\"name\":\"\",\"description\":\"Traumatolog\u00eda, Cirug\u00eda ortop\u00e9dica y Artroscopia\",\"potentialAction\":[{\"@type\":\"SearchAction\",\"target\":{\"@type\":\"EntryPoint\",\"urlTemplate\":\"https:\/\/cuellarcot.com\/?s={search_term_string}\"},\"query-input\":\"required name=search_term_string\"}],\"inLanguage\":\"es\"}]}<\/script>\n<!-- \/ Yoast SEO plugin. -->","yoast_head_json":{"title":"Cuellar - Consulta de traumatolog\u00eda, cirug\u00eda ortop\u00e9dica y artroscopia","description":"Cursos de traumatolog\u00eda, cirug\u00eda y artroscopia en cadera, impartidos y realizados por los miembros de cuellar.com, durante su trayectoria profesional","robots":{"index":"index","follow":"follow","max-snippet":"max-snippet:-1","max-image-preview":"max-image-preview:large","max-video-preview":"max-video-preview:-1"},"canonical":"https:\/\/cuellarcot.com\/index.php\/sobre-nosotros\/dr-ricardo-cuellar-gutierrez\/cursos-realizados\/cursos-cadera\/","og_locale":"es_ES","og_type":"article","og_title":"Cuellar - Consulta de traumatolog\u00eda, cirug\u00eda ortop\u00e9dica y artroscopia","og_description":"Cursos de traumatolog\u00eda, cirug\u00eda y artroscopia en cadera, impartidos y realizados por los miembros de cuellar.com, durante su trayectoria profesional","og_url":"https:\/\/cuellarcot.com\/index.php\/sobre-nosotros\/dr-ricardo-cuellar-gutierrez\/cursos-realizados\/cursos-cadera\/","article_modified_time":"2018-11-01T18:17:44+00:00","twitter_card":"summary_large_image","twitter_misc":{"Tiempo de lectura":"3 minutos"},"schema":{"@context":"https:\/\/schema.org","@graph":[{"@type":"WebPage","@id":"https:\/\/cuellarcot.com\/index.php\/sobre-nosotros\/dr-ricardo-cuellar-gutierrez\/cursos-realizados\/cursos-cadera\/","url":"https:\/\/cuellarcot.com\/index.php\/sobre-nosotros\/dr-ricardo-cuellar-gutierrez\/cursos-realizados\/cursos-cadera\/","name":"Cuellar - Consulta de traumatolog\u00eda, cirug\u00eda ortop\u00e9dica y artroscopia","isPartOf":{"@id":"https:\/\/cuellarcot.com\/#website"},"datePublished":"2017-11-22T02:17:29+00:00","dateModified":"2018-11-01T18:17:44+00:00","description":"Cursos de traumatolog\u00eda, cirug\u00eda y artroscopia en cadera, impartidos y realizados por los miembros de cuellar.com, durante su trayectoria profesional","breadcrumb":{"@id":"https:\/\/cuellarcot.com\/index.php\/sobre-nosotros\/dr-ricardo-cuellar-gutierrez\/cursos-realizados\/cursos-cadera\/#breadcrumb"},"inLanguage":"es","potentialAction":[{"@type":"ReadAction","target":["https:\/\/cuellarcot.com\/index.php\/sobre-nosotros\/dr-ricardo-cuellar-gutierrez\/cursos-realizados\/cursos-cadera\/"]}]},{"@type":"BreadcrumbList","@id":"https:\/\/cuellarcot.com\/index.php\/sobre-nosotros\/dr-ricardo-cuellar-gutierrez\/cursos-realizados\/cursos-cadera\/#breadcrumb","itemListElement":[{"@type":"ListItem","position":1,"name":"Portada","item":"https:\/\/cuellarcot.com\/"},{"@type":"ListItem","position":2,"name":"Sobre nosotros","item":"https:\/\/cuellarcot.com\/index.php\/sobre-nosotros\/"},{"@type":"ListItem","position":3,"name":"Dr. Ricardo Cu\u00e9llar Gutierrez","item":"https:\/\/cuellarcot.com\/index.php\/sobre-nosotros\/dr-ricardo-cuellar-gutierrez\/"},{"@type":"ListItem","position":4,"name":"Cursos Realizados Dr. Ricardo Cu\u00e9llar","item":"https:\/\/cuellarcot.com\/index.php\/sobre-nosotros\/dr-ricardo-cuellar-gutierrez\/cursos-realizados\/"},{"@type":"ListItem","position":5,"name":"Cursos cadera"}]},{"@type":"WebSite","@id":"https:\/\/cuellarcot.com\/#website","url":"https:\/\/cuellarcot.com\/","name":"","description":"Traumatolog\u00eda, Cirug\u00eda ortop\u00e9dica y Artroscopia","potentialAction":[{"@type":"SearchAction","target":{"@type":"EntryPoint","urlTemplate":"https:\/\/cuellarcot.com\/?s={search_term_string}"},"query-input":"required name=search_term_string"}],"inLanguage":"es"}]}},"_links":{"self":[{"href":"https:\/\/cuellarcot.com\/index.php\/wp-json\/wp\/v2\/pages\/273"}],"collection":[{"href":"https:\/\/cuellarcot.com\/index.php\/wp-json\/wp\/v2\/pages"}],"about":[{"href":"https:\/\/cuellarcot.com\/index.php\/wp-json\/wp\/v2\/types\/page"}],"author":[{"embeddable":true,"href":"https:\/\/cuellarcot.com\/index.php\/wp-json\/wp\/v2\/users\/1"}],"replies":[{"embeddable":true,"href":"https:\/\/cuellarcot.com\/index.php\/wp-json\/wp\/v2\/comments?post=273"}],"version-history":[{"count":8,"href":"https:\/\/cuellarcot.com\/index.php\/wp-json\/wp\/v2\/pages\/273\/revisions"}],"predecessor-version":[{"id":1210,"href":"https:\/\/cuellarcot.com\/index.php\/wp-json\/wp\/v2\/pages\/273\/revisions\/1210"}],"up":[{"embeddable":true,"href":"https:\/\/cuellarcot.com\/index.php\/wp-json\/wp\/v2\/pages\/242"}],"wp:attachment":[{"href":"https:\/\/cuellarcot.com\/index.php\/wp-json\/wp\/v2\/media?parent=273"}],"wp:term":[{"taxonomy":"category","embeddable":true,"href":"https:\/\/cuellarcot.com\/index.php\/wp-json\/wp\/v2\/categories?post=273"},{"taxonomy":"post_tag","embeddable":true,"href":"https:\/\/cuellarcot.com\/index.php\/wp-json\/wp\/v2\/tags?post=273"}],"curies":[{"name":"wp","href":"https:\/\/api.w.org\/{rel}","templated":true}]}}