{"id":388,"date":"2017-11-23T04:15:58","date_gmt":"2017-11-23T03:15:58","guid":{"rendered":"http:\/\/cuellarcot.com\/?page_id=388"},"modified":"2017-11-23T04:15:58","modified_gmt":"2017-11-23T03:15:58","slug":"aviso-legal","status":"publish","type":"page","link":"https:\/\/cuellarcot.com\/index.php\/aviso-legal\/","title":{"rendered":"Aviso legal"},"content":{"rendered":"<p><span class=\"Textopresentacion\"><br \/>\n<\/span><span class=\"Textochico3\"><strong>CONDICIONES GENERALES DE USO<\/strong><\/p>\n<p><strong>1.- Identificaci\u00f3n de partes.<\/strong><\/p>\n<p>Las presentes Condiciones Generales de La URL http:\/\/www.cuellarcot.com (en adelante la P\u00c1GINA), son suscritas de una parte por CUELLAR-COT S.L.P. (en adelante LA EMPRESA), con CIF n\u00ba B-75147579, y con domicilio en la AVENIDA ZUMALAK\u00c1RREGI N\u00ba15 &#8211; 4\u00baA, 20008, DONOSTIA-SAN SEBASTIAN y con direcci\u00f3n general de correo electr\u00f3nico: consulta@cuellarcot.com. Y, de otra parte, por el USUARIO. Se entiende por USUARIO cualquier persona f\u00edsica o jur\u00eddica que accede a la P\u00c1GINA, haga o no uso de los servicios y contenidos en la misma.<\/p>\n<p><strong>2.- Objeto.<\/strong><\/p>\n<p>La P\u00c1GINA tiene como finalidad facilitar a sus usuarios la informaci\u00f3n relativa a sus actividades corporativas y profesionales.<\/p>\n<p><strong>3.- Acceso.<\/strong><\/p>\n<p>El acceso y utilizaci\u00f3n de la p\u00e1gina web de LA EMPRESA implica la aceptaci\u00f3n t\u00e1cita de las presentes Condiciones Generales de Uso.<\/p>\n<p><strong>4.- Modificaciones<\/strong>.<\/p>\n<p>LA EMPRESA se reserva el derecho de realizar, en cualquier momento y sin necesidad de previo aviso, las oportunas modificaciones del contenido de la P\u00c1GINA, de las condiciones de acceso a la misma y de las presentes Condiciones Generales de Uso.<\/p>\n<p><strong>5.- Propiedad intelectual. <\/strong><\/p>\n<p>El contenido de la P\u00c1GINA es titularidad de LA EMPRESA, salvo menci\u00f3n expresa en contrario. Los usuarios podr\u00e1n visualizar, imprimir y copiar los contenidos de esta P\u00c1GINA para su uso privado, quedando prohibido su utilizaci\u00f3n con fines comerciales o para el ejercicio de los derechos de explotaci\u00f3n: reproducci\u00f3n, distribuci\u00f3n, comunicaci\u00f3n p\u00fablica y transformaci\u00f3n, reconocidos en la legislaci\u00f3n de propiedad intelectual, cuya infracci\u00f3n puede ser objeto de sanci\u00f3n.<\/p>\n<p><strong>6.- Enlaces.<\/strong><\/p>\n<p>Los links o enlaces que aparecen en este portal o p\u00e1gina web tienen car\u00e1cter informativo de otras fuentes de Internet, sobre la materia en cuesti\u00f3n o no, para el usuario. LA EMPRESA no se responsabiliza de los contenidos ni del resultado del acceso a dichos links.<\/p>\n<p><strong>7.- Protecci\u00f3n de datos personales. <\/strong><\/p>\n<p>De acuerdo con lo establecido en la Ley Org\u00e1nica 15\/1999, de 13 de Diciembre sobre Protecci\u00f3n de Datos de Car\u00e1cter Personal y por el Real Decreto 1720\/2007, de 21 de diciembre, por el que se prueba el Reglamento de desarrollo de la LO 15\/99, de 13 de diciembre de protecci\u00f3n de datos de car\u00e1cter personal, los datos personales remitidos a LA EMPRESA por cualquier medio de la P\u00c1GINA pasar\u00e1n a formar parte de uno o varios ficheros, cuya titularidad y responsabilidad corresponde a CUELLAR-COT S.L.P., siendo su finalidad el poder atender y procesar adecuadamente las solicitudes de remitidas, as\u00ed como poder informarle y transmitirle informaci\u00f3n de los servicios ofrecidos por LA EMPRESA. Con la remisi\u00f3n de sus datos, Ud. presta su consentimiento expreso para que LA EMPRESA pueda llevar a cabo el tratamiento automatizado de los.El USUARIO podr\u00e1 ejercer sus derechos de acceso, rectificaci\u00f3n, cancelaci\u00f3n y oposici\u00f3n dirigiendo un escrito, fechado y firmado, a LA EMPRESA, AVENIDA ZUMALAK\u00c1RREGI N\u00ba15 &#8211; 4\u00baA, 20008, DONOSTIA-SAN SEBASTIAN. Dicho escrito deber\u00e1 especificar claramente el derecho o derechos que se desean ejercer, as\u00ed como copia del Documento Nacional de Identidad u otro documento legalmente identificativo.<\/p>\n<p><strong>8.- Responsabilidades.<\/strong><\/p>\n<p>LA EMPRESA no se responsabiliza por los da\u00f1os y perjuicios derivados, directa o indirectamente, de la falta de lectura de estas Condiciones Generales de USO, o del incumplimiento de las obligaciones especificadas en las mismas. LA EMPRESA tampoco se responsabilizar\u00e1 por los da\u00f1os y perjuicios que puedan deberse a la transmisi\u00f3n, difusi\u00f3n, almacenamiento, puesta a disposici\u00f3n, recepci\u00f3n, obtenci\u00f3n o acceso al portal o p\u00e1gina web.<\/p>\n<p><strong>9.- Jurisdicci\u00f3n.<\/strong><\/p>\n<p>Para la resoluci\u00f3n de cualquier conflicto que pueda derivarse del acceso a este portal o p\u00e1gina web, LA EMPRESA y el usuario acuerdan someterse expresamente a los Juzgados y Tribunales de DONOSTIA-SAN SEBASTIAN\u00a0 con renuncia a cualquier otro fuero que les pudiera corresponder.<\/span><span class=\"Textopresentacion\"><br \/>\n<\/span><\/p>\n","protected":false},"excerpt":{"rendered":"<p>CONDICIONES GENERALES DE USO 1.- Identificaci\u00f3n de partes. Las presentes Condiciones Generales de La URL http:\/\/www.cuellarcot.com (en adelante la P\u00c1GINA), son suscritas de una parte por CUELLAR-COT S.L.P. (en adelante LA EMPRESA), con CIF n\u00ba B-75147579, y con domicilio en la AVENIDA ZUMALAK\u00c1RREGI N\u00ba15 &#8211; 4\u00baA, 20008, DONOSTIA-SAN SEBASTIAN y con direcci\u00f3n general de correo [&hellip;]<\/p>\n","protected":false},"author":1,"featured_media":0,"parent":0,"menu_order":0,"comment_status":"closed","ping_status":"closed","template":"","meta":{"_exactmetrics_skip_tracking":false,"_exactmetrics_sitenote_active":false,"_exactmetrics_sitenote_note":"","_exactmetrics_sitenote_category":0,"ngg_post_thumbnail":0},"categories":[],"tags":[],"yoast_head":"<!-- This site is optimized with the Yoast SEO plugin v20.11 - https:\/\/yoast.com\/wordpress\/plugins\/seo\/ -->\n<title>Aviso legal -<\/title>\n<meta name=\"robots\" content=\"index, follow, max-snippet:-1, max-image-preview:large, max-video-preview:-1\" \/>\n<link rel=\"canonical\" href=\"https:\/\/cuellarcot.com\/index.php\/aviso-legal\/\" \/>\n<meta property=\"og:locale\" content=\"es_ES\" \/>\n<meta property=\"og:type\" content=\"article\" \/>\n<meta property=\"og:title\" content=\"Aviso legal -\" \/>\n<meta property=\"og:description\" content=\"CONDICIONES GENERALES DE USO 1.- Identificaci\u00f3n de partes. Las presentes Condiciones Generales de La URL http:\/\/www.cuellarcot.com (en adelante la P\u00c1GINA), son suscritas de una parte por CUELLAR-COT S.L.P. (en adelante LA EMPRESA), con CIF n\u00ba B-75147579, y con domicilio en la AVENIDA ZUMALAK\u00c1RREGI N\u00ba15 &#8211; 4\u00baA, 20008, DONOSTIA-SAN SEBASTIAN y con direcci\u00f3n general de correo [&hellip;]\" \/>\n<meta property=\"og:url\" content=\"https:\/\/cuellarcot.com\/index.php\/aviso-legal\/\" \/>\n<meta name=\"twitter:card\" content=\"summary_large_image\" \/>\n<meta name=\"twitter:label1\" content=\"Tiempo de lectura\" \/>\n\t<meta name=\"twitter:data1\" content=\"3 minutos\" \/>\n<script type=\"application\/ld+json\" class=\"yoast-schema-graph\">{\"@context\":\"https:\/\/schema.org\",\"@graph\":[{\"@type\":\"WebPage\",\"@id\":\"https:\/\/cuellarcot.com\/index.php\/aviso-legal\/\",\"url\":\"https:\/\/cuellarcot.com\/index.php\/aviso-legal\/\",\"name\":\"Aviso legal -\",\"isPartOf\":{\"@id\":\"https:\/\/cuellarcot.com\/#website\"},\"datePublished\":\"2017-11-23T03:15:58+00:00\",\"dateModified\":\"2017-11-23T03:15:58+00:00\",\"breadcrumb\":{\"@id\":\"https:\/\/cuellarcot.com\/index.php\/aviso-legal\/#breadcrumb\"},\"inLanguage\":\"es\",\"potentialAction\":[{\"@type\":\"ReadAction\",\"target\":[\"https:\/\/cuellarcot.com\/index.php\/aviso-legal\/\"]}]},{\"@type\":\"BreadcrumbList\",\"@id\":\"https:\/\/cuellarcot.com\/index.php\/aviso-legal\/#breadcrumb\",\"itemListElement\":[{\"@type\":\"ListItem\",\"position\":1,\"name\":\"Portada\",\"item\":\"https:\/\/cuellarcot.com\/\"},{\"@type\":\"ListItem\",\"position\":2,\"name\":\"Aviso legal\"}]},{\"@type\":\"WebSite\",\"@id\":\"https:\/\/cuellarcot.com\/#website\",\"url\":\"https:\/\/cuellarcot.com\/\",\"name\":\"\",\"description\":\"Traumatolog\u00eda, Cirug\u00eda ortop\u00e9dica y Artroscopia\",\"potentialAction\":[{\"@type\":\"SearchAction\",\"target\":{\"@type\":\"EntryPoint\",\"urlTemplate\":\"https:\/\/cuellarcot.com\/?s={search_term_string}\"},\"query-input\":\"required name=search_term_string\"}],\"inLanguage\":\"es\"}]}<\/script>\n<!-- \/ Yoast SEO plugin. -->","yoast_head_json":{"title":"Aviso legal -","robots":{"index":"index","follow":"follow","max-snippet":"max-snippet:-1","max-image-preview":"max-image-preview:large","max-video-preview":"max-video-preview:-1"},"canonical":"https:\/\/cuellarcot.com\/index.php\/aviso-legal\/","og_locale":"es_ES","og_type":"article","og_title":"Aviso legal -","og_description":"CONDICIONES GENERALES DE USO 1.- Identificaci\u00f3n de partes. Las presentes Condiciones Generales de La URL http:\/\/www.cuellarcot.com (en adelante la P\u00c1GINA), son suscritas de una parte por CUELLAR-COT S.L.P. (en adelante LA EMPRESA), con CIF n\u00ba B-75147579, y con domicilio en la AVENIDA ZUMALAK\u00c1RREGI N\u00ba15 &#8211; 4\u00baA, 20008, DONOSTIA-SAN SEBASTIAN y con direcci\u00f3n general de correo [&hellip;]","og_url":"https:\/\/cuellarcot.com\/index.php\/aviso-legal\/","twitter_card":"summary_large_image","twitter_misc":{"Tiempo de lectura":"3 minutos"},"schema":{"@context":"https:\/\/schema.org","@graph":[{"@type":"WebPage","@id":"https:\/\/cuellarcot.com\/index.php\/aviso-legal\/","url":"https:\/\/cuellarcot.com\/index.php\/aviso-legal\/","name":"Aviso legal -","isPartOf":{"@id":"https:\/\/cuellarcot.com\/#website"},"datePublished":"2017-11-23T03:15:58+00:00","dateModified":"2017-11-23T03:15:58+00:00","breadcrumb":{"@id":"https:\/\/cuellarcot.com\/index.php\/aviso-legal\/#breadcrumb"},"inLanguage":"es","potentialAction":[{"@type":"ReadAction","target":["https:\/\/cuellarcot.com\/index.php\/aviso-legal\/"]}]},{"@type":"BreadcrumbList","@id":"https:\/\/cuellarcot.com\/index.php\/aviso-legal\/#breadcrumb","itemListElement":[{"@type":"ListItem","position":1,"name":"Portada","item":"https:\/\/cuellarcot.com\/"},{"@type":"ListItem","position":2,"name":"Aviso legal"}]},{"@type":"WebSite","@id":"https:\/\/cuellarcot.com\/#website","url":"https:\/\/cuellarcot.com\/","name":"","description":"Traumatolog\u00eda, Cirug\u00eda ortop\u00e9dica y Artroscopia","potentialAction":[{"@type":"SearchAction","target":{"@type":"EntryPoint","urlTemplate":"https:\/\/cuellarcot.com\/?s={search_term_string}"},"query-input":"required name=search_term_string"}],"inLanguage":"es"}]}},"_links":{"self":[{"href":"https:\/\/cuellarcot.com\/index.php\/wp-json\/wp\/v2\/pages\/388"}],"collection":[{"href":"https:\/\/cuellarcot.com\/index.php\/wp-json\/wp\/v2\/pages"}],"about":[{"href":"https:\/\/cuellarcot.com\/index.php\/wp-json\/wp\/v2\/types\/page"}],"author":[{"embeddable":true,"href":"https:\/\/cuellarcot.com\/index.php\/wp-json\/wp\/v2\/users\/1"}],"replies":[{"embeddable":true,"href":"https:\/\/cuellarcot.com\/index.php\/wp-json\/wp\/v2\/comments?post=388"}],"version-history":[{"count":1,"href":"https:\/\/cuellarcot.com\/index.php\/wp-json\/wp\/v2\/pages\/388\/revisions"}],"predecessor-version":[{"id":389,"href":"https:\/\/cuellarcot.com\/index.php\/wp-json\/wp\/v2\/pages\/388\/revisions\/389"}],"wp:attachment":[{"href":"https:\/\/cuellarcot.com\/index.php\/wp-json\/wp\/v2\/media?parent=388"}],"wp:term":[{"taxonomy":"category","embeddable":true,"href":"https:\/\/cuellarcot.com\/index.php\/wp-json\/wp\/v2\/categories?post=388"},{"taxonomy":"post_tag","embeddable":true,"href":"https:\/\/cuellarcot.com\/index.php\/wp-json\/wp\/v2\/tags?post=388"}],"curies":[{"name":"wp","href":"https:\/\/api.w.org\/{rel}","templated":true}]}}