{"id":394,"date":"2017-11-23T05:02:37","date_gmt":"2017-11-23T04:02:37","guid":{"rendered":"http:\/\/cuellarcot.com\/?page_id=394"},"modified":"2020-09-26T00:38:58","modified_gmt":"2020-09-25T22:38:58","slug":"enlaces-de-interes","status":"publish","type":"page","link":"https:\/\/cuellarcot.com\/index.php\/enlaces-de-interes\/","title":{"rendered":"Enlaces de inter\u00e9s"},"content":{"rendered":"<p>Aqu\u00ed pod\u00e9is encontrar enlaces a colaboradors y grupos de trabajo nuestros, as\u00ed como alguna revista donde solemos publicar art\u00edculos<\/p>\n<p>&nbsp;<\/p>\n<table style=\"width: 95%; height: 313px;\" width=\"95%\" cellspacing=\"2\" cellpadding=\"3\" border=\"0\" bgcolor=\"#FFFFFF\" align=\"center\">\n<tbody>\n<tr style=\"height: 24px;\" bgcolor=\"#e0e9f5\">\n<td class=\"Textochico3\" style=\"width: 50.8457%; height: 24px;\" width=\"264\" bgcolor=\"eeeeee\">1\u00ba ORTHOKINE<\/td>\n<td class=\"Textochico2\" style=\"width: 48.4144%; height: 24px;\" width=\"214\" bgcolor=\"eeeeee\">\n<div align=\"left\"><a class=\"Textochico2\" href=\"http:\/\/www.orthokine.es\" target=\"_blank\" rel=\"noopener noreferrer\"><span style=\"color: #000066;\">http:\/\/www.orthokine.es<\/span><\/a><\/div>\n<\/td>\n<\/tr>\n<tr style=\"height: 24px;\" bgcolor=\"#e0e9f5\">\n<td class=\"Textochico3\" style=\"width: 50.8457%; height: 25px;\" width=\"264\" bgcolor=\"eeeeee\">Asociaci\u00f3n Espa\u00f1ola de Artroscopia<\/td>\n<td class=\"Textochico2\" style=\"width: 48.4144%; height: 25px;\" width=\"214\" bgcolor=\"eeeeee\">\n<div align=\"left\"><a class=\"Textochico2\" href=\"http:\/\/www.aeartroscopia.com\" target=\"_blank\" rel=\"noopener noreferrer\"><span style=\"color: #000066;\">http:\/\/www.aeartroscopia.com<\/span><\/a><\/div>\n<\/td>\n<\/tr>\n<tr style=\"height: 48px;\" bgcolor=\"#e0e9f5\">\n<td class=\"Textochico3\" style=\"width: 50.8457%; height: 48px;\" width=\"264\" bgcolor=\"eeeeee\">AULA DE SALUD<\/td>\n<td class=\"Textochico2\" style=\"width: 48.4144%; height: 48px;\" width=\"214\" bgcolor=\"eeeeee\">\n<div align=\"left\"><a class=\"Textochico2\" href=\"http:\/\/videochat.diariovasco.com\/videochat.php?videochat=cuellar-ponte\" target=\"_blank\" rel=\"noopener noreferrer\"><span style=\"color: #000066;\">http:\/\/videochat.diariovasco.com\/videochat.php?videochat=cuellar-ponte<\/span><\/a><\/div>\n<\/td>\n<\/tr>\n<tr style=\"height: 72px;\" bgcolor=\"#e0e9f5\">\n<td class=\"Textochico3\" style=\"width: 50.8457%; height: 72px;\" width=\"264\" bgcolor=\"eeeeee\">CAPITULO LIBRE: ARTRODESIS ARTROSCOPICA DE TOBILLO<\/td>\n<td class=\"Textochico2\" style=\"width: 48.4144%; height: 72px;\" width=\"214\" bgcolor=\"eeeeee\">\n<div align=\"left\"><a class=\"Textochico2\" href=\"http:\/\/www.intechopen.com\/articles\/show\/title\/arthroscopic-ankle-and-subtalar-arthrodesis-indications-and-surgical-technique\" target=\"_blank\" rel=\"noopener noreferrer\"><span style=\"color: #000066;\">http:\/\/www.intechopen.com\/articles\/show\/title\/arthroscopic-ankle-and-subtalar-arthrodesis-indications-and-surgical-technique<\/span><\/a><\/div>\n<\/td>\n<\/tr>\n<tr style=\"height: 48px;\" bgcolor=\"#e0e9f5\">\n<td class=\"Textochico3\" style=\"width: 50.8457%; height: 48px;\" width=\"264\" bgcolor=\"eeeeee\">CAPITULO LIBRO: ARTROSCOPIA EN PROTESIS DE CADERA<\/td>\n<td class=\"Textochico2\" style=\"width: 48.4144%; height: 48px;\" width=\"214\" bgcolor=\"eeeeee\">\n<div align=\"left\"><a class=\"Textochico2\" href=\"http:\/\/www.intechopen.com\/articles\/show\/title\/arthroscopy-after-total-hip-replacement-surgery\" target=\"_blank\" rel=\"noopener noreferrer\"><span style=\"color: #000066;\">http:\/\/www.intechopen.com\/articles\/show\/title\/arthroscopy-after-total-hip-replacement-surgery<\/span><\/a><\/div>\n<\/td>\n<\/tr>\n<tr style=\"height: 24px;\" bgcolor=\"#e0e9f5\">\n<td class=\"Textochico3\" style=\"width: 50.8457%; height: 24px;\" width=\"264\" bgcolor=\"eeeeee\">Colegio Oficial de M\u00e9dicos de Guip\u00fazcoa<\/td>\n<td class=\"Textochico2\" style=\"width: 48.4144%; height: 24px;\" width=\"214\" bgcolor=\"eeeeee\">\n<div align=\"left\"><a class=\"Textochico2\" href=\"http:\/\/www.gisep.org\" target=\"_blank\" rel=\"noopener noreferrer\"><span style=\"color: #000066;\">http:\/\/www.gisep.org<\/span><\/a><\/div>\n<\/td>\n<\/tr>\n<tr style=\"height: 24px;\" bgcolor=\"#e0e9f5\">\n<td class=\"Textochico3\" style=\"width: 50.8457%; height: 24px;\" width=\"264\" bgcolor=\"eeeeee\">Alberto Hern\u00e1ndez<\/td>\n<td class=\"Textochico2\" style=\"width: 48.4144%; height: 24px;\" width=\"214\" bgcolor=\"eeeeee\">\n<div align=\"left\"><span style=\"color: #000066;\"><a href=\"http:\/\/www.columnadonostia.com\"><span style=\"color: #003366;\">http:\/\/www.columnadonostia.com<\/span><\/a><\/span><\/div>\n<\/td>\n<\/tr>\n<tr style=\"height: 24px;\">\n<td style=\"width: 50.8457%; height: 24px;\">Ferm\u00edn Haro<\/td>\n<td style=\"width: 48.4144%; height: 24px;\">\n<div align=\"left\"><span style=\"color: #000080;\"><a style=\"color: #000080;\" href=\"http:\/\/www.donostiadolor.com\">http:\/\/www.donostiadolor.com<\/a><\/span><\/div>\n<\/td>\n<\/tr>\n<tr style=\"height: 24px;\" bgcolor=\"#e0e9f5\">\n<td class=\"Textochico3\" style=\"width: 50.8457%; height: 24px;\" width=\"264\" bgcolor=\"eeeeee\">Instituto Vasco de Cirug\u00eda Ortop\u00e9dica y Traumatolog\u00eda (I.V.C.O.T.)<\/td>\n<td class=\"Textochico2\" style=\"width: 48.4144%; height: 24px;\" width=\"214\" bgcolor=\"eeeeee\">\n<div align=\"left\"><a class=\"Textochico2\" href=\"http:\/\/www.sanchezalepuz.com\" target=\"_blank\" rel=\"noopener noreferrer\"><span style=\"color: #000066;\"><\/span><\/a><a href=\"http:\/\/www.ivcot.com\"><span style=\"color: #0000ff;\"><span style=\"color: #333399;\">www.ivcot.com<\/span><\/span><\/a><\/div>\n<\/td>\n<\/tr>\n<\/tbody>\n<\/table>\n","protected":false},"excerpt":{"rendered":"<p>Aqu\u00ed pod\u00e9is encontrar enlaces a colaboradors y grupos de trabajo nuestros, as\u00ed como alguna revista donde solemos publicar art\u00edculos &nbsp; 1\u00ba ORTHOKINE http:\/\/www.orthokine.es Asociaci\u00f3n Espa\u00f1ola de Artroscopia http:\/\/www.aeartroscopia.com AULA DE SALUD http:\/\/videochat.diariovasco.com\/videochat.php?videochat=cuellar-ponte CAPITULO LIBRE: ARTRODESIS ARTROSCOPICA DE TOBILLO http:\/\/www.intechopen.com\/articles\/show\/title\/arthroscopic-ankle-and-subtalar-arthrodesis-indications-and-surgical-technique CAPITULO LIBRO: ARTROSCOPIA EN PROTESIS DE CADERA http:\/\/www.intechopen.com\/articles\/show\/title\/arthroscopy-after-total-hip-replacement-surgery Colegio Oficial de M\u00e9dicos de Guip\u00fazcoa http:\/\/www.gisep.org Alberto [&hellip;]<\/p>\n","protected":false},"author":1,"featured_media":0,"parent":0,"menu_order":0,"comment_status":"closed","ping_status":"closed","template":"","meta":{"_exactmetrics_skip_tracking":false,"_exactmetrics_sitenote_active":false,"_exactmetrics_sitenote_note":"","_exactmetrics_sitenote_category":0,"ngg_post_thumbnail":0},"categories":[30],"tags":[32,31],"yoast_head":"<!-- This site is optimized with the Yoast SEO plugin v20.11 - https:\/\/yoast.com\/wordpress\/plugins\/seo\/ -->\n<title>Enlaces de inter\u00e9s -<\/title>\n<meta name=\"robots\" content=\"index, follow, max-snippet:-1, max-image-preview:large, max-video-preview:-1\" \/>\n<link rel=\"canonical\" href=\"https:\/\/cuellarcot.com\/index.php\/enlaces-de-interes\/\" \/>\n<meta property=\"og:locale\" content=\"es_ES\" \/>\n<meta property=\"og:type\" content=\"article\" \/>\n<meta property=\"og:title\" content=\"Enlaces de inter\u00e9s -\" \/>\n<meta property=\"og:description\" content=\"Aqu\u00ed pod\u00e9is encontrar enlaces a colaboradors y grupos de trabajo nuestros, as\u00ed como alguna revista donde solemos publicar art\u00edculos &nbsp; 1\u00ba ORTHOKINE http:\/\/www.orthokine.es Asociaci\u00f3n Espa\u00f1ola de Artroscopia http:\/\/www.aeartroscopia.com AULA DE SALUD http:\/\/videochat.diariovasco.com\/videochat.php?videochat=cuellar-ponte CAPITULO LIBRE: ARTRODESIS ARTROSCOPICA DE TOBILLO http:\/\/www.intechopen.com\/articles\/show\/title\/arthroscopic-ankle-and-subtalar-arthrodesis-indications-and-surgical-technique CAPITULO LIBRO: ARTROSCOPIA EN PROTESIS DE CADERA http:\/\/www.intechopen.com\/articles\/show\/title\/arthroscopy-after-total-hip-replacement-surgery Colegio Oficial de M\u00e9dicos de Guip\u00fazcoa http:\/\/www.gisep.org Alberto [&hellip;]\" \/>\n<meta property=\"og:url\" content=\"https:\/\/cuellarcot.com\/index.php\/enlaces-de-interes\/\" \/>\n<meta property=\"article:modified_time\" content=\"2020-09-25T22:38:58+00:00\" \/>\n<meta name=\"twitter:card\" content=\"summary_large_image\" \/>\n<meta name=\"twitter:label1\" content=\"Tiempo de lectura\" \/>\n\t<meta name=\"twitter:data1\" content=\"1 minuto\" \/>\n<script type=\"application\/ld+json\" class=\"yoast-schema-graph\">{\"@context\":\"https:\/\/schema.org\",\"@graph\":[{\"@type\":\"WebPage\",\"@id\":\"https:\/\/cuellarcot.com\/index.php\/enlaces-de-interes\/\",\"url\":\"https:\/\/cuellarcot.com\/index.php\/enlaces-de-interes\/\",\"name\":\"Enlaces de inter\u00e9s -\",\"isPartOf\":{\"@id\":\"https:\/\/cuellarcot.com\/#website\"},\"datePublished\":\"2017-11-23T04:02:37+00:00\",\"dateModified\":\"2020-09-25T22:38:58+00:00\",\"breadcrumb\":{\"@id\":\"https:\/\/cuellarcot.com\/index.php\/enlaces-de-interes\/#breadcrumb\"},\"inLanguage\":\"es\",\"potentialAction\":[{\"@type\":\"ReadAction\",\"target\":[\"https:\/\/cuellarcot.com\/index.php\/enlaces-de-interes\/\"]}]},{\"@type\":\"BreadcrumbList\",\"@id\":\"https:\/\/cuellarcot.com\/index.php\/enlaces-de-interes\/#breadcrumb\",\"itemListElement\":[{\"@type\":\"ListItem\",\"position\":1,\"name\":\"Portada\",\"item\":\"https:\/\/cuellarcot.com\/\"},{\"@type\":\"ListItem\",\"position\":2,\"name\":\"Enlaces de inter\u00e9s\"}]},{\"@type\":\"WebSite\",\"@id\":\"https:\/\/cuellarcot.com\/#website\",\"url\":\"https:\/\/cuellarcot.com\/\",\"name\":\"\",\"description\":\"Traumatolog\u00eda, Cirug\u00eda ortop\u00e9dica y Artroscopia\",\"potentialAction\":[{\"@type\":\"SearchAction\",\"target\":{\"@type\":\"EntryPoint\",\"urlTemplate\":\"https:\/\/cuellarcot.com\/?s={search_term_string}\"},\"query-input\":\"required name=search_term_string\"}],\"inLanguage\":\"es\"}]}<\/script>\n<!-- \/ Yoast SEO plugin. -->","yoast_head_json":{"title":"Enlaces de inter\u00e9s -","robots":{"index":"index","follow":"follow","max-snippet":"max-snippet:-1","max-image-preview":"max-image-preview:large","max-video-preview":"max-video-preview:-1"},"canonical":"https:\/\/cuellarcot.com\/index.php\/enlaces-de-interes\/","og_locale":"es_ES","og_type":"article","og_title":"Enlaces de inter\u00e9s -","og_description":"Aqu\u00ed pod\u00e9is encontrar enlaces a colaboradors y grupos de trabajo nuestros, as\u00ed como alguna revista donde solemos publicar art\u00edculos &nbsp; 1\u00ba ORTHOKINE http:\/\/www.orthokine.es Asociaci\u00f3n Espa\u00f1ola de Artroscopia http:\/\/www.aeartroscopia.com AULA DE SALUD http:\/\/videochat.diariovasco.com\/videochat.php?videochat=cuellar-ponte CAPITULO LIBRE: ARTRODESIS ARTROSCOPICA DE TOBILLO http:\/\/www.intechopen.com\/articles\/show\/title\/arthroscopic-ankle-and-subtalar-arthrodesis-indications-and-surgical-technique CAPITULO LIBRO: ARTROSCOPIA EN PROTESIS DE CADERA http:\/\/www.intechopen.com\/articles\/show\/title\/arthroscopy-after-total-hip-replacement-surgery Colegio Oficial de M\u00e9dicos de Guip\u00fazcoa http:\/\/www.gisep.org Alberto [&hellip;]","og_url":"https:\/\/cuellarcot.com\/index.php\/enlaces-de-interes\/","article_modified_time":"2020-09-25T22:38:58+00:00","twitter_card":"summary_large_image","twitter_misc":{"Tiempo de lectura":"1 minuto"},"schema":{"@context":"https:\/\/schema.org","@graph":[{"@type":"WebPage","@id":"https:\/\/cuellarcot.com\/index.php\/enlaces-de-interes\/","url":"https:\/\/cuellarcot.com\/index.php\/enlaces-de-interes\/","name":"Enlaces de inter\u00e9s -","isPartOf":{"@id":"https:\/\/cuellarcot.com\/#website"},"datePublished":"2017-11-23T04:02:37+00:00","dateModified":"2020-09-25T22:38:58+00:00","breadcrumb":{"@id":"https:\/\/cuellarcot.com\/index.php\/enlaces-de-interes\/#breadcrumb"},"inLanguage":"es","potentialAction":[{"@type":"ReadAction","target":["https:\/\/cuellarcot.com\/index.php\/enlaces-de-interes\/"]}]},{"@type":"BreadcrumbList","@id":"https:\/\/cuellarcot.com\/index.php\/enlaces-de-interes\/#breadcrumb","itemListElement":[{"@type":"ListItem","position":1,"name":"Portada","item":"https:\/\/cuellarcot.com\/"},{"@type":"ListItem","position":2,"name":"Enlaces de inter\u00e9s"}]},{"@type":"WebSite","@id":"https:\/\/cuellarcot.com\/#website","url":"https:\/\/cuellarcot.com\/","name":"","description":"Traumatolog\u00eda, Cirug\u00eda ortop\u00e9dica y Artroscopia","potentialAction":[{"@type":"SearchAction","target":{"@type":"EntryPoint","urlTemplate":"https:\/\/cuellarcot.com\/?s={search_term_string}"},"query-input":"required name=search_term_string"}],"inLanguage":"es"}]}},"_links":{"self":[{"href":"https:\/\/cuellarcot.com\/index.php\/wp-json\/wp\/v2\/pages\/394"}],"collection":[{"href":"https:\/\/cuellarcot.com\/index.php\/wp-json\/wp\/v2\/pages"}],"about":[{"href":"https:\/\/cuellarcot.com\/index.php\/wp-json\/wp\/v2\/types\/page"}],"author":[{"embeddable":true,"href":"https:\/\/cuellarcot.com\/index.php\/wp-json\/wp\/v2\/users\/1"}],"replies":[{"embeddable":true,"href":"https:\/\/cuellarcot.com\/index.php\/wp-json\/wp\/v2\/comments?post=394"}],"version-history":[{"count":4,"href":"https:\/\/cuellarcot.com\/index.php\/wp-json\/wp\/v2\/pages\/394\/revisions"}],"predecessor-version":[{"id":1524,"href":"https:\/\/cuellarcot.com\/index.php\/wp-json\/wp\/v2\/pages\/394\/revisions\/1524"}],"wp:attachment":[{"href":"https:\/\/cuellarcot.com\/index.php\/wp-json\/wp\/v2\/media?parent=394"}],"wp:term":[{"taxonomy":"category","embeddable":true,"href":"https:\/\/cuellarcot.com\/index.php\/wp-json\/wp\/v2\/categories?post=394"},{"taxonomy":"post_tag","embeddable":true,"href":"https:\/\/cuellarcot.com\/index.php\/wp-json\/wp\/v2\/tags?post=394"}],"curies":[{"name":"wp","href":"https:\/\/api.w.org\/{rel}","templated":true}]}}