{"id":518,"date":"2017-11-28T00:22:50","date_gmt":"2017-11-27T23:22:50","guid":{"rendered":"http:\/\/cuellarcot.com\/?page_id=518"},"modified":"2018-11-11T03:13:41","modified_gmt":"2018-11-11T02:13:41","slug":"libros-abstract-congresos","status":"publish","type":"page","link":"https:\/\/cuellarcot.com\/index.php\/sobre-nosotros\/dr-ricardo-cuellar-gutierrez\/libros-abstract-congresos\/","title":{"rendered":"Libros abstract de congresos Dr. Ricardo Cu\u00e9llar"},"content":{"rendered":"<ul>\n<li>\n<p align=\"LEFT\"><span style=\"font-size: 14px;\"><strong><span style=\"color: #000000;\">\u201c<\/span><\/strong><strong><span style=\"color: #000000;\">Artroscopia de cadera: Tratamiento de la patolog\u00eda extra-articular.\u201d<\/span><\/strong><span style=\"color: #000000;\"> (Ponencia solicitada). XXIX Congreso de la Asociaci\u00f3n Espa\u00f1ola de Artroscopia. Tenerife; 4,5 y 6 de mayo de 2011. <\/span><\/span><\/p>\n<\/li>\n<li>\n<p align=\"LEFT\"><span style=\"font-size: 14px;\"><strong><span style=\"color: #000000;\">\u201cControversias en las inestabilidades de hombro. Actitud ante defectos titulares\u201d<\/span><\/strong><span style=\"color: #000000;\">. (Ponencia solicitada). XXVIII Congreso de la Asociaci\u00f3n Espa\u00f1ola de Artroscopia. Granada; 5,6 y 7 de mayo de 2010. <\/span><\/span><\/p>\n<\/li>\n<li>\n<p align=\"LEFT\"><span style=\"color: #008000; font-size: 14px;\"><strong><span style=\"color: #000000;\">\u201c<\/span><\/strong><strong><span style=\"color: #000000;\">Cirug\u00eda de la luxaci\u00f3n recidivante y multidireccional de hombro\u201d<\/span><\/strong><span style=\"color: #000000;\">. Curso de Formaci\u00f3n de la Asociaci\u00f3n Espa\u00f1ola de Artroscopia en Anatom\u00eda Artrosc\u00f3pica de Hombro. Departamento de Anatom\u00eda y Medicina Legal; Facultad de Medicina; Universidad de M\u00e1laga; 22 de mayo de 2009.<\/span><\/span><\/p>\n<\/li>\n<li>\n<p align=\"LEFT\"><span style=\"color: #008000; font-size: 14px;\"><strong><span style=\"color: #000000;\">\u201cReconstrucci\u00f3n del subescapular: Aspectos relevantes y en discusi\u00f3n\u201d<\/span><\/strong><span style=\"color: #000000;\">. Curso de Cirug\u00eda Artrosc\u00f3pica Avanzada de Hombro. Hospital Donostia &#8211; Osakidetza; 13 y 14 de noviembre, 2008; bajo el auspicio de la Sociedad Espa\u00f1ola de Artroscopia. <strong>Hombro inestable:<\/strong> \u00bfqu\u00e9 hacer?. XXV Congreso de la Asociaci\u00f3n Espa\u00f1ola de Artroscopia. Sevilla 16-18 de mayo de 2007. <\/span><\/span><\/p>\n<\/li>\n<li>\n<p align=\"LEFT\"><span style=\"color: #008000; font-size: 14px;\"><strong><span style=\"color: #000000;\">\u201cResultados en la reparaci\u00f3n de las roturas masivas de manguito rotador por cirug\u00eda abierta y artrosc\u00f3pica. Conclusiones\u201d<\/span><\/strong><span style=\"color: #000000;\">. Curso te\u00f3rico-pr\u00e1ctico de Cirug\u00eda Artrosc\u00f3pica del Hombro. Castell\u00f3n, 19 y 20 de octubre de 2006. Publicado en el libro GUIA DEL TRATAMIENTO ARTROSC\u00d3PICO DE LA PATOLOG\u00cdA DEL MANGUITO ROTADOR en las p\u00e1ginas 103-106.<\/span><\/span><\/p>\n<\/li>\n<li>\n<p align=\"LEFT\"><span style=\"color: #008000; font-size: 14px;\"><strong><span style=\"color: #000000;\">Inestabilidad glenohumeral de car\u00e1cter multidireccional:<\/span><\/strong><span style=\"color: #000000;\"> Valor de las diferentes pruebas de diagn\u00f3stico. XIX Congreso de la Asociaci\u00f3n Espa\u00f1ola de Artroscopia. Santander 10-12 de mayo de 2001. <\/span><\/span><\/p>\n<\/li>\n<li>\n<p align=\"LEFT\"><span style=\"font-size: 14px;\"><strong><span style=\"color: #000000;\">\u201c<\/span><\/strong><strong><span style=\"color: #000000;\">Valor diagn\u00f3stico de las pruebas de laxitud y de resalte en la inestabilidad glenohumeral\u201d<\/span><\/strong><span style=\"color: #000000;\">. 37 Congreso Nacional SECOT. Madrid 3-6 de octubre de 2000 (O 212). <\/span><\/span><\/p>\n<p align=\"LEFT\"><span style=\"color: #008000; font-size: 14px;\"><strong><span style=\"color: #000000;\">\u201cMedici\u00f3n por Artroscopia del desplazamiento humeral inferior: Una nueva prueba de diagn\u00f3stico\u201d<\/span><\/strong><span style=\"color: #000000;\">. XVIII Congreso de la Asociaci\u00f3n Espa\u00f1ola de Artroscopia. San Sebasti\u00e1n 18-20 de mayo de 2000. <\/span><\/span><\/p>\n<\/li>\n<li>\n<p align=\"LEFT\"><span style=\"font-size: 14px; color: #000000;\"><strong>\u201c<\/strong><strong>Tratamiento de la luxaci\u00f3n recidivante de hombro de tipo multidireccional: cirug\u00eda artrosc\u00f3pica (estudio comparativo con otras t\u00e9cnicas)\u201d<\/strong> (1er. Comunicante).<\/span><\/p>\n<p align=\"LEFT\"><span style=\"font-size: 14px; color: #000000;\"><strong>\u201cDiagn\u00f3stico de la inestabilidad multidireccional de hombro mediante la prueba de resalte din\u00e1mico inferior\u201d<\/strong> (1er. Comunicante).<\/span><\/p>\n<p align=\"LEFT\"><span style=\"font-size: 14px; color: #000000;\"><strong>XXVI Simposium Internacional de Traumatolog\u00eda y Ortopedia Fremap<\/strong>. Madrid 2-4, diciembre, 1999. Publicado en 2000 en el libro COLUMNA CERVICAL Y HOMBRO en las p\u00e1ginas 441-454 y 455-465.<\/span><\/p>\n<\/li>\n<li>\n<p align=\"LEFT\"><span style=\"font-size: 14px;\"><strong><span style=\"color: #000000;\">\u201c<\/span><\/strong><strong><span style=\"color: #000000;\">Refuerzo capsular anterior de Dacron en el tratamiento de la luxaci\u00f3n recidivante de hombro de tipo Multidireccional\u201d<\/span><\/strong><span style=\"color: #000000;\">. Jornadas de Medicina y Traumatolog\u00eda del Deporte. Barcelona 28 de octubre de 1999 (251). <\/span><\/span><\/p>\n<\/li>\n<li>\n<p align=\"LEFT\"><span style=\"color: #008000; font-size: 14px;\"><strong><span style=\"color: #000000;\">\u201cEstabilizaci\u00f3n anterior del hombro mediante refuerzo capsular en casos complejos\u201d<\/span><\/strong><span style=\"color: #000000;\">. XXXV Congreso Nacional de la SOCIEDAD ESPA\u00d1OLA DE CIRUGIA ORTOPEDICA Y TRAUMATOLOGIA. Santander 30 de septiembre de 1998 (O067). <\/span><\/span><\/p>\n<\/li>\n<li>\n<p align=\"LEFT\"><span style=\"color: #008000;\"><span style=\"font-size: 14px;\"><strong><span style=\"color: #000000;\">\u201c<\/span><\/strong><\/span><span style=\"font-size: medium;\"><span style=\"font-size: 14px;\"><strong><span style=\"color: #000000;\">Luxaci\u00f3n Recidivante de Hombro: Estabilizaci\u00f3n mediante Ligamentoplastia de Dacron\u201d<\/span><\/strong><\/span><span style=\"color: #000000;\"><span style=\"font-size: large;\"><span style=\"font-size: 14px;\">. 2\u00ba Congreso de la SOCIEDAD ESPA\u00d1OLA DE CIRUGIA DEL HOMBRO Y DEL CODO. Madrid 31 de mayo de 1996 (O \u2013 13).<\/span> <\/span><\/span><\/span><\/span><\/p>\n<\/li>\n<\/ul>\n","protected":false},"excerpt":{"rendered":"<p>\u201cArtroscopia de cadera: Tratamiento de la patolog\u00eda extra-articular.\u201d (Ponencia solicitada). XXIX Congreso de la Asociaci\u00f3n Espa\u00f1ola de Artroscopia. Tenerife; 4,5 y 6 de mayo de 2011. \u201cControversias en las inestabilidades de hombro. Actitud ante defectos titulares\u201d. (Ponencia solicitada). XXVIII Congreso de la Asociaci\u00f3n Espa\u00f1ola de Artroscopia. Granada; 5,6 y 7 de mayo de 2010. \u201cCirug\u00eda [&hellip;]<\/p>\n","protected":false},"author":1,"featured_media":0,"parent":224,"menu_order":0,"comment_status":"closed","ping_status":"closed","template":"","meta":{"_exactmetrics_skip_tracking":false,"_exactmetrics_sitenote_active":false,"_exactmetrics_sitenote_note":"","_exactmetrics_sitenote_category":0,"ngg_post_thumbnail":0},"categories":[18],"tags":[16,10,37,39,17],"yoast_head":"<!-- This site is optimized with the Yoast SEO plugin v20.11 - https:\/\/yoast.com\/wordpress\/plugins\/seo\/ -->\n<title>Cuellar - artroscopia, traumatolog\u00eda y cirug\u00eda ortop\u00e9dica - libros abstract<\/title>\n<meta name=\"description\" content=\"libros abstract de congresos realizados o en los que participa el doctor Cu\u00e9llar\" \/>\n<meta name=\"robots\" content=\"index, follow, max-snippet:-1, max-image-preview:large, max-video-preview:-1\" \/>\n<link rel=\"canonical\" href=\"https:\/\/cuellarcot.com\/index.php\/sobre-nosotros\/dr-ricardo-cuellar-gutierrez\/libros-abstract-congresos\/\" \/>\n<meta property=\"og:locale\" content=\"es_ES\" \/>\n<meta property=\"og:type\" content=\"article\" \/>\n<meta property=\"og:title\" content=\"Cuellar - artroscopia, traumatolog\u00eda y cirug\u00eda ortop\u00e9dica - libros abstract\" \/>\n<meta property=\"og:description\" content=\"libros abstract de congresos realizados o en los que participa el doctor Cu\u00e9llar\" \/>\n<meta property=\"og:url\" content=\"https:\/\/cuellarcot.com\/index.php\/sobre-nosotros\/dr-ricardo-cuellar-gutierrez\/libros-abstract-congresos\/\" \/>\n<meta property=\"article:modified_time\" content=\"2018-11-11T02:13:41+00:00\" \/>\n<meta name=\"twitter:card\" content=\"summary_large_image\" \/>\n<meta name=\"twitter:label1\" content=\"Tiempo de lectura\" \/>\n\t<meta name=\"twitter:data1\" content=\"2 minutos\" \/>\n<script type=\"application\/ld+json\" class=\"yoast-schema-graph\">{\"@context\":\"https:\/\/schema.org\",\"@graph\":[{\"@type\":\"WebPage\",\"@id\":\"https:\/\/cuellarcot.com\/index.php\/sobre-nosotros\/dr-ricardo-cuellar-gutierrez\/libros-abstract-congresos\/\",\"url\":\"https:\/\/cuellarcot.com\/index.php\/sobre-nosotros\/dr-ricardo-cuellar-gutierrez\/libros-abstract-congresos\/\",\"name\":\"Cuellar - artroscopia, traumatolog\u00eda y cirug\u00eda ortop\u00e9dica - libros abstract\",\"isPartOf\":{\"@id\":\"https:\/\/cuellarcot.com\/#website\"},\"datePublished\":\"2017-11-27T23:22:50+00:00\",\"dateModified\":\"2018-11-11T02:13:41+00:00\",\"description\":\"libros abstract de congresos realizados o en los que participa el doctor Cu\u00e9llar\",\"breadcrumb\":{\"@id\":\"https:\/\/cuellarcot.com\/index.php\/sobre-nosotros\/dr-ricardo-cuellar-gutierrez\/libros-abstract-congresos\/#breadcrumb\"},\"inLanguage\":\"es\",\"potentialAction\":[{\"@type\":\"ReadAction\",\"target\":[\"https:\/\/cuellarcot.com\/index.php\/sobre-nosotros\/dr-ricardo-cuellar-gutierrez\/libros-abstract-congresos\/\"]}]},{\"@type\":\"BreadcrumbList\",\"@id\":\"https:\/\/cuellarcot.com\/index.php\/sobre-nosotros\/dr-ricardo-cuellar-gutierrez\/libros-abstract-congresos\/#breadcrumb\",\"itemListElement\":[{\"@type\":\"ListItem\",\"position\":1,\"name\":\"Portada\",\"item\":\"https:\/\/cuellarcot.com\/\"},{\"@type\":\"ListItem\",\"position\":2,\"name\":\"Sobre nosotros\",\"item\":\"https:\/\/cuellarcot.com\/index.php\/sobre-nosotros\/\"},{\"@type\":\"ListItem\",\"position\":3,\"name\":\"Dr. Ricardo Cu\u00e9llar Gutierrez\",\"item\":\"https:\/\/cuellarcot.com\/index.php\/sobre-nosotros\/dr-ricardo-cuellar-gutierrez\/\"},{\"@type\":\"ListItem\",\"position\":4,\"name\":\"Libros abstract de congresos Dr. Ricardo Cu\u00e9llar\"}]},{\"@type\":\"WebSite\",\"@id\":\"https:\/\/cuellarcot.com\/#website\",\"url\":\"https:\/\/cuellarcot.com\/\",\"name\":\"\",\"description\":\"Traumatolog\u00eda, Cirug\u00eda ortop\u00e9dica y Artroscopia\",\"potentialAction\":[{\"@type\":\"SearchAction\",\"target\":{\"@type\":\"EntryPoint\",\"urlTemplate\":\"https:\/\/cuellarcot.com\/?s={search_term_string}\"},\"query-input\":\"required name=search_term_string\"}],\"inLanguage\":\"es\"}]}<\/script>\n<!-- \/ Yoast SEO plugin. -->","yoast_head_json":{"title":"Cuellar - artroscopia, traumatolog\u00eda y cirug\u00eda ortop\u00e9dica - libros abstract","description":"libros abstract de congresos realizados o en los que participa el doctor Cu\u00e9llar","robots":{"index":"index","follow":"follow","max-snippet":"max-snippet:-1","max-image-preview":"max-image-preview:large","max-video-preview":"max-video-preview:-1"},"canonical":"https:\/\/cuellarcot.com\/index.php\/sobre-nosotros\/dr-ricardo-cuellar-gutierrez\/libros-abstract-congresos\/","og_locale":"es_ES","og_type":"article","og_title":"Cuellar - artroscopia, traumatolog\u00eda y cirug\u00eda ortop\u00e9dica - libros abstract","og_description":"libros abstract de congresos realizados o en los que participa el doctor Cu\u00e9llar","og_url":"https:\/\/cuellarcot.com\/index.php\/sobre-nosotros\/dr-ricardo-cuellar-gutierrez\/libros-abstract-congresos\/","article_modified_time":"2018-11-11T02:13:41+00:00","twitter_card":"summary_large_image","twitter_misc":{"Tiempo de lectura":"2 minutos"},"schema":{"@context":"https:\/\/schema.org","@graph":[{"@type":"WebPage","@id":"https:\/\/cuellarcot.com\/index.php\/sobre-nosotros\/dr-ricardo-cuellar-gutierrez\/libros-abstract-congresos\/","url":"https:\/\/cuellarcot.com\/index.php\/sobre-nosotros\/dr-ricardo-cuellar-gutierrez\/libros-abstract-congresos\/","name":"Cuellar - artroscopia, traumatolog\u00eda y cirug\u00eda ortop\u00e9dica - libros abstract","isPartOf":{"@id":"https:\/\/cuellarcot.com\/#website"},"datePublished":"2017-11-27T23:22:50+00:00","dateModified":"2018-11-11T02:13:41+00:00","description":"libros abstract de congresos realizados o en los que participa el doctor Cu\u00e9llar","breadcrumb":{"@id":"https:\/\/cuellarcot.com\/index.php\/sobre-nosotros\/dr-ricardo-cuellar-gutierrez\/libros-abstract-congresos\/#breadcrumb"},"inLanguage":"es","potentialAction":[{"@type":"ReadAction","target":["https:\/\/cuellarcot.com\/index.php\/sobre-nosotros\/dr-ricardo-cuellar-gutierrez\/libros-abstract-congresos\/"]}]},{"@type":"BreadcrumbList","@id":"https:\/\/cuellarcot.com\/index.php\/sobre-nosotros\/dr-ricardo-cuellar-gutierrez\/libros-abstract-congresos\/#breadcrumb","itemListElement":[{"@type":"ListItem","position":1,"name":"Portada","item":"https:\/\/cuellarcot.com\/"},{"@type":"ListItem","position":2,"name":"Sobre nosotros","item":"https:\/\/cuellarcot.com\/index.php\/sobre-nosotros\/"},{"@type":"ListItem","position":3,"name":"Dr. Ricardo Cu\u00e9llar Gutierrez","item":"https:\/\/cuellarcot.com\/index.php\/sobre-nosotros\/dr-ricardo-cuellar-gutierrez\/"},{"@type":"ListItem","position":4,"name":"Libros abstract de congresos Dr. Ricardo Cu\u00e9llar"}]},{"@type":"WebSite","@id":"https:\/\/cuellarcot.com\/#website","url":"https:\/\/cuellarcot.com\/","name":"","description":"Traumatolog\u00eda, Cirug\u00eda ortop\u00e9dica y Artroscopia","potentialAction":[{"@type":"SearchAction","target":{"@type":"EntryPoint","urlTemplate":"https:\/\/cuellarcot.com\/?s={search_term_string}"},"query-input":"required name=search_term_string"}],"inLanguage":"es"}]}},"_links":{"self":[{"href":"https:\/\/cuellarcot.com\/index.php\/wp-json\/wp\/v2\/pages\/518"}],"collection":[{"href":"https:\/\/cuellarcot.com\/index.php\/wp-json\/wp\/v2\/pages"}],"about":[{"href":"https:\/\/cuellarcot.com\/index.php\/wp-json\/wp\/v2\/types\/page"}],"author":[{"embeddable":true,"href":"https:\/\/cuellarcot.com\/index.php\/wp-json\/wp\/v2\/users\/1"}],"replies":[{"embeddable":true,"href":"https:\/\/cuellarcot.com\/index.php\/wp-json\/wp\/v2\/comments?post=518"}],"version-history":[{"count":10,"href":"https:\/\/cuellarcot.com\/index.php\/wp-json\/wp\/v2\/pages\/518\/revisions"}],"predecessor-version":[{"id":1245,"href":"https:\/\/cuellarcot.com\/index.php\/wp-json\/wp\/v2\/pages\/518\/revisions\/1245"}],"up":[{"embeddable":true,"href":"https:\/\/cuellarcot.com\/index.php\/wp-json\/wp\/v2\/pages\/224"}],"wp:attachment":[{"href":"https:\/\/cuellarcot.com\/index.php\/wp-json\/wp\/v2\/media?parent=518"}],"wp:term":[{"taxonomy":"category","embeddable":true,"href":"https:\/\/cuellarcot.com\/index.php\/wp-json\/wp\/v2\/categories?post=518"},{"taxonomy":"post_tag","embeddable":true,"href":"https:\/\/cuellarcot.com\/index.php\/wp-json\/wp\/v2\/tags?post=518"}],"curies":[{"name":"wp","href":"https:\/\/api.w.org\/{rel}","templated":true}]}}