{"id":567,"date":"2017-12-08T17:42:21","date_gmt":"2017-12-08T16:42:21","guid":{"rendered":"http:\/\/cuellarcot.com\/?page_id=567"},"modified":"2018-11-13T03:19:08","modified_gmt":"2018-11-13T02:19:08","slug":"otros-articulos","status":"publish","type":"page","link":"https:\/\/cuellarcot.com\/index.php\/articulos-y-publicaciones\/otros-articulos\/","title":{"rendered":"Otros art\u00edculos"},"content":{"rendered":"<table style=\"width: 791px;\">\n<tbody>\n<tr style=\"height: 64px;\">\n<td style=\"width: 240.317px; height: 64px;\"><span style=\"color: #000000;\"><strong>Revista<\/strong><\/span><\/td>\n<td style=\"width: 381.483px; height: 64px;\"><span style=\"color: #000000;\"><strong>Titulo<\/strong><\/span><\/td>\n<td style=\"width: 147.2px; height: 64px;\"><span style=\"color: #000000;\"><strong>Autor<\/strong><\/span><\/td>\n<\/tr>\n<tr>\n<td style=\"width: 240.317px;\"><span style=\"color: #000000;\"><a href=\"http:\/\/cuellarcot.com\/wp-content\/uploads\/2018\/11\/reaca-portada-vol25-fasc2-num63.png\"><img decoding=\"async\" loading=\"lazy\" class=\" wp-image-1230 aligncenter\" src=\"http:\/\/cuellarcot.com\/wp-content\/uploads\/2018\/11\/reaca-portada-vol25-fasc2-num63.png\" alt=\"\" width=\"156\" height=\"208\" srcset=\"https:\/\/cuellarcot.com\/wp-content\/uploads\/2018\/11\/reaca-portada-vol25-fasc2-num63.png 600w, https:\/\/cuellarcot.com\/wp-content\/uploads\/2018\/11\/reaca-portada-vol25-fasc2-num63-225x300.png 225w\" sizes=\"(max-width: 156px) 100vw, 156px\" \/><\/a><\/span><\/td>\n<td style=\"width: 381.483px;\">\n<p align=\"JUSTIFY\"><a href=\"http:\/\/fondoscience.com\/reaca\/vol25-fasc2-num63\/fs1807036-numeros-monograficos-nuevo-numero-monografico\" target=\"_blank\" rel=\"noopener\"><span style=\"font-family: Arial, sans-serif; font-size: 14px; color: #000000;\">Editorial. Los n\u00fameros monogr\u00e1ficos. El nuevo n\u00famero monogr\u00e1fico.&nbsp; Rev Esp Artrosc Cir Articul. 2018;25(2):89-90.<\/span><\/a><\/p>\n<p align=\"JUSTIFY\"><span style=\"font-family: Arial, sans-serif; font-size: 14px; color: #000000;\">&nbsp;<\/span><\/p>\n<\/td>\n<td style=\"width: 147.2px;\"><span style=\"color: #000000; font-size: 14px;\"><strong>Ricardo Cu\u00e9llar<\/strong><\/span><\/td>\n<\/tr>\n<tr>\n<td style=\"width: 240.317px;\"><span style=\"color: #000000;\"><a href=\"http:\/\/cuellarcot.com\/wp-content\/uploads\/2018\/11\/reaca-portada-vol25-fasc2-num63.png\"><img decoding=\"async\" loading=\"lazy\" class=\" wp-image-1230 aligncenter\" src=\"http:\/\/cuellarcot.com\/wp-content\/uploads\/2018\/11\/reaca-portada-vol25-fasc2-num63.png\" alt=\"\" width=\"156\" height=\"208\" srcset=\"https:\/\/cuellarcot.com\/wp-content\/uploads\/2018\/11\/reaca-portada-vol25-fasc2-num63.png 600w, https:\/\/cuellarcot.com\/wp-content\/uploads\/2018\/11\/reaca-portada-vol25-fasc2-num63-225x300.png 225w\" sizes=\"(max-width: 156px) 100vw, 156px\" \/><\/a><\/span><\/td>\n<td style=\"width: 381.483px;\">\n<p align=\"JUSTIFY\"><a href=\"http:\/\/fondoscience.com\/reaca\/vol25-fasc2-num63\/fs1807035-nueva-etapa-revista-nuevo-equipo-edicion\" target=\"_blank\" rel=\"noopener\"><span style=\"font-family: Arial, sans-serif; font-size: 14px; color: #000000;\">Editorial. Una nueva etapa de la revista. Un nuevo equipo en la edici\u00f3n. Rev Esp Artrosc Cir Articul. 2018;25(2):87-88.<\/span><\/a><\/p>\n<p align=\"JUSTIFY\"><span style=\"font-family: Arial, sans-serif; color: #000000; font-size: 14px;\">&nbsp;<\/span><\/p>\n<\/td>\n<td style=\"width: 147.2px;\"><span style=\"color: #000000; font-size: 14px;\"><strong>Ricardo Cu\u00e9llar<\/strong><\/span><\/td>\n<\/tr>\n<tr>\n<td style=\"width: 240.317px;\"><span style=\"color: #000000;\"><a href=\"http:\/\/cuellarcot.com\/wp-content\/uploads\/2018\/11\/artroscopia-articular.png\"><img decoding=\"async\" loading=\"lazy\" class=\" wp-image-1225 aligncenter\" src=\"http:\/\/cuellarcot.com\/wp-content\/uploads\/2018\/11\/artroscopia-articular.png\" alt=\"\" width=\"156\" height=\"208\" srcset=\"https:\/\/cuellarcot.com\/wp-content\/uploads\/2018\/11\/artroscopia-articular.png 600w, https:\/\/cuellarcot.com\/wp-content\/uploads\/2018\/11\/artroscopia-articular-225x300.png 225w\" sizes=\"(max-width: 156px) 100vw, 156px\" \/><\/a><\/span><\/td>\n<td style=\"width: 381.483px;\">\n<p align=\"JUSTIFY\"><a href=\"http:\/\/fondoscience.com\/reaca\/vol25-fasc1-num61\/fs1802012-editorial-felicidades-revista-aea\" target=\"_blank\" rel=\"noopener\"><span style=\"font-family: Arial, sans-serif; color: #000000; font-size: 14px;\">Editorial. Felicidades, revista de la AEA. Ricardo Cu\u00e9llar. Rev Esp Artrosc Cir Articul. 2018;25(1):1-2.<\/span><\/a><\/p>\n<p style=\"text-align: left;\" align=\"JUSTIFY\"><span style=\"color: #000000; font-size: 14px;\"><span lang=\"en-US\">&nbsp;<\/span><\/span><\/p>\n<\/td>\n<td style=\"width: 147.2px;\"><span style=\"color: #000000; font-size: 14px;\"><strong>Ricardo&nbsp;Cu\u00e9llar<\/strong><\/span><\/td>\n<\/tr>\n<tr style=\"height: 282px;\">\n<td style=\"width: 240.317px; height: 282px;\"><span style=\"color: #000000;\">&nbsp;<img decoding=\"async\" loading=\"lazy\" class=\" wp-image-135 aligncenter\" src=\"http:\/\/cuellarcot.com\/wp-content\/uploads\/2017\/11\/healthquality.jpg\" alt=\"\" width=\"156\" height=\"207\"><\/span><\/td>\n<td style=\"width: 381.483px; height: 282px;\">\n<p style=\"text-align: left;\" align=\"JUSTIFY\"><span style=\"color: #000000; font-size: 14px;\"><a style=\"color: #000000;\" href=\"https:\/\/hqlo.biomedcentral.com\/articles\/10.1186\/s12955-016-0552-1\" target=\"_blank\" rel=\"noopener\"><span lang=\"en-US\">Patient self-report section of the ASES questionnaire: a Spanish validation study using classical test theory and the Rasch model. <\/span><span lang=\"en-US\">Health and Quality of Life Outcomes, 14:147 (octubre 2016) DOI 10.1186\/s12955-016-0552-1.<\/span><\/a><\/span><\/p>\n<\/td>\n<td style=\"width: 147.2px; height: 282px;\"><span style=\"color: #000000; font-size: 14px;\">Kalliopi&nbsp;Vrotsou<\/span><\/p>\n<p><span style=\"color: #000000; font-size: 14px;\"><strong>Ricardo&nbsp;Cu\u00e9llar<\/strong><\/span><\/p>\n<p><span style=\"color: #000000; font-size: 14px;\">F\u00e9lix&nbsp;Sili\u00f3<\/span><\/p>\n<p><span style=\"color: #000000; font-size: 14px;\">Miguel&nbsp;\u00c1ngel&nbsp;Rodriguez<\/span><\/p>\n<p><span style=\"color: #000000; font-size: 14px;\">Daniel&nbsp;Garay<\/span><\/p>\n<p><span style=\"color: #000000; font-size: 14px;\">Gorka&nbsp;Busto<\/span><\/p>\n<p><span style=\"color: #000000; font-size: 14px;\">Ziortza&nbsp;Trancho<\/span><\/p>\n<p><span style=\"color: #000000; font-size: 14px;\">Antonio&nbsp;Escobar<\/span><\/td>\n<\/tr>\n<tr>\n<td style=\"width: 240.317px; text-align: center;\"><a href=\"http:\/\/cuellarcot.com\/wp-content\/uploads\/2017\/11\/9783642365683.jpg\"><img decoding=\"async\" loading=\"lazy\" class=\"size-full wp-image-155 aligncenter\" src=\"http:\/\/cuellarcot.com\/wp-content\/uploads\/2017\/11\/9783642365683.jpg\" alt=\"\" width=\"153\" height=\"218\"><\/a><\/td>\n<td style=\"width: 381.483px;\">\n<p align=\"JUSTIFY\"><a href=\"https:\/\/link.springer.com\/referenceworkentry\/10.1007\/978-3-642-36569-0_14\" target=\"_blank\" rel=\"noopener\"><span style=\"font-size: 14px; color: #000000;\"><span style=\"font-family: Arial, sans-serif;\"><span lang=\"en-US\">\u00abArthroscopic Repair of Rotator Cuff Disorders\u00bb (2015). In Sports Injuries: Prevention, Diagnosis, Treatment and Rehabilitation, Mahmut Nedim Doral and Jon Karlsson (Ed.), pp(115-131), ISBN: 978-3-642-36801-1;<\/span><\/span> <span style=\"font-family: Arial, sans-serif;\"><span lang=\"en-US\">DE170864101, Springer-Verlag GmbH, Heidelberg, Germany.<\/span><\/span><\/span><\/a><\/p>\n<p align=\"JUSTIFY\"><span style=\"font-size: 14px; color: #000000;\"><span style=\"font-family: Arial, sans-serif;\"><span lang=\"en-US\">&nbsp;<\/span><\/span><\/span><\/p>\n<\/td>\n<td style=\"width: 147.2px;\"><span style=\"font-size: 14px; color: #000000;\" lang=\"en-US\">Ruiz-ib\u00e1n, MA<\/span><\/p>\n<p><span style=\"font-size: 14px; color: #000000;\" lang=\"en-US\">D\u00edaz-Heredia, J<\/span><\/p>\n<p><span style=\"font-size: 14px; color: #000000;\" lang=\"en-US\"> Garc\u00eda-Navlet, M<\/span><\/p>\n<p><span style=\"color: #000000;\"><strong><span style=\"font-size: 14px;\" lang=\"en-US\">Cu\u00e9llar, R<\/span><\/strong><\/span><\/p>\n<p><span style=\"font-size: 14px; color: #000000;\"><span lang=\"en-US\">Avila, <\/span><span lang=\"en-US\">JL<\/span><\/span><\/p>\n<p><span style=\"font-size: 14px; color: #000000;\"><span lang=\"en-US\">S\u00e1nchez-Ale<\/span><span lang=\"en-US\">E<\/span><\/span><\/p>\n<p><span style=\"font-size: 14px; color: #000000;\" lang=\"en-US\"> Sastre-Solsona S<\/span><\/td>\n<\/tr>\n<tr>\n<td style=\"width: 240.317px; text-align: center;\"><a href=\"http:\/\/cuellarcot.com\/wp-content\/uploads\/2018\/11\/063ad3794a1f2690610beacacff919b7.jpg\"><img decoding=\"async\" loading=\"lazy\" class=\"wp-image-1235 alignnone\" src=\"http:\/\/cuellarcot.com\/wp-content\/uploads\/2018\/11\/063ad3794a1f2690610beacacff919b7.jpg\" alt=\"\" width=\"156\" height=\"213\" srcset=\"https:\/\/cuellarcot.com\/wp-content\/uploads\/2018\/11\/063ad3794a1f2690610beacacff919b7.jpg 400w, https:\/\/cuellarcot.com\/wp-content\/uploads\/2018\/11\/063ad3794a1f2690610beacacff919b7-219x300.jpg 219w\" sizes=\"(max-width: 156px) 100vw, 156px\" \/><\/a><\/td>\n<td style=\"width: 381.483px;\">\n<p align=\"JUSTIFY\"><a href=\"http:\/\/www.intechopen.com\/articles\/show\/title\/arthroscopic-ankle-and-subtalar-arthrodesis-indications-and-surgical-technique\" target=\"_blank\" rel=\"noopener\"><span style=\"font-size: 14px; color: #000000;\"><span style=\"font-family: Arial, sans-serif;\"><span lang=\"en-US\">\u00abArthroscopic Ankle and Subtalar Arthrodesis \u2013 Indications and Surgical Technique\u00bb (2013). <\/span><\/span><span style=\"font-family: Arial, sans-serif;\"><span lang=\"en-GB\">Regional Arthroscopy, Vaibhav Bagaria (Ed.), ISBN: 978-953-51-1044-6<\/span><\/span><\/span><\/a><\/p>\n<p style=\"text-align: left;\" align=\"JUSTIFY\"><span style=\"color: #000000; font-size: 14px;\"><span lang=\"en-US\">&nbsp;<\/span><\/span><\/p>\n<\/td>\n<td style=\"width: 147.2px;\"><strong><span style=\"color: #000000; font-size: 14px;\"><span lang=\"en-US\">Cue\u0301llar Ricardo<\/span><\/span><\/strong><\/p>\n<p><span style=\"color: #000000; font-size: 14px;\"><span lang=\"en-US\"> Zald\u00faa Juan<\/span><\/span><\/p>\n<p><span style=\"color: #000000; font-size: 14px;\"><span lang=\"en-US\">Ponte Juan<\/span><\/span><\/p>\n<p><strong><span style=\"color: #000000; font-size: 14px;\"><span lang=\"en-US\">Cu\u00e9llar Adri\u00e1n&nbsp;<\/span><\/span><\/strong><\/p>\n<p><span style=\"color: #000000; font-size: 14px;\"><span lang=\"en-US\"> S\u00e1nchez Alberto <\/span><\/span><\/td>\n<\/tr>\n<tr style=\"height: 282px;\">\n<td style=\"width: 240.317px; height: 282px; text-align: center;\">&nbsp;<img decoding=\"async\" loading=\"lazy\" class=\"wp-image-663 aligncenter\" src=\"http:\/\/cuellarcot.com\/wp-content\/uploads\/2017\/12\/cover.gif\" alt=\"\" width=\"159\" height=\"207\"><\/td>\n<td style=\"width: 381.483px; height: 282px;\">\n<p style=\"text-align: left;\" align=\"JUSTIFY\"><span style=\"color: #000000; font-size: 14px;\"><span lang=\"en-US\"><br \/>\n<span style=\"color: #000000;\"><a style=\"color: #000000;\" href=\"http:\/\/onlinelibrary.wiley.com\/doi\/10.1002\/bjs.6650\/epdf?r3_referer=wol&amp;tracking_action=preview_click&amp;show_checkout=1&amp;purchase_referrer=onlinelibrary.wiley.com&amp;purchase_site_license=LICENSE_DENIED\" target=\"_blank\" rel=\"noopener\">Arterial ligature to reduce the progression of liver metastasis in a rat model. <\/a><\/span><\/span><span lang=\"en-US\">British Journal of Surgery&nbsp; 2009 <\/span><span lang=\"en-US\"><span style=\"color: #000000;\">; 96(S5): 1 \u2013 72<\/span><br \/>\n<\/span><\/span><\/p>\n<\/td>\n<td style=\"width: 147.2px; height: 282px;\"><span style=\"color: #000000; font-size: 14px;\"><span lang=\"en-US\">Garc\u00eda-Alonso<\/span><\/span><\/p>\n<p><span style=\"color: #000000; font-size: 14px;\"><span lang=\"en-US\">J.Herrero<\/span><\/span><\/p>\n<p><span style=\"color: #000000; font-size: 14px;\"><span lang=\"en-US\"> J. Echevarr\u0131\u00eda<\/span><\/span><\/p>\n<p><span style=\"color: #000000; font-size: 14px;\"><span lang=\"en-US\">I. D\u00edaza<\/span><\/span><\/p>\n<p><span style=\"font-size: 14px;\"><span style=\"color: #000000;\"><span lang=\"en-US\"> B<\/span><\/span><span style=\"color: #000000;\"><span lang=\"en-US\"> Mir\u00f3<\/span><\/span><\/span><\/p>\n<p><span style=\"color: #000000; font-size: 14px;\"><span lang=\"en-US\"><strong>A. Cu\u00e9llar<\/strong><br \/>\n<\/span><\/span><\/td>\n<\/tr>\n<tr style=\"height: 282px;\">\n<td style=\"width: 240.317px; height: 282px; text-align: center;\">&nbsp;<img decoding=\"async\" loading=\"lazy\" class=\"alignnone wp-image-665\" src=\"http:\/\/cuellarcot.com\/wp-content\/uploads\/2017\/12\/223841-225x300.jpg\" alt=\"\" width=\"150\" height=\"200\" srcset=\"https:\/\/cuellarcot.com\/wp-content\/uploads\/2017\/12\/223841-225x300.jpg 225w, https:\/\/cuellarcot.com\/wp-content\/uploads\/2017\/12\/223841.jpg 331w\" sizes=\"(max-width: 150px) 100vw, 150px\" \/><\/td>\n<td style=\"width: 381.483px; height: 282px;\">\n<p style=\"text-align: left;\" align=\"JUSTIFY\"><span style=\"color: #000000; font-size: 14px;\"><span lang=\"en-US\">Ultrasonography and MRI in the follow up of rat liver<br \/>\nmetastases. European Surgical Research 2007; page 77<br \/>\n<\/span><\/span><\/p>\n<\/td>\n<td style=\"width: 147.2px; height: 282px;\"><span style=\"color: #000000; font-size: 14px;\"><span lang=\"en-US\">Garc\u00eda-Alonso, J<\/span><\/span><\/p>\n<p><span style=\"color: #000000; font-size: 14px;\"><span lang=\"en-US\">J. Echevarr\u00eda<\/span><\/span><\/p>\n<p><span style=\"color: #000000; font-size: 14px;\"><span lang=\"en-US\"> I. Aguirre<\/span><\/span><\/p>\n<p><span style=\"color: #000000; font-size: 14px;\"><span lang=\"en-US\">Y. Jauregui<\/span><\/span><\/p>\n<p><span style=\"color: #000000; font-size: 14px;\"><span lang=\"en-US\">T. Palomares<\/span><\/span><\/p>\n<p><span style=\"color: #000000; font-size: 14px;\"><span lang=\"en-US\"> H.Mar\u00edn<\/span><\/span><\/p>\n<p><span style=\"font-size: 14px;\"><strong><span style=\"color: #000000;\"><span lang=\"en-US\"> A. Cu\u00e9llar<\/span><\/span><\/strong><\/span><\/td>\n<\/tr>\n<tr>\n<td style=\"width: 240.317px; text-align: center;\"><a href=\"http:\/\/cuellarcot.com\/wp-content\/uploads\/2018\/11\/\u00edndice.jpg\"><img decoding=\"async\" loading=\"lazy\" class=\" wp-image-1238 aligncenter\" src=\"http:\/\/cuellarcot.com\/wp-content\/uploads\/2018\/11\/\u00edndice.jpg\" alt=\"\" width=\"152\" height=\"48\" srcset=\"https:\/\/cuellarcot.com\/wp-content\/uploads\/2018\/11\/\u00edndice.jpg 399w, https:\/\/cuellarcot.com\/wp-content\/uploads\/2018\/11\/\u00edndice-300x95.jpg 300w\" sizes=\"(max-width: 152px) 100vw, 152px\" \/><\/a><\/td>\n<td style=\"width: 381.483px;\"><span style=\"font-size: 14px; color: #000000;\"><span style=\"font-family: Arial, sans-serif;\">Luxaciones en el deportista&nbsp;(Curso B\u00e1sico: Luxaciones) Gij\u00f3n 17 de junio del 2000, <\/span><span style=\"font-family: Arial, sans-serif;\">p\u00e1gina 343-351,<\/span><span style=\"font-family: Arial, sans-serif;\">Fundaci\u00f3n SECOT, <\/span><span style=\"font-family: Arial, sans-serif;\">Drug Farma S.L.<\/span><\/span><\/p>\n<p><span style=\"font-family: Arial, sans-serif;\">&nbsp;<\/span><\/p>\n<p><span style=\"font-family: Arial, sans-serif;\">&nbsp;<\/span><\/p>\n<p style=\"text-align: left;\" align=\"JUSTIFY\"><span style=\"color: #000000; font-size: 14px;\"><span lang=\"en-US\">&nbsp;<\/span><\/span><\/p>\n<\/td>\n<td style=\"width: 147.2px;\"><span style=\"color: #000000; font-size: 14px;\"><span lang=\"en-US\"><strong>Ricardo&nbsp;Cu\u00e9llar<\/strong><\/span><\/span><\/td>\n<\/tr>\n<\/tbody>\n<\/table>\n<p>&nbsp;<\/p>\n","protected":false},"excerpt":{"rendered":"<p>Revista Titulo Autor Editorial. Los n\u00fameros monogr\u00e1ficos. El nuevo n\u00famero monogr\u00e1fico.&nbsp; Rev Esp Artrosc Cir Articul. 2018;25(2):89-90. &nbsp; Ricardo Cu\u00e9llar Editorial. Una nueva etapa de la revista. Un nuevo equipo en la edici\u00f3n. Rev Esp Artrosc Cir Articul. 2018;25(2):87-88. &nbsp; Ricardo Cu\u00e9llar Editorial. Felicidades, revista de la AEA. Ricardo Cu\u00e9llar. Rev Esp Artrosc Cir Articul. [&hellip;]<\/p>\n","protected":false},"author":1,"featured_media":0,"parent":183,"menu_order":0,"comment_status":"closed","ping_status":"closed","template":"","meta":{"_exactmetrics_skip_tracking":false,"_exactmetrics_sitenote_active":false,"_exactmetrics_sitenote_note":"","_exactmetrics_sitenote_category":0,"ngg_post_thumbnail":0},"categories":[18],"tags":[16,23,37,17],"yoast_head":"<!-- This site is optimized with the Yoast SEO plugin v20.11 - https:\/\/yoast.com\/wordpress\/plugins\/seo\/ -->\n<title>Cuellar - artroscopia, traumatolog\u00eda y cirug\u00eda ortop\u00e9dica - otros art\u00edculos<\/title>\n<meta name=\"description\" content=\"otros art\u00edculos publicados por los doctores Cu\u00e9llar\" \/>\n<meta name=\"robots\" content=\"index, follow, max-snippet:-1, max-image-preview:large, max-video-preview:-1\" \/>\n<link rel=\"canonical\" href=\"https:\/\/cuellarcot.com\/index.php\/articulos-y-publicaciones\/otros-articulos\/\" \/>\n<meta property=\"og:locale\" content=\"es_ES\" \/>\n<meta property=\"og:type\" content=\"article\" \/>\n<meta property=\"og:title\" content=\"Cuellar - artroscopia, traumatolog\u00eda y cirug\u00eda ortop\u00e9dica - otros art\u00edculos\" \/>\n<meta property=\"og:description\" content=\"otros art\u00edculos publicados por los doctores Cu\u00e9llar\" \/>\n<meta property=\"og:url\" content=\"https:\/\/cuellarcot.com\/index.php\/articulos-y-publicaciones\/otros-articulos\/\" \/>\n<meta property=\"article:modified_time\" content=\"2018-11-13T02:19:08+00:00\" \/>\n<meta property=\"og:image\" content=\"http:\/\/cuellarcot.com\/wp-content\/uploads\/2018\/11\/reaca-portada-vol25-fasc2-num63.png\" \/>\n<meta name=\"twitter:card\" content=\"summary_large_image\" \/>\n<meta name=\"twitter:label1\" content=\"Tiempo de lectura\" \/>\n\t<meta name=\"twitter:data1\" content=\"2 minutos\" \/>\n<script type=\"application\/ld+json\" class=\"yoast-schema-graph\">{\"@context\":\"https:\/\/schema.org\",\"@graph\":[{\"@type\":\"WebPage\",\"@id\":\"https:\/\/cuellarcot.com\/index.php\/articulos-y-publicaciones\/otros-articulos\/\",\"url\":\"https:\/\/cuellarcot.com\/index.php\/articulos-y-publicaciones\/otros-articulos\/\",\"name\":\"Cuellar - artroscopia, traumatolog\u00eda y cirug\u00eda ortop\u00e9dica - otros art\u00edculos\",\"isPartOf\":{\"@id\":\"https:\/\/cuellarcot.com\/#website\"},\"datePublished\":\"2017-12-08T16:42:21+00:00\",\"dateModified\":\"2018-11-13T02:19:08+00:00\",\"description\":\"otros art\u00edculos publicados por los doctores Cu\u00e9llar\",\"breadcrumb\":{\"@id\":\"https:\/\/cuellarcot.com\/index.php\/articulos-y-publicaciones\/otros-articulos\/#breadcrumb\"},\"inLanguage\":\"es\",\"potentialAction\":[{\"@type\":\"ReadAction\",\"target\":[\"https:\/\/cuellarcot.com\/index.php\/articulos-y-publicaciones\/otros-articulos\/\"]}]},{\"@type\":\"BreadcrumbList\",\"@id\":\"https:\/\/cuellarcot.com\/index.php\/articulos-y-publicaciones\/otros-articulos\/#breadcrumb\",\"itemListElement\":[{\"@type\":\"ListItem\",\"position\":1,\"name\":\"Portada\",\"item\":\"https:\/\/cuellarcot.com\/\"},{\"@type\":\"ListItem\",\"position\":2,\"name\":\"Art\u00edculos y publicaciones\",\"item\":\"https:\/\/cuellarcot.com\/index.php\/articulos-y-publicaciones\/\"},{\"@type\":\"ListItem\",\"position\":3,\"name\":\"Otros art\u00edculos\"}]},{\"@type\":\"WebSite\",\"@id\":\"https:\/\/cuellarcot.com\/#website\",\"url\":\"https:\/\/cuellarcot.com\/\",\"name\":\"\",\"description\":\"Traumatolog\u00eda, Cirug\u00eda ortop\u00e9dica y Artroscopia\",\"potentialAction\":[{\"@type\":\"SearchAction\",\"target\":{\"@type\":\"EntryPoint\",\"urlTemplate\":\"https:\/\/cuellarcot.com\/?s={search_term_string}\"},\"query-input\":\"required name=search_term_string\"}],\"inLanguage\":\"es\"}]}<\/script>\n<!-- \/ Yoast SEO plugin. -->","yoast_head_json":{"title":"Cuellar - artroscopia, traumatolog\u00eda y cirug\u00eda ortop\u00e9dica - otros art\u00edculos","description":"otros art\u00edculos publicados por los doctores Cu\u00e9llar","robots":{"index":"index","follow":"follow","max-snippet":"max-snippet:-1","max-image-preview":"max-image-preview:large","max-video-preview":"max-video-preview:-1"},"canonical":"https:\/\/cuellarcot.com\/index.php\/articulos-y-publicaciones\/otros-articulos\/","og_locale":"es_ES","og_type":"article","og_title":"Cuellar - artroscopia, traumatolog\u00eda y cirug\u00eda ortop\u00e9dica - otros art\u00edculos","og_description":"otros art\u00edculos publicados por los doctores Cu\u00e9llar","og_url":"https:\/\/cuellarcot.com\/index.php\/articulos-y-publicaciones\/otros-articulos\/","article_modified_time":"2018-11-13T02:19:08+00:00","og_image":[{"url":"http:\/\/cuellarcot.com\/wp-content\/uploads\/2018\/11\/reaca-portada-vol25-fasc2-num63.png"}],"twitter_card":"summary_large_image","twitter_misc":{"Tiempo de lectura":"2 minutos"},"schema":{"@context":"https:\/\/schema.org","@graph":[{"@type":"WebPage","@id":"https:\/\/cuellarcot.com\/index.php\/articulos-y-publicaciones\/otros-articulos\/","url":"https:\/\/cuellarcot.com\/index.php\/articulos-y-publicaciones\/otros-articulos\/","name":"Cuellar - artroscopia, traumatolog\u00eda y cirug\u00eda ortop\u00e9dica - otros art\u00edculos","isPartOf":{"@id":"https:\/\/cuellarcot.com\/#website"},"datePublished":"2017-12-08T16:42:21+00:00","dateModified":"2018-11-13T02:19:08+00:00","description":"otros art\u00edculos publicados por los doctores Cu\u00e9llar","breadcrumb":{"@id":"https:\/\/cuellarcot.com\/index.php\/articulos-y-publicaciones\/otros-articulos\/#breadcrumb"},"inLanguage":"es","potentialAction":[{"@type":"ReadAction","target":["https:\/\/cuellarcot.com\/index.php\/articulos-y-publicaciones\/otros-articulos\/"]}]},{"@type":"BreadcrumbList","@id":"https:\/\/cuellarcot.com\/index.php\/articulos-y-publicaciones\/otros-articulos\/#breadcrumb","itemListElement":[{"@type":"ListItem","position":1,"name":"Portada","item":"https:\/\/cuellarcot.com\/"},{"@type":"ListItem","position":2,"name":"Art\u00edculos y publicaciones","item":"https:\/\/cuellarcot.com\/index.php\/articulos-y-publicaciones\/"},{"@type":"ListItem","position":3,"name":"Otros art\u00edculos"}]},{"@type":"WebSite","@id":"https:\/\/cuellarcot.com\/#website","url":"https:\/\/cuellarcot.com\/","name":"","description":"Traumatolog\u00eda, Cirug\u00eda ortop\u00e9dica y Artroscopia","potentialAction":[{"@type":"SearchAction","target":{"@type":"EntryPoint","urlTemplate":"https:\/\/cuellarcot.com\/?s={search_term_string}"},"query-input":"required name=search_term_string"}],"inLanguage":"es"}]}},"_links":{"self":[{"href":"https:\/\/cuellarcot.com\/index.php\/wp-json\/wp\/v2\/pages\/567"}],"collection":[{"href":"https:\/\/cuellarcot.com\/index.php\/wp-json\/wp\/v2\/pages"}],"about":[{"href":"https:\/\/cuellarcot.com\/index.php\/wp-json\/wp\/v2\/types\/page"}],"author":[{"embeddable":true,"href":"https:\/\/cuellarcot.com\/index.php\/wp-json\/wp\/v2\/users\/1"}],"replies":[{"embeddable":true,"href":"https:\/\/cuellarcot.com\/index.php\/wp-json\/wp\/v2\/comments?post=567"}],"version-history":[{"count":18,"href":"https:\/\/cuellarcot.com\/index.php\/wp-json\/wp\/v2\/pages\/567\/revisions"}],"predecessor-version":[{"id":1250,"href":"https:\/\/cuellarcot.com\/index.php\/wp-json\/wp\/v2\/pages\/567\/revisions\/1250"}],"up":[{"embeddable":true,"href":"https:\/\/cuellarcot.com\/index.php\/wp-json\/wp\/v2\/pages\/183"}],"wp:attachment":[{"href":"https:\/\/cuellarcot.com\/index.php\/wp-json\/wp\/v2\/media?parent=567"}],"wp:term":[{"taxonomy":"category","embeddable":true,"href":"https:\/\/cuellarcot.com\/index.php\/wp-json\/wp\/v2\/categories?post=567"},{"taxonomy":"post_tag","embeddable":true,"href":"https:\/\/cuellarcot.com\/index.php\/wp-json\/wp\/v2\/tags?post=567"}],"curies":[{"name":"wp","href":"https:\/\/api.w.org\/{rel}","templated":true}]}}