{"id":581,"date":"2017-12-18T12:36:14","date_gmt":"2017-12-18T11:36:14","guid":{"rendered":"http:\/\/cuellarcot.com\/?page_id=581"},"modified":"2017-12-19T01:10:09","modified_gmt":"2017-12-19T00:10:09","slug":"cursos-hombro","status":"publish","type":"page","link":"https:\/\/cuellarcot.com\/index.php\/sobre-nosotros\/dr-adrian-cuellar-ayestaran\/cursos-realizados-dr-adrian-cuellar\/cursos-hombro\/","title":{"rendered":"Cursos Hombro"},"content":{"rendered":"<ul>\n<li><span style=\"color: #000000; font-size: 14px;\"><span style=\"font-family: Arial, sans-serif;\"><strong>VIth laboratory on arthroscopic cadaveric surgery: shoulder arthroscopy techniques.<\/strong> Surgery, Radiology and Physical Medicine Department of the Basque Country University. Bilbao. 23-25th of February. 2017<\/span><\/span><\/li>\n<li><span style=\"font-size: 14px; color: #000000;\"><span style=\"font-family: Arial, sans-serif;\"><strong>10th advanced course on shoulder arthroscopy.<\/strong> Conference Centre, Val <\/span><span style=\"font-family: Arial, sans-serif;\">D\u2019Is\u00e8re, France. 22-27th January. 2017 <\/span><\/span><\/li>\n<li><span style=\"color: #000000; font-size: 14px;\"><span style=\"font-family: Arial, sans-serif;\"><strong>Masters of shoulder arthroplasty.<\/strong> Ramon y Cajal Universitary Hospital. Madrid. 17th of June. 2016<\/span><\/span><\/li>\n<li><span style=\"color: #000000; font-size: 14px;\"><span style=\"font-family: Arial, sans-serif;\"><strong>VI Instruction Course of Shoulder Surgery.<\/strong> Madrid. 7-8th of April. 2016 <\/span><\/span><\/li>\n<li><span style=\"color: #000000; font-size: 14px;\"><span style=\"font-family: Arial, sans-serif;\"><strong>IVth laboratory about arthroscopy techniques in cadaver: shoulder arthroscopy techniques.<\/strong> Surgery, Radiology and Physical Medicine Department of the Basque Country University. 12-13th of February. 2015 <\/span><\/span><\/li>\n<li><span style=\"font-size: 14px; color: #000000;\"><span style=\"font-family: Arial, sans-serif;\"><strong>9th advanced course on shoulder arthroscopy.<\/strong> Conference Centre, Val <\/span><span style=\"font-family: Arial, sans-serif;\">D\u2019Is\u00e8re, France. 25th-30th of January. 2015<\/span><\/span><\/li>\n<li><span style=\"color: #000000; font-size: 14px;\"><span style=\"font-family: Arial, sans-serif;\"><strong>Ind laboratory on arthroscopic cadaveric surgery: shoulder arthroscopy techniques.<\/strong> Surgery, Radiology and Physical Medicine Department of the Basque Country University. Bilbao. 4-5th of July. 2013<\/span><\/span><\/li>\n<li><span style=\"color: #000000; font-size: 14px;\"><span style=\"font-family: Arial, sans-serif;\"><strong>8th advanced course on shoulder arthroscopy.<\/strong> Conference Centre, Val<span lang=\"\">D\u2019Is\u00e8re, France. 20\u201325th of January. 2013. <\/span><\/span><\/span><\/li>\n<li><span style=\"font-size: 14px; color: #000000;\"><strong>Training course offered by the Spanish Arthroscopy Association on ultrasound scan and hip and shoulder arthroscopic surgery<\/strong>. Faculty of Medicine, Francisco de Vitoria University, Madrid. 31st of May. 2013<\/span><\/li>\n<\/ul>\n","protected":false},"excerpt":{"rendered":"<p>VIth laboratory on arthroscopic cadaveric surgery: shoulder arthroscopy techniques. Surgery, Radiology and Physical Medicine Department of the Basque Country University. Bilbao. 23-25th of February. 2017 10th advanced course on shoulder arthroscopy. Conference Centre, Val D\u2019Is\u00e8re, France. 22-27th January. 2017 Masters of shoulder arthroplasty. Ramon y Cajal Universitary Hospital. Madrid. 17th of June. 2016 VI Instruction [&hellip;]<\/p>\n","protected":false},"author":1,"featured_media":0,"parent":579,"menu_order":0,"comment_status":"closed","ping_status":"closed","template":"","meta":{"_exactmetrics_skip_tracking":false,"_exactmetrics_sitenote_active":false,"_exactmetrics_sitenote_note":"","_exactmetrics_sitenote_category":0,"ngg_post_thumbnail":0},"categories":[],"tags":[],"yoast_head":"<!-- This site is optimized with the Yoast SEO plugin v20.11 - https:\/\/yoast.com\/wordpress\/plugins\/seo\/ -->\n<title>Cursos Hombro -<\/title>\n<meta name=\"robots\" content=\"index, follow, max-snippet:-1, max-image-preview:large, max-video-preview:-1\" \/>\n<link rel=\"canonical\" href=\"https:\/\/cuellarcot.com\/index.php\/sobre-nosotros\/dr-adrian-cuellar-ayestaran\/cursos-realizados-dr-adrian-cuellar\/cursos-hombro\/\" \/>\n<meta property=\"og:locale\" content=\"es_ES\" \/>\n<meta property=\"og:type\" content=\"article\" \/>\n<meta property=\"og:title\" content=\"Cursos Hombro -\" \/>\n<meta property=\"og:description\" content=\"VIth laboratory on arthroscopic cadaveric surgery: shoulder arthroscopy techniques. Surgery, Radiology and Physical Medicine Department of the Basque Country University. Bilbao. 23-25th of February. 2017 10th advanced course on shoulder arthroscopy. Conference Centre, Val D\u2019Is\u00e8re, France. 22-27th January. 2017 Masters of shoulder arthroplasty. Ramon y Cajal Universitary Hospital. Madrid. 17th of June. 2016 VI Instruction [&hellip;]\" \/>\n<meta property=\"og:url\" content=\"https:\/\/cuellarcot.com\/index.php\/sobre-nosotros\/dr-adrian-cuellar-ayestaran\/cursos-realizados-dr-adrian-cuellar\/cursos-hombro\/\" \/>\n<meta property=\"article:modified_time\" content=\"2017-12-19T00:10:09+00:00\" \/>\n<meta name=\"twitter:card\" content=\"summary_large_image\" \/>\n<meta name=\"twitter:label1\" content=\"Tiempo de lectura\" \/>\n\t<meta name=\"twitter:data1\" content=\"1 minuto\" \/>\n<script type=\"application\/ld+json\" class=\"yoast-schema-graph\">{\"@context\":\"https:\/\/schema.org\",\"@graph\":[{\"@type\":\"WebPage\",\"@id\":\"https:\/\/cuellarcot.com\/index.php\/sobre-nosotros\/dr-adrian-cuellar-ayestaran\/cursos-realizados-dr-adrian-cuellar\/cursos-hombro\/\",\"url\":\"https:\/\/cuellarcot.com\/index.php\/sobre-nosotros\/dr-adrian-cuellar-ayestaran\/cursos-realizados-dr-adrian-cuellar\/cursos-hombro\/\",\"name\":\"Cursos Hombro -\",\"isPartOf\":{\"@id\":\"https:\/\/cuellarcot.com\/#website\"},\"datePublished\":\"2017-12-18T11:36:14+00:00\",\"dateModified\":\"2017-12-19T00:10:09+00:00\",\"breadcrumb\":{\"@id\":\"https:\/\/cuellarcot.com\/index.php\/sobre-nosotros\/dr-adrian-cuellar-ayestaran\/cursos-realizados-dr-adrian-cuellar\/cursos-hombro\/#breadcrumb\"},\"inLanguage\":\"es\",\"potentialAction\":[{\"@type\":\"ReadAction\",\"target\":[\"https:\/\/cuellarcot.com\/index.php\/sobre-nosotros\/dr-adrian-cuellar-ayestaran\/cursos-realizados-dr-adrian-cuellar\/cursos-hombro\/\"]}]},{\"@type\":\"BreadcrumbList\",\"@id\":\"https:\/\/cuellarcot.com\/index.php\/sobre-nosotros\/dr-adrian-cuellar-ayestaran\/cursos-realizados-dr-adrian-cuellar\/cursos-hombro\/#breadcrumb\",\"itemListElement\":[{\"@type\":\"ListItem\",\"position\":1,\"name\":\"Portada\",\"item\":\"https:\/\/cuellarcot.com\/\"},{\"@type\":\"ListItem\",\"position\":2,\"name\":\"Sobre nosotros\",\"item\":\"https:\/\/cuellarcot.com\/index.php\/sobre-nosotros\/\"},{\"@type\":\"ListItem\",\"position\":3,\"name\":\"Dr. Adri\u00e1n Cuellar Ayestar\u00e1n\",\"item\":\"https:\/\/cuellarcot.com\/index.php\/sobre-nosotros\/dr-adrian-cuellar-ayestaran\/\"},{\"@type\":\"ListItem\",\"position\":4,\"name\":\"Cursos Realizados Dr. Adri\u00e1n Cu\u00e9llar\",\"item\":\"https:\/\/cuellarcot.com\/index.php\/sobre-nosotros\/dr-adrian-cuellar-ayestaran\/cursos-realizados-dr-adrian-cuellar\/\"},{\"@type\":\"ListItem\",\"position\":5,\"name\":\"Cursos Hombro\"}]},{\"@type\":\"WebSite\",\"@id\":\"https:\/\/cuellarcot.com\/#website\",\"url\":\"https:\/\/cuellarcot.com\/\",\"name\":\"\",\"description\":\"Traumatolog\u00eda, Cirug\u00eda ortop\u00e9dica y Artroscopia\",\"potentialAction\":[{\"@type\":\"SearchAction\",\"target\":{\"@type\":\"EntryPoint\",\"urlTemplate\":\"https:\/\/cuellarcot.com\/?s={search_term_string}\"},\"query-input\":\"required name=search_term_string\"}],\"inLanguage\":\"es\"}]}<\/script>\n<!-- \/ Yoast SEO plugin. -->","yoast_head_json":{"title":"Cursos Hombro -","robots":{"index":"index","follow":"follow","max-snippet":"max-snippet:-1","max-image-preview":"max-image-preview:large","max-video-preview":"max-video-preview:-1"},"canonical":"https:\/\/cuellarcot.com\/index.php\/sobre-nosotros\/dr-adrian-cuellar-ayestaran\/cursos-realizados-dr-adrian-cuellar\/cursos-hombro\/","og_locale":"es_ES","og_type":"article","og_title":"Cursos Hombro -","og_description":"VIth laboratory on arthroscopic cadaveric surgery: shoulder arthroscopy techniques. Surgery, Radiology and Physical Medicine Department of the Basque Country University. Bilbao. 23-25th of February. 2017 10th advanced course on shoulder arthroscopy. Conference Centre, Val D\u2019Is\u00e8re, France. 22-27th January. 2017 Masters of shoulder arthroplasty. Ramon y Cajal Universitary Hospital. Madrid. 17th of June. 2016 VI Instruction [&hellip;]","og_url":"https:\/\/cuellarcot.com\/index.php\/sobre-nosotros\/dr-adrian-cuellar-ayestaran\/cursos-realizados-dr-adrian-cuellar\/cursos-hombro\/","article_modified_time":"2017-12-19T00:10:09+00:00","twitter_card":"summary_large_image","twitter_misc":{"Tiempo de lectura":"1 minuto"},"schema":{"@context":"https:\/\/schema.org","@graph":[{"@type":"WebPage","@id":"https:\/\/cuellarcot.com\/index.php\/sobre-nosotros\/dr-adrian-cuellar-ayestaran\/cursos-realizados-dr-adrian-cuellar\/cursos-hombro\/","url":"https:\/\/cuellarcot.com\/index.php\/sobre-nosotros\/dr-adrian-cuellar-ayestaran\/cursos-realizados-dr-adrian-cuellar\/cursos-hombro\/","name":"Cursos Hombro -","isPartOf":{"@id":"https:\/\/cuellarcot.com\/#website"},"datePublished":"2017-12-18T11:36:14+00:00","dateModified":"2017-12-19T00:10:09+00:00","breadcrumb":{"@id":"https:\/\/cuellarcot.com\/index.php\/sobre-nosotros\/dr-adrian-cuellar-ayestaran\/cursos-realizados-dr-adrian-cuellar\/cursos-hombro\/#breadcrumb"},"inLanguage":"es","potentialAction":[{"@type":"ReadAction","target":["https:\/\/cuellarcot.com\/index.php\/sobre-nosotros\/dr-adrian-cuellar-ayestaran\/cursos-realizados-dr-adrian-cuellar\/cursos-hombro\/"]}]},{"@type":"BreadcrumbList","@id":"https:\/\/cuellarcot.com\/index.php\/sobre-nosotros\/dr-adrian-cuellar-ayestaran\/cursos-realizados-dr-adrian-cuellar\/cursos-hombro\/#breadcrumb","itemListElement":[{"@type":"ListItem","position":1,"name":"Portada","item":"https:\/\/cuellarcot.com\/"},{"@type":"ListItem","position":2,"name":"Sobre nosotros","item":"https:\/\/cuellarcot.com\/index.php\/sobre-nosotros\/"},{"@type":"ListItem","position":3,"name":"Dr. Adri\u00e1n Cuellar Ayestar\u00e1n","item":"https:\/\/cuellarcot.com\/index.php\/sobre-nosotros\/dr-adrian-cuellar-ayestaran\/"},{"@type":"ListItem","position":4,"name":"Cursos Realizados Dr. Adri\u00e1n Cu\u00e9llar","item":"https:\/\/cuellarcot.com\/index.php\/sobre-nosotros\/dr-adrian-cuellar-ayestaran\/cursos-realizados-dr-adrian-cuellar\/"},{"@type":"ListItem","position":5,"name":"Cursos Hombro"}]},{"@type":"WebSite","@id":"https:\/\/cuellarcot.com\/#website","url":"https:\/\/cuellarcot.com\/","name":"","description":"Traumatolog\u00eda, Cirug\u00eda ortop\u00e9dica y Artroscopia","potentialAction":[{"@type":"SearchAction","target":{"@type":"EntryPoint","urlTemplate":"https:\/\/cuellarcot.com\/?s={search_term_string}"},"query-input":"required name=search_term_string"}],"inLanguage":"es"}]}},"_links":{"self":[{"href":"https:\/\/cuellarcot.com\/index.php\/wp-json\/wp\/v2\/pages\/581"}],"collection":[{"href":"https:\/\/cuellarcot.com\/index.php\/wp-json\/wp\/v2\/pages"}],"about":[{"href":"https:\/\/cuellarcot.com\/index.php\/wp-json\/wp\/v2\/types\/page"}],"author":[{"embeddable":true,"href":"https:\/\/cuellarcot.com\/index.php\/wp-json\/wp\/v2\/users\/1"}],"replies":[{"embeddable":true,"href":"https:\/\/cuellarcot.com\/index.php\/wp-json\/wp\/v2\/comments?post=581"}],"version-history":[{"count":8,"href":"https:\/\/cuellarcot.com\/index.php\/wp-json\/wp\/v2\/pages\/581\/revisions"}],"predecessor-version":[{"id":632,"href":"https:\/\/cuellarcot.com\/index.php\/wp-json\/wp\/v2\/pages\/581\/revisions\/632"}],"up":[{"embeddable":true,"href":"https:\/\/cuellarcot.com\/index.php\/wp-json\/wp\/v2\/pages\/579"}],"wp:attachment":[{"href":"https:\/\/cuellarcot.com\/index.php\/wp-json\/wp\/v2\/media?parent=581"}],"wp:term":[{"taxonomy":"category","embeddable":true,"href":"https:\/\/cuellarcot.com\/index.php\/wp-json\/wp\/v2\/categories?post=581"},{"taxonomy":"post_tag","embeddable":true,"href":"https:\/\/cuellarcot.com\/index.php\/wp-json\/wp\/v2\/tags?post=581"}],"curies":[{"name":"wp","href":"https:\/\/api.w.org\/{rel}","templated":true}]}}