{"id":585,"date":"2017-12-18T12:36:36","date_gmt":"2017-12-18T11:36:36","guid":{"rendered":"http:\/\/cuellarcot.com\/?page_id=585"},"modified":"2017-12-18T19:46:06","modified_gmt":"2017-12-18T18:46:06","slug":"cursos-cadera","status":"publish","type":"page","link":"https:\/\/cuellarcot.com\/index.php\/sobre-nosotros\/dr-adrian-cuellar-ayestaran\/cursos-realizados-dr-adrian-cuellar\/cursos-cadera\/","title":{"rendered":"Cursos Cadera"},"content":{"rendered":"<ul>\n<li><span style=\"color: #000000; font-size: 14px;\"><span style=\"font-family: Arial, sans-serif;\"><strong>IX annual meeting of hip surgery in young adult.<\/strong> Infanta Leonor University Hospital. Madrid. 2-3th of March. 2017<\/span><\/span><\/li>\n<li><span style=\"color: #000000; font-size: 14px;\"><span style=\"font-family: Arial, sans-serif;\"><strong>IVth advanced course on hip arthroscopic surgery.<\/strong> San Sebasti\u00e1n. 27-28th of November. 2014<\/span><\/span><\/li>\n<li><span style=\"color: #000000; font-size: 14px;\"><span style=\"font-family: Arial, sans-serif;\"><strong>Training course offered by the Spanish Arthroscopy Association on ultrasound scan and hip and shoulder arthroscopic surgery<\/strong>. Faculty of Medicine, Francisco de Vitoria University, Madrid. 31st of May. 2013<\/span><\/span><\/li>\n<li><span style=\"color: #000000; font-size: 14px;\"><span style=\"font-family: Arial, sans-serif;\"><strong>Course on advanced cadaveric surgery: HIP.<\/strong> Surgical skills laboratory, Faculty of Medicine. CEU University San Pablo, Boadilla-Madrid. 29-30th of November. 2012. <\/span><\/span><\/li>\n<li><span style=\"color: #000000;\"><span style=\"font-family: Arial, sans-serif;\"><span style=\"font-size: medium;\"><span style=\"font-size: 14px;\"><strong>Course on advanced cadaveric surgery: HIP.<\/strong> Surgical skills laboratory, Faculty of Medicine. CEU University San Pablo, Boadilla-Madrid. 11-12th of June. 2012.<\/span> <\/span><\/span><\/span><\/li>\n<\/ul>\n<p lang=\"\" align=\"JUSTIFY\">\n","protected":false},"excerpt":{"rendered":"<p>IX annual meeting of hip surgery in young adult. Infanta Leonor University Hospital. Madrid. 2-3th of March. 2017 IVth advanced course on hip arthroscopic surgery. San Sebasti\u00e1n. 27-28th of November. 2014 Training course offered by the Spanish Arthroscopy Association on ultrasound scan and hip and shoulder arthroscopic surgery. Faculty of Medicine, Francisco de Vitoria University, [&hellip;]<\/p>\n","protected":false},"author":1,"featured_media":0,"parent":579,"menu_order":0,"comment_status":"closed","ping_status":"closed","template":"","meta":{"_exactmetrics_skip_tracking":false,"_exactmetrics_sitenote_active":false,"_exactmetrics_sitenote_note":"","_exactmetrics_sitenote_category":0,"ngg_post_thumbnail":0},"categories":[],"tags":[],"yoast_head":"<!-- This site is optimized with the Yoast SEO plugin v20.11 - https:\/\/yoast.com\/wordpress\/plugins\/seo\/ -->\n<title>Cursos Cadera -<\/title>\n<meta name=\"robots\" content=\"index, follow, max-snippet:-1, max-image-preview:large, max-video-preview:-1\" \/>\n<link rel=\"canonical\" href=\"https:\/\/cuellarcot.com\/index.php\/sobre-nosotros\/dr-adrian-cuellar-ayestaran\/cursos-realizados-dr-adrian-cuellar\/cursos-cadera\/\" \/>\n<meta property=\"og:locale\" content=\"es_ES\" \/>\n<meta property=\"og:type\" content=\"article\" \/>\n<meta property=\"og:title\" content=\"Cursos Cadera -\" \/>\n<meta property=\"og:description\" content=\"IX annual meeting of hip surgery in young adult. Infanta Leonor University Hospital. Madrid. 2-3th of March. 2017 IVth advanced course on hip arthroscopic surgery. San Sebasti\u00e1n. 27-28th of November. 2014 Training course offered by the Spanish Arthroscopy Association on ultrasound scan and hip and shoulder arthroscopic surgery. Faculty of Medicine, Francisco de Vitoria University, [&hellip;]\" \/>\n<meta property=\"og:url\" content=\"https:\/\/cuellarcot.com\/index.php\/sobre-nosotros\/dr-adrian-cuellar-ayestaran\/cursos-realizados-dr-adrian-cuellar\/cursos-cadera\/\" \/>\n<meta property=\"article:modified_time\" content=\"2017-12-18T18:46:06+00:00\" \/>\n<meta name=\"twitter:card\" content=\"summary_large_image\" \/>\n<meta name=\"twitter:label1\" content=\"Tiempo de lectura\" \/>\n\t<meta name=\"twitter:data1\" content=\"1 minuto\" \/>\n<script type=\"application\/ld+json\" class=\"yoast-schema-graph\">{\"@context\":\"https:\/\/schema.org\",\"@graph\":[{\"@type\":\"WebPage\",\"@id\":\"https:\/\/cuellarcot.com\/index.php\/sobre-nosotros\/dr-adrian-cuellar-ayestaran\/cursos-realizados-dr-adrian-cuellar\/cursos-cadera\/\",\"url\":\"https:\/\/cuellarcot.com\/index.php\/sobre-nosotros\/dr-adrian-cuellar-ayestaran\/cursos-realizados-dr-adrian-cuellar\/cursos-cadera\/\",\"name\":\"Cursos Cadera -\",\"isPartOf\":{\"@id\":\"https:\/\/cuellarcot.com\/#website\"},\"datePublished\":\"2017-12-18T11:36:36+00:00\",\"dateModified\":\"2017-12-18T18:46:06+00:00\",\"breadcrumb\":{\"@id\":\"https:\/\/cuellarcot.com\/index.php\/sobre-nosotros\/dr-adrian-cuellar-ayestaran\/cursos-realizados-dr-adrian-cuellar\/cursos-cadera\/#breadcrumb\"},\"inLanguage\":\"es\",\"potentialAction\":[{\"@type\":\"ReadAction\",\"target\":[\"https:\/\/cuellarcot.com\/index.php\/sobre-nosotros\/dr-adrian-cuellar-ayestaran\/cursos-realizados-dr-adrian-cuellar\/cursos-cadera\/\"]}]},{\"@type\":\"BreadcrumbList\",\"@id\":\"https:\/\/cuellarcot.com\/index.php\/sobre-nosotros\/dr-adrian-cuellar-ayestaran\/cursos-realizados-dr-adrian-cuellar\/cursos-cadera\/#breadcrumb\",\"itemListElement\":[{\"@type\":\"ListItem\",\"position\":1,\"name\":\"Portada\",\"item\":\"https:\/\/cuellarcot.com\/\"},{\"@type\":\"ListItem\",\"position\":2,\"name\":\"Sobre nosotros\",\"item\":\"https:\/\/cuellarcot.com\/index.php\/sobre-nosotros\/\"},{\"@type\":\"ListItem\",\"position\":3,\"name\":\"Dr. Adri\u00e1n Cuellar Ayestar\u00e1n\",\"item\":\"https:\/\/cuellarcot.com\/index.php\/sobre-nosotros\/dr-adrian-cuellar-ayestaran\/\"},{\"@type\":\"ListItem\",\"position\":4,\"name\":\"Cursos Realizados Dr. Adri\u00e1n Cu\u00e9llar\",\"item\":\"https:\/\/cuellarcot.com\/index.php\/sobre-nosotros\/dr-adrian-cuellar-ayestaran\/cursos-realizados-dr-adrian-cuellar\/\"},{\"@type\":\"ListItem\",\"position\":5,\"name\":\"Cursos Cadera\"}]},{\"@type\":\"WebSite\",\"@id\":\"https:\/\/cuellarcot.com\/#website\",\"url\":\"https:\/\/cuellarcot.com\/\",\"name\":\"\",\"description\":\"Traumatolog\u00eda, Cirug\u00eda ortop\u00e9dica y Artroscopia\",\"potentialAction\":[{\"@type\":\"SearchAction\",\"target\":{\"@type\":\"EntryPoint\",\"urlTemplate\":\"https:\/\/cuellarcot.com\/?s={search_term_string}\"},\"query-input\":\"required name=search_term_string\"}],\"inLanguage\":\"es\"}]}<\/script>\n<!-- \/ Yoast SEO plugin. -->","yoast_head_json":{"title":"Cursos Cadera -","robots":{"index":"index","follow":"follow","max-snippet":"max-snippet:-1","max-image-preview":"max-image-preview:large","max-video-preview":"max-video-preview:-1"},"canonical":"https:\/\/cuellarcot.com\/index.php\/sobre-nosotros\/dr-adrian-cuellar-ayestaran\/cursos-realizados-dr-adrian-cuellar\/cursos-cadera\/","og_locale":"es_ES","og_type":"article","og_title":"Cursos Cadera -","og_description":"IX annual meeting of hip surgery in young adult. Infanta Leonor University Hospital. Madrid. 2-3th of March. 2017 IVth advanced course on hip arthroscopic surgery. San Sebasti\u00e1n. 27-28th of November. 2014 Training course offered by the Spanish Arthroscopy Association on ultrasound scan and hip and shoulder arthroscopic surgery. Faculty of Medicine, Francisco de Vitoria University, [&hellip;]","og_url":"https:\/\/cuellarcot.com\/index.php\/sobre-nosotros\/dr-adrian-cuellar-ayestaran\/cursos-realizados-dr-adrian-cuellar\/cursos-cadera\/","article_modified_time":"2017-12-18T18:46:06+00:00","twitter_card":"summary_large_image","twitter_misc":{"Tiempo de lectura":"1 minuto"},"schema":{"@context":"https:\/\/schema.org","@graph":[{"@type":"WebPage","@id":"https:\/\/cuellarcot.com\/index.php\/sobre-nosotros\/dr-adrian-cuellar-ayestaran\/cursos-realizados-dr-adrian-cuellar\/cursos-cadera\/","url":"https:\/\/cuellarcot.com\/index.php\/sobre-nosotros\/dr-adrian-cuellar-ayestaran\/cursos-realizados-dr-adrian-cuellar\/cursos-cadera\/","name":"Cursos Cadera -","isPartOf":{"@id":"https:\/\/cuellarcot.com\/#website"},"datePublished":"2017-12-18T11:36:36+00:00","dateModified":"2017-12-18T18:46:06+00:00","breadcrumb":{"@id":"https:\/\/cuellarcot.com\/index.php\/sobre-nosotros\/dr-adrian-cuellar-ayestaran\/cursos-realizados-dr-adrian-cuellar\/cursos-cadera\/#breadcrumb"},"inLanguage":"es","potentialAction":[{"@type":"ReadAction","target":["https:\/\/cuellarcot.com\/index.php\/sobre-nosotros\/dr-adrian-cuellar-ayestaran\/cursos-realizados-dr-adrian-cuellar\/cursos-cadera\/"]}]},{"@type":"BreadcrumbList","@id":"https:\/\/cuellarcot.com\/index.php\/sobre-nosotros\/dr-adrian-cuellar-ayestaran\/cursos-realizados-dr-adrian-cuellar\/cursos-cadera\/#breadcrumb","itemListElement":[{"@type":"ListItem","position":1,"name":"Portada","item":"https:\/\/cuellarcot.com\/"},{"@type":"ListItem","position":2,"name":"Sobre nosotros","item":"https:\/\/cuellarcot.com\/index.php\/sobre-nosotros\/"},{"@type":"ListItem","position":3,"name":"Dr. Adri\u00e1n Cuellar Ayestar\u00e1n","item":"https:\/\/cuellarcot.com\/index.php\/sobre-nosotros\/dr-adrian-cuellar-ayestaran\/"},{"@type":"ListItem","position":4,"name":"Cursos Realizados Dr. Adri\u00e1n Cu\u00e9llar","item":"https:\/\/cuellarcot.com\/index.php\/sobre-nosotros\/dr-adrian-cuellar-ayestaran\/cursos-realizados-dr-adrian-cuellar\/"},{"@type":"ListItem","position":5,"name":"Cursos Cadera"}]},{"@type":"WebSite","@id":"https:\/\/cuellarcot.com\/#website","url":"https:\/\/cuellarcot.com\/","name":"","description":"Traumatolog\u00eda, Cirug\u00eda ortop\u00e9dica y Artroscopia","potentialAction":[{"@type":"SearchAction","target":{"@type":"EntryPoint","urlTemplate":"https:\/\/cuellarcot.com\/?s={search_term_string}"},"query-input":"required name=search_term_string"}],"inLanguage":"es"}]}},"_links":{"self":[{"href":"https:\/\/cuellarcot.com\/index.php\/wp-json\/wp\/v2\/pages\/585"}],"collection":[{"href":"https:\/\/cuellarcot.com\/index.php\/wp-json\/wp\/v2\/pages"}],"about":[{"href":"https:\/\/cuellarcot.com\/index.php\/wp-json\/wp\/v2\/types\/page"}],"author":[{"embeddable":true,"href":"https:\/\/cuellarcot.com\/index.php\/wp-json\/wp\/v2\/users\/1"}],"replies":[{"embeddable":true,"href":"https:\/\/cuellarcot.com\/index.php\/wp-json\/wp\/v2\/comments?post=585"}],"version-history":[{"count":6,"href":"https:\/\/cuellarcot.com\/index.php\/wp-json\/wp\/v2\/pages\/585\/revisions"}],"predecessor-version":[{"id":629,"href":"https:\/\/cuellarcot.com\/index.php\/wp-json\/wp\/v2\/pages\/585\/revisions\/629"}],"up":[{"embeddable":true,"href":"https:\/\/cuellarcot.com\/index.php\/wp-json\/wp\/v2\/pages\/579"}],"wp:attachment":[{"href":"https:\/\/cuellarcot.com\/index.php\/wp-json\/wp\/v2\/media?parent=585"}],"wp:term":[{"taxonomy":"category","embeddable":true,"href":"https:\/\/cuellarcot.com\/index.php\/wp-json\/wp\/v2\/categories?post=585"},{"taxonomy":"post_tag","embeddable":true,"href":"https:\/\/cuellarcot.com\/index.php\/wp-json\/wp\/v2\/tags?post=585"}],"curies":[{"name":"wp","href":"https:\/\/api.w.org\/{rel}","templated":true}]}}