{"id":587,"date":"2017-12-18T12:37:00","date_gmt":"2017-12-18T11:37:00","guid":{"rendered":"http:\/\/cuellarcot.com\/?page_id=587"},"modified":"2017-12-18T20:01:04","modified_gmt":"2017-12-18T19:01:04","slug":"cursos-rodilla","status":"publish","type":"page","link":"https:\/\/cuellarcot.com\/index.php\/sobre-nosotros\/dr-adrian-cuellar-ayestaran\/cursos-realizados-dr-adrian-cuellar\/cursos-rodilla\/","title":{"rendered":"Cursos Rodilla"},"content":{"rendered":"<ul>\n<li><span style=\"color: #000000; font-size: 14px;\"><span style=\"font-family: Arial, sans-serif;\"><strong>5th Joint Congress of the Spanish Arthroscopy Association and the Spanish Knee Society<\/strong>. Alicante. 2017<\/span><\/span><\/li>\n<li><span style=\"color: #000000; font-size: 14px;\"><span style=\"font-family: Arial, sans-serif;\"><strong>4th Joint Congress of the Spanish Arthroscopy Association and the Spanish Knee Society<\/strong>. Bilbao. 2016<\/span><\/span><\/li>\n<li><span style=\"font-size: 14px; color: #000000;\"><strong><span style=\"font-family: Arial, sans-serif;\"><span lang=\"\">17<\/span><\/span><sup><span style=\"font-family: Arial, sans-serif;\"><span lang=\"\">th<\/span><\/span><\/sup><\/strong><span style=\"font-family: Arial, sans-serif;\"><span lang=\"\"><strong> Conference of Knee<\/strong> surgery of Lyon. Lyon. 16-24<\/span><\/span><sup><span style=\"font-family: Arial, sans-serif;\"><span lang=\"\">th<\/span><\/span><\/sup><span style=\"font-family: Arial, sans-serif;\"><span lang=\"\"> of September. 2016<\/span><\/span><\/span><\/li>\n<li><span style=\"color: #000000; font-size: 14px;\"><span style=\"font-family: Arial, sans-serif;\"><strong>Cadaver workshop of arthroscopy, posterolateral lesions and osteotomies in the knee.<\/strong> Granada. 3rd-4th of March. 2016<\/span><\/span><\/li>\n<li><span style=\"color: #000000; font-size: 14px;\"><span style=\"font-family: Arial, sans-serif;\"><strong>3rd Joint Congress of the Spanish Arthroscopy Association and the Spanish Knee Society.<\/strong> Madrid. 2015<\/span><\/span><\/li>\n<li><span style=\"color: #000000; font-size: 14px;\"><span style=\"font-family: Arial, sans-serif;\"><strong>2nd joint congress of the Spanish Arthroscopy Association and the Knee Spanish Knee Society<\/strong>. Seville. 2014 <\/span><\/span><\/li>\n<li><span style=\"color: #000000; font-size: 14px;\"><span style=\"font-family: Arial, sans-serif;\"><strong>IIInd Laboratory on cadaveric surgery: knee arthroscopy techniques.<\/strong> Surgery, Radiology and Physical Medicine Department of the Basque Country University. Bilbao. 27-28th of February. 2014<\/span><\/span><\/li>\n<li><span style=\"color: #000000; font-size: 14px;\"><span style=\"font-family: Arial, sans-serif;\"><strong>1st joint congress of the Spanish Arthroscopy Association and the Spanish Knee Society.<\/strong> San Sebasti\u00e1n. 24th-27th of April. 2013. <\/span><\/span><\/li>\n<\/ul>\n<p lang=\"\" align=\"JUSTIFY\">\n<p lang=\"\" align=\"JUSTIFY\">\n<p lang=\"\" align=\"JUSTIFY\">\n","protected":false},"excerpt":{"rendered":"<p>5th Joint Congress of the Spanish Arthroscopy Association and the Spanish Knee Society. Alicante. 2017 4th Joint Congress of the Spanish Arthroscopy Association and the Spanish Knee Society. Bilbao. 2016 17th Conference of Knee surgery of Lyon. Lyon. 16-24th of September. 2016 Cadaver workshop of arthroscopy, posterolateral lesions and osteotomies in the knee. Granada. 3rd-4th [&hellip;]<\/p>\n","protected":false},"author":1,"featured_media":0,"parent":579,"menu_order":0,"comment_status":"closed","ping_status":"closed","template":"","meta":{"_exactmetrics_skip_tracking":false,"_exactmetrics_sitenote_active":false,"_exactmetrics_sitenote_note":"","_exactmetrics_sitenote_category":0,"ngg_post_thumbnail":0},"categories":[],"tags":[],"yoast_head":"<!-- This site is optimized with the Yoast SEO plugin v20.11 - https:\/\/yoast.com\/wordpress\/plugins\/seo\/ -->\n<title>Cursos Rodilla -<\/title>\n<meta name=\"robots\" content=\"index, follow, max-snippet:-1, max-image-preview:large, max-video-preview:-1\" \/>\n<link rel=\"canonical\" href=\"https:\/\/cuellarcot.com\/index.php\/sobre-nosotros\/dr-adrian-cuellar-ayestaran\/cursos-realizados-dr-adrian-cuellar\/cursos-rodilla\/\" \/>\n<meta property=\"og:locale\" content=\"es_ES\" \/>\n<meta property=\"og:type\" content=\"article\" \/>\n<meta property=\"og:title\" content=\"Cursos Rodilla -\" \/>\n<meta property=\"og:description\" content=\"5th Joint Congress of the Spanish Arthroscopy Association and the Spanish Knee Society. Alicante. 2017 4th Joint Congress of the Spanish Arthroscopy Association and the Spanish Knee Society. Bilbao. 2016 17th Conference of Knee surgery of Lyon. Lyon. 16-24th of September. 2016 Cadaver workshop of arthroscopy, posterolateral lesions and osteotomies in the knee. Granada. 3rd-4th [&hellip;]\" \/>\n<meta property=\"og:url\" content=\"https:\/\/cuellarcot.com\/index.php\/sobre-nosotros\/dr-adrian-cuellar-ayestaran\/cursos-realizados-dr-adrian-cuellar\/cursos-rodilla\/\" \/>\n<meta property=\"article:modified_time\" content=\"2017-12-18T19:01:04+00:00\" \/>\n<meta name=\"twitter:card\" content=\"summary_large_image\" \/>\n<meta name=\"twitter:label1\" content=\"Tiempo de lectura\" \/>\n\t<meta name=\"twitter:data1\" content=\"1 minuto\" \/>\n<script type=\"application\/ld+json\" class=\"yoast-schema-graph\">{\"@context\":\"https:\/\/schema.org\",\"@graph\":[{\"@type\":\"WebPage\",\"@id\":\"https:\/\/cuellarcot.com\/index.php\/sobre-nosotros\/dr-adrian-cuellar-ayestaran\/cursos-realizados-dr-adrian-cuellar\/cursos-rodilla\/\",\"url\":\"https:\/\/cuellarcot.com\/index.php\/sobre-nosotros\/dr-adrian-cuellar-ayestaran\/cursos-realizados-dr-adrian-cuellar\/cursos-rodilla\/\",\"name\":\"Cursos Rodilla -\",\"isPartOf\":{\"@id\":\"https:\/\/cuellarcot.com\/#website\"},\"datePublished\":\"2017-12-18T11:37:00+00:00\",\"dateModified\":\"2017-12-18T19:01:04+00:00\",\"breadcrumb\":{\"@id\":\"https:\/\/cuellarcot.com\/index.php\/sobre-nosotros\/dr-adrian-cuellar-ayestaran\/cursos-realizados-dr-adrian-cuellar\/cursos-rodilla\/#breadcrumb\"},\"inLanguage\":\"es\",\"potentialAction\":[{\"@type\":\"ReadAction\",\"target\":[\"https:\/\/cuellarcot.com\/index.php\/sobre-nosotros\/dr-adrian-cuellar-ayestaran\/cursos-realizados-dr-adrian-cuellar\/cursos-rodilla\/\"]}]},{\"@type\":\"BreadcrumbList\",\"@id\":\"https:\/\/cuellarcot.com\/index.php\/sobre-nosotros\/dr-adrian-cuellar-ayestaran\/cursos-realizados-dr-adrian-cuellar\/cursos-rodilla\/#breadcrumb\",\"itemListElement\":[{\"@type\":\"ListItem\",\"position\":1,\"name\":\"Portada\",\"item\":\"https:\/\/cuellarcot.com\/\"},{\"@type\":\"ListItem\",\"position\":2,\"name\":\"Sobre nosotros\",\"item\":\"https:\/\/cuellarcot.com\/index.php\/sobre-nosotros\/\"},{\"@type\":\"ListItem\",\"position\":3,\"name\":\"Dr. Adri\u00e1n Cuellar Ayestar\u00e1n\",\"item\":\"https:\/\/cuellarcot.com\/index.php\/sobre-nosotros\/dr-adrian-cuellar-ayestaran\/\"},{\"@type\":\"ListItem\",\"position\":4,\"name\":\"Cursos Realizados Dr. Adri\u00e1n Cu\u00e9llar\",\"item\":\"https:\/\/cuellarcot.com\/index.php\/sobre-nosotros\/dr-adrian-cuellar-ayestaran\/cursos-realizados-dr-adrian-cuellar\/\"},{\"@type\":\"ListItem\",\"position\":5,\"name\":\"Cursos Rodilla\"}]},{\"@type\":\"WebSite\",\"@id\":\"https:\/\/cuellarcot.com\/#website\",\"url\":\"https:\/\/cuellarcot.com\/\",\"name\":\"\",\"description\":\"Traumatolog\u00eda, Cirug\u00eda ortop\u00e9dica y Artroscopia\",\"potentialAction\":[{\"@type\":\"SearchAction\",\"target\":{\"@type\":\"EntryPoint\",\"urlTemplate\":\"https:\/\/cuellarcot.com\/?s={search_term_string}\"},\"query-input\":\"required name=search_term_string\"}],\"inLanguage\":\"es\"}]}<\/script>\n<!-- \/ Yoast SEO plugin. -->","yoast_head_json":{"title":"Cursos Rodilla -","robots":{"index":"index","follow":"follow","max-snippet":"max-snippet:-1","max-image-preview":"max-image-preview:large","max-video-preview":"max-video-preview:-1"},"canonical":"https:\/\/cuellarcot.com\/index.php\/sobre-nosotros\/dr-adrian-cuellar-ayestaran\/cursos-realizados-dr-adrian-cuellar\/cursos-rodilla\/","og_locale":"es_ES","og_type":"article","og_title":"Cursos Rodilla -","og_description":"5th Joint Congress of the Spanish Arthroscopy Association and the Spanish Knee Society. Alicante. 2017 4th Joint Congress of the Spanish Arthroscopy Association and the Spanish Knee Society. Bilbao. 2016 17th Conference of Knee surgery of Lyon. Lyon. 16-24th of September. 2016 Cadaver workshop of arthroscopy, posterolateral lesions and osteotomies in the knee. Granada. 3rd-4th [&hellip;]","og_url":"https:\/\/cuellarcot.com\/index.php\/sobre-nosotros\/dr-adrian-cuellar-ayestaran\/cursos-realizados-dr-adrian-cuellar\/cursos-rodilla\/","article_modified_time":"2017-12-18T19:01:04+00:00","twitter_card":"summary_large_image","twitter_misc":{"Tiempo de lectura":"1 minuto"},"schema":{"@context":"https:\/\/schema.org","@graph":[{"@type":"WebPage","@id":"https:\/\/cuellarcot.com\/index.php\/sobre-nosotros\/dr-adrian-cuellar-ayestaran\/cursos-realizados-dr-adrian-cuellar\/cursos-rodilla\/","url":"https:\/\/cuellarcot.com\/index.php\/sobre-nosotros\/dr-adrian-cuellar-ayestaran\/cursos-realizados-dr-adrian-cuellar\/cursos-rodilla\/","name":"Cursos Rodilla -","isPartOf":{"@id":"https:\/\/cuellarcot.com\/#website"},"datePublished":"2017-12-18T11:37:00+00:00","dateModified":"2017-12-18T19:01:04+00:00","breadcrumb":{"@id":"https:\/\/cuellarcot.com\/index.php\/sobre-nosotros\/dr-adrian-cuellar-ayestaran\/cursos-realizados-dr-adrian-cuellar\/cursos-rodilla\/#breadcrumb"},"inLanguage":"es","potentialAction":[{"@type":"ReadAction","target":["https:\/\/cuellarcot.com\/index.php\/sobre-nosotros\/dr-adrian-cuellar-ayestaran\/cursos-realizados-dr-adrian-cuellar\/cursos-rodilla\/"]}]},{"@type":"BreadcrumbList","@id":"https:\/\/cuellarcot.com\/index.php\/sobre-nosotros\/dr-adrian-cuellar-ayestaran\/cursos-realizados-dr-adrian-cuellar\/cursos-rodilla\/#breadcrumb","itemListElement":[{"@type":"ListItem","position":1,"name":"Portada","item":"https:\/\/cuellarcot.com\/"},{"@type":"ListItem","position":2,"name":"Sobre nosotros","item":"https:\/\/cuellarcot.com\/index.php\/sobre-nosotros\/"},{"@type":"ListItem","position":3,"name":"Dr. Adri\u00e1n Cuellar Ayestar\u00e1n","item":"https:\/\/cuellarcot.com\/index.php\/sobre-nosotros\/dr-adrian-cuellar-ayestaran\/"},{"@type":"ListItem","position":4,"name":"Cursos Realizados Dr. Adri\u00e1n Cu\u00e9llar","item":"https:\/\/cuellarcot.com\/index.php\/sobre-nosotros\/dr-adrian-cuellar-ayestaran\/cursos-realizados-dr-adrian-cuellar\/"},{"@type":"ListItem","position":5,"name":"Cursos Rodilla"}]},{"@type":"WebSite","@id":"https:\/\/cuellarcot.com\/#website","url":"https:\/\/cuellarcot.com\/","name":"","description":"Traumatolog\u00eda, Cirug\u00eda ortop\u00e9dica y Artroscopia","potentialAction":[{"@type":"SearchAction","target":{"@type":"EntryPoint","urlTemplate":"https:\/\/cuellarcot.com\/?s={search_term_string}"},"query-input":"required name=search_term_string"}],"inLanguage":"es"}]}},"_links":{"self":[{"href":"https:\/\/cuellarcot.com\/index.php\/wp-json\/wp\/v2\/pages\/587"}],"collection":[{"href":"https:\/\/cuellarcot.com\/index.php\/wp-json\/wp\/v2\/pages"}],"about":[{"href":"https:\/\/cuellarcot.com\/index.php\/wp-json\/wp\/v2\/types\/page"}],"author":[{"embeddable":true,"href":"https:\/\/cuellarcot.com\/index.php\/wp-json\/wp\/v2\/users\/1"}],"replies":[{"embeddable":true,"href":"https:\/\/cuellarcot.com\/index.php\/wp-json\/wp\/v2\/comments?post=587"}],"version-history":[{"count":5,"href":"https:\/\/cuellarcot.com\/index.php\/wp-json\/wp\/v2\/pages\/587\/revisions"}],"predecessor-version":[{"id":635,"href":"https:\/\/cuellarcot.com\/index.php\/wp-json\/wp\/v2\/pages\/587\/revisions\/635"}],"up":[{"embeddable":true,"href":"https:\/\/cuellarcot.com\/index.php\/wp-json\/wp\/v2\/pages\/579"}],"wp:attachment":[{"href":"https:\/\/cuellarcot.com\/index.php\/wp-json\/wp\/v2\/media?parent=587"}],"wp:term":[{"taxonomy":"category","embeddable":true,"href":"https:\/\/cuellarcot.com\/index.php\/wp-json\/wp\/v2\/categories?post=587"},{"taxonomy":"post_tag","embeddable":true,"href":"https:\/\/cuellarcot.com\/index.php\/wp-json\/wp\/v2\/tags?post=587"}],"curies":[{"name":"wp","href":"https:\/\/api.w.org\/{rel}","templated":true}]}}