{"id":615,"date":"2017-12-18T19:08:23","date_gmt":"2017-12-18T18:08:23","guid":{"rendered":"http:\/\/cuellarcot.com\/?page_id=615"},"modified":"2017-12-19T00:02:26","modified_gmt":"2017-12-18T23:02:26","slug":"congresos-realizados-dr-adrian-cuellar","status":"publish","type":"page","link":"https:\/\/cuellarcot.com\/index.php\/sobre-nosotros\/dr-adrian-cuellar-ayestaran\/congresos-realizados-dr-adrian-cuellar\/","title":{"rendered":"Congresos Dr. Adri\u00e1n Cu\u00e9llar"},"content":{"rendered":"<ul>\n<li><span style=\"color: #000000; font-size: 14px;\"><span style=\"font-family: Arial, sans-serif;\"><strong>Arthroscopic surgery review of the failed latarjet technique.<\/strong> Congress of the Spanish Arthroscopy Association and the Spanish Knee Society. Bilbao. 2016<\/span><\/span><\/li>\n<li><span style=\"color: #000000; font-size: 14px;\"><span style=\"font-family: Arial, sans-serif;\"><strong>Study on capsular repair after hip arthroscopy.<\/strong> National Congress of the Spanish Orthopedic Surgery and Trauma Society. A Coru\u00f1a. 2016<\/span><\/span><\/li>\n<li><span style=\"color: #000000; font-size: 14px;\"><span style=\"font-family: Arial, sans-serif;\"><strong>Hip periprosthetic osteolysis diagnosed by MRI<\/strong>. National Congress of the Spanish Orthopedic Surgery and Trauma Society. Valencia. 2015<\/span><\/span><\/li>\n<li><span style=\"color: #000000; font-size: 14px;\"><span style=\"font-family: Arial, sans-serif;\"><strong>Risk of injury the Inferior lateral geniculate artery suturing the external meniscus by all-inside technique vs. inside-out technique. Anatomic study.<\/strong> National Congress of the Spanish Orthopedic Surgery and Trauma Society. Valencia. 2015.<\/span><\/span><\/li>\n<li><span style=\"color: #000000; font-size: 14px;\"><span style=\"font-family: Arial, sans-serif;\"><strong>Rigid posttraumatic shoulder treated with arthroscopic arthrolisis.<\/strong> Joint Congress of the Spanish Arthroscopy Association and the Spanish Knee Society. Madrid. 2015<\/span><\/span><\/li>\n<li><span style=\"color: #000000; font-size: 14px;\"><span style=\"font-family: Arial, sans-serif;\"><strong>Arthroscopic technique of matrix-induced autologous chondrogenesis in glenohumeral cartilage injuries.<\/strong> Joint congress of the Spanish Arthroscopy Association and the Spanish Knee Society. Madrid. 2015<\/span><\/span><\/li>\n<li><span style=\"color: #000000; font-size: 14px;\"><span style=\"font-family: Arial, sans-serif;\"><strong>Trends on hip arthroscopy in the Basque Country.<\/strong> Joint congress of the Spanish Arthroscopy Association and the Spanish Knee Society. Madrid. 2015<\/span><\/span><\/li>\n<li><span style=\"color: #000000; font-size: 14px;\"><span style=\"font-family: Arial, sans-serif;\"><strong>Anatomic study of injury risk of the axillary nerve during inferior capsular arthroscopic plication<\/strong>. National Congress of the Spanish Shoulder and Elbow Society. Gran Canaria. 2015<\/span><\/span><\/li>\n<li><span style=\"color: #000000; font-size: 14px;\"><span style=\"font-family: Arial, sans-serif;\"><strong>Multicenter study about the demographical characteristics of the hip arthroscopy.<\/strong> National Congress of the Spanish Orthopedic Surgery and Trauma Society. Madrid. 2014<\/span><\/span><\/li>\n<li><span style=\"color: #000000; font-size: 14px;\"><span style=\"font-family: Arial, sans-serif;\"><strong>Outside-in approach: \u00bfin which cases?<\/strong> SVNCOT Congress 2014: hip of the young adult. Bilbao. 2014<\/span><\/span><\/li>\n<li><span style=\"color: #000000; font-size: 14px;\"><span style=\"font-family: Arial, sans-serif;\"><strong>Injury risk of the axillary nerve during inferior capsular arthroscopic plication.<\/strong> 2nd joint congress of the Spanish Arthroscopy Association and the Spanish Knee Society. Seville. 2014<\/span><\/span><\/li>\n<li><span style=\"color: #000000; font-size: 14px;\"><span style=\"font-family: Arial, sans-serif;\"><strong>Anatomic study: how to protect the peroneal nerve and the popliteal artery when suturing the lateral meniscus by arthroscopy.<\/strong> Congreso Nacional Artroscopia de AMECRA. M\u00e9xico 2014 (AMECRA) <\/span><\/span><\/li>\n<li><span style=\"color: #000000; font-size: 14px;\"><span style=\"font-family: Arial, sans-serif;\"><strong>Anatomical study: comparison of the beach-chair position versus lateral decubitus for the axillary nerve in inferior arthroscopic plication of the inferior capsulae<\/strong>. Congreso Nacional Artroscopia de AMECRA. M\u00e9xico 2014 (AMECRA)<\/span><\/span><\/li>\n<li><span style=\"color: #000000; font-size: 14px;\"><strong><span style=\"font-family: Arial, sans-serif;\">The neurovascular safety of an all-inside external meniscal repair system <\/span><\/strong><span style=\"font-family: Arial, sans-serif;\"><strong>varies with knee flexion.<\/strong> A cadaveric study. Poster in ESSKA Congress <\/span><span style=\"font-family: Arial, sans-serif;\">2014. <\/span><\/span><\/li>\n<li><span style=\"color: #000000; font-size: 14px;\"><strong>Osteoarthritis of the base of the thumb. Arthroplasty with cemented and non-cemented trapeciometacarpal prosthesis.<\/strong> 50th National Congress of the Spanish Orthopedic Surgery and Trauma Society. Barcelona. 2-4th of October. 2013<\/span><\/li>\n<li><span style=\"color: #000000; font-size: 14px;\"><span style=\"font-family: Arial, sans-serif;\"><strong>Navigation-assisted tibial osteotomy. 50th Congress of the Spanish Orthopaedic Surgery and Trauma Society.<\/strong> Barcelona. 2-4th of October. 2013<\/span><\/span><\/li>\n<li><span style=\"color: #000000; font-size: 14px;\"><span style=\"font-family: Arial, sans-serif;\"><strong>Injury risk of the peroneal nerve decreases with flexion during arthroscopic suture of lateral meniscus. Anatomical study.<\/strong> 50th Congress of the Spanish Orthopaedic Surgery and Trauma Society. Barcelona. 2-4th of October. 2013<\/span><\/span><\/li>\n<li><span style=\"color: #000000; font-size: 14px;\"><span style=\"font-family: Arial, sans-serif;\"><strong>Navigation-assisted tibial osteotomy.<\/strong> 1st joint congress of the Spanish Arthroscopy Association and the Spanish Knee Society. San Sebasti\u00e1n. 24-27th of April. 2013.<\/span><\/span><\/li>\n<li><span style=\"color: #000000; font-size: 14px;\"><span style=\"font-family: Arial, sans-serif;\"><strong>LCP repair arthroscopic inlay.<\/strong> 1st joint congress of the Spanish Arthroscopy Association and the Spanish Knee Society. San Sebasti\u00e1n. 24-27th of April. 2013<\/span><\/span><\/li>\n<li><span style=\"color: #000000; font-size: 14px;\"><span style=\"font-family: Arial, sans-serif;\"><strong>Neurovascular injury risk during external meniscus suture at popliteal hiatus level: anatomical study.<\/strong> 1st joint congress of the Spanish Arthroscopy Association and the Spanish Knee Society. San Sebasti\u00e1n. 24-27th of April. 2013.<\/span><\/span><\/li>\n<li><span style=\"color: #000000; font-size: 14px;\"><span style=\"font-family: Arial, sans-serif;\"><strong>Arterial ligation to reduce hepatic metastasis in a murine model.<\/strong> Communication in XVIth Congress of the Spanish Surgical Investigations Society. 2010.<\/span><\/span><\/li>\n<li><span style=\"color: #000000; font-size: 14px;\"><span style=\"font-family: Arial, sans-serif;\"><strong>Effect of the all-trans retinoic acid on the hepatic metastasis development of colon adenocarcinoma in rats submitted to partial hepatectomy.<\/strong> Communication in the XVth Congress of the Spanish Surgical Investigations Society. 2008.<\/span><\/span><\/li>\n<\/ul>\n<p lang=\"\" align=\"JUSTIFY\"><span style=\"color: #000000;\"><span style=\"font-family: Arial, sans-serif;\"><span style=\"font-size: medium;\">\u00a0<\/span><\/span><\/span><\/p>\n<p lang=\"\" align=\"JUSTIFY\"><span style=\"color: #000000;\"><span style=\"font-family: Arial, sans-serif;\"><span style=\"font-size: medium;\">\u00a0<\/span><\/span><\/span><\/p>\n","protected":false},"excerpt":{"rendered":"<p>Arthroscopic surgery review of the failed latarjet technique. Congress of the Spanish Arthroscopy Association and the Spanish Knee Society. Bilbao. 2016 Study on capsular repair after hip arthroscopy. National Congress of the Spanish Orthopedic Surgery and Trauma Society. A Coru\u00f1a. 2016 Hip periprosthetic osteolysis diagnosed by MRI. National Congress of the Spanish Orthopedic Surgery and [&hellip;]<\/p>\n","protected":false},"author":1,"featured_media":0,"parent":527,"menu_order":0,"comment_status":"closed","ping_status":"closed","template":"","meta":{"_exactmetrics_skip_tracking":false,"_exactmetrics_sitenote_active":false,"_exactmetrics_sitenote_note":"","_exactmetrics_sitenote_category":0,"ngg_post_thumbnail":0},"categories":[33],"tags":[8,7,40,15,13,12,39,14],"yoast_head":"<!-- This site is optimized with the Yoast SEO plugin v20.11 - https:\/\/yoast.com\/wordpress\/plugins\/seo\/ -->\n<title>Congresos Dr. Adri\u00e1n Cu\u00e9llar -<\/title>\n<meta name=\"robots\" content=\"index, follow, max-snippet:-1, max-image-preview:large, max-video-preview:-1\" \/>\n<link rel=\"canonical\" href=\"https:\/\/cuellarcot.com\/index.php\/sobre-nosotros\/dr-adrian-cuellar-ayestaran\/congresos-realizados-dr-adrian-cuellar\/\" \/>\n<meta property=\"og:locale\" content=\"es_ES\" \/>\n<meta property=\"og:type\" content=\"article\" \/>\n<meta property=\"og:title\" content=\"Congresos Dr. Adri\u00e1n Cu\u00e9llar -\" \/>\n<meta property=\"og:description\" content=\"Arthroscopic surgery review of the failed latarjet technique. Congress of the Spanish Arthroscopy Association and the Spanish Knee Society. Bilbao. 2016 Study on capsular repair after hip arthroscopy. National Congress of the Spanish Orthopedic Surgery and Trauma Society. A Coru\u00f1a. 2016 Hip periprosthetic osteolysis diagnosed by MRI. National Congress of the Spanish Orthopedic Surgery and [&hellip;]\" \/>\n<meta property=\"og:url\" content=\"https:\/\/cuellarcot.com\/index.php\/sobre-nosotros\/dr-adrian-cuellar-ayestaran\/congresos-realizados-dr-adrian-cuellar\/\" \/>\n<meta property=\"article:modified_time\" content=\"2017-12-18T23:02:26+00:00\" \/>\n<meta name=\"twitter:card\" content=\"summary_large_image\" \/>\n<meta name=\"twitter:label1\" content=\"Tiempo de lectura\" \/>\n\t<meta name=\"twitter:data1\" content=\"3 minutos\" \/>\n<script type=\"application\/ld+json\" class=\"yoast-schema-graph\">{\"@context\":\"https:\/\/schema.org\",\"@graph\":[{\"@type\":\"WebPage\",\"@id\":\"https:\/\/cuellarcot.com\/index.php\/sobre-nosotros\/dr-adrian-cuellar-ayestaran\/congresos-realizados-dr-adrian-cuellar\/\",\"url\":\"https:\/\/cuellarcot.com\/index.php\/sobre-nosotros\/dr-adrian-cuellar-ayestaran\/congresos-realizados-dr-adrian-cuellar\/\",\"name\":\"Congresos Dr. Adri\u00e1n Cu\u00e9llar -\",\"isPartOf\":{\"@id\":\"https:\/\/cuellarcot.com\/#website\"},\"datePublished\":\"2017-12-18T18:08:23+00:00\",\"dateModified\":\"2017-12-18T23:02:26+00:00\",\"breadcrumb\":{\"@id\":\"https:\/\/cuellarcot.com\/index.php\/sobre-nosotros\/dr-adrian-cuellar-ayestaran\/congresos-realizados-dr-adrian-cuellar\/#breadcrumb\"},\"inLanguage\":\"es\",\"potentialAction\":[{\"@type\":\"ReadAction\",\"target\":[\"https:\/\/cuellarcot.com\/index.php\/sobre-nosotros\/dr-adrian-cuellar-ayestaran\/congresos-realizados-dr-adrian-cuellar\/\"]}]},{\"@type\":\"BreadcrumbList\",\"@id\":\"https:\/\/cuellarcot.com\/index.php\/sobre-nosotros\/dr-adrian-cuellar-ayestaran\/congresos-realizados-dr-adrian-cuellar\/#breadcrumb\",\"itemListElement\":[{\"@type\":\"ListItem\",\"position\":1,\"name\":\"Portada\",\"item\":\"https:\/\/cuellarcot.com\/\"},{\"@type\":\"ListItem\",\"position\":2,\"name\":\"Sobre nosotros\",\"item\":\"https:\/\/cuellarcot.com\/index.php\/sobre-nosotros\/\"},{\"@type\":\"ListItem\",\"position\":3,\"name\":\"Dr. Adri\u00e1n Cuellar Ayestar\u00e1n\",\"item\":\"https:\/\/cuellarcot.com\/index.php\/sobre-nosotros\/dr-adrian-cuellar-ayestaran\/\"},{\"@type\":\"ListItem\",\"position\":4,\"name\":\"Congresos Dr. Adri\u00e1n Cu\u00e9llar\"}]},{\"@type\":\"WebSite\",\"@id\":\"https:\/\/cuellarcot.com\/#website\",\"url\":\"https:\/\/cuellarcot.com\/\",\"name\":\"\",\"description\":\"Traumatolog\u00eda, Cirug\u00eda ortop\u00e9dica y Artroscopia\",\"potentialAction\":[{\"@type\":\"SearchAction\",\"target\":{\"@type\":\"EntryPoint\",\"urlTemplate\":\"https:\/\/cuellarcot.com\/?s={search_term_string}\"},\"query-input\":\"required name=search_term_string\"}],\"inLanguage\":\"es\"}]}<\/script>\n<!-- \/ Yoast SEO plugin. -->","yoast_head_json":{"title":"Congresos Dr. Adri\u00e1n Cu\u00e9llar -","robots":{"index":"index","follow":"follow","max-snippet":"max-snippet:-1","max-image-preview":"max-image-preview:large","max-video-preview":"max-video-preview:-1"},"canonical":"https:\/\/cuellarcot.com\/index.php\/sobre-nosotros\/dr-adrian-cuellar-ayestaran\/congresos-realizados-dr-adrian-cuellar\/","og_locale":"es_ES","og_type":"article","og_title":"Congresos Dr. Adri\u00e1n Cu\u00e9llar -","og_description":"Arthroscopic surgery review of the failed latarjet technique. Congress of the Spanish Arthroscopy Association and the Spanish Knee Society. Bilbao. 2016 Study on capsular repair after hip arthroscopy. National Congress of the Spanish Orthopedic Surgery and Trauma Society. A Coru\u00f1a. 2016 Hip periprosthetic osteolysis diagnosed by MRI. National Congress of the Spanish Orthopedic Surgery and [&hellip;]","og_url":"https:\/\/cuellarcot.com\/index.php\/sobre-nosotros\/dr-adrian-cuellar-ayestaran\/congresos-realizados-dr-adrian-cuellar\/","article_modified_time":"2017-12-18T23:02:26+00:00","twitter_card":"summary_large_image","twitter_misc":{"Tiempo de lectura":"3 minutos"},"schema":{"@context":"https:\/\/schema.org","@graph":[{"@type":"WebPage","@id":"https:\/\/cuellarcot.com\/index.php\/sobre-nosotros\/dr-adrian-cuellar-ayestaran\/congresos-realizados-dr-adrian-cuellar\/","url":"https:\/\/cuellarcot.com\/index.php\/sobre-nosotros\/dr-adrian-cuellar-ayestaran\/congresos-realizados-dr-adrian-cuellar\/","name":"Congresos Dr. Adri\u00e1n Cu\u00e9llar -","isPartOf":{"@id":"https:\/\/cuellarcot.com\/#website"},"datePublished":"2017-12-18T18:08:23+00:00","dateModified":"2017-12-18T23:02:26+00:00","breadcrumb":{"@id":"https:\/\/cuellarcot.com\/index.php\/sobre-nosotros\/dr-adrian-cuellar-ayestaran\/congresos-realizados-dr-adrian-cuellar\/#breadcrumb"},"inLanguage":"es","potentialAction":[{"@type":"ReadAction","target":["https:\/\/cuellarcot.com\/index.php\/sobre-nosotros\/dr-adrian-cuellar-ayestaran\/congresos-realizados-dr-adrian-cuellar\/"]}]},{"@type":"BreadcrumbList","@id":"https:\/\/cuellarcot.com\/index.php\/sobre-nosotros\/dr-adrian-cuellar-ayestaran\/congresos-realizados-dr-adrian-cuellar\/#breadcrumb","itemListElement":[{"@type":"ListItem","position":1,"name":"Portada","item":"https:\/\/cuellarcot.com\/"},{"@type":"ListItem","position":2,"name":"Sobre nosotros","item":"https:\/\/cuellarcot.com\/index.php\/sobre-nosotros\/"},{"@type":"ListItem","position":3,"name":"Dr. Adri\u00e1n Cuellar Ayestar\u00e1n","item":"https:\/\/cuellarcot.com\/index.php\/sobre-nosotros\/dr-adrian-cuellar-ayestaran\/"},{"@type":"ListItem","position":4,"name":"Congresos Dr. Adri\u00e1n Cu\u00e9llar"}]},{"@type":"WebSite","@id":"https:\/\/cuellarcot.com\/#website","url":"https:\/\/cuellarcot.com\/","name":"","description":"Traumatolog\u00eda, Cirug\u00eda ortop\u00e9dica y Artroscopia","potentialAction":[{"@type":"SearchAction","target":{"@type":"EntryPoint","urlTemplate":"https:\/\/cuellarcot.com\/?s={search_term_string}"},"query-input":"required name=search_term_string"}],"inLanguage":"es"}]}},"_links":{"self":[{"href":"https:\/\/cuellarcot.com\/index.php\/wp-json\/wp\/v2\/pages\/615"}],"collection":[{"href":"https:\/\/cuellarcot.com\/index.php\/wp-json\/wp\/v2\/pages"}],"about":[{"href":"https:\/\/cuellarcot.com\/index.php\/wp-json\/wp\/v2\/types\/page"}],"author":[{"embeddable":true,"href":"https:\/\/cuellarcot.com\/index.php\/wp-json\/wp\/v2\/users\/1"}],"replies":[{"embeddable":true,"href":"https:\/\/cuellarcot.com\/index.php\/wp-json\/wp\/v2\/comments?post=615"}],"version-history":[{"count":7,"href":"https:\/\/cuellarcot.com\/index.php\/wp-json\/wp\/v2\/pages\/615\/revisions"}],"predecessor-version":[{"id":623,"href":"https:\/\/cuellarcot.com\/index.php\/wp-json\/wp\/v2\/pages\/615\/revisions\/623"}],"up":[{"embeddable":true,"href":"https:\/\/cuellarcot.com\/index.php\/wp-json\/wp\/v2\/pages\/527"}],"wp:attachment":[{"href":"https:\/\/cuellarcot.com\/index.php\/wp-json\/wp\/v2\/media?parent=615"}],"wp:term":[{"taxonomy":"category","embeddable":true,"href":"https:\/\/cuellarcot.com\/index.php\/wp-json\/wp\/v2\/categories?post=615"},{"taxonomy":"post_tag","embeddable":true,"href":"https:\/\/cuellarcot.com\/index.php\/wp-json\/wp\/v2\/tags?post=615"}],"curies":[{"name":"wp","href":"https:\/\/api.w.org\/{rel}","templated":true}]}}