{"id":624,"date":"2017-12-18T19:30:09","date_gmt":"2017-12-18T18:30:09","guid":{"rendered":"http:\/\/cuellarcot.com\/?page_id=624"},"modified":"2017-12-19T00:05:35","modified_gmt":"2017-12-18T23:05:35","slug":"ponencias-dr-adrian-cuellar","status":"publish","type":"page","link":"https:\/\/cuellarcot.com\/index.php\/sobre-nosotros\/dr-adrian-cuellar-ayestaran\/ponencias-dr-adrian-cuellar\/","title":{"rendered":"Ponencias Dr. Adri\u00e1n Cu\u00e9llar"},"content":{"rendered":"<ul>\n<li><span style=\"color: #000000; font-size: 14px;\"><span style=\"font-family: Arial, sans-serif;\"><strong>Answering to Reviewers, the last hurdle.<\/strong> Congress of the Spanish Arthroscopy Association and the Spanish Knee Society. Bilbao 2016.<\/span><\/span><\/li>\n<li><span style=\"font-size: 14px; color: #000000;\"><span style=\"font-family: Arial, sans-serif;\"><span lang=\"\"><strong>What is a compression neuropathy?.<\/strong> Course of new therapeutic prospects for entrapment neuropathies of peripheral nerves. IMQ Zorrozaurre. 2<\/span><\/span><sup><span style=\"font-family: Arial, sans-serif;\"><span lang=\"\">nd<\/span><\/span><\/sup><span style=\"font-family: Arial, sans-serif;\"><span lang=\"\"> of octube 2015.<\/span><\/span><\/span><\/li>\n<\/ul>\n","protected":false},"excerpt":{"rendered":"<p>Answering to Reviewers, the last hurdle. Congress of the Spanish Arthroscopy Association and the Spanish Knee Society. Bilbao 2016. What is a compression neuropathy?. Course of new therapeutic prospects for entrapment neuropathies of peripheral nerves. IMQ Zorrozaurre. 2nd of octube 2015.<\/p>\n","protected":false},"author":1,"featured_media":0,"parent":527,"menu_order":0,"comment_status":"closed","ping_status":"closed","template":"","meta":{"_exactmetrics_skip_tracking":false,"_exactmetrics_sitenote_active":false,"_exactmetrics_sitenote_note":"","_exactmetrics_sitenote_category":0,"ngg_post_thumbnail":0},"categories":[33],"tags":[8,7,9,40,15,13,12,17,34,11,14],"yoast_head":"<!-- This site is optimized with the Yoast SEO plugin v20.11 - https:\/\/yoast.com\/wordpress\/plugins\/seo\/ -->\n<title>Ponencias Dr. Adri\u00e1n Cu\u00e9llar -<\/title>\n<meta name=\"robots\" content=\"index, follow, max-snippet:-1, max-image-preview:large, max-video-preview:-1\" \/>\n<link rel=\"canonical\" href=\"https:\/\/cuellarcot.com\/index.php\/sobre-nosotros\/dr-adrian-cuellar-ayestaran\/ponencias-dr-adrian-cuellar\/\" \/>\n<meta property=\"og:locale\" content=\"es_ES\" \/>\n<meta property=\"og:type\" content=\"article\" \/>\n<meta property=\"og:title\" content=\"Ponencias Dr. Adri\u00e1n Cu\u00e9llar -\" \/>\n<meta property=\"og:description\" content=\"Answering to Reviewers, the last hurdle. Congress of the Spanish Arthroscopy Association and the Spanish Knee Society. Bilbao 2016. What is a compression neuropathy?. Course of new therapeutic prospects for entrapment neuropathies of peripheral nerves. IMQ Zorrozaurre. 2nd of octube 2015.\" \/>\n<meta property=\"og:url\" content=\"https:\/\/cuellarcot.com\/index.php\/sobre-nosotros\/dr-adrian-cuellar-ayestaran\/ponencias-dr-adrian-cuellar\/\" \/>\n<meta property=\"article:modified_time\" content=\"2017-12-18T23:05:35+00:00\" \/>\n<meta name=\"twitter:card\" content=\"summary_large_image\" \/>\n<script type=\"application\/ld+json\" class=\"yoast-schema-graph\">{\"@context\":\"https:\/\/schema.org\",\"@graph\":[{\"@type\":\"WebPage\",\"@id\":\"https:\/\/cuellarcot.com\/index.php\/sobre-nosotros\/dr-adrian-cuellar-ayestaran\/ponencias-dr-adrian-cuellar\/\",\"url\":\"https:\/\/cuellarcot.com\/index.php\/sobre-nosotros\/dr-adrian-cuellar-ayestaran\/ponencias-dr-adrian-cuellar\/\",\"name\":\"Ponencias Dr. Adri\u00e1n Cu\u00e9llar -\",\"isPartOf\":{\"@id\":\"https:\/\/cuellarcot.com\/#website\"},\"datePublished\":\"2017-12-18T18:30:09+00:00\",\"dateModified\":\"2017-12-18T23:05:35+00:00\",\"breadcrumb\":{\"@id\":\"https:\/\/cuellarcot.com\/index.php\/sobre-nosotros\/dr-adrian-cuellar-ayestaran\/ponencias-dr-adrian-cuellar\/#breadcrumb\"},\"inLanguage\":\"es\",\"potentialAction\":[{\"@type\":\"ReadAction\",\"target\":[\"https:\/\/cuellarcot.com\/index.php\/sobre-nosotros\/dr-adrian-cuellar-ayestaran\/ponencias-dr-adrian-cuellar\/\"]}]},{\"@type\":\"BreadcrumbList\",\"@id\":\"https:\/\/cuellarcot.com\/index.php\/sobre-nosotros\/dr-adrian-cuellar-ayestaran\/ponencias-dr-adrian-cuellar\/#breadcrumb\",\"itemListElement\":[{\"@type\":\"ListItem\",\"position\":1,\"name\":\"Portada\",\"item\":\"https:\/\/cuellarcot.com\/\"},{\"@type\":\"ListItem\",\"position\":2,\"name\":\"Sobre nosotros\",\"item\":\"https:\/\/cuellarcot.com\/index.php\/sobre-nosotros\/\"},{\"@type\":\"ListItem\",\"position\":3,\"name\":\"Dr. Adri\u00e1n Cuellar Ayestar\u00e1n\",\"item\":\"https:\/\/cuellarcot.com\/index.php\/sobre-nosotros\/dr-adrian-cuellar-ayestaran\/\"},{\"@type\":\"ListItem\",\"position\":4,\"name\":\"Ponencias Dr. Adri\u00e1n Cu\u00e9llar\"}]},{\"@type\":\"WebSite\",\"@id\":\"https:\/\/cuellarcot.com\/#website\",\"url\":\"https:\/\/cuellarcot.com\/\",\"name\":\"\",\"description\":\"Traumatolog\u00eda, Cirug\u00eda ortop\u00e9dica y Artroscopia\",\"potentialAction\":[{\"@type\":\"SearchAction\",\"target\":{\"@type\":\"EntryPoint\",\"urlTemplate\":\"https:\/\/cuellarcot.com\/?s={search_term_string}\"},\"query-input\":\"required name=search_term_string\"}],\"inLanguage\":\"es\"}]}<\/script>\n<!-- \/ Yoast SEO plugin. -->","yoast_head_json":{"title":"Ponencias Dr. Adri\u00e1n Cu\u00e9llar -","robots":{"index":"index","follow":"follow","max-snippet":"max-snippet:-1","max-image-preview":"max-image-preview:large","max-video-preview":"max-video-preview:-1"},"canonical":"https:\/\/cuellarcot.com\/index.php\/sobre-nosotros\/dr-adrian-cuellar-ayestaran\/ponencias-dr-adrian-cuellar\/","og_locale":"es_ES","og_type":"article","og_title":"Ponencias Dr. Adri\u00e1n Cu\u00e9llar -","og_description":"Answering to Reviewers, the last hurdle. Congress of the Spanish Arthroscopy Association and the Spanish Knee Society. Bilbao 2016. What is a compression neuropathy?. Course of new therapeutic prospects for entrapment neuropathies of peripheral nerves. IMQ Zorrozaurre. 2nd of octube 2015.","og_url":"https:\/\/cuellarcot.com\/index.php\/sobre-nosotros\/dr-adrian-cuellar-ayestaran\/ponencias-dr-adrian-cuellar\/","article_modified_time":"2017-12-18T23:05:35+00:00","twitter_card":"summary_large_image","schema":{"@context":"https:\/\/schema.org","@graph":[{"@type":"WebPage","@id":"https:\/\/cuellarcot.com\/index.php\/sobre-nosotros\/dr-adrian-cuellar-ayestaran\/ponencias-dr-adrian-cuellar\/","url":"https:\/\/cuellarcot.com\/index.php\/sobre-nosotros\/dr-adrian-cuellar-ayestaran\/ponencias-dr-adrian-cuellar\/","name":"Ponencias Dr. Adri\u00e1n Cu\u00e9llar -","isPartOf":{"@id":"https:\/\/cuellarcot.com\/#website"},"datePublished":"2017-12-18T18:30:09+00:00","dateModified":"2017-12-18T23:05:35+00:00","breadcrumb":{"@id":"https:\/\/cuellarcot.com\/index.php\/sobre-nosotros\/dr-adrian-cuellar-ayestaran\/ponencias-dr-adrian-cuellar\/#breadcrumb"},"inLanguage":"es","potentialAction":[{"@type":"ReadAction","target":["https:\/\/cuellarcot.com\/index.php\/sobre-nosotros\/dr-adrian-cuellar-ayestaran\/ponencias-dr-adrian-cuellar\/"]}]},{"@type":"BreadcrumbList","@id":"https:\/\/cuellarcot.com\/index.php\/sobre-nosotros\/dr-adrian-cuellar-ayestaran\/ponencias-dr-adrian-cuellar\/#breadcrumb","itemListElement":[{"@type":"ListItem","position":1,"name":"Portada","item":"https:\/\/cuellarcot.com\/"},{"@type":"ListItem","position":2,"name":"Sobre nosotros","item":"https:\/\/cuellarcot.com\/index.php\/sobre-nosotros\/"},{"@type":"ListItem","position":3,"name":"Dr. Adri\u00e1n Cuellar Ayestar\u00e1n","item":"https:\/\/cuellarcot.com\/index.php\/sobre-nosotros\/dr-adrian-cuellar-ayestaran\/"},{"@type":"ListItem","position":4,"name":"Ponencias Dr. Adri\u00e1n Cu\u00e9llar"}]},{"@type":"WebSite","@id":"https:\/\/cuellarcot.com\/#website","url":"https:\/\/cuellarcot.com\/","name":"","description":"Traumatolog\u00eda, Cirug\u00eda ortop\u00e9dica y Artroscopia","potentialAction":[{"@type":"SearchAction","target":{"@type":"EntryPoint","urlTemplate":"https:\/\/cuellarcot.com\/?s={search_term_string}"},"query-input":"required name=search_term_string"}],"inLanguage":"es"}]}},"_links":{"self":[{"href":"https:\/\/cuellarcot.com\/index.php\/wp-json\/wp\/v2\/pages\/624"}],"collection":[{"href":"https:\/\/cuellarcot.com\/index.php\/wp-json\/wp\/v2\/pages"}],"about":[{"href":"https:\/\/cuellarcot.com\/index.php\/wp-json\/wp\/v2\/types\/page"}],"author":[{"embeddable":true,"href":"https:\/\/cuellarcot.com\/index.php\/wp-json\/wp\/v2\/users\/1"}],"replies":[{"embeddable":true,"href":"https:\/\/cuellarcot.com\/index.php\/wp-json\/wp\/v2\/comments?post=624"}],"version-history":[{"count":2,"href":"https:\/\/cuellarcot.com\/index.php\/wp-json\/wp\/v2\/pages\/624\/revisions"}],"predecessor-version":[{"id":626,"href":"https:\/\/cuellarcot.com\/index.php\/wp-json\/wp\/v2\/pages\/624\/revisions\/626"}],"up":[{"embeddable":true,"href":"https:\/\/cuellarcot.com\/index.php\/wp-json\/wp\/v2\/pages\/527"}],"wp:attachment":[{"href":"https:\/\/cuellarcot.com\/index.php\/wp-json\/wp\/v2\/media?parent=624"}],"wp:term":[{"taxonomy":"category","embeddable":true,"href":"https:\/\/cuellarcot.com\/index.php\/wp-json\/wp\/v2\/categories?post=624"},{"taxonomy":"post_tag","embeddable":true,"href":"https:\/\/cuellarcot.com\/index.php\/wp-json\/wp\/v2\/tags?post=624"}],"curies":[{"name":"wp","href":"https:\/\/api.w.org\/{rel}","templated":true}]}}