{"id":8,"date":"2017-08-10T19:52:07","date_gmt":"2017-08-10T17:52:07","guid":{"rendered":"http:\/\/cuellarcot.com\/?page_id=8"},"modified":"2021-06-03T23:59:43","modified_gmt":"2021-06-03T21:59:43","slug":"sobre-nosotros","status":"publish","type":"page","link":"https:\/\/cuellarcot.com\/index.php\/sobre-nosotros\/","title":{"rendered":"Sobre nosotros"},"content":{"rendered":"\t\t<div data-elementor-type=\"wp-page\" data-elementor-id=\"8\" class=\"elementor elementor-8\">\n\t\t\t\t\t\t<div class=\"elementor-inner\">\n\t\t\t\t<div class=\"elementor-section-wrap\">\n\t\t\t\t\t\t\t\t\t<section class=\"elementor-section elementor-top-section elementor-element elementor-element-78d83057 elementor-section-boxed elementor-section-height-default elementor-section-height-default\" data-id=\"78d83057\" data-element_type=\"section\">\n\t\t\t\t\t\t<div class=\"elementor-container elementor-column-gap-default\">\n\t\t\t\t\t\t\t<div class=\"elementor-row\">\n\t\t\t\t\t<div class=\"elementor-column elementor-col-100 elementor-top-column elementor-element elementor-element-2d325fe3\" data-id=\"2d325fe3\" data-element_type=\"column\">\n\t\t\t<div class=\"elementor-column-wrap elementor-element-populated\">\n\t\t\t\t\t\t\t<div class=\"elementor-widget-wrap\">\n\t\t\t\t\t\t<div class=\"elementor-element elementor-element-1b8596af elementor-widget elementor-widget-text-editor\" data-id=\"1b8596af\" data-element_type=\"widget\" data-widget_type=\"text-editor.default\">\n\t\t\t\t<div class=\"elementor-widget-container\">\n\t\t\t\t\t\t\t\t<div class=\"elementor-text-editor elementor-clearfix\">\n\t\t\t\t<span style=\"color: #000000; font-size: 20px;\">Con <strong>m\u00e1s de 30 a\u00f1os de experiencia<\/strong> ejercida como especialistas en Ortopedia y Traumatolog\u00eda, adem\u00e1s de ejercer como<strong> docentes universitarios<\/strong>, en Cuellarcot realizamos <strong>consultas y cirug\u00eda artrosc\u00f3pica y ortop\u00e9dica<\/strong> de rodilla, hombro, cadera y m\u00e1s articulaciones.<\/span>\r\n<p style=\"text-align: left;\"><span style=\"color: #000000; font-size: 20px;\">Tenemos nuestra <a href=\"http:\/\/cuellarcot.com\/index.php\/contacto\/\" target=\"_blank\" rel=\"noopener noreferrer\"><strong>consulta privada<\/strong><\/a>, y adem\u00e1s tambi\u00e9n<strong> colaboramos con las mejores cl\u00ednicas y hospitales<\/strong>.<\/span><\/p>\r\n&nbsp;\r\n\r\n&nbsp;\r\n\r\n<figure id=\"attachment_860\" aria-describedby=\"caption-attachment-860\" style=\"width: 200px\" class=\"wp-caption alignleft\"><a href=\"http:\/\/cuellarcot.com\/index.php\/sobre-nosotros\/dr-ricardo-cuellar-gutierrez\/\"><img decoding=\"async\" loading=\"lazy\" class=\"wp-image-860\" src=\"http:\/\/cuellarcot.com\/wp-content\/uploads\/2018\/06\/22z8yxac-e1530143013885.bmp\" alt=\"\" width=\"200\" height=\"228\"><\/a><figcaption id=\"caption-attachment-860\" class=\"wp-caption-text\">Doctor Ricardo Cu\u00e9llar Guti\u00e9rrez<\/figcaption><\/figure>\r\n\r\n<figure id=\"attachment_436\" aria-describedby=\"caption-attachment-436\" style=\"width: 199px\" class=\"wp-caption alignleft\"><a href=\"http:\/\/cuellarcot.com\/index.php\/sobre-nosotros\/dr-adrian-cuellar-ayestaran\/\"><img decoding=\"async\" loading=\"lazy\" class=\"wp-image-436\" src=\"http:\/\/cuellarcot.com\/wp-content\/uploads\/2017\/11\/dr-adrian-cuellar.jpg\" alt=\"\" width=\"199\" height=\"222\" srcset=\"https:\/\/cuellarcot.com\/wp-content\/uploads\/2017\/11\/dr-adrian-cuellar.jpg 549w, https:\/\/cuellarcot.com\/wp-content\/uploads\/2017\/11\/dr-adrian-cuellar-268x300.jpg 268w\" sizes=\"(max-width: 199px) 100vw, 199px\" \/><\/a><figcaption id=\"caption-attachment-436\" class=\"wp-caption-text\">Doctor Adri\u00e1n Cu\u00e9llar Ayestar\u00e1n<\/figcaption><\/figure>\r\n\r\n<figure id=\"attachment_1487\" aria-describedby=\"caption-attachment-1487\" style=\"width: 199px\" class=\"wp-caption alignleft\"><a href=\"http:\/\/cuellarcot.com\/index.php\/sobre-nosotros\/dr-asier-cuellar-ayestaran\/\" target=\"_blank\" rel=\"noopener noreferrer\"><img decoding=\"async\" loading=\"lazy\" class=\"wp-image-1487\" src=\"http:\/\/cuellarcot.com\/wp-content\/uploads\/2020\/07\/Dr.-Asier-Cue\u00b4llar2.jpg\" alt=\"\" width=\"199\" height=\"223\"><\/a><figcaption id=\"caption-attachment-1487\" class=\"wp-caption-text\">Doctor Asier C\u00faellar Ayestar\u00e1n<\/figcaption><\/figure>\r\n\r\n&nbsp;\r\n\r\n&nbsp;\r\n\r\n&nbsp;\r\n\r\n&nbsp;\r\n\r\n&nbsp;\r\n\r\n&nbsp;\r\n\r\n&nbsp;\r\n\r\n&nbsp;\r\n\r\n&nbsp;\r\n\r\n&nbsp;\r\n\r\n&nbsp;\t\t\t\t\t<\/div>\n\t\t\t\t\t\t<\/div>\n\t\t\t\t<\/div>\n\t\t\t\t\t\t<\/div>\n\t\t\t\t\t<\/div>\n\t\t<\/div>\n\t\t\t\t\t\t\t\t<\/div>\n\t\t\t\t\t<\/div>\n\t\t<\/section>\n\t\t\t\t<section class=\"elementor-section elementor-top-section elementor-element elementor-element-f648afc elementor-section-boxed elementor-section-height-default elementor-section-height-default\" data-id=\"f648afc\" data-element_type=\"section\">\n\t\t\t\t\t\t<div class=\"elementor-container elementor-column-gap-default\">\n\t\t\t\t\t\t\t<div class=\"elementor-row\">\n\t\t\t\t\t<div class=\"elementor-column elementor-col-20 elementor-top-column elementor-element elementor-element-cf31d19\" data-id=\"cf31d19\" data-element_type=\"column\">\n\t\t\t<div class=\"elementor-column-wrap elementor-element-populated\">\n\t\t\t\t\t\t\t<div class=\"elementor-widget-wrap\">\n\t\t\t\t\t\t<div class=\"elementor-element elementor-element-180632d elementor-widget elementor-widget-image\" data-id=\"180632d\" data-element_type=\"widget\" data-widget_type=\"image.default\">\n\t\t\t\t<div class=\"elementor-widget-container\">\n\t\t\t\t\t\t\t\t<div class=\"elementor-image\">\n\t\t\t\t\t\t\t\t\t<figure class=\"wp-caption\">\n\t\t\t\t\t\t\t\t\t\t\t<a href=\"https:\/\/cuellarcot.com\/index.php\/actividades-recientes\/\">\n\t\t\t\t\t\t\t<img decoding=\"async\" width=\"300\" height=\"450\" src=\"https:\/\/cuellarcot.com\/wp-content\/uploads\/2021\/03\/aulas-de-salud-21.gif\" class=\"attachment-large size-large wp-image-1640\" alt=\"\" loading=\"lazy\" \/>\t\t\t\t\t\t\t\t<\/a>\n\t\t\t\t\t\t\t\t\t\t\t<figcaption class=\"widget-image-caption wp-caption-text\">ACTIVIDADES RECIENTES<\/figcaption>\n\t\t\t\t\t\t\t\t\t\t<\/figure>\n\t\t\t\t\t\t\t\t<\/div>\n\t\t\t\t\t\t<\/div>\n\t\t\t\t<\/div>\n\t\t\t\t\t\t<\/div>\n\t\t\t\t\t<\/div>\n\t\t<\/div>\n\t\t\t\t<div class=\"elementor-column elementor-col-20 elementor-top-column elementor-element elementor-element-4ad2863\" data-id=\"4ad2863\" data-element_type=\"column\">\n\t\t\t<div class=\"elementor-column-wrap elementor-element-populated\">\n\t\t\t\t\t\t\t<div class=\"elementor-widget-wrap\">\n\t\t\t\t\t\t<div class=\"elementor-element elementor-element-fdf19c0 elementor-widget elementor-widget-image\" data-id=\"fdf19c0\" data-element_type=\"widget\" data-widget_type=\"image.default\">\n\t\t\t\t<div class=\"elementor-widget-container\">\n\t\t\t\t\t\t\t\t<div class=\"elementor-image\">\n\t\t\t\t\t\t\t\t\t<figure class=\"wp-caption\">\n\t\t\t\t\t\t\t\t\t\t\t<a href=\"https:\/\/cuellarcot.com\/index.php\/articulos-y-publicaciones\/\">\n\t\t\t\t\t\t\t<img decoding=\"async\" width=\"339\" height=\"419\" src=\"https:\/\/cuellarcot.com\/wp-content\/uploads\/2018\/06\/portada-reaca-no59.png\" class=\"attachment-large size-large wp-image-835\" alt=\"\" loading=\"lazy\" srcset=\"https:\/\/cuellarcot.com\/wp-content\/uploads\/2018\/06\/portada-reaca-no59.png 339w, https:\/\/cuellarcot.com\/wp-content\/uploads\/2018\/06\/portada-reaca-no59-243x300.png 243w\" sizes=\"(max-width: 339px) 100vw, 339px\" \/>\t\t\t\t\t\t\t\t<\/a>\n\t\t\t\t\t\t\t\t\t\t\t<figcaption class=\"widget-image-caption wp-caption-text\">ART\u00cdCULOS Y PUBLICACIONES<\/figcaption>\n\t\t\t\t\t\t\t\t\t\t<\/figure>\n\t\t\t\t\t\t\t\t<\/div>\n\t\t\t\t\t\t<\/div>\n\t\t\t\t<\/div>\n\t\t\t\t\t\t<\/div>\n\t\t\t\t\t<\/div>\n\t\t<\/div>\n\t\t\t\t<div class=\"elementor-column elementor-col-20 elementor-top-column elementor-element elementor-element-39204cc\" data-id=\"39204cc\" data-element_type=\"column\">\n\t\t\t<div class=\"elementor-column-wrap elementor-element-populated\">\n\t\t\t\t\t\t\t<div class=\"elementor-widget-wrap\">\n\t\t\t\t\t\t<div class=\"elementor-element elementor-element-9db4207 elementor-widget elementor-widget-image\" data-id=\"9db4207\" data-element_type=\"widget\" data-widget_type=\"image.default\">\n\t\t\t\t<div class=\"elementor-widget-container\">\n\t\t\t\t\t\t\t\t<div class=\"elementor-image\">\n\t\t\t\t\t\t\t\t\t<figure class=\"wp-caption\">\n\t\t\t\t\t\t\t\t\t\t<img decoding=\"async\" width=\"796\" height=\"1024\" src=\"https:\/\/cuellarcot.com\/wp-content\/uploads\/2018\/01\/mejor\u00eda-de-cadera-enero-201-796x1024.jpg\" class=\"attachment-large size-large wp-image-687\" alt=\"\" loading=\"lazy\" srcset=\"https:\/\/cuellarcot.com\/wp-content\/uploads\/2018\/01\/mejor\u00eda-de-cadera-enero-201-796x1024.jpg 796w, https:\/\/cuellarcot.com\/wp-content\/uploads\/2018\/01\/mejor\u00eda-de-cadera-enero-201-233x300.jpg 233w, https:\/\/cuellarcot.com\/wp-content\/uploads\/2018\/01\/mejor\u00eda-de-cadera-enero-201-768x988.jpg 768w, https:\/\/cuellarcot.com\/wp-content\/uploads\/2018\/01\/mejor\u00eda-de-cadera-enero-201.jpg 1058w\" sizes=\"(max-width: 796px) 100vw, 796px\" \/>\t\t\t\t\t\t\t\t\t\t\t<figcaption class=\"widget-image-caption wp-caption-text\">VIDEOS Y TESTIMONIOS<\/figcaption>\n\t\t\t\t\t\t\t\t\t\t<\/figure>\n\t\t\t\t\t\t\t\t<\/div>\n\t\t\t\t\t\t<\/div>\n\t\t\t\t<\/div>\n\t\t\t\t\t\t<\/div>\n\t\t\t\t\t<\/div>\n\t\t<\/div>\n\t\t\t\t<div class=\"elementor-column elementor-col-20 elementor-top-column elementor-element elementor-element-7731a96\" data-id=\"7731a96\" data-element_type=\"column\">\n\t\t\t<div class=\"elementor-column-wrap elementor-element-populated\">\n\t\t\t\t\t\t\t<div class=\"elementor-widget-wrap\">\n\t\t\t\t\t\t<div class=\"elementor-element elementor-element-d661ccc elementor-widget elementor-widget-image\" data-id=\"d661ccc\" data-element_type=\"widget\" data-widget_type=\"image.default\">\n\t\t\t\t<div class=\"elementor-widget-container\">\n\t\t\t\t\t\t\t\t<div class=\"elementor-image\">\n\t\t\t\t\t\t\t\t\t<figure class=\"wp-caption\">\n\t\t\t\t\t\t\t\t\t\t\t<a href=\"https:\/\/cuellarcot.com\/index.php\/articulos-y-publicaciones\/entrevistas-y-reportajes\/\">\n\t\t\t\t\t\t\t<img decoding=\"async\" width=\"761\" height=\"1024\" src=\"https:\/\/cuellarcot.com\/wp-content\/uploads\/2018\/10\/CUELLAR-61018-761x1024.jpg\" class=\"attachment-large size-large wp-image-1011\" alt=\"\" loading=\"lazy\" srcset=\"https:\/\/cuellarcot.com\/wp-content\/uploads\/2018\/10\/CUELLAR-61018-761x1024.jpg 761w, https:\/\/cuellarcot.com\/wp-content\/uploads\/2018\/10\/CUELLAR-61018-223x300.jpg 223w, https:\/\/cuellarcot.com\/wp-content\/uploads\/2018\/10\/CUELLAR-61018-768x1033.jpg 768w, https:\/\/cuellarcot.com\/wp-content\/uploads\/2018\/10\/CUELLAR-61018.jpg 1386w\" sizes=\"(max-width: 761px) 100vw, 761px\" \/>\t\t\t\t\t\t\t\t<\/a>\n\t\t\t\t\t\t\t\t\t\t\t<figcaption class=\"widget-image-caption wp-caption-text\">ENTREVISTAS Y REPORTAJES<\/figcaption>\n\t\t\t\t\t\t\t\t\t\t<\/figure>\n\t\t\t\t\t\t\t\t<\/div>\n\t\t\t\t\t\t<\/div>\n\t\t\t\t<\/div>\n\t\t\t\t\t\t<\/div>\n\t\t\t\t\t<\/div>\n\t\t<\/div>\n\t\t\t\t<div class=\"elementor-column elementor-col-20 elementor-top-column elementor-element elementor-element-ae10ee1\" data-id=\"ae10ee1\" data-element_type=\"column\">\n\t\t\t<div class=\"elementor-column-wrap elementor-element-populated\">\n\t\t\t\t\t\t\t<div class=\"elementor-widget-wrap\">\n\t\t\t\t\t\t<div class=\"elementor-element elementor-element-1e3c0c7 elementor-widget elementor-widget-image\" data-id=\"1e3c0c7\" data-element_type=\"widget\" data-widget_type=\"image.default\">\n\t\t\t\t<div class=\"elementor-widget-container\">\n\t\t\t\t\t\t\t\t<div class=\"elementor-image\">\n\t\t\t\t\t\t\t\t\t<figure class=\"wp-caption\">\n\t\t\t\t\t\t\t\t\t\t\t<a href=\"https:\/\/cuellarcot.com\/index.php\/galeria-de-imagenes\/\">\n\t\t\t\t\t\t\t<img decoding=\"async\" width=\"768\" height=\"1024\" src=\"https:\/\/cuellarcot.com\/wp-content\/uploads\/2018\/10\/d3y6rzi2-768x1024.bmp\" class=\"attachment-large size-large wp-image-1002\" alt=\"\" loading=\"lazy\" srcset=\"https:\/\/cuellarcot.com\/wp-content\/uploads\/2018\/10\/d3y6rzi2.bmp 768w, https:\/\/cuellarcot.com\/wp-content\/uploads\/2018\/10\/d3y6rzi2-225x300.bmp 225w\" sizes=\"(max-width: 768px) 100vw, 768px\" \/>\t\t\t\t\t\t\t\t<\/a>\n\t\t\t\t\t\t\t\t\t\t\t<figcaption class=\"widget-image-caption wp-caption-text\">GALER\u00cdA DE IM\u00c1GENES<\/figcaption>\n\t\t\t\t\t\t\t\t\t\t<\/figure>\n\t\t\t\t\t\t\t\t<\/div>\n\t\t\t\t\t\t<\/div>\n\t\t\t\t<\/div>\n\t\t\t\t\t\t<\/div>\n\t\t\t\t\t<\/div>\n\t\t<\/div>\n\t\t\t\t\t\t\t\t<\/div>\n\t\t\t\t\t<\/div>\n\t\t<\/section>\n\t\t\t\t\t\t\t\t\t<\/div>\n\t\t\t<\/div>\n\t\t\t\t\t<\/div>\n\t\t","protected":false},"excerpt":{"rendered":"<p>Con m\u00e1s de 30 a\u00f1os de experiencia ejercida como especialistas en Ortopedia y Traumatolog\u00eda, adem\u00e1s de ejercer como docentes universitarios, en Cuellarcot realizamos consultas y cirug\u00eda artrosc\u00f3pica y ortop\u00e9dica de rodilla, hombro, cadera y m\u00e1s articulaciones. Tenemos nuestra consulta privada, y adem\u00e1s tambi\u00e9n colaboramos con las mejores cl\u00ednicas y hospitales. &nbsp; &nbsp; &nbsp; &nbsp; &nbsp; [&hellip;]<\/p>\n","protected":false},"author":1,"featured_media":1486,"parent":0,"menu_order":0,"comment_status":"closed","ping_status":"closed","template":"","meta":{"_exactmetrics_skip_tracking":false,"_exactmetrics_sitenote_active":false,"_exactmetrics_sitenote_note":"","_exactmetrics_sitenote_category":0,"ngg_post_thumbnail":0},"categories":[],"tags":[],"yoast_head":"<!-- This site is optimized with the Yoast SEO plugin v20.11 - https:\/\/yoast.com\/wordpress\/plugins\/seo\/ -->\n<title>Cuellar - Consulta de traumatolog\u00eda, cirug\u00eda ortop\u00e9dica y artroscopia<\/title>\n<meta name=\"description\" content=\"Conoce a los especialistas que componen la consulta de traumatolog\u00eda Cu\u00e9llar, la experiencia y conocimientos que los avalan\" \/>\n<meta name=\"robots\" content=\"index, follow, max-snippet:-1, max-image-preview:large, max-video-preview:-1\" \/>\n<link rel=\"canonical\" href=\"https:\/\/cuellarcot.com\/index.php\/sobre-nosotros\/\" \/>\n<meta property=\"og:locale\" content=\"es_ES\" \/>\n<meta property=\"og:type\" content=\"article\" \/>\n<meta property=\"og:title\" content=\"Cuellar - Consulta de traumatolog\u00eda, cirug\u00eda ortop\u00e9dica y artroscopia\" \/>\n<meta property=\"og:description\" content=\"Conoce a los especialistas que componen la consulta de traumatolog\u00eda Cu\u00e9llar, la experiencia y conocimientos que los avalan\" \/>\n<meta property=\"og:url\" content=\"https:\/\/cuellarcot.com\/index.php\/sobre-nosotros\/\" \/>\n<meta property=\"article:modified_time\" content=\"2021-06-03T21:59:43+00:00\" \/>\n<meta property=\"og:image\" content=\"https:\/\/cuellarcot.com\/wp-content\/uploads\/2020\/07\/Drs.-Cu\u00e9llar-slider.jpg\" \/>\n\t<meta property=\"og:image:width\" content=\"997\" \/>\n\t<meta property=\"og:image:height\" content=\"369\" \/>\n\t<meta property=\"og:image:type\" content=\"image\/jpeg\" \/>\n<meta name=\"twitter:card\" content=\"summary_large_image\" \/>\n<meta name=\"twitter:label1\" content=\"Tiempo de lectura\" \/>\n\t<meta name=\"twitter:data1\" content=\"2 minutos\" \/>\n<script type=\"application\/ld+json\" class=\"yoast-schema-graph\">{\"@context\":\"https:\/\/schema.org\",\"@graph\":[{\"@type\":\"WebPage\",\"@id\":\"https:\/\/cuellarcot.com\/index.php\/sobre-nosotros\/\",\"url\":\"https:\/\/cuellarcot.com\/index.php\/sobre-nosotros\/\",\"name\":\"Cuellar - Consulta de traumatolog\u00eda, cirug\u00eda ortop\u00e9dica y artroscopia\",\"isPartOf\":{\"@id\":\"https:\/\/cuellarcot.com\/#website\"},\"datePublished\":\"2017-08-10T17:52:07+00:00\",\"dateModified\":\"2021-06-03T21:59:43+00:00\",\"description\":\"Conoce a los especialistas que componen la consulta de traumatolog\u00eda Cu\u00e9llar, la experiencia y conocimientos que los avalan\",\"breadcrumb\":{\"@id\":\"https:\/\/cuellarcot.com\/index.php\/sobre-nosotros\/#breadcrumb\"},\"inLanguage\":\"es\",\"potentialAction\":[{\"@type\":\"ReadAction\",\"target\":[\"https:\/\/cuellarcot.com\/index.php\/sobre-nosotros\/\"]}]},{\"@type\":\"BreadcrumbList\",\"@id\":\"https:\/\/cuellarcot.com\/index.php\/sobre-nosotros\/#breadcrumb\",\"itemListElement\":[{\"@type\":\"ListItem\",\"position\":1,\"name\":\"Portada\",\"item\":\"https:\/\/cuellarcot.com\/\"},{\"@type\":\"ListItem\",\"position\":2,\"name\":\"Sobre nosotros\"}]},{\"@type\":\"WebSite\",\"@id\":\"https:\/\/cuellarcot.com\/#website\",\"url\":\"https:\/\/cuellarcot.com\/\",\"name\":\"\",\"description\":\"Traumatolog\u00eda, Cirug\u00eda ortop\u00e9dica y Artroscopia\",\"potentialAction\":[{\"@type\":\"SearchAction\",\"target\":{\"@type\":\"EntryPoint\",\"urlTemplate\":\"https:\/\/cuellarcot.com\/?s={search_term_string}\"},\"query-input\":\"required name=search_term_string\"}],\"inLanguage\":\"es\"}]}<\/script>\n<!-- \/ Yoast SEO plugin. -->","yoast_head_json":{"title":"Cuellar - Consulta de traumatolog\u00eda, cirug\u00eda ortop\u00e9dica y artroscopia","description":"Conoce a los especialistas que componen la consulta de traumatolog\u00eda Cu\u00e9llar, la experiencia y conocimientos que los avalan","robots":{"index":"index","follow":"follow","max-snippet":"max-snippet:-1","max-image-preview":"max-image-preview:large","max-video-preview":"max-video-preview:-1"},"canonical":"https:\/\/cuellarcot.com\/index.php\/sobre-nosotros\/","og_locale":"es_ES","og_type":"article","og_title":"Cuellar - Consulta de traumatolog\u00eda, cirug\u00eda ortop\u00e9dica y artroscopia","og_description":"Conoce a los especialistas que componen la consulta de traumatolog\u00eda Cu\u00e9llar, la experiencia y conocimientos que los avalan","og_url":"https:\/\/cuellarcot.com\/index.php\/sobre-nosotros\/","article_modified_time":"2021-06-03T21:59:43+00:00","og_image":[{"width":997,"height":369,"url":"https:\/\/cuellarcot.com\/wp-content\/uploads\/2020\/07\/Drs.-Cu\u00e9llar-slider.jpg","type":"image\/jpeg"}],"twitter_card":"summary_large_image","twitter_misc":{"Tiempo de lectura":"2 minutos"},"schema":{"@context":"https:\/\/schema.org","@graph":[{"@type":"WebPage","@id":"https:\/\/cuellarcot.com\/index.php\/sobre-nosotros\/","url":"https:\/\/cuellarcot.com\/index.php\/sobre-nosotros\/","name":"Cuellar - Consulta de traumatolog\u00eda, cirug\u00eda ortop\u00e9dica y artroscopia","isPartOf":{"@id":"https:\/\/cuellarcot.com\/#website"},"datePublished":"2017-08-10T17:52:07+00:00","dateModified":"2021-06-03T21:59:43+00:00","description":"Conoce a los especialistas que componen la consulta de traumatolog\u00eda Cu\u00e9llar, la experiencia y conocimientos que los avalan","breadcrumb":{"@id":"https:\/\/cuellarcot.com\/index.php\/sobre-nosotros\/#breadcrumb"},"inLanguage":"es","potentialAction":[{"@type":"ReadAction","target":["https:\/\/cuellarcot.com\/index.php\/sobre-nosotros\/"]}]},{"@type":"BreadcrumbList","@id":"https:\/\/cuellarcot.com\/index.php\/sobre-nosotros\/#breadcrumb","itemListElement":[{"@type":"ListItem","position":1,"name":"Portada","item":"https:\/\/cuellarcot.com\/"},{"@type":"ListItem","position":2,"name":"Sobre nosotros"}]},{"@type":"WebSite","@id":"https:\/\/cuellarcot.com\/#website","url":"https:\/\/cuellarcot.com\/","name":"","description":"Traumatolog\u00eda, Cirug\u00eda ortop\u00e9dica y Artroscopia","potentialAction":[{"@type":"SearchAction","target":{"@type":"EntryPoint","urlTemplate":"https:\/\/cuellarcot.com\/?s={search_term_string}"},"query-input":"required name=search_term_string"}],"inLanguage":"es"}]}},"_links":{"self":[{"href":"https:\/\/cuellarcot.com\/index.php\/wp-json\/wp\/v2\/pages\/8"}],"collection":[{"href":"https:\/\/cuellarcot.com\/index.php\/wp-json\/wp\/v2\/pages"}],"about":[{"href":"https:\/\/cuellarcot.com\/index.php\/wp-json\/wp\/v2\/types\/page"}],"author":[{"embeddable":true,"href":"https:\/\/cuellarcot.com\/index.php\/wp-json\/wp\/v2\/users\/1"}],"replies":[{"embeddable":true,"href":"https:\/\/cuellarcot.com\/index.php\/wp-json\/wp\/v2\/comments?post=8"}],"version-history":[{"count":31,"href":"https:\/\/cuellarcot.com\/index.php\/wp-json\/wp\/v2\/pages\/8\/revisions"}],"predecessor-version":[{"id":1738,"href":"https:\/\/cuellarcot.com\/index.php\/wp-json\/wp\/v2\/pages\/8\/revisions\/1738"}],"wp:featuredmedia":[{"embeddable":true,"href":"https:\/\/cuellarcot.com\/index.php\/wp-json\/wp\/v2\/media\/1486"}],"wp:attachment":[{"href":"https:\/\/cuellarcot.com\/index.php\/wp-json\/wp\/v2\/media?parent=8"}],"wp:term":[{"taxonomy":"category","embeddable":true,"href":"https:\/\/cuellarcot.com\/index.php\/wp-json\/wp\/v2\/categories?post=8"},{"taxonomy":"post_tag","embeddable":true,"href":"https:\/\/cuellarcot.com\/index.php\/wp-json\/wp\/v2\/tags?post=8"}],"curies":[{"name":"wp","href":"https:\/\/api.w.org\/{rel}","templated":true}]}}