{"id":9,"date":"2017-08-10T19:52:07","date_gmt":"2017-08-10T17:52:07","guid":{"rendered":"http:\/\/cuellarcot.com\/?page_id=9"},"modified":"2018-05-27T10:45:54","modified_gmt":"2018-05-27T08:45:54","slug":"contacto","status":"publish","type":"page","link":"https:\/\/cuellarcot.com\/index.php\/contacto\/","title":{"rendered":"Contacto"},"content":{"rendered":"<p><span style=\"color: #000000;\">Estamos encantados de atenderte, completa nuestro formulario para realizar cualquier consulta, cita o reserva online y nos pondremos en seguida en contacto con vosotros.<\/span><\/p>\n<p><span style=\"color: #000000;\">Tambi\u00e9n puedes encontrarnos en :<\/span><\/p>\n<p style=\"text-align: center;\"><span style=\"color: #000000;\">Avda Zumalakarregi, 15 \u2013 4\u00baA 20008 <\/span><\/p>\n<p style=\"text-align: center;\"><span style=\"color: #000000;\">Donostia\u2013San Sebasti\u00e1n<\/span><\/p>\n<p style=\"text-align: center;\"><span style=\"color: #000000;\">Tel.: 943 46 47 36 M\u00f3vil: 636 84 01 12<\/span><\/p>\n<p style=\"text-align: center;\"><span style=\"color: #000000;\"><strong>email:<\/strong> consulta@cuellarcot.com<\/span><\/p>\n\n<div class=\"wpcf7 no-js\" id=\"wpcf7-f112-o1\" lang=\"es-ES\" dir=\"ltr\">\n<div class=\"screen-reader-response\"><p role=\"status\" aria-live=\"polite\" aria-atomic=\"true\"><\/p> <ul><\/ul><\/div>\n<form action=\"\/index.php\/wp-json\/wp\/v2\/pages\/9#wpcf7-f112-o1\" method=\"post\" class=\"wpcf7-form init\" aria-label=\"Formulario de contacto\" novalidate=\"novalidate\" data-status=\"init\">\n<div style=\"display: none;\">\n<input type=\"hidden\" name=\"_wpcf7\" value=\"112\" \/>\n<input type=\"hidden\" name=\"_wpcf7_version\" value=\"5.7.7\" \/>\n<input type=\"hidden\" name=\"_wpcf7_locale\" value=\"es_ES\" \/>\n<input type=\"hidden\" name=\"_wpcf7_unit_tag\" value=\"wpcf7-f112-o1\" \/>\n<input type=\"hidden\" name=\"_wpcf7_container_post\" value=\"0\" \/>\n<input type=\"hidden\" name=\"_wpcf7_posted_data_hash\" value=\"\" \/>\n<\/div>\n<label1> Nombre (requerido)\n\t<p><span class=\"wpcf7-form-control-wrap\" data-name=\"your-name\"><input size=\"40\" class=\"wpcf7-form-control wpcf7-text wpcf7-validates-as-required\" aria-required=\"true\" aria-invalid=\"false\" value=\"\" type=\"text\" name=\"your-name\" \/><\/span>\n\t<\/p>\n\t<label2> Tu correo electr\u00f3nico (requerido)\n\t\t<p><span class=\"wpcf7-form-control-wrap\" data-name=\"your-email\"><input size=\"40\" class=\"wpcf7-form-control wpcf7-text wpcf7-email wpcf7-validates-as-required wpcf7-validates-as-email\" aria-required=\"true\" aria-invalid=\"false\" value=\"\" type=\"email\" name=\"your-email\" \/><\/span>\n\t\t<\/p>\n\t\t<label5> Tel\u00e9fono de contacto (opcional)\n\t\t\t<p><span class=\"wpcf7-form-control-wrap\" data-name=\"telefono\"><input size=\"40\" class=\"wpcf7-form-control wpcf7-text wpcf7-tel wpcf7-validates-as-tel\" aria-invalid=\"false\" value=\"\" type=\"tel\" name=\"telefono\" \/><\/span>\n\t\t\t<\/p>\n\t\t\t<label3> Asunto\n\t\t\t\t<p><span class=\"wpcf7-form-control-wrap\" data-name=\"your-subject\"><input size=\"40\" class=\"wpcf7-form-control wpcf7-text\" aria-invalid=\"false\" value=\"\" type=\"text\" name=\"your-subject\" \/><\/span>\n\t\t\t\t<\/p>\n\t\t\t\t<label4> Mensaje\n\t\t\t\t\t<p><span class=\"wpcf7-form-control-wrap\" data-name=\"your-message\"><textarea cols=\"40\" rows=\"10\" class=\"wpcf7-form-control wpcf7-textarea\" aria-invalid=\"false\" name=\"your-message\"><\/textarea><\/span>\n\t\t\t\t\t<\/p>\n\t\t\t\t\t<p><input class=\"wpcf7-form-control has-spinner wpcf7-submit\" type=\"submit\" value=\"Enviar\" \/>\n\t\t\t\t\t<\/p>\n\t\t\t\t<\/label4>\n\t\t\t<\/label3>\n\t\t<\/label5>\n\t<\/label2>\n<\/label1><p style=\"display: none !important;\" class=\"akismet-fields-container\" data-prefix=\"_wpcf7_ak_\"><label>&#916;<textarea name=\"_wpcf7_ak_hp_textarea\" cols=\"45\" rows=\"8\" maxlength=\"100\"><\/textarea><\/label><input type=\"hidden\" id=\"ak_js_1\" name=\"_wpcf7_ak_js\" value=\"45\"\/><script>document.getElementById( \"ak_js_1\" ).setAttribute( \"value\", ( new Date() ).getTime() );<\/script><\/p><div class=\"wpcf7-response-output\" aria-hidden=\"true\"><\/div>\n<\/form>\n<\/div>\n\n<div class=\"textwidget\">\n<div id=\"wpgmza_map\" class=\"wpgmza_map\" data-settings='{\"id\":\"1\",\"map_title\":\"Consulta Cu\\u00e9llar\",\"map_width\":\"100\",\"map_height\":\"400\",\"map_start_lat\":\"43.313746\",\"map_start_lng\":\"-2.004124\",\"map_start_location\":\"43.31374584041067,-2.004123728835996\",\"map_start_zoom\":\"16\",\"default_marker\":\"0\",\"type\":\"3\",\"alignment\":\"2\",\"directions_enabled\":\"1\",\"styling_enabled\":\"0\",\"styling_json\":\"\",\"active\":\"0\",\"kml\":\"\",\"bicycle\":\"0\",\"traffic\":\"0\",\"dbox\":\"1\",\"dbox_width\":\"100\",\"listmarkers\":\"0\",\"listmarkers_advanced\":\"0\",\"filterbycat\":\"0\",\"ugm_enabled\":\"0\",\"ugm_category_enabled\":\"0\",\"fusion\":\"\",\"map_width_type\":\"\\\\%\",\"map_height_type\":\"px\",\"mass_marker_support\":\"1\",\"ugm_access\":\"0\",\"order_markers_by\":\"1\",\"order_markers_choice\":\"2\",\"show_user_location\":\"0\",\"default_to\":\"\",\"other_settings\":{\"store_locator_enabled\":2,\"store_locator_distance\":2,\"store_locator_default_radius\":\"10\",\"store_locator_not_found_message\":\"No se han encontrado resultados en esta ubicaci\\u00f3n. Vuelve a intentarlo.\",\"store_locator_bounce\":1,\"store_locator_query_string\":\"ZIP \\\/ C\\u00f3digo Postal \\\/ Direcci\\u00f3n\",\"store_locator_default_address\":\"\",\"wpgmza_store_locator_restrict\":\"es\",\"map_max_zoom\":\"1\",\"transport_layer\":0,\"wpgmza_theme_data\":\"\",\"wpgmza_show_points_of_interest\":1}}' data-map-id='1' Data-maps-engine='' data-shortcode-attributes='{\"id\":\"1\"}' style=\"display:block; overflow:auto; width:100%; height:400px; float:left;\"><\/div>\n<p>&nbsp;<\/p>\n<\/div>\n","protected":false},"excerpt":{"rendered":"<p>Estamos encantados de atenderte, completa nuestro formulario para realizar cualquier consulta, cita o reserva online y nos pondremos en seguida en contacto con vosotros. Tambi\u00e9n puedes encontrarnos en : Avda Zumalakarregi, 15 \u2013 4\u00baA 20008 Donostia\u2013San Sebasti\u00e1n Tel.: 943 46 47 36 M\u00f3vil: 636 84 01 12 email: consulta@cuellarcot.com &nbsp;<\/p>\n","protected":false},"author":1,"featured_media":772,"parent":0,"menu_order":0,"comment_status":"closed","ping_status":"closed","template":"","meta":{"_exactmetrics_skip_tracking":false,"_exactmetrics_sitenote_active":false,"_exactmetrics_sitenote_note":"","_exactmetrics_sitenote_category":0,"ngg_post_thumbnail":0},"categories":[41],"tags":[],"yoast_head":"<!-- This site is optimized with the Yoast SEO plugin v20.11 - https:\/\/yoast.com\/wordpress\/plugins\/seo\/ -->\n<title>Cuellar - artroscopia, traumatolog\u00eda y cirug\u00eda ortop\u00e9dica - contacto<\/title>\n<meta name=\"description\" content=\"Contacta por email, llama o acude a nuestra consulta para cualquier cita o solicitud de informaci\u00f3n; aqu\u00ed puedes encontrarnos\" \/>\n<meta name=\"robots\" content=\"index, follow, max-snippet:-1, max-image-preview:large, max-video-preview:-1\" \/>\n<link rel=\"canonical\" href=\"https:\/\/cuellarcot.com\/index.php\/contacto\/\" \/>\n<meta property=\"og:locale\" content=\"es_ES\" \/>\n<meta property=\"og:type\" content=\"article\" \/>\n<meta property=\"og:title\" content=\"Cuellar - artroscopia, traumatolog\u00eda y cirug\u00eda ortop\u00e9dica - contacto\" \/>\n<meta property=\"og:description\" content=\"Contacta por email, llama o acude a nuestra consulta para cualquier cita o solicitud de informaci\u00f3n; aqu\u00ed puedes encontrarnos\" \/>\n<meta property=\"og:url\" content=\"https:\/\/cuellarcot.com\/index.php\/contacto\/\" \/>\n<meta property=\"article:modified_time\" content=\"2018-05-27T08:45:54+00:00\" \/>\n<meta property=\"og:image\" content=\"https:\/\/cuellarcot.com\/wp-content\/uploads\/2018\/05\/SECHC-Vitoria-WEB.jpg\" \/>\n\t<meta property=\"og:image:width\" content=\"997\" \/>\n\t<meta property=\"og:image:height\" content=\"369\" \/>\n\t<meta property=\"og:image:type\" content=\"image\/jpeg\" \/>\n<meta name=\"twitter:card\" content=\"summary_large_image\" \/>\n<script type=\"application\/ld+json\" class=\"yoast-schema-graph\">{\"@context\":\"https:\/\/schema.org\",\"@graph\":[{\"@type\":\"WebPage\",\"@id\":\"https:\/\/cuellarcot.com\/index.php\/contacto\/\",\"url\":\"https:\/\/cuellarcot.com\/index.php\/contacto\/\",\"name\":\"Cuellar - artroscopia, traumatolog\u00eda y cirug\u00eda ortop\u00e9dica - contacto\",\"isPartOf\":{\"@id\":\"https:\/\/cuellarcot.com\/#website\"},\"datePublished\":\"2017-08-10T17:52:07+00:00\",\"dateModified\":\"2018-05-27T08:45:54+00:00\",\"description\":\"Contacta por email, llama o acude a nuestra consulta para cualquier cita o solicitud de informaci\u00f3n; aqu\u00ed puedes encontrarnos\",\"breadcrumb\":{\"@id\":\"https:\/\/cuellarcot.com\/index.php\/contacto\/#breadcrumb\"},\"inLanguage\":\"es\",\"potentialAction\":[{\"@type\":\"ReadAction\",\"target\":[\"https:\/\/cuellarcot.com\/index.php\/contacto\/\"]}]},{\"@type\":\"BreadcrumbList\",\"@id\":\"https:\/\/cuellarcot.com\/index.php\/contacto\/#breadcrumb\",\"itemListElement\":[{\"@type\":\"ListItem\",\"position\":1,\"name\":\"Portada\",\"item\":\"https:\/\/cuellarcot.com\/\"},{\"@type\":\"ListItem\",\"position\":2,\"name\":\"Contacto\"}]},{\"@type\":\"WebSite\",\"@id\":\"https:\/\/cuellarcot.com\/#website\",\"url\":\"https:\/\/cuellarcot.com\/\",\"name\":\"\",\"description\":\"Traumatolog\u00eda, Cirug\u00eda ortop\u00e9dica y Artroscopia\",\"potentialAction\":[{\"@type\":\"SearchAction\",\"target\":{\"@type\":\"EntryPoint\",\"urlTemplate\":\"https:\/\/cuellarcot.com\/?s={search_term_string}\"},\"query-input\":\"required name=search_term_string\"}],\"inLanguage\":\"es\"}]}<\/script>\n<!-- \/ Yoast SEO plugin. -->","yoast_head_json":{"title":"Cuellar - artroscopia, traumatolog\u00eda y cirug\u00eda ortop\u00e9dica - contacto","description":"Contacta por email, llama o acude a nuestra consulta para cualquier cita o solicitud de informaci\u00f3n; aqu\u00ed puedes encontrarnos","robots":{"index":"index","follow":"follow","max-snippet":"max-snippet:-1","max-image-preview":"max-image-preview:large","max-video-preview":"max-video-preview:-1"},"canonical":"https:\/\/cuellarcot.com\/index.php\/contacto\/","og_locale":"es_ES","og_type":"article","og_title":"Cuellar - artroscopia, traumatolog\u00eda y cirug\u00eda ortop\u00e9dica - contacto","og_description":"Contacta por email, llama o acude a nuestra consulta para cualquier cita o solicitud de informaci\u00f3n; aqu\u00ed puedes encontrarnos","og_url":"https:\/\/cuellarcot.com\/index.php\/contacto\/","article_modified_time":"2018-05-27T08:45:54+00:00","og_image":[{"width":997,"height":369,"url":"https:\/\/cuellarcot.com\/wp-content\/uploads\/2018\/05\/SECHC-Vitoria-WEB.jpg","type":"image\/jpeg"}],"twitter_card":"summary_large_image","schema":{"@context":"https:\/\/schema.org","@graph":[{"@type":"WebPage","@id":"https:\/\/cuellarcot.com\/index.php\/contacto\/","url":"https:\/\/cuellarcot.com\/index.php\/contacto\/","name":"Cuellar - artroscopia, traumatolog\u00eda y cirug\u00eda ortop\u00e9dica - contacto","isPartOf":{"@id":"https:\/\/cuellarcot.com\/#website"},"datePublished":"2017-08-10T17:52:07+00:00","dateModified":"2018-05-27T08:45:54+00:00","description":"Contacta por email, llama o acude a nuestra consulta para cualquier cita o solicitud de informaci\u00f3n; aqu\u00ed puedes encontrarnos","breadcrumb":{"@id":"https:\/\/cuellarcot.com\/index.php\/contacto\/#breadcrumb"},"inLanguage":"es","potentialAction":[{"@type":"ReadAction","target":["https:\/\/cuellarcot.com\/index.php\/contacto\/"]}]},{"@type":"BreadcrumbList","@id":"https:\/\/cuellarcot.com\/index.php\/contacto\/#breadcrumb","itemListElement":[{"@type":"ListItem","position":1,"name":"Portada","item":"https:\/\/cuellarcot.com\/"},{"@type":"ListItem","position":2,"name":"Contacto"}]},{"@type":"WebSite","@id":"https:\/\/cuellarcot.com\/#website","url":"https:\/\/cuellarcot.com\/","name":"","description":"Traumatolog\u00eda, Cirug\u00eda ortop\u00e9dica y Artroscopia","potentialAction":[{"@type":"SearchAction","target":{"@type":"EntryPoint","urlTemplate":"https:\/\/cuellarcot.com\/?s={search_term_string}"},"query-input":"required name=search_term_string"}],"inLanguage":"es"}]}},"_links":{"self":[{"href":"https:\/\/cuellarcot.com\/index.php\/wp-json\/wp\/v2\/pages\/9"}],"collection":[{"href":"https:\/\/cuellarcot.com\/index.php\/wp-json\/wp\/v2\/pages"}],"about":[{"href":"https:\/\/cuellarcot.com\/index.php\/wp-json\/wp\/v2\/types\/page"}],"author":[{"embeddable":true,"href":"https:\/\/cuellarcot.com\/index.php\/wp-json\/wp\/v2\/users\/1"}],"replies":[{"embeddable":true,"href":"https:\/\/cuellarcot.com\/index.php\/wp-json\/wp\/v2\/comments?post=9"}],"version-history":[{"count":9,"href":"https:\/\/cuellarcot.com\/index.php\/wp-json\/wp\/v2\/pages\/9\/revisions"}],"predecessor-version":[{"id":673,"href":"https:\/\/cuellarcot.com\/index.php\/wp-json\/wp\/v2\/pages\/9\/revisions\/673"}],"wp:featuredmedia":[{"embeddable":true,"href":"https:\/\/cuellarcot.com\/index.php\/wp-json\/wp\/v2\/media\/772"}],"wp:attachment":[{"href":"https:\/\/cuellarcot.com\/index.php\/wp-json\/wp\/v2\/media?parent=9"}],"wp:term":[{"taxonomy":"category","embeddable":true,"href":"https:\/\/cuellarcot.com\/index.php\/wp-json\/wp\/v2\/categories?post=9"},{"taxonomy":"post_tag","embeddable":true,"href":"https:\/\/cuellarcot.com\/index.php\/wp-json\/wp\/v2\/tags?post=9"}],"curies":[{"name":"wp","href":"https:\/\/api.w.org\/{rel}","templated":true}]}}